{"id":3249,"date":"2015-01-02T14:36:54","date_gmt":"2015-01-02T12:36:54","guid":{"rendered":"http:\/\/woerrlein-naturfoto.de\/wordpress\/?page_id=3249"},"modified":"2015-02-18T12:47:43","modified_gmt":"2015-02-18T11:47:43","slug":"wacholderdrossel","status":"publish","type":"page","link":"https:\/\/woerrlein-naturfoto.de\/wordpress\/drosseln_a-z\/wacholderdrossel\/","title":{"rendered":"Wacholderdrossel"},"content":{"rendered":"<p><a href=\"http:\/\/woerrlein-naturfoto.de\/wordpress\/voegel\/\"><span style=\"color: #ffff66;\">V\u00f6gel<\/span> <\/a>-&gt;<a href=\"http:\/\/woerrlein-naturfoto.de\/wordpress\/voegel\/sperlingsvoegel\/\"> <span style=\"color: #ffff66;\">Sperlingsv\u00f6gel<\/span><\/a> -&gt;<a href=\"http:\/\/woerrlein-naturfoto.de\/wordpress\/hauptseite-voegel\/voegel\/sperlingsvoegel\/drosseln\"> <span style=\"color: #ffff66;\">Drosseln<\/span><\/a><br \/>\n<a title=\"V\u00f6gel von A-Z\" href=\"http:\/\/woerrlein-naturfoto.de\/wordpress\/voegel\/voegel_von_a-z\/\">V\u00f6gel von A-Z<\/a><br \/>\nZur Galerie <a href=\"http:\/\/woerrlein-naturfoto.de\/wordpress\/hauptseite-voegel\/voegel\/sperlingsvoegel\/drosseln\">Drosseln<\/a><\/p>\n<p><img loading=\"lazy\" decoding=\"async\" class=\"alignleft wp-image-3244\" src=\"http:\/\/woerrlein-naturfoto.de\/wordpress\/wp-content\/uploads\/Wacholderdrossel_D140530_6723-600x400.jpg\" alt=\"Wacholderdrossel_D140530_6723.jpg\" width=\"600\" height=\"400\" \/>Die <b>Wacholderdrossel<\/b> (<i>Turdus pilaris<\/i>) ist eine Vogelart aus der Familie der Drosseln. Diese gro\u00dfe Drosselart besiedelt die mittlere und nord\u00f6stliche <a title=\"Pal\u00e4arktis\" href=\"http:\/\/de.wikipedia.org\/wiki\/Pal%C3%A4arktis\" target=\"_blank\">Pal\u00e4arktis<\/a> von Schottland und dem mittleren Frankreich nach Osten bis zum Amur in Sibirien. Sie bewohnt halboffene Landschaften, in Mitteleuropa vor allem Waldr\u00e4nder und Baumgruppen mit angrenzendem feuchten Gr\u00fcnland. Die Art hat ihr Areal in den letzten etwa 200 Jahren stark nach Westen ausgedehnt und ist heute im \u00f6stlichen Mitteleuropa ein m\u00e4\u00dfig h\u00e4ufiger Brutvogel. Die Wacholderdrossel ist \u00fcberwiegend Kurzstreckenzieher und verbringt den Winter vor allem in Mittel- und S\u00fcdwesteuropa sowie im Mittelmeerraum.<br \/>\nDie Nahrung besteht sowohl aus tierischen als auch aus pflanzlichen Bestandteilen. Im Fr\u00fchjahr und Sommer werden weit \u00fcberwiegend Regenw\u00fcrmer verzehrt, daneben auch andere Wirbellose. Ab Mitte Juni werden Beeren und andere Fr\u00fcchte einschlie\u00dflich Fallobst gefressen, diese bilden im Herbst und im Winter den \u00fcberwiegenden Teil der Nahrung.<\/p>\n<p>L\u00e4nge: 22-27 cm\u00a0\u00a0 Spannweite: 39-42 cm\u00a0\u00a0 Gewicht: 90-110 g\u00a0\u00a0 Gelege: 5-6 Eier<\/p>\n<p>Zur Galerie <a href=\"http:\/\/woerrlein-naturfoto.de\/wordpress\/hauptseite-voegel\/voegel\/sperlingsvoegel\/drosseln\">Drosseln<\/a><\/p>\n<p>&nbsp;<\/p>\n<p><em>Quelle des Textauszuges und weitere Infos bei <\/em><a href=\"http:\/\/de.wikipedia.org\/wiki\/Wacholderdrossel\" target=\"_blank\">Wikipedia<\/a> <em>(<\/em><a href=\"http:\/\/www.gnu.org\/licenses\/fdl-1.3.txt\" target=\"_blank\">GNU-Lizenz<\/a><em>)<\/em> \u2013 <em>mein Dank gilt den<\/em> <a href=\"http:\/\/de.wikipedia.org\/w\/index.php?title=Wacholderdrossel&amp;action=history\" target=\"_blank\">Autoren<\/a>.<\/p>\n","protected":false},"excerpt":{"rendered":"<p>V\u00f6gel -&gt; Sperlingsv\u00f6gel -&gt; Drosseln V\u00f6gel von A-Z Zur Galerie Drosseln Die Wacholderdrossel (Turdus pilaris) ist eine Vogelart aus der Familie der Drosseln. Diese gro\u00dfe Drosselart besiedelt die mittlere und nord\u00f6stliche Pal\u00e4arktis von Schottland und dem mittleren Frankreich nach Osten bis zum Amur in Sibirien. Sie bewohnt halboffene Landschaften, in Mitteleuropa vor allem Waldr\u00e4nder und &hellip; <a href=\"https:\/\/woerrlein-naturfoto.de\/wordpress\/drosseln_a-z\/wacholderdrossel\/\" class=\"more-link\"><span class=\"screen-reader-text\">Wacholderdrossel<\/span> weiterlesen <span class=\"meta-nav\">&rarr;<\/span><\/a><\/p>\n","protected":false},"author":1,"featured_media":0,"parent":211,"menu_order":0,"comment_status":"closed","ping_status":"closed","template":"page-templates\/full-width.php","meta":{"footnotes":""},"class_list":["post-3249","page","type-page","status-publish","hentry"],"_links":{"self":[{"href":"https:\/\/woerrlein-naturfoto.de\/wordpress\/wp-json\/wp\/v2\/pages\/3249","targetHints":{"allow":["GET"]}}],"collection":[{"href":"https:\/\/woerrlein-naturfoto.de\/wordpress\/wp-json\/wp\/v2\/pages"}],"about":[{"href":"https:\/\/woerrlein-naturfoto.de\/wordpress\/wp-json\/wp\/v2\/types\/page"}],"author":[{"embeddable":true,"href":"https:\/\/woerrlein-naturfoto.de\/wordpress\/wp-json\/wp\/v2\/users\/1"}],"replies":[{"embeddable":true,"href":"https:\/\/woerrlein-naturfoto.de\/wordpress\/wp-json\/wp\/v2\/comments?post=3249"}],"version-history":[{"count":4,"href":"https:\/\/woerrlein-naturfoto.de\/wordpress\/wp-json\/wp\/v2\/pages\/3249\/revisions"}],"predecessor-version":[{"id":6324,"href":"https:\/\/woerrlein-naturfoto.de\/wordpress\/wp-json\/wp\/v2\/pages\/3249\/revisions\/6324"}],"up":[{"embeddable":true,"href":"https:\/\/woerrlein-naturfoto.de\/wordpress\/wp-json\/wp\/v2\/pages\/211"}],"wp:attachment":[{"href":"https:\/\/woerrlein-naturfoto.de\/wordpress\/wp-json\/wp\/v2\/media?parent=3249"}],"curies":[{"name":"wp","href":"https:\/\/api.w.org\/{rel}","templated":true}]}}