{"id":3247,"date":"2015-01-02T14:31:21","date_gmt":"2015-01-02T12:31:21","guid":{"rendered":"http:\/\/woerrlein-naturfoto.de\/wordpress\/?page_id=3247"},"modified":"2015-02-18T12:47:23","modified_gmt":"2015-02-18T11:47:23","slug":"singdrossel","status":"publish","type":"page","link":"https:\/\/woerrlein-naturfoto.de\/wordpress\/drosseln_a-z\/singdrossel\/","title":{"rendered":"Singdrossel"},"content":{"rendered":"<p><a href=\"http:\/\/woerrlein-naturfoto.de\/wordpress\/voegel\/\"><span style=\"color: #ffff66;\">V\u00f6gel<\/span> <\/a>-&gt;<a href=\"http:\/\/woerrlein-naturfoto.de\/wordpress\/voegel\/sperlingsvoegel\/\"> <span style=\"color: #ffff66;\">Sperlingsv\u00f6gel<\/span><\/a> -&gt;<a href=\"http:\/\/woerrlein-naturfoto.de\/wordpress\/hauptseite-voegel\/voegel\/sperlingsvoegel\/drosseln\"> <span style=\"color: #ffff66;\">Drosseln<\/span><\/a><br \/>\n<a title=\"V\u00f6gel von A-Z\" href=\"http:\/\/woerrlein-naturfoto.de\/wordpress\/voegel\/voegel_von_a-z\/\">V\u00f6gel von A-Z<\/a><br \/>\nZur Galerie <a href=\"http:\/\/woerrlein-naturfoto.de\/wordpress\/hauptseite-voegel\/voegel\/sperlingsvoegel\/drosseln\">Drosseln<\/a><\/p>\n<p><img loading=\"lazy\" decoding=\"async\" class=\"alignleft wp-image-3245\" src=\"http:\/\/woerrlein-naturfoto.de\/wordpress\/wp-content\/uploads\/Singdrossel_12040La-600x400.jpg\" alt=\"Singdrossel_12040La.jpg\" width=\"600\" height=\"400\" \/>Die <b>Singdrossel<\/b> (<i>Turdus philomelos<\/i>) ist eine Vogelart, die zur Familie der Drosseln und zur Ordnung der Sperlingsv\u00f6gel geh\u00f6rt. Sie ist in der gem\u00e4\u00dfigten und der <a href=\"http:\/\/de.wikipedia.org\/wiki\/Boreale_Zone\" target=\"_blank\">borealen Zone<\/a> der westlichen und zentralen <a title=\"Pal\u00e4arktis\" href=\"http:\/\/de.wikipedia.org\/wiki\/Pal%C3%A4arktis\" target=\"_blank\">Pal\u00e4arktis<\/a> beheimatet und z\u00e4hlt dort zu den h\u00e4ufigen waldbewohnenden Arten. Europ\u00e4ische V\u00f6gel \u00fcberwintern im Mittelmeerraum. Im S\u00fcdosten Australiens und in Neuseeland wurde sie Mitte des 19. Jahrhunderts als Neub\u00fcrger eingef\u00fchrt. Die Singdrossel besiedelt eine Vielzahl von Waldtypen, zeigt allerdings eine Vorliebe f\u00fcr Nadelb\u00e4ume, viel und dichten Unterwuchs, Schatten und hohe Feuchtigkeit. Im Gegensatz zu anderen Drosselarten ist sie nicht auf Waldrandhabitate oder freie Fl\u00e4chen zur Nahrungssuche angewiesen. Besonders gern nimmt sie Fichtenjungwuchs als Nistgelegenheit an.<br \/>\nWie die <a title=\"Amsel\" href=\"http:\/\/woerrlein-naturfoto.de\/wordpress\/drosseln_a-z\/amseln\/\" target=\"_blank\">Amsel<\/a> jagt die Singdrossel ihre Nahrung auf dem Boden. Sie bewegt sich dabei sehr schnell und bleibt dann ruckartig stehen. Singdrosseln ern\u00e4hren sich von Regenw\u00fcrmern, Insekten oder auch Beeren. Des Weiteren stellen Schnecken eine wichtige Nahrungsquelle dar. Hier bevorzugt sie B\u00e4nderschnecken, deren Geh\u00e4use sie auf einem Stein \u2212 der Drosselschmiede \u2013 zerschmettert, um an das Schneckenfleisch zu gelangen.<\/p>\n<p>L\u00e4nge: 21-24 cm\u00a0\u00a0 Spannweite: 33-36 cm\u00a0\u00a0 Gewicht: 65-85 g\u00a0\u00a0 Gelege: 4-6 Eier<\/p>\n<p>Zur Galerie <a href=\"http:\/\/woerrlein-naturfoto.de\/wordpress\/hauptseite-voegel\/voegel\/sperlingsvoegel\/drosseln\">Drosseln<\/a><\/p>\n<p>&nbsp;<\/p>\n<p><em>Quelle des Textauszuges und weitere Infos bei <\/em><a href=\"http:\/\/de.wikipedia.org\/wiki\/Singdrossel\" target=\"_blank\">Wikipedia<\/a> <em>(<\/em><a href=\"http:\/\/www.gnu.org\/licenses\/fdl-1.3.txt\" target=\"_blank\">GNU-Lizenz<\/a><em>)<\/em> \u2013 <em>mein Dank gilt den<\/em> <a href=\"http:\/\/de.wikipedia.org\/w\/index.php?title=Singdrossel&amp;action=history\" target=\"_blank\">Autoren<\/a>.<\/p>\n","protected":false},"excerpt":{"rendered":"<p>V\u00f6gel -&gt; Sperlingsv\u00f6gel -&gt; Drosseln V\u00f6gel von A-Z Zur Galerie Drosseln Die Singdrossel (Turdus philomelos) ist eine Vogelart, die zur Familie der Drosseln und zur Ordnung der Sperlingsv\u00f6gel geh\u00f6rt. Sie ist in der gem\u00e4\u00dfigten und der borealen Zone der westlichen und zentralen Pal\u00e4arktis beheimatet und z\u00e4hlt dort zu den h\u00e4ufigen waldbewohnenden Arten. Europ\u00e4ische V\u00f6gel \u00fcberwintern &hellip; <a href=\"https:\/\/woerrlein-naturfoto.de\/wordpress\/drosseln_a-z\/singdrossel\/\" class=\"more-link\"><span class=\"screen-reader-text\">Singdrossel<\/span> weiterlesen <span class=\"meta-nav\">&rarr;<\/span><\/a><\/p>\n","protected":false},"author":1,"featured_media":0,"parent":211,"menu_order":0,"comment_status":"closed","ping_status":"closed","template":"page-templates\/full-width.php","meta":{"footnotes":""},"class_list":["post-3247","page","type-page","status-publish","hentry"],"_links":{"self":[{"href":"https:\/\/woerrlein-naturfoto.de\/wordpress\/wp-json\/wp\/v2\/pages\/3247","targetHints":{"allow":["GET"]}}],"collection":[{"href":"https:\/\/woerrlein-naturfoto.de\/wordpress\/wp-json\/wp\/v2\/pages"}],"about":[{"href":"https:\/\/woerrlein-naturfoto.de\/wordpress\/wp-json\/wp\/v2\/types\/page"}],"author":[{"embeddable":true,"href":"https:\/\/woerrlein-naturfoto.de\/wordpress\/wp-json\/wp\/v2\/users\/1"}],"replies":[{"embeddable":true,"href":"https:\/\/woerrlein-naturfoto.de\/wordpress\/wp-json\/wp\/v2\/comments?post=3247"}],"version-history":[{"count":6,"href":"https:\/\/woerrlein-naturfoto.de\/wordpress\/wp-json\/wp\/v2\/pages\/3247\/revisions"}],"predecessor-version":[{"id":6323,"href":"https:\/\/woerrlein-naturfoto.de\/wordpress\/wp-json\/wp\/v2\/pages\/3247\/revisions\/6323"}],"up":[{"embeddable":true,"href":"https:\/\/woerrlein-naturfoto.de\/wordpress\/wp-json\/wp\/v2\/pages\/211"}],"wp:attachment":[{"href":"https:\/\/woerrlein-naturfoto.de\/wordpress\/wp-json\/wp\/v2\/media?parent=3247"}],"curies":[{"name":"wp","href":"https:\/\/api.w.org\/{rel}","templated":true}]}}