{"id":3240,"date":"2015-01-02T14:07:28","date_gmt":"2015-01-02T12:07:28","guid":{"rendered":"http:\/\/woerrlein-naturfoto.de\/wordpress\/?page_id=3240"},"modified":"2024-10-13T10:08:43","modified_gmt":"2024-10-13T08:08:43","slug":"odinshuehnchen","status":"publish","type":"page","link":"https:\/\/woerrlein-naturfoto.de\/wordpress\/schnepfen_a-z\/odinshuehnchen\/","title":{"rendered":"Odinsh\u00fchnchen"},"content":{"rendered":"<p><a href=\"http:\/\/woerrlein-naturfoto.de\/wordpress\/voegel\/\"><span style=\"color: #ffff66;\">V\u00f6gel<\/span> <\/a>-&gt;<a href=\"http:\/\/woerrlein-naturfoto.de\/wordpress\/hauptseite-voegel\/voegel\/watvoegel-2\"> <span style=\"color: #ffff66;\">Watv\u00f6gel<\/span> <\/a><br \/>\n<a title=\"V\u00f6gel von A-Z\" href=\"http:\/\/woerrlein-naturfoto.de\/wordpress\/voegel\/voegel_von_a-z\/\">V\u00f6gel von A-Z<\/a><br \/>\nZur Galerie <a title=\"Schnepfenv\u00f6gel\" href=\"http:\/\/woerrlein-naturfoto.de\/wordpress\/hauptseite-voegel\/voegel\/watvoegel\/schnepfenvoegel\/\">Schnepfen I<\/a><\/p>\n<p><img loading=\"lazy\" decoding=\"async\" class=\"alignleft wp-image-3239\" src=\"http:\/\/woerrlein-naturfoto.de\/wordpress\/wp-content\/uploads\/Odinshuetchen_35272a-600x400.jpg\" alt=\"Odinshuetchen_35272a.jpg\" width=\"600\" height=\"400\" \/>Das <b>Odinsh\u00fchnchen<\/b> (<i>Phalaropus lobatus<\/i>) ist eine Art aus der Gattung der Wassertreter. Es z\u00e4hlt zu den arktischen Schnepfenv\u00f6geln und kann gelegentlich w\u00e4hrend seiner Zugzeit in den Monaten August und September sowie April und Mai an der deutschen Nordseek\u00fcste beobachtet werden. Die Verbreitung des Odinsh\u00fchnchens ist l\u00e4ngst nicht so hocharktisch wie beim Thorsh\u00fchnchen. So finden sich Brutvorkommen auch auf Island, den F\u00e4r\u00f6ern, den Shetlandinseln, den Orkneys und den Hebriden sowie auf dem Festland Norwegens, Schwedens und Finnlands. Das Odinsh\u00fchnchen br\u00fctet mitunter weit im Landesinneren und nicht zwingend so k\u00fcstennah wie das Thorsh\u00fchnchen. Die Winterquartiere liegen verstreut \u00fcber tropische und subtropische Meere, aber auch an den K\u00fcsten Patagoniens und des s\u00fcdlichen Japans. Auf seinen Z\u00fcgen ist es immer wieder am Neusiedlersee zu beobachten.<br \/>\nDas Odinsh\u00fchnchen zeichnet sich durch eine f\u00fcr V\u00f6gel ungew\u00f6hnliche Lebensweise aus. Das Weibchen sucht sich aktiv den Partner aus und wirbt um ihn in einem auff\u00e4lligen Balzflug. Die M\u00e4nnchen f\u00fchren au\u00dferdem die Jungv\u00f6gel. Diese Verhaltensweise ist auch f\u00fcr das Thorsh\u00fchnchen typisch.<\/p>\n<p>L\u00e4nge: 19-19 cm\u00a0\u00a0 Spannweite: 49-55 cm\u00a0\u00a0 Gewicht: 30-48 g\u00a0\u00a0 Gelege: 4 Eier<\/p>\n<p>Zur Galerie <a title=\"Schnepfenv\u00f6gel\" href=\"http:\/\/woerrlein-naturfoto.de\/wordpress\/hauptseite-voegel\/voegel\/watvoegel\/schnepfenvoegel\/\">Schnepfen I<\/a><\/p>\n<p>&nbsp;<\/p>\n<p><em>Quelle des Textauszuges und weitere Infos bei <\/em><a href=\"http:\/\/de.wikipedia.org\/wiki\/Odinsh%C3%BChnchen\" target=\"_blank\" rel=\"noopener\">Wikipedia<\/a> <em>(<\/em><a href=\"http:\/\/www.gnu.org\/licenses\/fdl-1.3.txt\" target=\"_blank\" rel=\"noopener\">GNU-Lizenz<\/a><em>)<\/em> \u2013 <em>mein Dank gilt den<\/em> <a href=\"http:\/\/de.wikipedia.org\/w\/index.php?title=Odinsh%C3%BChnchen&amp;action=history\" target=\"_blank\" rel=\"noopener\">Autoren<\/a>.<\/p>\n","protected":false},"excerpt":{"rendered":"<p>V\u00f6gel -&gt; Watv\u00f6gel V\u00f6gel von A-Z Zur Galerie Schnepfen I Das Odinsh\u00fchnchen (Phalaropus lobatus) ist eine Art aus der Gattung der Wassertreter. Es z\u00e4hlt zu den arktischen Schnepfenv\u00f6geln und kann gelegentlich w\u00e4hrend seiner Zugzeit in den Monaten August und September sowie April und Mai an der deutschen Nordseek\u00fcste beobachtet werden. Die Verbreitung des Odinsh\u00fchnchens ist &hellip; <a href=\"https:\/\/woerrlein-naturfoto.de\/wordpress\/schnepfen_a-z\/odinshuehnchen\/\" class=\"more-link\"><span class=\"screen-reader-text\">Odinsh\u00fchnchen<\/span> weiterlesen <span class=\"meta-nav\">&rarr;<\/span><\/a><\/p>\n","protected":false},"author":1,"featured_media":0,"parent":1143,"menu_order":0,"comment_status":"closed","ping_status":"closed","template":"page-templates\/full-width.php","meta":{"footnotes":""},"class_list":["post-3240","page","type-page","status-publish","hentry"],"_links":{"self":[{"href":"https:\/\/woerrlein-naturfoto.de\/wordpress\/wp-json\/wp\/v2\/pages\/3240","targetHints":{"allow":["GET"]}}],"collection":[{"href":"https:\/\/woerrlein-naturfoto.de\/wordpress\/wp-json\/wp\/v2\/pages"}],"about":[{"href":"https:\/\/woerrlein-naturfoto.de\/wordpress\/wp-json\/wp\/v2\/types\/page"}],"author":[{"embeddable":true,"href":"https:\/\/woerrlein-naturfoto.de\/wordpress\/wp-json\/wp\/v2\/users\/1"}],"replies":[{"embeddable":true,"href":"https:\/\/woerrlein-naturfoto.de\/wordpress\/wp-json\/wp\/v2\/comments?post=3240"}],"version-history":[{"count":7,"href":"https:\/\/woerrlein-naturfoto.de\/wordpress\/wp-json\/wp\/v2\/pages\/3240\/revisions"}],"predecessor-version":[{"id":18951,"href":"https:\/\/woerrlein-naturfoto.de\/wordpress\/wp-json\/wp\/v2\/pages\/3240\/revisions\/18951"}],"up":[{"embeddable":true,"href":"https:\/\/woerrlein-naturfoto.de\/wordpress\/wp-json\/wp\/v2\/pages\/1143"}],"wp:attachment":[{"href":"https:\/\/woerrlein-naturfoto.de\/wordpress\/wp-json\/wp\/v2\/media?parent=3240"}],"curies":[{"name":"wp","href":"https:\/\/api.w.org\/{rel}","templated":true}]}}