{"id":3233,"date":"2015-01-02T11:34:53","date_gmt":"2015-01-02T09:34:53","guid":{"rendered":"http:\/\/woerrlein-naturfoto.de\/wordpress\/?page_id=3233"},"modified":"2015-02-12T12:55:45","modified_gmt":"2015-02-12T11:55:45","slug":"stelzenlaeufer","status":"publish","type":"page","link":"https:\/\/woerrlein-naturfoto.de\/wordpress\/stelzenlaeufer-a-z\/stelzenlaeufer\/","title":{"rendered":"Stelzenl\u00e4ufer"},"content":{"rendered":"<p><a href=\"http:\/\/woerrlein-naturfoto.de\/wordpress\/voegel\/\"><span style=\"color: #ffff66;\">V\u00f6gel<\/span> <\/a>-&gt;<a href=\"http:\/\/woerrlein-naturfoto.de\/wordpress\/hauptseite-voegel\/voegel\/watvoegel-2\"> <span style=\"color: #ffff66;\">Watv\u00f6gel<\/span> <\/a>-&gt;<a href=\"http:\/\/woerrlein-naturfoto.de\/wordpress\/hauptseite-voegel\/voegel\/watvoegel-2\/stelzenlaeufer\/\"> <span style=\"color: #ffff66;\">Stelzenl\u00e4ufer<\/span><\/a><br \/>\n<a title=\"V\u00f6gel von A-Z\" href=\"http:\/\/woerrlein-naturfoto.de\/wordpress\/voegel\/voegel_von_a-z\/\">V\u00f6gel von A-Z<\/a><br \/>\nZur Galerie <a title=\"Stelzenl\u00e4ufer\" href=\"http:\/\/woerrlein-naturfoto.de\/wordpress\/hauptseite-voegel\/voegel\/watvoegel-2\/stelzenlaeufer\/\">Stelzenl\u00e4ufer<\/a><\/p>\n<p><img loading=\"lazy\" decoding=\"async\" class=\"alignleft wp-image-3216\" src=\"http:\/\/woerrlein-naturfoto.de\/wordpress\/wp-content\/uploads\/Stelzenlaeufer_21450L_v-400x600.jpg\" alt=\"Stelzenlaeufer_21450L_v.jpg\" width=\"267\" height=\"400\" \/>Der <b>Stelzenl\u00e4ufer<\/b> (<i>Himantopus himantopus<\/i>) ist eine Vogelart aus der Familie der S\u00e4belschn\u00e4bler. In Mitteleuropa ist der Stelzenl\u00e4ufer auf Grund gro\u00dfr\u00e4umiger Ortswechsel ein vereinzelter und unregelm\u00e4\u00dfiger Sommergast und gelegentlich auch Brutvogel. Den h\u00f6chsten mitteleurop\u00e4ischen Brutbestand gibt es in der ungarischen Tiefebene mit bis zu 400 Brutpaaren. Zu Beginn der 1990er Jahre siedelten sich Stelzenl\u00e4ufer auch wieder am Neusiedlersee an, wo der Bestand 1860 erloschen war.<br \/>\nDer Stelzenl\u00e4ufer lebt in Flachwasserzonen mit S\u00fc\u00df-, Brack- oder Salzwasser in Lagunen, Salinen und Steppenseen. Seine langen Beine erlauben die Nahrungssuche in tiefem Wasser. Er kommt haupts\u00e4chlich im S\u00fcden Mitteleuropas, am Kaspischen und Schwarzen Meer und in der T\u00fcrkei vor. Teilweise st\u00f6\u00dft er jedoch zur Brut auch in den Norden Mitteleuropas vor. Es gibt Brutpopulationen in Nordfrankreich und an der westlichen Donau. Der Stelzenl\u00e4ufer ist ein Langstreckenzieher und \u00fcberwintert in Afrika.<\/p>\n<p>L\u00e4nge: 35-40 cm\u00a0\u00a0 Spannweite: 67-83 cm\u00a0\u00a0 Gewicht: 140-220 g\u00a0\u00a0 Gelege: 4 Eier<\/p>\n<p>Zur Galerie <a title=\"Stelzenl\u00e4ufer\" href=\"http:\/\/woerrlein-naturfoto.de\/wordpress\/hauptseite-voegel\/voegel\/watvoegel-2\/stelzenlaeufer\/\">Stelzenl\u00e4ufer<\/a><\/p>\n<p>&nbsp;<\/p>\n<p><em>Quelle des Textauszuges und weitere Infos bei <\/em><a href=\"http:\/\/de.wikipedia.org\/wiki\/Stelzenl%C3%A4ufer\" target=\"_blank\">Wikipedia<\/a> <em>(<\/em><a href=\"http:\/\/www.gnu.org\/licenses\/fdl-1.3.txt\" target=\"_blank\">GNU-Lizenz<\/a><em>)<\/em> \u2013 <em>mein Dank gilt den<\/em> <a href=\"http:\/\/de.wikipedia.org\/w\/index.php?title=Stelzenl%C3%A4ufer&amp;action=history\" target=\"_blank\">Autoren<\/a>.<\/p>\n","protected":false},"excerpt":{"rendered":"<p>V\u00f6gel -&gt; Watv\u00f6gel -&gt; Stelzenl\u00e4ufer V\u00f6gel von A-Z Zur Galerie Stelzenl\u00e4ufer Der Stelzenl\u00e4ufer (Himantopus himantopus) ist eine Vogelart aus der Familie der S\u00e4belschn\u00e4bler. In Mitteleuropa ist der Stelzenl\u00e4ufer auf Grund gro\u00dfr\u00e4umiger Ortswechsel ein vereinzelter und unregelm\u00e4\u00dfiger Sommergast und gelegentlich auch Brutvogel. Den h\u00f6chsten mitteleurop\u00e4ischen Brutbestand gibt es in der ungarischen Tiefebene mit bis zu 400 &hellip; <a href=\"https:\/\/woerrlein-naturfoto.de\/wordpress\/stelzenlaeufer-a-z\/stelzenlaeufer\/\" class=\"more-link\"><span class=\"screen-reader-text\">Stelzenl\u00e4ufer<\/span> weiterlesen <span class=\"meta-nav\">&rarr;<\/span><\/a><\/p>\n","protected":false},"author":1,"featured_media":0,"parent":3225,"menu_order":0,"comment_status":"closed","ping_status":"closed","template":"page-templates\/full-width.php","meta":{"footnotes":""},"class_list":["post-3233","page","type-page","status-publish","hentry"],"_links":{"self":[{"href":"https:\/\/woerrlein-naturfoto.de\/wordpress\/wp-json\/wp\/v2\/pages\/3233","targetHints":{"allow":["GET"]}}],"collection":[{"href":"https:\/\/woerrlein-naturfoto.de\/wordpress\/wp-json\/wp\/v2\/pages"}],"about":[{"href":"https:\/\/woerrlein-naturfoto.de\/wordpress\/wp-json\/wp\/v2\/types\/page"}],"author":[{"embeddable":true,"href":"https:\/\/woerrlein-naturfoto.de\/wordpress\/wp-json\/wp\/v2\/users\/1"}],"replies":[{"embeddable":true,"href":"https:\/\/woerrlein-naturfoto.de\/wordpress\/wp-json\/wp\/v2\/comments?post=3233"}],"version-history":[{"count":3,"href":"https:\/\/woerrlein-naturfoto.de\/wordpress\/wp-json\/wp\/v2\/pages\/3233\/revisions"}],"predecessor-version":[{"id":5914,"href":"https:\/\/woerrlein-naturfoto.de\/wordpress\/wp-json\/wp\/v2\/pages\/3233\/revisions\/5914"}],"up":[{"embeddable":true,"href":"https:\/\/woerrlein-naturfoto.de\/wordpress\/wp-json\/wp\/v2\/pages\/3225"}],"wp:attachment":[{"href":"https:\/\/woerrlein-naturfoto.de\/wordpress\/wp-json\/wp\/v2\/media?parent=3233"}],"curies":[{"name":"wp","href":"https:\/\/api.w.org\/{rel}","templated":true}]}}