{"id":3227,"date":"2015-01-02T11:16:21","date_gmt":"2015-01-02T09:16:21","guid":{"rendered":"http:\/\/woerrlein-naturfoto.de\/wordpress\/?page_id=3227"},"modified":"2015-02-12T12:55:27","modified_gmt":"2015-02-12T11:55:27","slug":"saebelschnaebler","status":"publish","type":"page","link":"https:\/\/woerrlein-naturfoto.de\/wordpress\/stelzenlaeufer-a-z\/saebelschnaebler\/","title":{"rendered":"S\u00e4belschn\u00e4bler"},"content":{"rendered":"<p><a href=\"http:\/\/woerrlein-naturfoto.de\/wordpress\/voegel\/\"><span style=\"color: #ffff66;\">V\u00f6gel<\/span> <\/a>-&gt;<a href=\"http:\/\/woerrlein-naturfoto.de\/wordpress\/hauptseite-voegel\/voegel\/watvoegel-2\"> <span style=\"color: #ffff66;\">Watv\u00f6gel<\/span> <\/a>-&gt;<a href=\"http:\/\/woerrlein-naturfoto.de\/wordpress\/hauptseite-voegel\/voegel\/watvoegel-2\/stelzenlaeufer\/\"> <span style=\"color: #ffff66;\">Stelzenl\u00e4ufer<\/span><\/a><br \/>\n<a title=\"V\u00f6gel von A-Z\" href=\"http:\/\/woerrlein-naturfoto.de\/wordpress\/voegel\/voegel_von_a-z\/\">V\u00f6gel von A-Z<\/a><br \/>\nZur Galerie <a title=\"Stelzenl\u00e4ufer\" href=\"http:\/\/woerrlein-naturfoto.de\/wordpress\/hauptseite-voegel\/voegel\/watvoegel-2\/stelzenlaeufer\/\">Stelzenl\u00e4ufer<\/a><\/p>\n<p><img loading=\"lazy\" decoding=\"async\" class=\"alignleft wp-image-3215\" src=\"http:\/\/woerrlein-naturfoto.de\/wordpress\/wp-content\/uploads\/Saebelschnaebler_34416L_v-600x400.jpg\" alt=\"Saebelschnaebler_34416L_v.jpg\" width=\"600\" height=\"400\" srcset=\"https:\/\/woerrlein-naturfoto.de\/wordpress\/wp-content\/uploads\/Saebelschnaebler_34416L_v-600x400.jpg 600w, https:\/\/woerrlein-naturfoto.de\/wordpress\/wp-content\/uploads\/Saebelschnaebler_34416L_v-120x80.jpg 120w, https:\/\/woerrlein-naturfoto.de\/wordpress\/wp-content\/uploads\/Saebelschnaebler_34416L_v.jpg 1000w\" sizes=\"auto, (max-width: 600px) 100vw, 600px\" \/><\/p>\n<p>Der <b>S\u00e4belschn\u00e4bler<\/b> <i>(Recurvirostra avosetta)<\/i> ist eine Vogelart aus der Familie der S\u00e4belschn\u00e4bler. Mit seinem schwarzwei\u00dfen Gefieder z\u00e4hlt er zu den auffallendsten Limikolen. Im Wattenmeer der Nordsee ist er ein h\u00e4ufig zu beobachtender Vogel. Trotz des sehr gro\u00dfen und <a class=\"mw-redirect\" title=\"Disjunktion (Biologie)\" href=\"http:\/\/de.wikipedia.org\/wiki\/Disjunktion_%28Biologie%29\" target=\"_blank\">disjunkten<\/a> Verbreitungsgebietes werden keine Unterarten des S\u00e4belschn\u00e4blers unterschieden.<br \/>\nDas wichtigste Lebensraumelement des S\u00e4belschn\u00e4blers sind feinsedimentige, vegetationsarme Flachwasserzonen und Uferbereiche, wo er seiner spezialisierten Form der Nahrungssuche nachgehen kann. Er findet diese Voraussetzungen vor allem in seichten Meeresbuchten, Flussm\u00fcndungen, Lagunen und flachen Seen. Die bevorzugt besiedelten Lebensr\u00e4ume weisen h\u00e4ufig brackigen bis salinen Charakter auf. Die Brutpl\u00e4tze befinden sich auf vegetationsarmen bis sp\u00e4rlich bewachsenen Bereichen der Uferzone oder auf Inseln, die Schutz vor landgebundenen Beutegreifern bieten. In Nordwesteuropa besiedelt der S\u00e4belschn\u00e4bler in erster Linie die tidalen Wattfl\u00e4chen des Wattenmeeres sowie durch Eindeichungen entstandene Brack- und S\u00fc\u00dfwasserseen, den so genannten K\u00f6ge.<\/p>\n<p>L\u00e4nge: 42-46 cm\u00a0\u00a0 Spannweite: 77-80 cm\u00a0\u00a0 Gewicht: 230-290 g\u00a0\u00a0 Gelege: 3-4 Eier<\/p>\n<p>Zur Galerie <a title=\"Stelzenl\u00e4ufer\" href=\"http:\/\/woerrlein-naturfoto.de\/wordpress\/hauptseite-voegel\/voegel\/watvoegel-2\/stelzenlaeufer\/\">Stelzenl\u00e4ufer<\/a><\/p>\n<p>&nbsp;<\/p>\n<p><em>Quelle des Textauszuges und weitere Infos bei <\/em><a href=\"http:\/\/de.wikipedia.org\/wiki\/S%C3%A4belschn%C3%A4bler\" target=\"_blank\">Wikipedia<\/a> <em>(<\/em><a href=\"http:\/\/www.gnu.org\/licenses\/fdl-1.3.txt\" target=\"_blank\">GNU-Lizenz<\/a><em>)<\/em> \u2013 <em>mein Dank gilt den<\/em> <a href=\"http:\/\/de.wikipedia.org\/w\/index.php?title=S%C3%A4belschn%C3%A4bler&amp;action=history\" target=\"_blank\">Autoren<\/a>.<\/p>\n","protected":false},"excerpt":{"rendered":"<p>V\u00f6gel -&gt; Watv\u00f6gel -&gt; Stelzenl\u00e4ufer V\u00f6gel von A-Z Zur Galerie Stelzenl\u00e4ufer Der S\u00e4belschn\u00e4bler (Recurvirostra avosetta) ist eine Vogelart aus der Familie der S\u00e4belschn\u00e4bler. Mit seinem schwarzwei\u00dfen Gefieder z\u00e4hlt er zu den auffallendsten Limikolen. Im Wattenmeer der Nordsee ist er ein h\u00e4ufig zu beobachtender Vogel. Trotz des sehr gro\u00dfen und disjunkten Verbreitungsgebietes werden keine Unterarten des &hellip; <a href=\"https:\/\/woerrlein-naturfoto.de\/wordpress\/stelzenlaeufer-a-z\/saebelschnaebler\/\" class=\"more-link\"><span class=\"screen-reader-text\">S\u00e4belschn\u00e4bler<\/span> weiterlesen <span class=\"meta-nav\">&rarr;<\/span><\/a><\/p>\n","protected":false},"author":1,"featured_media":0,"parent":3225,"menu_order":0,"comment_status":"closed","ping_status":"closed","template":"page-templates\/full-width.php","meta":{"footnotes":""},"class_list":["post-3227","page","type-page","status-publish","hentry"],"_links":{"self":[{"href":"https:\/\/woerrlein-naturfoto.de\/wordpress\/wp-json\/wp\/v2\/pages\/3227","targetHints":{"allow":["GET"]}}],"collection":[{"href":"https:\/\/woerrlein-naturfoto.de\/wordpress\/wp-json\/wp\/v2\/pages"}],"about":[{"href":"https:\/\/woerrlein-naturfoto.de\/wordpress\/wp-json\/wp\/v2\/types\/page"}],"author":[{"embeddable":true,"href":"https:\/\/woerrlein-naturfoto.de\/wordpress\/wp-json\/wp\/v2\/users\/1"}],"replies":[{"embeddable":true,"href":"https:\/\/woerrlein-naturfoto.de\/wordpress\/wp-json\/wp\/v2\/comments?post=3227"}],"version-history":[{"count":6,"href":"https:\/\/woerrlein-naturfoto.de\/wordpress\/wp-json\/wp\/v2\/pages\/3227\/revisions"}],"predecessor-version":[{"id":5913,"href":"https:\/\/woerrlein-naturfoto.de\/wordpress\/wp-json\/wp\/v2\/pages\/3227\/revisions\/5913"}],"up":[{"embeddable":true,"href":"https:\/\/woerrlein-naturfoto.de\/wordpress\/wp-json\/wp\/v2\/pages\/3225"}],"wp:attachment":[{"href":"https:\/\/woerrlein-naturfoto.de\/wordpress\/wp-json\/wp\/v2\/media?parent=3227"}],"curies":[{"name":"wp","href":"https:\/\/api.w.org\/{rel}","templated":true}]}}