{"id":3195,"date":"2015-01-01T21:06:52","date_gmt":"2015-01-01T19:06:52","guid":{"rendered":"http:\/\/woerrlein-naturfoto.de\/wordpress\/?page_id=3195"},"modified":"2015-02-12T12:56:39","modified_gmt":"2015-02-12T11:56:39","slug":"flussseeschwalbe","status":"publish","type":"page","link":"https:\/\/woerrlein-naturfoto.de\/wordpress\/seeschwalben-a-z\/flussseeschwalbe\/","title":{"rendered":"Flussseeschwalbe"},"content":{"rendered":"<p><a href=\"http:\/\/woerrlein-naturfoto.de\/wordpress\/voegel\/\"><span style=\"color: #ffff66;\">V\u00f6gel<\/span> <\/a>-&gt;<a href=\"http:\/\/woerrlein-naturfoto.de\/wordpress\/hauptseite-voegel\/voegel\/watvoegel-2\"> <span style=\"color: #ffff66;\">Watv\u00f6gel<\/span> <\/a>-&gt;<a href=\"http:\/\/woerrlein-naturfoto.de\/wordpress\/hauptseite-voegel\/voegel\/watvoegel-2\/seeschwalben\/\"> <span style=\"color: #ffff66;\">Seeschwalben<\/span><\/a><br \/>\n<a title=\"V\u00f6gel von A-Z\" href=\"http:\/\/woerrlein-naturfoto.de\/wordpress\/voegel\/voegel_von_a-z\/\">V\u00f6gel von A-Z<\/a><br \/>\nZur Galerie <a title=\"Seeschwalben\" href=\"http:\/\/woerrlein-naturfoto.de\/wordpress\/hauptseite-voegel\/voegel\/watvoegel-2\/seeschwalben\/\">Seeschwalben<\/a><\/p>\n<p><img loading=\"lazy\" decoding=\"async\" class=\"alignleft wp-image-3161\" src=\"http:\/\/woerrlein-naturfoto.de\/wordpress\/wp-content\/uploads\/Flussseeschwalbe_34353L_v-600x400.jpg\" alt=\"Flussseeschwalbe_34353L_v.jpg\" width=\"600\" height=\"400\" \/>Die <b>Fluss-Seeschwalbe<\/b> (<i>Sterna hirundo<\/i>) ist eine Vogelart aus der Familie der Seeschwalben. Sie ist in Mitteleuropa ein verbreiteter, aber nicht sehr h\u00e4ufiger Brut- und Sommervogel. W\u00e4hrend der Zugzeiten k\u00f6nnen im mitteleurop\u00e4ischen Raum au\u00dferdem viele Durchz\u00fcgler beobachtet werden.<br \/>\nDas Verbreitungsgebiet der Fluss-Seeschwalbe reicht vom Nordwesten Europas bis an das Beringmeer in Ostsibirien. In Nordamerika kommt die Flussseeschwalbe von Kanada bis in die Karibik vor. Isolierte Brutpopulationen finden sich au\u00dferdem im Nordwesten und Norden Afrikas, im S\u00fcden Afrikas, Australien und im S\u00fcden S\u00fcdamerikas. Die Fluss-Seeschwalbe ist ein Langstreckenzieher, deren Winterquartier sich in den Tropen und den gem\u00e4\u00dfigten Breiten der S\u00fcdhalbkugel finden. Die Brutv\u00f6gel der Pal\u00e4arktis \u00fcberwintern insbesondere an der Westk\u00fcste Afrikas und sind an der ostafrikanischen K\u00fcste verh\u00e4ltnism\u00e4\u00dfig selten.<br \/>\nDie Fluss-Seeschwalbe ist ein geschickter Sto\u00dftaucher. Sie erbeutet dabei haupts\u00e4chlich kleine Fische. Ebenso stehen Weichtiere und Insekten auf dem Speiseplan.<\/p>\n<p>L\u00e4nge: 31-35 cm\u00a0\u00a0 Spannweite: 77-98 cm\u00a0\u00a0 Gewicht: 90-150 g\u00a0\u00a0 Gelege: 1-3 Eier<\/p>\n<p>Zur Galerie <a title=\"Seeschwalben\" href=\"http:\/\/woerrlein-naturfoto.de\/wordpress\/hauptseite-voegel\/voegel\/watvoegel-2\/seeschwalben\/\">Seeschwalben<\/a><\/p>\n<p>&nbsp;<\/p>\n<p><em>Quelle des Textauszuges und weitere Infos bei <\/em><a href=\"http:\/\/de.wikipedia.org\/wiki\/Fluss-Seeschwalbe\" target=\"_blank\">Wikipedia<\/a> <em>(<\/em><a href=\"http:\/\/www.gnu.org\/licenses\/fdl-1.3.txt\" target=\"_blank\">GNU-Lizenz<\/a><em>)<\/em> \u2013 <em>mein Dank gilt den<\/em> <a href=\"http:\/\/de.wikipedia.org\/w\/index.php?title=Fluss-Seeschwalbe&amp;action=history\" target=\"_blank\">Autoren<\/a>.<\/p>\n","protected":false},"excerpt":{"rendered":"<p>V\u00f6gel -&gt; Watv\u00f6gel -&gt; Seeschwalben V\u00f6gel von A-Z Zur Galerie Seeschwalben Die Fluss-Seeschwalbe (Sterna hirundo) ist eine Vogelart aus der Familie der Seeschwalben. Sie ist in Mitteleuropa ein verbreiteter, aber nicht sehr h\u00e4ufiger Brut- und Sommervogel. W\u00e4hrend der Zugzeiten k\u00f6nnen im mitteleurop\u00e4ischen Raum au\u00dferdem viele Durchz\u00fcgler beobachtet werden. Das Verbreitungsgebiet der Fluss-Seeschwalbe reicht vom Nordwesten &hellip; <a href=\"https:\/\/woerrlein-naturfoto.de\/wordpress\/seeschwalben-a-z\/flussseeschwalbe\/\" class=\"more-link\"><span class=\"screen-reader-text\">Flussseeschwalbe<\/span> weiterlesen <span class=\"meta-nav\">&rarr;<\/span><\/a><\/p>\n","protected":false},"author":1,"featured_media":0,"parent":3189,"menu_order":0,"comment_status":"closed","ping_status":"closed","template":"page-templates\/full-width.php","meta":{"footnotes":""},"class_list":["post-3195","page","type-page","status-publish","hentry"],"_links":{"self":[{"href":"https:\/\/woerrlein-naturfoto.de\/wordpress\/wp-json\/wp\/v2\/pages\/3195","targetHints":{"allow":["GET"]}}],"collection":[{"href":"https:\/\/woerrlein-naturfoto.de\/wordpress\/wp-json\/wp\/v2\/pages"}],"about":[{"href":"https:\/\/woerrlein-naturfoto.de\/wordpress\/wp-json\/wp\/v2\/types\/page"}],"author":[{"embeddable":true,"href":"https:\/\/woerrlein-naturfoto.de\/wordpress\/wp-json\/wp\/v2\/users\/1"}],"replies":[{"embeddable":true,"href":"https:\/\/woerrlein-naturfoto.de\/wordpress\/wp-json\/wp\/v2\/comments?post=3195"}],"version-history":[{"count":3,"href":"https:\/\/woerrlein-naturfoto.de\/wordpress\/wp-json\/wp\/v2\/pages\/3195\/revisions"}],"predecessor-version":[{"id":5916,"href":"https:\/\/woerrlein-naturfoto.de\/wordpress\/wp-json\/wp\/v2\/pages\/3195\/revisions\/5916"}],"up":[{"embeddable":true,"href":"https:\/\/woerrlein-naturfoto.de\/wordpress\/wp-json\/wp\/v2\/pages\/3189"}],"wp:attachment":[{"href":"https:\/\/woerrlein-naturfoto.de\/wordpress\/wp-json\/wp\/v2\/media?parent=3195"}],"curies":[{"name":"wp","href":"https:\/\/api.w.org\/{rel}","templated":true}]}}