{"id":3191,"date":"2015-01-01T20:58:44","date_gmt":"2015-01-01T18:58:44","guid":{"rendered":"http:\/\/woerrlein-naturfoto.de\/wordpress\/?page_id=3191"},"modified":"2015-02-12T12:56:18","modified_gmt":"2015-02-12T11:56:18","slug":"brandseeschwalbe","status":"publish","type":"page","link":"https:\/\/woerrlein-naturfoto.de\/wordpress\/seeschwalben-a-z\/brandseeschwalbe\/","title":{"rendered":"Brandseeschwalbe"},"content":{"rendered":"<p><a href=\"http:\/\/woerrlein-naturfoto.de\/wordpress\/voegel\/\"><span style=\"color: #ffff66;\">V\u00f6gel<\/span> <\/a>-&gt;<a href=\"http:\/\/woerrlein-naturfoto.de\/wordpress\/hauptseite-voegel\/voegel\/watvoegel-2\"> <span style=\"color: #ffff66;\">Watv\u00f6gel<\/span> <\/a>-&gt;<a href=\"http:\/\/woerrlein-naturfoto.de\/wordpress\/hauptseite-voegel\/voegel\/watvoegel-2\/seeschwalben\/\"> <span style=\"color: #ffff66;\">Seeschwalben<\/span><\/a><br \/>\n<a title=\"V\u00f6gel von A-Z\" href=\"http:\/\/woerrlein-naturfoto.de\/wordpress\/voegel\/voegel_von_a-z\/\">V\u00f6gel von A-Z<\/a><br \/>\nZur Galerie <a title=\"Seeschwalben\" href=\"http:\/\/woerrlein-naturfoto.de\/wordpress\/hauptseite-voegel\/voegel\/watvoegel-2\/seeschwalben\/\">Seeschwalben<\/a><\/p>\n<p><img loading=\"lazy\" decoding=\"async\" class=\"alignleft wp-image-3169\" src=\"http:\/\/woerrlein-naturfoto.de\/wordpress\/wp-content\/uploads\/Brandseeschwalbe_08925L-600x400.jpg\" alt=\"Brandseeschwalbe_08925L.jpg\" width=\"600\" height=\"400\" srcset=\"https:\/\/woerrlein-naturfoto.de\/wordpress\/wp-content\/uploads\/Brandseeschwalbe_08925L-600x400.jpg 600w, https:\/\/woerrlein-naturfoto.de\/wordpress\/wp-content\/uploads\/Brandseeschwalbe_08925L-120x80.jpg 120w, https:\/\/woerrlein-naturfoto.de\/wordpress\/wp-content\/uploads\/Brandseeschwalbe_08925L.jpg 1000w\" sizes=\"auto, (max-width: 600px) 100vw, 600px\" \/>Die <b>Brandseeschwalbe<\/b> (<i>Sterna sandvicensis<\/i>, Syn.:<i>Thalasseus sandvicensis<\/i>) ist eine Vogelart aus der Familie der Seeschwalben. Die Brandseeschwalbe lebt an den europ\u00e4ischen K\u00fcsten der Nordsee, Ostsee, des Atlantik, des Mittelmeers sowie des Schwarzen und Kaspischen Meers. In Mitteleuropa bleibt sie von M\u00e4rz bis September. Im Winter zieht sie nach S\u00fcdeuropa bis S\u00fcdafrika. Sie bewohnt K\u00fcsten und kleine Inseln mit flachem Wasser und reichlich Nahrung. Die beiden bedeutendsten Brutkolonien der Brandseeschwalbe in der Deutschen Bucht befinden sich auf der unbewohnten Hallig Norderoog und der Insel Trischen, beide vor der Schleswig-Holsteinischen Nordseek\u00fcste.<br \/>\nDie Brandseeschwalbe ist ein treffsicherer Sto\u00dftaucher. Sie erbeutet haupts\u00e4chlich kleine Fische an der K\u00fcste oder auf dem offenen Meer. Au\u00dferdem ern\u00e4hrt sie sich von Weichtieren, W\u00fcrmern und Insekten.<\/p>\n<p>L\u00e4nge: 36-41 cm\u00a0\u00a0 Spannweite: 95-105 cm\u00a0\u00a0 Gewicht: 225-285 g\u00a0\u00a0 Gelege: 1-2 Eier<\/p>\n<p>Zur Galerie <a title=\"Seeschwalben\" href=\"http:\/\/woerrlein-naturfoto.de\/wordpress\/hauptseite-voegel\/voegel\/watvoegel-2\/seeschwalben\/\">Seeschwalben<\/a><\/p>\n<p>&nbsp;<\/p>\n<p><em>Quelle des Textauszuges und weitere Infos bei <\/em><a href=\"http:\/\/de.wikipedia.org\/wiki\/Brandseeschwalbe\" target=\"_blank\">Wikipedia<\/a> <em>(<\/em><a href=\"http:\/\/www.gnu.org\/licenses\/fdl-1.3.txt\" target=\"_blank\">GNU-Lizenz<\/a><em>)<\/em> \u2013 <em>mein Dank gilt den<\/em> <a href=\"http:\/\/de.wikipedia.org\/w\/index.php?title=Brandseeschwalbe&amp;action=history\" target=\"_blank\">Autoren<\/a>.<\/p>\n","protected":false},"excerpt":{"rendered":"<p>V\u00f6gel -&gt; Watv\u00f6gel -&gt; Seeschwalben V\u00f6gel von A-Z Zur Galerie Seeschwalben Die Brandseeschwalbe (Sterna sandvicensis, Syn.:Thalasseus sandvicensis) ist eine Vogelart aus der Familie der Seeschwalben. Die Brandseeschwalbe lebt an den europ\u00e4ischen K\u00fcsten der Nordsee, Ostsee, des Atlantik, des Mittelmeers sowie des Schwarzen und Kaspischen Meers. In Mitteleuropa bleibt sie von M\u00e4rz bis September. Im Winter &hellip; <a href=\"https:\/\/woerrlein-naturfoto.de\/wordpress\/seeschwalben-a-z\/brandseeschwalbe\/\" class=\"more-link\"><span class=\"screen-reader-text\">Brandseeschwalbe<\/span> weiterlesen <span class=\"meta-nav\">&rarr;<\/span><\/a><\/p>\n","protected":false},"author":1,"featured_media":0,"parent":3189,"menu_order":0,"comment_status":"closed","ping_status":"closed","template":"page-templates\/full-width.php","meta":{"footnotes":""},"class_list":["post-3191","page","type-page","status-publish","hentry"],"_links":{"self":[{"href":"https:\/\/woerrlein-naturfoto.de\/wordpress\/wp-json\/wp\/v2\/pages\/3191","targetHints":{"allow":["GET"]}}],"collection":[{"href":"https:\/\/woerrlein-naturfoto.de\/wordpress\/wp-json\/wp\/v2\/pages"}],"about":[{"href":"https:\/\/woerrlein-naturfoto.de\/wordpress\/wp-json\/wp\/v2\/types\/page"}],"author":[{"embeddable":true,"href":"https:\/\/woerrlein-naturfoto.de\/wordpress\/wp-json\/wp\/v2\/users\/1"}],"replies":[{"embeddable":true,"href":"https:\/\/woerrlein-naturfoto.de\/wordpress\/wp-json\/wp\/v2\/comments?post=3191"}],"version-history":[{"count":3,"href":"https:\/\/woerrlein-naturfoto.de\/wordpress\/wp-json\/wp\/v2\/pages\/3191\/revisions"}],"predecessor-version":[{"id":5915,"href":"https:\/\/woerrlein-naturfoto.de\/wordpress\/wp-json\/wp\/v2\/pages\/3191\/revisions\/5915"}],"up":[{"embeddable":true,"href":"https:\/\/woerrlein-naturfoto.de\/wordpress\/wp-json\/wp\/v2\/pages\/3189"}],"wp:attachment":[{"href":"https:\/\/woerrlein-naturfoto.de\/wordpress\/wp-json\/wp\/v2\/media?parent=3191"}],"curies":[{"name":"wp","href":"https:\/\/api.w.org\/{rel}","templated":true}]}}