{"id":314,"date":"2014-04-13T21:59:15","date_gmt":"2014-04-13T19:59:15","guid":{"rendered":"http:\/\/woerrlein-naturfoto.de\/wordpress\/?page_id=314"},"modified":"2015-02-18T12:55:55","modified_gmt":"2015-02-18T11:55:55","slug":"kohlmeisen-2","status":"publish","type":"page","link":"https:\/\/woerrlein-naturfoto.de\/wordpress\/meisen-2\/kohlmeisen-2\/","title":{"rendered":"Kohlmeise"},"content":{"rendered":"<p><a href=\"http:\/\/woerrlein-naturfoto.de\/wordpress\/voegel\/\"><span style=\"color: #ffff66;\">V\u00f6gel<\/span> <\/a>-&gt;<a href=\"http:\/\/woerrlein-naturfoto.de\/wordpress\/voegel\/sperlingsvoegel\/\"> <span style=\"color: #ffff66;\">Sperlingsv\u00f6gel<\/span> <\/a>-&gt;<a href=\"http:\/\/woerrlein-naturfoto.de\/wordpress\/voegel\/sperlingsvoegel\/meisen\/\"> <span style=\"color: #ffff66;\">Meisen<\/span><\/a><br \/>\n<a href=\"http:\/\/woerrlein-naturfoto.de\/wordpress\/voegel_von_a-z\/\">V\u00f6gel von A-Z<\/a><br \/>\nZur Galerie <a title=\"Meisen\" href=\"http:\/\/woerrlein-naturfoto.de\/wordpress\/voegel\/sperlingsvoegel\/meisen\/\">Meisen<\/a><\/p>\n<p><img loading=\"lazy\" decoding=\"async\" class=\" wp-image-309 alignleft\" src=\"http:\/\/woerrlein-naturfoto.de\/wordpress\/wp-content\/uploads\/Kohlmeise_69581_v534ad6dd88da0-600x400.jpg\" alt=\"Kohlmeise_69581_v534ad6dd88da0.jpg\" width=\"600\" height=\"400\" \/><\/p>\n<p>Die <strong>Kohlmeise<\/strong> <em>(Parus major) <\/em>geh\u00f6rt zur Familie der Meisen und ist die in Europa am meisten vorkommende Meisenart. Durch die auff\u00e4llige gelbe Unterseite und dem schwarzen Mittelstreifen auf der Brust ist sie unverwechselbar. Die Geschlechter sind sehr \u00e4hnlich, bei den Weibchen ist der Mittelstreifen d\u00fcnner. Kohlmeisen fressen im Sommer Insekten und Larven, im Winter Samen und Beeren, sie sind regelm\u00e4\u00dfige G\u00e4ste am Futterplatz.<\/p>\n<p>L\u00e4nge: 14 cm\u00a0\u00a0 Spannweite: 22,5-25,5 cm\u00a0\u00a0 Gewicht: 16-20 g\u00a0\u00a0 Gelege: 5-12 Eier<\/p>\n<p>Zur Galerie <a title=\"Meisen\" href=\"http:\/\/woerrlein-naturfoto.de\/wordpress\/voegel\/sperlingsvoegel\/meisen\/\">Meisen<\/a><\/p>\n","protected":false},"excerpt":{"rendered":"<p>V\u00f6gel -&gt; Sperlingsv\u00f6gel -&gt; Meisen V\u00f6gel von A-Z Zur Galerie Meisen Die Kohlmeise (Parus major) geh\u00f6rt zur Familie der Meisen und ist die in Europa am meisten vorkommende Meisenart. Durch die auff\u00e4llige gelbe Unterseite und dem schwarzen Mittelstreifen auf der Brust ist sie unverwechselbar. Die Geschlechter sind sehr \u00e4hnlich, bei den Weibchen ist der Mittelstreifen &hellip; <a href=\"https:\/\/woerrlein-naturfoto.de\/wordpress\/meisen-2\/kohlmeisen-2\/\" class=\"more-link\"><span class=\"screen-reader-text\">Kohlmeise<\/span> weiterlesen <span class=\"meta-nav\">&rarr;<\/span><\/a><\/p>\n","protected":false},"author":1,"featured_media":0,"parent":322,"menu_order":0,"comment_status":"closed","ping_status":"closed","template":"page-templates\/full-width.php","meta":{"footnotes":""},"class_list":["post-314","page","type-page","status-publish","hentry"],"_links":{"self":[{"href":"https:\/\/woerrlein-naturfoto.de\/wordpress\/wp-json\/wp\/v2\/pages\/314","targetHints":{"allow":["GET"]}}],"collection":[{"href":"https:\/\/woerrlein-naturfoto.de\/wordpress\/wp-json\/wp\/v2\/pages"}],"about":[{"href":"https:\/\/woerrlein-naturfoto.de\/wordpress\/wp-json\/wp\/v2\/types\/page"}],"author":[{"embeddable":true,"href":"https:\/\/woerrlein-naturfoto.de\/wordpress\/wp-json\/wp\/v2\/users\/1"}],"replies":[{"embeddable":true,"href":"https:\/\/woerrlein-naturfoto.de\/wordpress\/wp-json\/wp\/v2\/comments?post=314"}],"version-history":[{"count":16,"href":"https:\/\/woerrlein-naturfoto.de\/wordpress\/wp-json\/wp\/v2\/pages\/314\/revisions"}],"predecessor-version":[{"id":6341,"href":"https:\/\/woerrlein-naturfoto.de\/wordpress\/wp-json\/wp\/v2\/pages\/314\/revisions\/6341"}],"up":[{"embeddable":true,"href":"https:\/\/woerrlein-naturfoto.de\/wordpress\/wp-json\/wp\/v2\/pages\/322"}],"wp:attachment":[{"href":"https:\/\/woerrlein-naturfoto.de\/wordpress\/wp-json\/wp\/v2\/media?parent=314"}],"curies":[{"name":"wp","href":"https:\/\/api.w.org\/{rel}","templated":true}]}}