{"id":3133,"date":"2015-01-01T13:37:14","date_gmt":"2015-01-01T11:37:14","guid":{"rendered":"http:\/\/woerrlein-naturfoto.de\/wordpress\/?page_id=3133"},"modified":"2015-02-12T12:54:27","modified_gmt":"2015-02-12T11:54:27","slug":"trauerschnaepper","status":"publish","type":"page","link":"https:\/\/woerrlein-naturfoto.de\/wordpress\/wildes-durcheinander-a-z\/trauerschnaepper\/","title":{"rendered":"Trauerschn\u00e4pper"},"content":{"rendered":"<p><a href=\"http:\/\/woerrlein-naturfoto.de\/wordpress\/voegel\/\"><span style=\"color: #ffff66;\">V\u00f6gel<\/span> <\/a>-&gt;<a href=\"http:\/\/woerrlein-naturfoto.de\/wordpress\/hauptseite-voegel\/voegel\/wildes-durcheinander\/\"> <span style=\"color: #ffff66;\">wildes Durcheinander<\/span><\/a><br \/>\n<a title=\"V\u00f6gel von A-Z\" href=\"http:\/\/woerrlein-naturfoto.de\/wordpress\/voegel\/voegel_von_a-z\/\">V\u00f6gel von A-Z<\/a><br \/>\nZur Galerie <a title=\"wildes Durcheinander\" href=\"http:\/\/woerrlein-naturfoto.de\/wordpress\/hauptseite-voegel\/voegel\/wildes-durcheinander\/\">sonstiger Vogelarten<\/a><\/p>\n<p><img loading=\"lazy\" decoding=\"async\" class=\"alignleft wp-image-3113\" src=\"http:\/\/woerrlein-naturfoto.de\/wordpress\/wp-content\/uploads\/Trauerschnaepper_28056L_v-400x600.jpg\" alt=\"Trauerschnaepper_28056L_v.jpg\" width=\"267\" height=\"400\" srcset=\"https:\/\/woerrlein-naturfoto.de\/wordpress\/wp-content\/uploads\/Trauerschnaepper_28056L_v-400x600.jpg 400w, https:\/\/woerrlein-naturfoto.de\/wordpress\/wp-content\/uploads\/Trauerschnaepper_28056L_v.jpg 567w\" sizes=\"auto, (max-width: 267px) 100vw, 267px\" \/>Der <b>Trauerschn\u00e4pper<\/b> (<i>Ficedula hypoleuca<\/i>) ist ein Singvogel aus der Familie der Fliegenschn\u00e4pper. Trauerschn\u00e4pper-Weibchen sehen denen des Halsbandschn\u00e4ppers zum Verwechseln \u00e4hnlich. Die Oberseite des M\u00e4nnchens ist pechschwarz, aber auch in einigen Gebieten dunkelbraun. Die Oberseite des Weibchens ist hellbraun. Die Unterseite ist wei\u00df gef\u00e4rbt. Au\u00dferdem hat der recht runde Vogel einen kurzen, breiten Schnabel und wei\u00dfe Fl\u00fcgelflecken. Das M\u00e4nnchen hat einen wei\u00dfen Stirnfleck, der beim Weibchen fehlt.<br \/>\nIn Nord- und Mitteleuropa ist der Langstreckenzieher von April bis September in Laub- und Mischw\u00e4ldern, Parks und G\u00e4rten weit verbreitet. Er ist am h\u00e4ufigsten dort anzutreffen, wo es gen\u00fcgend Baumh\u00f6hlen und Nistk\u00e4sten zum Br\u00fcten gibt; auf letztere ist er gebietsweise ganz angewiesen. Sein Winterquartier hat er im tropischen Afrika.<br \/>\nDer Trauerschn\u00e4pper sitzt auf unterschiedlichen \u00c4sten und Pfosten, beobachtet sehr gewissenhaft seine Umgebung und erbeutet im pr\u00e4zisen Flug Insekten. Im Herbst ern\u00e4hrt er sich auch von Fr\u00fcchten und Beeren. Es handelt sich hier wie bei allen Fliegenschn\u00e4ppern um Wartej\u00e4ger, die vorbeifliegende Insekten aus der Luft schnappen. Der Trauerschn\u00e4pper liest aber auch im R\u00fcttelflug Insekten von W\u00e4nden und Rinden. Die Beute wird gegen eine Unterlage geschlagen, bis Beine und F\u00fchler abbrechen. Die \u00fcbriggebliebenen Hartteile werden mitgefressen und sp\u00e4ter als Gew\u00f6lle ausgespien.<\/p>\n<p>L\u00e4nge: 12-13 cm\u00a0\u00a0 Spannweite: 21,5-24 cm\u00a0\u00a0 Gewicht: 11-15 g\u00a0\u00a0 Gelege: 6-7 Eier<\/p>\n<p>Zur Galerie <a title=\"wildes Durcheinander\" href=\"http:\/\/woerrlein-naturfoto.de\/wordpress\/hauptseite-voegel\/voegel\/wildes-durcheinander\/\">sonstiger Vogelarten<\/a><\/p>\n<p>&nbsp;<\/p>\n<p><em>Quelle des Textauszuges und weitere Infos bei <\/em><a href=\"http:\/\/de.wikipedia.org\/wiki\/Trauerschn%C3%A4pper\" target=\"_blank\">Wikipedia<\/a><em> (<\/em><a href=\"http:\/\/www.gnu.org\/licenses\/fdl-1.3.txt\" target=\"_blank\">GNU-Lizenz<\/a><em>)\u2013 mein Dank gilt den <\/em><a href=\"http:\/\/de.wikipedia.org\/w\/index.php?title=Trauerschn%C3%A4pper&amp;action=history\" target=\"_blank\">Autoren<\/a><em>.<\/em><\/p>\n","protected":false},"excerpt":{"rendered":"<p>V\u00f6gel -&gt; wildes Durcheinander V\u00f6gel von A-Z Zur Galerie sonstiger Vogelarten Der Trauerschn\u00e4pper (Ficedula hypoleuca) ist ein Singvogel aus der Familie der Fliegenschn\u00e4pper. Trauerschn\u00e4pper-Weibchen sehen denen des Halsbandschn\u00e4ppers zum Verwechseln \u00e4hnlich. Die Oberseite des M\u00e4nnchens ist pechschwarz, aber auch in einigen Gebieten dunkelbraun. Die Oberseite des Weibchens ist hellbraun. Die Unterseite ist wei\u00df gef\u00e4rbt. Au\u00dferdem &hellip; <a href=\"https:\/\/woerrlein-naturfoto.de\/wordpress\/wildes-durcheinander-a-z\/trauerschnaepper\/\" class=\"more-link\"><span class=\"screen-reader-text\">Trauerschn\u00e4pper<\/span> weiterlesen <span class=\"meta-nav\">&rarr;<\/span><\/a><\/p>\n","protected":false},"author":1,"featured_media":0,"parent":3118,"menu_order":0,"comment_status":"closed","ping_status":"closed","template":"page-templates\/full-width.php","meta":{"footnotes":""},"class_list":["post-3133","page","type-page","status-publish","hentry"],"_links":{"self":[{"href":"https:\/\/woerrlein-naturfoto.de\/wordpress\/wp-json\/wp\/v2\/pages\/3133","targetHints":{"allow":["GET"]}}],"collection":[{"href":"https:\/\/woerrlein-naturfoto.de\/wordpress\/wp-json\/wp\/v2\/pages"}],"about":[{"href":"https:\/\/woerrlein-naturfoto.de\/wordpress\/wp-json\/wp\/v2\/types\/page"}],"author":[{"embeddable":true,"href":"https:\/\/woerrlein-naturfoto.de\/wordpress\/wp-json\/wp\/v2\/users\/1"}],"replies":[{"embeddable":true,"href":"https:\/\/woerrlein-naturfoto.de\/wordpress\/wp-json\/wp\/v2\/comments?post=3133"}],"version-history":[{"count":3,"href":"https:\/\/woerrlein-naturfoto.de\/wordpress\/wp-json\/wp\/v2\/pages\/3133\/revisions"}],"predecessor-version":[{"id":5911,"href":"https:\/\/woerrlein-naturfoto.de\/wordpress\/wp-json\/wp\/v2\/pages\/3133\/revisions\/5911"}],"up":[{"embeddable":true,"href":"https:\/\/woerrlein-naturfoto.de\/wordpress\/wp-json\/wp\/v2\/pages\/3118"}],"wp:attachment":[{"href":"https:\/\/woerrlein-naturfoto.de\/wordpress\/wp-json\/wp\/v2\/media?parent=3133"}],"curies":[{"name":"wp","href":"https:\/\/api.w.org\/{rel}","templated":true}]}}