{"id":3130,"date":"2015-01-01T13:27:51","date_gmt":"2015-01-01T11:27:51","guid":{"rendered":"http:\/\/woerrlein-naturfoto.de\/wordpress\/?page_id=3130"},"modified":"2015-02-12T12:53:47","modified_gmt":"2015-02-12T11:53:47","slug":"neuntoeter","status":"publish","type":"page","link":"https:\/\/woerrlein-naturfoto.de\/wordpress\/wildes-durcheinander-a-z\/neuntoeter\/","title":{"rendered":"Neunt\u00f6ter"},"content":{"rendered":"<p><a href=\"http:\/\/woerrlein-naturfoto.de\/wordpress\/voegel\/\"><span style=\"color: #ffff66;\">V\u00f6gel<\/span> <\/a>-&gt;<a href=\"http:\/\/woerrlein-naturfoto.de\/wordpress\/hauptseite-voegel\/voegel\/wildes-durcheinander\/\"> <span style=\"color: #ffff66;\">wildes Durcheinander<\/span><\/a><br \/>\n<a title=\"V\u00f6gel von A-Z\" href=\"http:\/\/woerrlein-naturfoto.de\/wordpress\/voegel\/voegel_von_a-z\/\">V\u00f6gel von A-Z<\/a><br \/>\nZur Galerie <a title=\"wildes Durcheinander\" href=\"http:\/\/woerrlein-naturfoto.de\/wordpress\/hauptseite-voegel\/voegel\/wildes-durcheinander\/\">sonstiger Vogelarten<\/a><\/p>\n<p><img loading=\"lazy\" decoding=\"async\" class=\"alignleft wp-image-3111\" src=\"http:\/\/woerrlein-naturfoto.de\/wordpress\/wp-content\/uploads\/Neuntoeter_55538_v-400x600.jpg\" alt=\"Neuntoeter_55538_v.jpg\" width=\"267\" height=\"400\" srcset=\"https:\/\/woerrlein-naturfoto.de\/wordpress\/wp-content\/uploads\/Neuntoeter_55538_v-400x600.jpg 400w, https:\/\/woerrlein-naturfoto.de\/wordpress\/wp-content\/uploads\/Neuntoeter_55538_v.jpg 567w\" sizes=\"auto, (max-width: 267px) 100vw, 267px\" \/><\/p>\n<p>Der <b>Neunt\u00f6ter<\/b> (<i>Lanius collurio<\/i>) oder <b>Rotr\u00fcckenw\u00fcrger<\/b> ist eine Vogelart aus der Familie der W\u00fcrger und in Mitteleuropa die h\u00e4ufigste W\u00fcrgerart. Er ist vor allem durch sein Verhalten bekannt, Beutetiere auf Dornen aufzuspie\u00dfen. Zu seiner Nahrung z\u00e4hlen vorwiegend Gro\u00dfinsekten, aber auch kleine S\u00e4ugetiere und V\u00f6gel. In gro\u00dfen Teilen Europas und dem westlichen Asien heimisch, br\u00fctet er in halboffenen Landschaften, die ein gutes Angebot an Hecken und Str\u00e4uchern aufweisen. Die Nester werden bevorzugt in Dornstr\u00e4uchern angelegt. Durch die Intensivierung der Landwirtschaft musste der Neunt\u00f6ter in Mitteleuropa in der zweiten H\u00e4lfte des 20. Jahrhunderts gro\u00dfe Bestandseinbu\u00dfen hinnehmen. Der Zugvogel \u00fcberwintert im s\u00fcdlichen Teil Afrikas.<\/p>\n<p>L\u00e4nge: 16-18 cm\u00a0\u00a0 Spannweite: 24-27 cm\u00a0\u00a0 Gewicht: 25-36 g\u00a0\u00a0 Gelege: 3-7 Eier<\/p>\n<p>Zur Galerie <a title=\"wildes Durcheinander\" href=\"http:\/\/woerrlein-naturfoto.de\/wordpress\/hauptseite-voegel\/voegel\/wildes-durcheinander\/\">sonstiger Vogelarten<\/a><\/p>\n<p>&nbsp;<\/p>\n<p><em>Quelle des Textauszuges und weitere Infos bei <\/em><a href=\"http:\/\/de.wikipedia.org\/wiki\/Neunt%C3%B6ter\" target=\"_blank\">Wikipedia<\/a><em> (<\/em><a href=\"http:\/\/www.gnu.org\/licenses\/fdl-1.3.txt\" target=\"_blank\">GNU-Lizenz<\/a><em>)\u2013 mein Dank gilt den <\/em><a href=\"http:\/\/de.wikipedia.org\/w\/index.php?title=Neunt%C3%B6ter&amp;action=history\" target=\"_blank\">Autoren<\/a><em>.<\/em><\/p>\n","protected":false},"excerpt":{"rendered":"<p>V\u00f6gel -&gt; wildes Durcheinander V\u00f6gel von A-Z Zur Galerie sonstiger Vogelarten Der Neunt\u00f6ter (Lanius collurio) oder Rotr\u00fcckenw\u00fcrger ist eine Vogelart aus der Familie der W\u00fcrger und in Mitteleuropa die h\u00e4ufigste W\u00fcrgerart. Er ist vor allem durch sein Verhalten bekannt, Beutetiere auf Dornen aufzuspie\u00dfen. Zu seiner Nahrung z\u00e4hlen vorwiegend Gro\u00dfinsekten, aber auch kleine S\u00e4ugetiere und V\u00f6gel. &hellip; <a href=\"https:\/\/woerrlein-naturfoto.de\/wordpress\/wildes-durcheinander-a-z\/neuntoeter\/\" class=\"more-link\"><span class=\"screen-reader-text\">Neunt\u00f6ter<\/span> weiterlesen <span class=\"meta-nav\">&rarr;<\/span><\/a><\/p>\n","protected":false},"author":1,"featured_media":0,"parent":3118,"menu_order":0,"comment_status":"closed","ping_status":"closed","template":"page-templates\/full-width.php","meta":{"footnotes":""},"class_list":["post-3130","page","type-page","status-publish","hentry"],"_links":{"self":[{"href":"https:\/\/woerrlein-naturfoto.de\/wordpress\/wp-json\/wp\/v2\/pages\/3130","targetHints":{"allow":["GET"]}}],"collection":[{"href":"https:\/\/woerrlein-naturfoto.de\/wordpress\/wp-json\/wp\/v2\/pages"}],"about":[{"href":"https:\/\/woerrlein-naturfoto.de\/wordpress\/wp-json\/wp\/v2\/types\/page"}],"author":[{"embeddable":true,"href":"https:\/\/woerrlein-naturfoto.de\/wordpress\/wp-json\/wp\/v2\/users\/1"}],"replies":[{"embeddable":true,"href":"https:\/\/woerrlein-naturfoto.de\/wordpress\/wp-json\/wp\/v2\/comments?post=3130"}],"version-history":[{"count":4,"href":"https:\/\/woerrlein-naturfoto.de\/wordpress\/wp-json\/wp\/v2\/pages\/3130\/revisions"}],"predecessor-version":[{"id":5909,"href":"https:\/\/woerrlein-naturfoto.de\/wordpress\/wp-json\/wp\/v2\/pages\/3130\/revisions\/5909"}],"up":[{"embeddable":true,"href":"https:\/\/woerrlein-naturfoto.de\/wordpress\/wp-json\/wp\/v2\/pages\/3118"}],"wp:attachment":[{"href":"https:\/\/woerrlein-naturfoto.de\/wordpress\/wp-json\/wp\/v2\/media?parent=3130"}],"curies":[{"name":"wp","href":"https:\/\/api.w.org\/{rel}","templated":true}]}}