{"id":3128,"date":"2015-01-01T13:19:44","date_gmt":"2015-01-01T11:19:44","guid":{"rendered":"http:\/\/woerrlein-naturfoto.de\/wordpress\/?page_id=3128"},"modified":"2015-02-12T12:53:23","modified_gmt":"2015-02-12T11:53:23","slug":"kuckuck","status":"publish","type":"page","link":"https:\/\/woerrlein-naturfoto.de\/wordpress\/wildes-durcheinander-a-z\/kuckuck\/","title":{"rendered":"Kuckuck"},"content":{"rendered":"<p><a href=\"http:\/\/woerrlein-naturfoto.de\/wordpress\/voegel\/\"><span style=\"color: #ffff66;\">V\u00f6gel<\/span> <\/a>-&gt;<a href=\"http:\/\/woerrlein-naturfoto.de\/wordpress\/hauptseite-voegel\/voegel\/wildes-durcheinander\/\"> <span style=\"color: #ffff66;\">wildes Durcheinander<\/span><\/a><br \/>\n<a title=\"V\u00f6gel von A-Z\" href=\"http:\/\/woerrlein-naturfoto.de\/wordpress\/voegel\/voegel_von_a-z\/\">V\u00f6gel von A-Z<\/a><br \/>\nZur Galerie <a title=\"wildes Durcheinander\" href=\"http:\/\/woerrlein-naturfoto.de\/wordpress\/hauptseite-voegel\/voegel\/wildes-durcheinander\/\">sonstiger Vogelarten<\/a><\/p>\n<p><img loading=\"lazy\" decoding=\"async\" class=\"alignleft wp-image-3115\" src=\"http:\/\/woerrlein-naturfoto.de\/wordpress\/wp-content\/uploads\/Kuckuck_09496L-600x400.jpg\" alt=\"Kuckuck_09496L.jpg\" width=\"600\" height=\"400\" srcset=\"https:\/\/woerrlein-naturfoto.de\/wordpress\/wp-content\/uploads\/Kuckuck_09496L-600x400.jpg 600w, https:\/\/woerrlein-naturfoto.de\/wordpress\/wp-content\/uploads\/Kuckuck_09496L-120x80.jpg 120w, https:\/\/woerrlein-naturfoto.de\/wordpress\/wp-content\/uploads\/Kuckuck_09496L.jpg 1000w\" sizes=\"auto, (max-width: 600px) 100vw, 600px\" \/>Der <b>Kuckuck<\/b> (<i>Cuculus canorus<\/i>) geh\u00f6rt zur Ordnung der Kuckucksv\u00f6gel und zur Familie der Kuckucke. Er kommt in Nordafrika und in Eurasien von Portugal und Irland nach Osten bis Japan und Kamtschatka vor. Er ist etwa taubengro\u00df, sein Gefieder ist gr\u00f6\u00dftenteils grau. Die Art ist au\u00dfer durch den charakteristischen \u201egu-kuh\u201c-Ruf durch ihren Brutparasitismus allgemein bekannt. Der Kuckuck legt seine Eier einzeln in Nester kleinerer Singv\u00f6gel und betreibt selbst keine Brutpflege. Er ist Namensgeber f\u00fcr andere Lebewesen, die ebenfalls Brutparasitismus betreiben, wie etwa die Kuckuckshummeln. Ebenso findet er auch in Redewendungen und Musik Erw\u00e4hnung.<br \/>\nDie Geschlechtsreife tritt im zweiten Lebensjahr ein. Die Art der Paarbindung ist bisher nicht eindeutig gekl\u00e4rt. Es handelt sich wahrscheinlich um <a title=\"Promiskuit\u00e4t\" href=\"http:\/\/de.wikipedia.org\/wiki\/Promiskuit%C3%A4t\" target=\"_blank\">Promiskuit\u00e4t<\/a>, da es keine Beweise f\u00fcr eine l\u00e4ngere monogame Paarbindung gibt.<sup id=\"cite_ref-19\" class=\"reference\"><\/sup> Die adulten Kuckucke treffen meist nach den Wirtsv\u00f6geln in den Brutgebieten ein, sodass diese ihre Reviere bereits besetzt haben. Das M\u00e4nnchen ist meist \u00fcber eine Woche vor dem Weibchen im Brutgebiet.<sup id=\"cite_ref-G.C3.A4rtner_1981_15-1\" class=\"reference\"><\/sup> Die Eiablage findet von Ende April bis Mitte Juli statt; sie f\u00e4llt innerhalb dieser Spanne mit dem H\u00f6hepunkt der Eiablage der Wirtsv\u00f6gel zusammen. Das Weibchen legt bis zu 25, im Durchschnitt neun Eier. In der Regel wird pro Wirtsnest nur ein Ei, selten zwei gelegt. Der Gro\u00dfteil bis alle Eier werden in die Nester einer Wirtsvogelart gelegt. Das Weibchen findet die Nester der Wirtsv\u00f6gel durch Beobachtung. Die Eiablage erfolgt innerhalb von wenigen Sekunden und findet meist vom sp\u00e4ten Nachmittag bis in die D\u00e4mmerung statt. Dabei werden ein bis zwei Eier der Wirtsv\u00f6gel aus dem Nest entfernt und oft gefressen. Etwa jeden zweiten Tag wird ein Ei gelegt.<sup id=\"cite_ref-21\" class=\"reference\"><\/sup><br \/>\nDer Kuckuck frisst fast ausschlie\u00dflich Insekten. Gr\u00f6\u00dftenteils werden Schmetterlingsraupen verzehrt, darunter auch behaarte und Warnfarben tragende, die von anderen V\u00f6geln nicht gefressen werden. Zu seiner Nahrung geh\u00f6ren auch K\u00e4fer, seltener werden Libellen, Heuschrecken, Ohrw\u00fcrmer, Wanzen, Fliegen und Hautfl\u00fcgler erbeutet.<sup id=\"cite_ref-17\" class=\"reference\"><\/sup><\/p>\n<p>L\u00e4nge: 32-34 cm\u00a0\u00a0 Spannweite: 55-60 cm\u00a0\u00a0 Gewicht: 100-130 g\u00a0\u00a0 Gelege: \u00d89 Eier<\/p>\n<p>Zur Galerie <a title=\"wildes Durcheinander\" href=\"http:\/\/woerrlein-naturfoto.de\/wordpress\/hauptseite-voegel\/voegel\/wildes-durcheinander\/\">sonstiger Vogelarten<\/a><\/p>\n<p>&nbsp;<\/p>\n<p><em>Quelle des Textauszuges und weitere Infos bei <\/em><a href=\"http:\/\/de.wikipedia.org\/wiki\/Kuckuck\" target=\"_blank\">Wikipedia<\/a><em> (<\/em><a href=\"http:\/\/www.gnu.org\/licenses\/fdl-1.3.txt\" target=\"_blank\">GNU-Lizenz<\/a><em>)\u2013 mein Dank gilt den <\/em><a href=\"http:\/\/de.wikipedia.org\/w\/index.php?title=Kuckuck&amp;action=history\" target=\"_blank\">Autoren<\/a><em>.<\/em><\/p>\n","protected":false},"excerpt":{"rendered":"<p>V\u00f6gel -&gt; wildes Durcheinander V\u00f6gel von A-Z Zur Galerie sonstiger Vogelarten Der Kuckuck (Cuculus canorus) geh\u00f6rt zur Ordnung der Kuckucksv\u00f6gel und zur Familie der Kuckucke. Er kommt in Nordafrika und in Eurasien von Portugal und Irland nach Osten bis Japan und Kamtschatka vor. Er ist etwa taubengro\u00df, sein Gefieder ist gr\u00f6\u00dftenteils grau. Die Art ist &hellip; <a href=\"https:\/\/woerrlein-naturfoto.de\/wordpress\/wildes-durcheinander-a-z\/kuckuck\/\" class=\"more-link\"><span class=\"screen-reader-text\">Kuckuck<\/span> weiterlesen <span class=\"meta-nav\">&rarr;<\/span><\/a><\/p>\n","protected":false},"author":1,"featured_media":0,"parent":3118,"menu_order":0,"comment_status":"closed","ping_status":"closed","template":"page-templates\/full-width.php","meta":{"footnotes":""},"class_list":["post-3128","page","type-page","status-publish","hentry"],"_links":{"self":[{"href":"https:\/\/woerrlein-naturfoto.de\/wordpress\/wp-json\/wp\/v2\/pages\/3128","targetHints":{"allow":["GET"]}}],"collection":[{"href":"https:\/\/woerrlein-naturfoto.de\/wordpress\/wp-json\/wp\/v2\/pages"}],"about":[{"href":"https:\/\/woerrlein-naturfoto.de\/wordpress\/wp-json\/wp\/v2\/types\/page"}],"author":[{"embeddable":true,"href":"https:\/\/woerrlein-naturfoto.de\/wordpress\/wp-json\/wp\/v2\/users\/1"}],"replies":[{"embeddable":true,"href":"https:\/\/woerrlein-naturfoto.de\/wordpress\/wp-json\/wp\/v2\/comments?post=3128"}],"version-history":[{"count":3,"href":"https:\/\/woerrlein-naturfoto.de\/wordpress\/wp-json\/wp\/v2\/pages\/3128\/revisions"}],"predecessor-version":[{"id":5908,"href":"https:\/\/woerrlein-naturfoto.de\/wordpress\/wp-json\/wp\/v2\/pages\/3128\/revisions\/5908"}],"up":[{"embeddable":true,"href":"https:\/\/woerrlein-naturfoto.de\/wordpress\/wp-json\/wp\/v2\/pages\/3118"}],"wp:attachment":[{"href":"https:\/\/woerrlein-naturfoto.de\/wordpress\/wp-json\/wp\/v2\/media?parent=3128"}],"curies":[{"name":"wp","href":"https:\/\/api.w.org\/{rel}","templated":true}]}}