{"id":3120,"date":"2015-01-01T12:58:12","date_gmt":"2015-01-01T10:58:12","guid":{"rendered":"http:\/\/woerrlein-naturfoto.de\/wordpress\/?page_id=3120"},"modified":"2021-01-13T17:22:39","modified_gmt":"2021-01-13T16:22:39","slug":"eisvogel","status":"publish","type":"page","link":"https:\/\/woerrlein-naturfoto.de\/wordpress\/rackenvoegel-a-z\/eisvogel\/","title":{"rendered":"Eisvogel"},"content":{"rendered":"<p><a href=\"http:\/\/woerrlein-naturfoto.de\/wordpress\/voegel\/\"><span style=\"color: #ffff66;\">V\u00f6gel<\/span> <\/a>-&gt;<a href=\"http:\/\/woerrlein-naturfoto.de\/wordpress\/hauptseite-voegel\/voegel\/rackenvoegel-2\/\"> <span style=\"color: #ffff66;\">Rackenv\u00f6gel<\/span><\/a><a href=\"http:\/\/woerrlein-naturfoto.de\/wordpress\/voegel\/sperlingsvoegel\/drosseln\"><br \/>\n<\/a><a title=\"V\u00f6gel von A-Z\" href=\"http:\/\/woerrlein-naturfoto.de\/wordpress\/voegel\/voegel_von_a-z\/\">V\u00f6gel von A-Z<\/a><br \/>\nZur Galerie <a title=\"Eulen\" href=\"http:\/\/woerrlein-naturfoto.de\/wordpress\/hauptseite-voegel\/voegel\/rackenvoegel-2\/\">Rackenv\u00f6gel<\/a><\/p>\n<p><img loading=\"lazy\" decoding=\"async\" class=\"alignleft wp-image-12867\" src=\"https:\/\/woerrlein-naturfoto.de\/wordpress\/wp-content\/uploads\/2021\/01\/Eisvogel_200927_8920b-600x400.jpg\" alt=\"\" width=\"600\" height=\"400\" srcset=\"https:\/\/woerrlein-naturfoto.de\/wordpress\/wp-content\/uploads\/2021\/01\/Eisvogel_200927_8920b.jpg 600w, https:\/\/woerrlein-naturfoto.de\/wordpress\/wp-content\/uploads\/2021\/01\/Eisvogel_200927_8920b-120x80.jpg 120w\" sizes=\"auto, (max-width: 600px) 100vw, 600px\" \/>Der <b>Eisvogel<\/b> (<i>Alcedo atthis<\/i>) ist die einzige in Mitteleuropa vorkommende Art aus der Familie der Eisv\u00f6gel. Er besiedelt weite Teile Europas, Asiens sowie das westliche Nordafrika und lebt an m\u00e4\u00dfig schnell flie\u00dfenden oder stehenden, klaren Gew\u00e4ssern mit Kleinfischbestand und Sitzwarten. Seine Nahrung setzt sich aus Fischen, Wasserinsekten (Imagines und Larven), Kleinkrebsen und Kaulquappen zusammen. Der Bestand hat in den letzten Jahren wieder zugenommen und die Art wird derzeit in Europa als dezimiert, aber im gesamten Verbreitungsgebiet als wenig bedroht eingestuft. Der Eisvogel ist ein territorialer Einzelg\u00e4nger. Er ist standorttreu und tagaktiv. Oft sitzt er lange Zeit still auf einem niedrig \u00fcber dem Wasser h\u00e4ngenden Ast.<br \/>\nAn einer lotrechten oder leicht nach vorn geneigten Steilwand aus Lehm oder festem Sand, die unbewachsen, trocken und frei von zu vielen Wurzeln ist, wird m\u00f6glichst im oberen Abschnitt mit dem Schnabel eine H\u00f6hle gegraben. Die leicht ansteigende Nisth\u00f6hle mit einem Kessel am Ende ist 40 bis 80\u00a0Zentimeter lang, im Querschnitt hochoval und etwa acht Zentimeter hoch. Der Kessel hat einen Durchmesser von 17\u00a0Zentimetern und ist ungef\u00e4hr zw\u00f6lf Zentimeter hoch. Im weichen Sand sind im Gegensatz zu hartem Lehm H\u00f6hlenl\u00e4ngen von bis zu 100 Zentimetern m\u00f6glich.<\/p>\n<p>L\u00e4nge: 16-17 cm\u00a0\u00a0 Spannweite: 24-26 cm\u00a0\u00a0 Gewicht: 35-45 g\u00a0\u00a0 Gelege: 6-7 Eier<\/p>\n<p>Zur Galerie <a title=\"Eulen\" href=\"http:\/\/woerrlein-naturfoto.de\/wordpress\/hauptseite-voegel\/voegel\/rackenvoegel-2\/\">Rackenv\u00f6gel<\/a><\/p>\n<p>&nbsp;<\/p>\n<p><em>Quelle des Textauszuges und weitere Infos bei <\/em><a href=\"http:\/\/de.wikipedia.org\/wiki\/Eisvogel\" target=\"_blank\" rel=\"noopener noreferrer\">Wikipedia<\/a><em> (<\/em><a href=\"http:\/\/www.gnu.org\/licenses\/fdl-1.3.txt\" target=\"_blank\" rel=\"noopener noreferrer\">GNU-Lizenz<\/a><em>)\u2013 mein Dank gilt den <\/em><a href=\"http:\/\/de.wikipedia.org\/w\/index.php?title=Eisvogel&amp;action=history\" target=\"_blank\" rel=\"noopener noreferrer\">Autoren<\/a><em>.<\/em><\/p>\n","protected":false},"excerpt":{"rendered":"<p>V\u00f6gel -&gt; Rackenv\u00f6gel V\u00f6gel von A-Z Zur Galerie Rackenv\u00f6gel Der Eisvogel (Alcedo atthis) ist die einzige in Mitteleuropa vorkommende Art aus der Familie der Eisv\u00f6gel. Er besiedelt weite Teile Europas, Asiens sowie das westliche Nordafrika und lebt an m\u00e4\u00dfig schnell flie\u00dfenden oder stehenden, klaren Gew\u00e4ssern mit Kleinfischbestand und Sitzwarten. Seine Nahrung setzt sich aus Fischen, &hellip; <a href=\"https:\/\/woerrlein-naturfoto.de\/wordpress\/rackenvoegel-a-z\/eisvogel\/\" class=\"more-link\"><span class=\"screen-reader-text\">Eisvogel<\/span> weiterlesen <span class=\"meta-nav\">&rarr;<\/span><\/a><\/p>\n","protected":false},"author":1,"featured_media":0,"parent":7359,"menu_order":0,"comment_status":"closed","ping_status":"closed","template":"page-templates\/full-width.php","meta":{"footnotes":""},"class_list":["post-3120","page","type-page","status-publish","hentry"],"_links":{"self":[{"href":"https:\/\/woerrlein-naturfoto.de\/wordpress\/wp-json\/wp\/v2\/pages\/3120","targetHints":{"allow":["GET"]}}],"collection":[{"href":"https:\/\/woerrlein-naturfoto.de\/wordpress\/wp-json\/wp\/v2\/pages"}],"about":[{"href":"https:\/\/woerrlein-naturfoto.de\/wordpress\/wp-json\/wp\/v2\/types\/page"}],"author":[{"embeddable":true,"href":"https:\/\/woerrlein-naturfoto.de\/wordpress\/wp-json\/wp\/v2\/users\/1"}],"replies":[{"embeddable":true,"href":"https:\/\/woerrlein-naturfoto.de\/wordpress\/wp-json\/wp\/v2\/comments?post=3120"}],"version-history":[{"count":11,"href":"https:\/\/woerrlein-naturfoto.de\/wordpress\/wp-json\/wp\/v2\/pages\/3120\/revisions"}],"predecessor-version":[{"id":12868,"href":"https:\/\/woerrlein-naturfoto.de\/wordpress\/wp-json\/wp\/v2\/pages\/3120\/revisions\/12868"}],"up":[{"embeddable":true,"href":"https:\/\/woerrlein-naturfoto.de\/wordpress\/wp-json\/wp\/v2\/pages\/7359"}],"wp:attachment":[{"href":"https:\/\/woerrlein-naturfoto.de\/wordpress\/wp-json\/wp\/v2\/media?parent=3120"}],"curies":[{"name":"wp","href":"https:\/\/api.w.org\/{rel}","templated":true}]}}