{"id":3032,"date":"2014-12-31T16:05:22","date_gmt":"2014-12-31T14:05:22","guid":{"rendered":"http:\/\/woerrlein-naturfoto.de\/wordpress\/?page_id=3032"},"modified":"2015-02-19T12:51:12","modified_gmt":"2015-02-19T11:51:12","slug":"moenchsgrasmuecke","status":"publish","type":"page","link":"https:\/\/woerrlein-naturfoto.de\/wordpress\/zweigsaenger-a-z\/moenchsgrasmuecke\/","title":{"rendered":"M\u00f6nchsgrasm\u00fccke"},"content":{"rendered":"<p><a href=\"http:\/\/woerrlein-naturfoto.de\/wordpress\/voegel\/\"><span style=\"color: #ffff66;\">V\u00f6gel<\/span> <\/a>-&gt;<a href=\"http:\/\/woerrlein-naturfoto.de\/wordpress\/voegel\/sperlingsvoegel\/\"> <span style=\"color: #ffff66;\">Sperlingsv\u00f6gel<\/span> <\/a>-&gt;<a href=\"http:\/\/woerrlein-naturfoto.de\/wordpress\/hauptseite-voegel\/voegel\/sperlingsvoegel-2\/zweigsaenger\/\"> <span style=\"color: #ffff66;\">Zweigs\u00e4nger<\/span><\/a><br \/>\n<a href=\"http:\/\/woerrlein-naturfoto.de\/wordpress\/voegel\/voegel_von_a-z\/\">V\u00f6gel von A-Z<\/a><br \/>\nzur Galerie <a href=\"http:\/\/woerrlein-naturfoto.de\/wordpress\/hauptseite-voegel\/voegel\/sperlingsvoegel-2\/zweigsaenger\/\">Zweigs\u00e4nger<\/a><\/p>\n<p><img loading=\"lazy\" decoding=\"async\" class=\"alignleft wp-image-3019\" src=\"http:\/\/woerrlein-naturfoto.de\/wordpress\/wp-content\/uploads\/Moenchsgrasmuecke_D140530_6703-600x400.jpg\" alt=\"Moenchsgrasmuecke_D140530_6703.jpg\" width=\"600\" height=\"400\" \/><\/p>\n<p>Die <strong>M\u00f6nchsgrasm\u00fccke<\/strong> (<em>Sylvia atricapilla<\/em>) ist ein Singvogel aus der Gattung der Grasm\u00fccken. Sie ist die h\u00e4ufigste Grasm\u00fccke in Mitteleuropa. In Mitteleuropa ist die M\u00f6nchsgrasm\u00fccke nahezu fl\u00e4chendeckend verbreitet, mit Ausnahme baum- und strauchloser Fl\u00e4chen und des Hochgebirges ab etwa 1500 Metern H\u00f6he, mit den h\u00f6chsten Dichten in Auw\u00e4ldern, feuchten Mischw\u00e4ldern und schattigen Parkanlagen. Baumlose Strauchbest\u00e4nde werden gemieden. Sie h\u00e4lt sich au\u00dferhalb der Brutzeit meist in Geb\u00fcschen auf, die viele Beeren tragen, dann auch in offener Landschaft. Im \u00dcberwinterungsgebiet ist sie sehr vielseitig in der Wahl des Lebensraumes. Die M\u00f6nchgrasm\u00fccke br\u00fctet auch mitten in Gro\u00dfst\u00e4dten in buschreichen und baumbestandenen G\u00e4rten und Parks. Die Nahrung besteht zur Brutzeit aus Insekten und deren Larven sowie Spinnen. Beeren und Fr\u00fcchte sind vom Sommer bis in den M\u00e4rz ein wichtiger Teil der Nahrung, anders als bei den anderen Grasm\u00fccken. Die Jungen werden auch damit gef\u00fcttert. Im Fr\u00fchjahr werden auch Nektar und Staubbl\u00e4tter zum Beispiel von Mandelbl\u00fcten genutzt.<\/p>\n<p>L\u00e4nge: 13-15 cm\u00a0\u00a0 Spannweite: 20-23 cm\u00a0\u00a0 Gewicht: 15-22 g\u00a0\u00a0 Gelege: 3-6 Eier<\/p>\n<p>Zur Galerie <a href=\"http:\/\/woerrlein-naturfoto.de\/wordpress\/hauptseite-voegel\/voegel\/sperlingsvoegel-2\/zweigsaenger\/\">Zweigs\u00e4nger<\/a><\/p>\n<p>&nbsp;<\/p>\n<p><em>Quelle des Textauszuges und weitere Infos bei <\/em><a href=\"http:\/\/de.wikipedia.org\/wiki\/M%C3%B6nchsgrasm%C3%BCcke\">Wikipedia<\/a> <em>(<\/em><a href=\"http:\/\/www.gnu.org\/licenses\/fdl-1.3.txt\">GNU-Lizenz<\/a><em>)<\/em> \u2013 <em>mein Dank gilt den<\/em> <a href=\"http:\/\/de.wikipedia.org\/w\/index.php?title=M%C3%B6nchsgrasm%C3%BCcke&amp;action=history\">Autoren<\/a>.<\/p>\n","protected":false},"excerpt":{"rendered":"<p>V\u00f6gel -&gt; Sperlingsv\u00f6gel -&gt; Zweigs\u00e4nger V\u00f6gel von A-Z zur Galerie Zweigs\u00e4nger Die M\u00f6nchsgrasm\u00fccke (Sylvia atricapilla) ist ein Singvogel aus der Gattung der Grasm\u00fccken. Sie ist die h\u00e4ufigste Grasm\u00fccke in Mitteleuropa. In Mitteleuropa ist die M\u00f6nchsgrasm\u00fccke nahezu fl\u00e4chendeckend verbreitet, mit Ausnahme baum- und strauchloser Fl\u00e4chen und des Hochgebirges ab etwa 1500 Metern H\u00f6he, mit den h\u00f6chsten &hellip; <a href=\"https:\/\/woerrlein-naturfoto.de\/wordpress\/zweigsaenger-a-z\/moenchsgrasmuecke\/\" class=\"more-link\"><span class=\"screen-reader-text\">M\u00f6nchsgrasm\u00fccke<\/span> weiterlesen <span class=\"meta-nav\">&rarr;<\/span><\/a><\/p>\n","protected":false},"author":1,"featured_media":0,"parent":3021,"menu_order":0,"comment_status":"closed","ping_status":"closed","template":"page-templates\/full-width.php","meta":{"footnotes":""},"class_list":["post-3032","page","type-page","status-publish","hentry"],"_links":{"self":[{"href":"https:\/\/woerrlein-naturfoto.de\/wordpress\/wp-json\/wp\/v2\/pages\/3032","targetHints":{"allow":["GET"]}}],"collection":[{"href":"https:\/\/woerrlein-naturfoto.de\/wordpress\/wp-json\/wp\/v2\/pages"}],"about":[{"href":"https:\/\/woerrlein-naturfoto.de\/wordpress\/wp-json\/wp\/v2\/types\/page"}],"author":[{"embeddable":true,"href":"https:\/\/woerrlein-naturfoto.de\/wordpress\/wp-json\/wp\/v2\/users\/1"}],"replies":[{"embeddable":true,"href":"https:\/\/woerrlein-naturfoto.de\/wordpress\/wp-json\/wp\/v2\/comments?post=3032"}],"version-history":[{"count":6,"href":"https:\/\/woerrlein-naturfoto.de\/wordpress\/wp-json\/wp\/v2\/pages\/3032\/revisions"}],"predecessor-version":[{"id":6362,"href":"https:\/\/woerrlein-naturfoto.de\/wordpress\/wp-json\/wp\/v2\/pages\/3032\/revisions\/6362"}],"up":[{"embeddable":true,"href":"https:\/\/woerrlein-naturfoto.de\/wordpress\/wp-json\/wp\/v2\/pages\/3021"}],"wp:attachment":[{"href":"https:\/\/woerrlein-naturfoto.de\/wordpress\/wp-json\/wp\/v2\/media?parent=3032"}],"curies":[{"name":"wp","href":"https:\/\/api.w.org\/{rel}","templated":true}]}}