{"id":3027,"date":"2014-12-31T15:48:28","date_gmt":"2014-12-31T13:48:28","guid":{"rendered":"http:\/\/woerrlein-naturfoto.de\/wordpress\/?page_id=3027"},"modified":"2015-02-19T12:50:24","modified_gmt":"2015-02-19T11:50:24","slug":"drosselrohrsaenger","status":"publish","type":"page","link":"https:\/\/woerrlein-naturfoto.de\/wordpress\/zweigsaenger-a-z\/drosselrohrsaenger\/","title":{"rendered":"Drosselrohrs\u00e4nger"},"content":{"rendered":"<p><a href=\"http:\/\/woerrlein-naturfoto.de\/wordpress\/voegel\/\"><span style=\"color: #ffff66;\">V\u00f6gel<\/span> <\/a>-&gt;<a href=\"http:\/\/woerrlein-naturfoto.de\/wordpress\/voegel\/sperlingsvoegel\/\"> <span style=\"color: #ffff66;\">Sperlingsv\u00f6gel<\/span> <\/a>-&gt;<a href=\"http:\/\/woerrlein-naturfoto.de\/wordpress\/hauptseite-voegel\/voegel\/sperlingsvoegel-2\/zweigsaenger\/\"> <span style=\"color: #ffff66;\">Zweigs\u00e4nger<\/span><\/a><br \/>\n<a title=\"V\u00f6gel von A-Z\" href=\"http:\/\/woerrlein-naturfoto.de\/wordpress\/voegel\/voegel_von_a-z\/\">V\u00f6gel von A-Z<\/a><br \/>\nzur Galerie <a title=\"Zweigs\u00e4nger\" href=\"http:\/\/woerrlein-naturfoto.de\/wordpress\/hauptseite-voegel\/voegel\/sperlingsvoegel-2\/zweigsaenger\/\">Zweigs\u00e4nger<\/a><\/p>\n<p><img loading=\"lazy\" decoding=\"async\" class=\"alignleft wp-image-3011\" src=\"http:\/\/woerrlein-naturfoto.de\/wordpress\/wp-content\/uploads\/Drosselrohrsaenger_12069L_v-600x400.jpg\" alt=\"Drosselrohrsaenger_12069L_v.jpg\" width=\"600\" height=\"400\" srcset=\"https:\/\/woerrlein-naturfoto.de\/wordpress\/wp-content\/uploads\/Drosselrohrsaenger_12069L_v-600x400.jpg 600w, https:\/\/woerrlein-naturfoto.de\/wordpress\/wp-content\/uploads\/Drosselrohrsaenger_12069L_v-120x80.jpg 120w, https:\/\/woerrlein-naturfoto.de\/wordpress\/wp-content\/uploads\/Drosselrohrsaenger_12069L_v.jpg 1000w\" sizes=\"auto, (max-width: 600px) 100vw, 600px\" \/>Der <b>Drosselrohrs\u00e4nger<\/b> (<i>Acrocephalus arundinaceus<\/i>) ist ein Singvogel aus der Gattung der Rohrs\u00e4nger und der Familie der Rohrs\u00e4ngerartigen. Es werden zwei Unterarten unterschieden. In Mitteleuropa ist der Drosselrohrs\u00e4nger ein gebietsweise verbreiteter, aber nur lokal h\u00e4ufiger Brut- und Sommervogel. In fast ganz Europa ist der Langstreckenzieher von April bis September anwesend. Sein Winterquartier hat er im tropischen und s\u00fcdlichen Afrika. Abreisezeit und Zugrichtung sind ihm angeboren. Der Drosselrohrs\u00e4nger lebt im dichten Schilf und Ufergeb\u00fcsch von Seen, Teichen, Mooren und Fl\u00fcssen. Ideale Habitate sind Schilf- und Schilf-Rohrkolben-Mischbest\u00e4nde, die drei bis sechs Jahre alt sind und Halme von mehr als 6,5 Millimeter Durchmesser aufweisen. Der Drosselrohrs\u00e4nger klettert und h\u00fcpft geschickt im Schilf und ern\u00e4hrt sich von Spinnen, Weichtieren, Insekten, deren Larven, jungen Amphibien und Beeren.<\/p>\n<p>L\u00e4nge: 19-20 cm\u00a0\u00a0 Spannweite: 25-29 cm\u00a0\u00a0 Gewicht: 25-33 g\u00a0\u00a0 Gelege: 4-5 Eier<\/p>\n<p>Zur Galerie <a title=\"Zweigs\u00e4nger\" href=\"http:\/\/woerrlein-naturfoto.de\/wordpress\/hauptseite-voegel\/voegel\/sperlingsvoegel-2\/zweigsaenger\/\">Zweigs\u00e4nger<\/a><\/p>\n<p>&nbsp;<\/p>\n<p><em>Quelle des Textauszuges und weitere Infos bei <\/em><a href=\"http:\/\/de.wikipedia.org\/wiki\/Drosselrohrs%C3%A4nger\" target=\"_blank\">Wikipedia<\/a> <em>(<\/em><a href=\"http:\/\/www.gnu.org\/licenses\/fdl-1.3.txt\" target=\"_blank\">GNU-Lizenz<\/a><em>)<\/em> \u2013 <em>mein Dank gilt den<\/em> <a href=\"http:\/\/de.wikipedia.org\/w\/index.php?title=Drosselrohrs%C3%A4nger&amp;action=history\" target=\"_blank\">Autoren<\/a>.<\/p>\n","protected":false},"excerpt":{"rendered":"<p>V\u00f6gel -&gt; Sperlingsv\u00f6gel -&gt; Zweigs\u00e4nger V\u00f6gel von A-Z zur Galerie Zweigs\u00e4nger Der Drosselrohrs\u00e4nger (Acrocephalus arundinaceus) ist ein Singvogel aus der Gattung der Rohrs\u00e4nger und der Familie der Rohrs\u00e4ngerartigen. Es werden zwei Unterarten unterschieden. In Mitteleuropa ist der Drosselrohrs\u00e4nger ein gebietsweise verbreiteter, aber nur lokal h\u00e4ufiger Brut- und Sommervogel. In fast ganz Europa ist der Langstreckenzieher &hellip; <a href=\"https:\/\/woerrlein-naturfoto.de\/wordpress\/zweigsaenger-a-z\/drosselrohrsaenger\/\" class=\"more-link\"><span class=\"screen-reader-text\">Drosselrohrs\u00e4nger<\/span> weiterlesen <span class=\"meta-nav\">&rarr;<\/span><\/a><\/p>\n","protected":false},"author":1,"featured_media":0,"parent":3021,"menu_order":0,"comment_status":"closed","ping_status":"closed","template":"page-templates\/full-width.php","meta":{"footnotes":""},"class_list":["post-3027","page","type-page","status-publish","hentry"],"_links":{"self":[{"href":"https:\/\/woerrlein-naturfoto.de\/wordpress\/wp-json\/wp\/v2\/pages\/3027","targetHints":{"allow":["GET"]}}],"collection":[{"href":"https:\/\/woerrlein-naturfoto.de\/wordpress\/wp-json\/wp\/v2\/pages"}],"about":[{"href":"https:\/\/woerrlein-naturfoto.de\/wordpress\/wp-json\/wp\/v2\/types\/page"}],"author":[{"embeddable":true,"href":"https:\/\/woerrlein-naturfoto.de\/wordpress\/wp-json\/wp\/v2\/users\/1"}],"replies":[{"embeddable":true,"href":"https:\/\/woerrlein-naturfoto.de\/wordpress\/wp-json\/wp\/v2\/comments?post=3027"}],"version-history":[{"count":4,"href":"https:\/\/woerrlein-naturfoto.de\/wordpress\/wp-json\/wp\/v2\/pages\/3027\/revisions"}],"predecessor-version":[{"id":6360,"href":"https:\/\/woerrlein-naturfoto.de\/wordpress\/wp-json\/wp\/v2\/pages\/3027\/revisions\/6360"}],"up":[{"embeddable":true,"href":"https:\/\/woerrlein-naturfoto.de\/wordpress\/wp-json\/wp\/v2\/pages\/3021"}],"wp:attachment":[{"href":"https:\/\/woerrlein-naturfoto.de\/wordpress\/wp-json\/wp\/v2\/media?parent=3027"}],"curies":[{"name":"wp","href":"https:\/\/api.w.org\/{rel}","templated":true}]}}