{"id":2989,"date":"2014-12-30T20:08:31","date_gmt":"2014-12-30T18:08:31","guid":{"rendered":"http:\/\/woerrlein-naturfoto.de\/wordpress\/?page_id=2989"},"modified":"2017-01-21T14:23:42","modified_gmt":"2017-01-21T13:23:42","slug":"wiesenpieper","status":"publish","type":"page","link":"https:\/\/woerrlein-naturfoto.de\/wordpress\/stelzen-wasseramseln-a-z\/wiesenpieper\/","title":{"rendered":"Wiesenpieper"},"content":{"rendered":"<p><a href=\"http:\/\/woerrlein-naturfoto.de\/wordpress\/voegel\/\"><span style=\"color: #ffff66;\">V\u00f6gel<\/span> <\/a>-&gt;<a href=\"http:\/\/woerrlein-naturfoto.de\/wordpress\/voegel\/sperlingsvoegel\/\"> <span style=\"color: #ffff66;\">Sperlingsv\u00f6gel<\/span> <\/a>-&gt;<a href=\"http:\/\/woerrlein-naturfoto.de\/wordpress\/hauptseite-voegel\/voegel\/sperlingsvoegel-2\/stelzen-wasseramseln\/\"> <span style=\"color: #ffff66;\">Stelzen, Wasseramseln<\/span><\/a><br \/>\n<a title=\"V\u00f6gel von A-Z\" href=\"http:\/\/woerrlein-naturfoto.de\/wordpress\/voegel\/voegel_von_a-z\/\">V\u00f6gel von A-Z<\/a><br \/>\nzur Galerie <a title=\"Stelzen, Wasseramseln\" href=\"http:\/\/woerrlein-naturfoto.de\/wordpress\/hauptseite-voegel\/voegel\/sperlingsvoegel-2\/stelzen-wasseramseln\/\">Stelzen, Wasseramseln<\/a><\/p>\n<p><img loading=\"lazy\" decoding=\"async\" class=\"alignleft wp-image-8668\" src=\"http:\/\/woerrlein-naturfoto.de\/wordpress\/wp-content\/uploads\/2014\/12\/Wiesenpieper_D160531_0859-600x400.jpg\" width=\"600\" height=\"400\" srcset=\"https:\/\/woerrlein-naturfoto.de\/wordpress\/wp-content\/uploads\/2014\/12\/Wiesenpieper_D160531_0859-600x400.jpg 600w, https:\/\/woerrlein-naturfoto.de\/wordpress\/wp-content\/uploads\/2014\/12\/Wiesenpieper_D160531_0859-768x512.jpg 768w, https:\/\/woerrlein-naturfoto.de\/wordpress\/wp-content\/uploads\/2014\/12\/Wiesenpieper_D160531_0859-120x80.jpg 120w, https:\/\/woerrlein-naturfoto.de\/wordpress\/wp-content\/uploads\/2014\/12\/Wiesenpieper_D160531_0859.jpg 1000w\" sizes=\"auto, (max-width: 600px) 100vw, 600px\" \/><\/p>\n<p>Der <b>Wiesenpieper<\/b> <i>(Anthus pratensis)<\/i> ist eine Vogelart aus der Familie der Stelzen und Pieper. Der Wiesenpieper ist ein weitverbreiteter und gelegentlich sogar h\u00e4ufiger Vogel der Gattung der Pieper.<br \/>\nEr ist vom Baumpieper bei der Vogelbeobachtung eher aufgrund des Lebensraums und der Stimme als mit optischen Merkmalen zu unterscheiden. Der Wiesenpieper ist ein Brutvogel auf feuchten Wiesen und Viehweiden, in Moorgebieten, auch in Gebirgen. W\u00e4hrend des Zuges nach S\u00fcden sieht man ihn oft in gr\u00f6\u00dferen Trupps auf Feldern und an Teichr\u00e4ndern. Er kommt in den meisten Regionen der n\u00f6rdlichen H\u00e4lfte Europas und Asiens vor. Er \u00fcberwintert gew\u00f6hnlich im s\u00fcdlichen Europa, im n\u00f6rdlichen Afrika und in S\u00fcdasien. In Irland, in Gro\u00dfbritannien und in den K\u00fcstenregionen des westlichen Europas ist er dagegen ein Standvogel.<br \/>\nWiesenpieper ern\u00e4hren sich im Sommerhalbjahr haupts\u00e4chlich von kleinen tagaktiven Insekten und Spinnentieren aller Art, im Winterhalbjahr zus\u00e4tzlich von kleinen Schnecken und S\u00e4mereien.<\/p>\n<p>L\u00e4nge: 14-15 cm\u00a0\u00a0 Spannweite: 22-25 cm\u00a0\u00a0 Gewicht: 14-24 g\u00a0\u00a0 Gelege: 3-5 Eier<\/p>\n<p>Zur Galerie <a title=\"Stelzen, Wasseramseln\" href=\"http:\/\/woerrlein-naturfoto.de\/wordpress\/hauptseite-voegel\/voegel\/sperlingsvoegel-2\/stelzen-wasseramseln\/\">Stelzen, Wasseramseln<\/a><\/p>\n<p>&nbsp;<\/p>\n<p><em>Quelle des Textauszuges und weitere Infos bei <\/em><a href=\"http:\/\/de.wikipedia.org\/wiki\/Wiesenpieper\" target=\"_blank\">Wikipedia<\/a> <em>(<\/em><a href=\"http:\/\/www.gnu.org\/licenses\/fdl-1.3.txt\" target=\"_blank\">GNU-Lizenz<\/a><em>)<\/em> \u2013 <em>mein Dank gilt den<\/em> <a href=\"http:\/\/de.wikipedia.org\/w\/index.php?title=Wiesenpieper&amp;action=history\" target=\"_blank\">Autoren<\/a>.<\/p>\n","protected":false},"excerpt":{"rendered":"<p>V\u00f6gel -&gt; Sperlingsv\u00f6gel -&gt; Stelzen, Wasseramseln V\u00f6gel von A-Z zur Galerie Stelzen, Wasseramseln Der Wiesenpieper (Anthus pratensis) ist eine Vogelart aus der Familie der Stelzen und Pieper. Der Wiesenpieper ist ein weitverbreiteter und gelegentlich sogar h\u00e4ufiger Vogel der Gattung der Pieper. Er ist vom Baumpieper bei der Vogelbeobachtung eher aufgrund des Lebensraums und der Stimme &hellip; <a href=\"https:\/\/woerrlein-naturfoto.de\/wordpress\/stelzen-wasseramseln-a-z\/wiesenpieper\/\" class=\"more-link\"><span class=\"screen-reader-text\">Wiesenpieper<\/span> weiterlesen <span class=\"meta-nav\">&rarr;<\/span><\/a><\/p>\n","protected":false},"author":1,"featured_media":0,"parent":2978,"menu_order":0,"comment_status":"closed","ping_status":"closed","template":"page-templates\/full-width.php","meta":{"footnotes":""},"class_list":["post-2989","page","type-page","status-publish","hentry"],"_links":{"self":[{"href":"https:\/\/woerrlein-naturfoto.de\/wordpress\/wp-json\/wp\/v2\/pages\/2989","targetHints":{"allow":["GET"]}}],"collection":[{"href":"https:\/\/woerrlein-naturfoto.de\/wordpress\/wp-json\/wp\/v2\/pages"}],"about":[{"href":"https:\/\/woerrlein-naturfoto.de\/wordpress\/wp-json\/wp\/v2\/types\/page"}],"author":[{"embeddable":true,"href":"https:\/\/woerrlein-naturfoto.de\/wordpress\/wp-json\/wp\/v2\/users\/1"}],"replies":[{"embeddable":true,"href":"https:\/\/woerrlein-naturfoto.de\/wordpress\/wp-json\/wp\/v2\/comments?post=2989"}],"version-history":[{"count":4,"href":"https:\/\/woerrlein-naturfoto.de\/wordpress\/wp-json\/wp\/v2\/pages\/2989\/revisions"}],"predecessor-version":[{"id":8704,"href":"https:\/\/woerrlein-naturfoto.de\/wordpress\/wp-json\/wp\/v2\/pages\/2989\/revisions\/8704"}],"up":[{"embeddable":true,"href":"https:\/\/woerrlein-naturfoto.de\/wordpress\/wp-json\/wp\/v2\/pages\/2978"}],"wp:attachment":[{"href":"https:\/\/woerrlein-naturfoto.de\/wordpress\/wp-json\/wp\/v2\/media?parent=2989"}],"curies":[{"name":"wp","href":"https:\/\/api.w.org\/{rel}","templated":true}]}}