{"id":2984,"date":"2014-12-30T19:55:54","date_gmt":"2014-12-30T17:55:54","guid":{"rendered":"http:\/\/woerrlein-naturfoto.de\/wordpress\/?page_id=2984"},"modified":"2015-02-19T12:45:16","modified_gmt":"2015-02-19T11:45:16","slug":"schafstelze","status":"publish","type":"page","link":"https:\/\/woerrlein-naturfoto.de\/wordpress\/stelzen-wasseramseln-a-z\/schafstelze\/","title":{"rendered":"Schafstelze"},"content":{"rendered":"<p><a href=\"http:\/\/woerrlein-naturfoto.de\/wordpress\/voegel\/\"><span style=\"color: #ffff66;\">V\u00f6gel<\/span> <\/a>-&gt;<a href=\"http:\/\/woerrlein-naturfoto.de\/wordpress\/voegel\/sperlingsvoegel\/\"> <span style=\"color: #ffff66;\">Sperlingsv\u00f6gel<\/span> <\/a>-&gt;<a href=\"http:\/\/woerrlein-naturfoto.de\/wordpress\/hauptseite-voegel\/voegel\/sperlingsvoegel-2\/stelzen-wasseramseln\/\"> <span style=\"color: #ffff66;\">Stelzen, Wasseramseln<\/span><\/a><br \/>\n<a title=\"V\u00f6gel von A-Z\" href=\"http:\/\/woerrlein-naturfoto.de\/wordpress\/voegel\/voegel_von_a-z\/\">V\u00f6gel von A-Z<\/a><br \/>\nzur Galerie <a title=\"Stelzen, Wasseramseln\" href=\"http:\/\/woerrlein-naturfoto.de\/wordpress\/hauptseite-voegel\/voegel\/sperlingsvoegel-2\/stelzen-wasseramseln\/\">Stelzen, Wasseramseln<\/a><\/p>\n<p><img loading=\"lazy\" decoding=\"async\" class=\"alignleft wp-image-2963\" src=\"http:\/\/woerrlein-naturfoto.de\/wordpress\/wp-content\/uploads\/Schafstelze_27822L_v-600x400.jpg\" alt=\"Schafstelze_27822L_v.jpg\" width=\"600\" height=\"400\" \/>Die <b>Schafstelze<\/b> (<i>Motacilla flava<\/i>) ist eine Vogelart aus der Familie der Stelzen und Pieper. Die Art liebt feuchte Wiesen und Felder in der N\u00e4he von Gew\u00e4ssern. Die Schafstelze ist in den meisten Regionen Europas und Asiens zu finden und sogar im nordamerikanischen Alaska gibt es Populationen. W\u00e4hrend die Art in den klimatisch beg\u00fcnstigteren Zonen ein Standvogel ist, migrieren die n\u00f6rdlichen und \u00f6stlichen Populationen im Winter nach Afrika und ins s\u00fcdliche Asien. Die amerikanischen \u00fcberwintern weiter s\u00fcdlich am Pazifik.<br \/>\nSchafstelzen ern\u00e4hren sich haupts\u00e4chlich von Fliegen und anderen zarten Insekten, die von grasendem Vieh aufgescheucht werden. W\u00e4hrend der Jagd l\u00e4uft der Vogel mit zierlichen Schritten und wippt mit dem Schwanz, der im Vergleich zu den anderen europ\u00e4ischen Stelzen der k\u00fcrzeste ist.<\/p>\n<p>L\u00e4nge: 16-18 cm\u00a0\u00a0 Spannweite: 23-27 cm\u00a0\u00a0 Gewicht: 15-20 g\u00a0\u00a0 Gelege: 4-6 Eier<\/p>\n<p>Zur Galerie <a title=\"Stelzen, Wasseramseln\" href=\"http:\/\/woerrlein-naturfoto.de\/wordpress\/hauptseite-voegel\/voegel\/sperlingsvoegel-2\/stelzen-wasseramseln\/\">Stelzen, Wasseramseln<\/a><\/p>\n<p>&nbsp;<\/p>\n<p><em>Quelle des Textauszuges und weitere Infos bei <\/em><a href=\"http:\/\/de.wikipedia.org\/wiki\/Schafstelze\" target=\"_blank\">Wikipedia<\/a> <em>(<\/em><a href=\"http:\/\/www.gnu.org\/licenses\/fdl-1.3.txt\" target=\"_blank\">GNU-Lizenz<\/a><em>)<\/em> \u2013 <em>mein Dank gilt den<\/em> <a href=\"http:\/\/de.wikipedia.org\/w\/index.php?title=Schafstelze&amp;action=history\" target=\"_blank\">Autoren<\/a>.<\/p>\n","protected":false},"excerpt":{"rendered":"<p>V\u00f6gel -&gt; Sperlingsv\u00f6gel -&gt; Stelzen, Wasseramseln V\u00f6gel von A-Z zur Galerie Stelzen, Wasseramseln Die Schafstelze (Motacilla flava) ist eine Vogelart aus der Familie der Stelzen und Pieper. Die Art liebt feuchte Wiesen und Felder in der N\u00e4he von Gew\u00e4ssern. Die Schafstelze ist in den meisten Regionen Europas und Asiens zu finden und sogar im nordamerikanischen &hellip; <a href=\"https:\/\/woerrlein-naturfoto.de\/wordpress\/stelzen-wasseramseln-a-z\/schafstelze\/\" class=\"more-link\"><span class=\"screen-reader-text\">Schafstelze<\/span> weiterlesen <span class=\"meta-nav\">&rarr;<\/span><\/a><\/p>\n","protected":false},"author":1,"featured_media":0,"parent":2978,"menu_order":0,"comment_status":"closed","ping_status":"closed","template":"page-templates\/full-width.php","meta":{"footnotes":""},"class_list":["post-2984","page","type-page","status-publish","hentry"],"_links":{"self":[{"href":"https:\/\/woerrlein-naturfoto.de\/wordpress\/wp-json\/wp\/v2\/pages\/2984","targetHints":{"allow":["GET"]}}],"collection":[{"href":"https:\/\/woerrlein-naturfoto.de\/wordpress\/wp-json\/wp\/v2\/pages"}],"about":[{"href":"https:\/\/woerrlein-naturfoto.de\/wordpress\/wp-json\/wp\/v2\/types\/page"}],"author":[{"embeddable":true,"href":"https:\/\/woerrlein-naturfoto.de\/wordpress\/wp-json\/wp\/v2\/users\/1"}],"replies":[{"embeddable":true,"href":"https:\/\/woerrlein-naturfoto.de\/wordpress\/wp-json\/wp\/v2\/comments?post=2984"}],"version-history":[{"count":3,"href":"https:\/\/woerrlein-naturfoto.de\/wordpress\/wp-json\/wp\/v2\/pages\/2984\/revisions"}],"predecessor-version":[{"id":6355,"href":"https:\/\/woerrlein-naturfoto.de\/wordpress\/wp-json\/wp\/v2\/pages\/2984\/revisions\/6355"}],"up":[{"embeddable":true,"href":"https:\/\/woerrlein-naturfoto.de\/wordpress\/wp-json\/wp\/v2\/pages\/2978"}],"wp:attachment":[{"href":"https:\/\/woerrlein-naturfoto.de\/wordpress\/wp-json\/wp\/v2\/media?parent=2984"}],"curies":[{"name":"wp","href":"https:\/\/api.w.org\/{rel}","templated":true}]}}