{"id":2955,"date":"2014-12-30T18:30:32","date_gmt":"2014-12-30T16:30:32","guid":{"rendered":"http:\/\/woerrlein-naturfoto.de\/wordpress\/?page_id=2955"},"modified":"2015-02-19T12:40:48","modified_gmt":"2015-02-19T11:40:48","slug":"star","status":"publish","type":"page","link":"https:\/\/woerrlein-naturfoto.de\/wordpress\/stare-sperlinge-a-z\/star\/","title":{"rendered":"Star"},"content":{"rendered":"<p><a href=\"http:\/\/woerrlein-naturfoto.de\/wordpress\/voegel\/\"><span style=\"color: #ffff66;\">V\u00f6gel<\/span> <\/a>-&gt;<a href=\"http:\/\/woerrlein-naturfoto.de\/wordpress\/voegel\/sperlingsvoegel\/\"> <span style=\"color: #ffff66;\">Sperlingsv\u00f6gel<\/span> <\/a>-&gt;<a href=\"http:\/\/woerrlein-naturfoto.de\/wordpress\/hauptseite-voegel\/voegel\/sperlingsvoegel-2\/stare-sperlinge\/\"> <span style=\"color: #ffff66;\">Stare, Sperlinge<\/span><\/a><br \/>\n<a title=\"V\u00f6gel von A-Z\" href=\"http:\/\/woerrlein-naturfoto.de\/wordpress\/voegel\/voegel_von_a-z\/\">V\u00f6gel von A-Z<\/a><br \/>\nzur Galerie <a title=\"Stare, Sperlinge\" href=\"http:\/\/woerrlein-naturfoto.de\/wordpress\/hauptseite-voegel\/voegel\/sperlingsvoegel-2\/stare-sperlinge\/\">Stare, Sperlinge<\/a><\/p>\n<p><img loading=\"lazy\" decoding=\"async\" class=\"alignleft wp-image-2939\" src=\"http:\/\/woerrlein-naturfoto.de\/wordpress\/wp-content\/uploads\/Star_19272L_v-600x400.jpg\" alt=\"Star_19272L_v.jpg\" width=\"600\" height=\"400\" \/>Der <b>Star<\/b> (<i>Sturnus vulgaris<\/i>) ist der in Eurasien am weitesten verbreitete und h\u00e4ufigste Vertreter der Familie der Stare (Sturnidae). Durch zahlreiche Einb\u00fcrgerungen auf anderen Kontinenten ist der Star heute einer der h\u00e4ufigsten V\u00f6gel der Welt. Stare k\u00f6nnen in Einzelf\u00e4llen ein Alter von \u00fcber 20 Jahren erreichen, wie Ringfunde belegen: Ein in D\u00e4nemark beringter Star erreichte ein Alter von 22 Jahren und 11 Monaten, ein in Deutschland beringter Star wurde 21 Jahre und vier Monate alt.<br \/>\nStare bewegen sich ganzj\u00e4hrig in Trupps und z.\u00a0T. riesigen Schw\u00e4rmen. Nur am Brutplatz ist der Star territorial, meist wird ein kleiner Radius bis ca. 10 m um die Bruth\u00f6hle verteidigt. Nahrungsfl\u00e4chen werden nicht verteidigt und gemeinsam genutzt. Nichtbr\u00fcter leben auch in der Brutzeit in Trupps. Die ab Mitte Juni selbst\u00e4ndigen Jungv\u00f6gel bilden sofort Schw\u00e4rme, die sich in nahrungsreichen Gebieten konzentrieren, diese Schw\u00e4rme werden durch den Zwischenzug der Jungv\u00f6gel nord\u00f6stlicher Populationen (siehe Wanderungen) immer gr\u00f6\u00dfer mit einem Maximum im Juli. Nachts werden gemeinsame Schlafpl\u00e4tze genutzt, diese Schlafpl\u00e4tze liegen vor allem in gr\u00f6\u00dferen Schilfgebieten, aber auch in Baum- und dichten Strauchgruppen, h\u00e4ufig auch in Stadtzentren.<\/p>\n<p>L\u00e4nge: 19-22 cm\u00a0\u00a0 Spannweite: 37-42 cm\u00a0\u00a0 Gewicht: 75-85 g\u00a0\u00a0 Gelege: 5-7 Eier<\/p>\n<p>Zur Galerie <a title=\"Stare, Sperlinge\" href=\"http:\/\/woerrlein-naturfoto.de\/wordpress\/hauptseite-voegel\/voegel\/sperlingsvoegel-2\/stare-sperlinge\/\">Stare, Sperlinge<\/a><\/p>\n<p>&nbsp;<\/p>\n<p><em>Quelle des Textauszuges und weitere Infos bei <\/em><a href=\"http:\/\/de.wikipedia.org\/wiki\/Star_%28Art%29\" target=\"_blank\">Wikipedia<\/a> <em>(<\/em><a href=\"http:\/\/www.gnu.org\/licenses\/fdl-1.3.txt\" target=\"_blank\">GNU-Lizenz<\/a><em>)<\/em> \u2013 <em>mein Dank gilt den<\/em> <a href=\"http:\/\/de.wikipedia.org\/w\/index.php?title=Star_%28Art%29&amp;action=history\" target=\"_blank\">Autoren<\/a>.<\/p>\n","protected":false},"excerpt":{"rendered":"<p>V\u00f6gel -&gt; Sperlingsv\u00f6gel -&gt; Stare, Sperlinge V\u00f6gel von A-Z zur Galerie Stare, Sperlinge Der Star (Sturnus vulgaris) ist der in Eurasien am weitesten verbreitete und h\u00e4ufigste Vertreter der Familie der Stare (Sturnidae). Durch zahlreiche Einb\u00fcrgerungen auf anderen Kontinenten ist der Star heute einer der h\u00e4ufigsten V\u00f6gel der Welt. Stare k\u00f6nnen in Einzelf\u00e4llen ein Alter von &hellip; <a href=\"https:\/\/woerrlein-naturfoto.de\/wordpress\/stare-sperlinge-a-z\/star\/\" class=\"more-link\"><span class=\"screen-reader-text\">Star<\/span> weiterlesen <span class=\"meta-nav\">&rarr;<\/span><\/a><\/p>\n","protected":false},"author":1,"featured_media":0,"parent":2945,"menu_order":0,"comment_status":"closed","ping_status":"closed","template":"page-templates\/full-width.php","meta":{"footnotes":""},"class_list":["post-2955","page","type-page","status-publish","hentry"],"_links":{"self":[{"href":"https:\/\/woerrlein-naturfoto.de\/wordpress\/wp-json\/wp\/v2\/pages\/2955","targetHints":{"allow":["GET"]}}],"collection":[{"href":"https:\/\/woerrlein-naturfoto.de\/wordpress\/wp-json\/wp\/v2\/pages"}],"about":[{"href":"https:\/\/woerrlein-naturfoto.de\/wordpress\/wp-json\/wp\/v2\/types\/page"}],"author":[{"embeddable":true,"href":"https:\/\/woerrlein-naturfoto.de\/wordpress\/wp-json\/wp\/v2\/users\/1"}],"replies":[{"embeddable":true,"href":"https:\/\/woerrlein-naturfoto.de\/wordpress\/wp-json\/wp\/v2\/comments?post=2955"}],"version-history":[{"count":6,"href":"https:\/\/woerrlein-naturfoto.de\/wordpress\/wp-json\/wp\/v2\/pages\/2955\/revisions"}],"predecessor-version":[{"id":6351,"href":"https:\/\/woerrlein-naturfoto.de\/wordpress\/wp-json\/wp\/v2\/pages\/2955\/revisions\/6351"}],"up":[{"embeddable":true,"href":"https:\/\/woerrlein-naturfoto.de\/wordpress\/wp-json\/wp\/v2\/pages\/2945"}],"wp:attachment":[{"href":"https:\/\/woerrlein-naturfoto.de\/wordpress\/wp-json\/wp\/v2\/media?parent=2955"}],"curies":[{"name":"wp","href":"https:\/\/api.w.org\/{rel}","templated":true}]}}