{"id":2953,"date":"2014-12-30T18:18:39","date_gmt":"2014-12-30T16:18:39","guid":{"rendered":"http:\/\/woerrlein-naturfoto.de\/wordpress\/?page_id=2953"},"modified":"2015-02-19T12:40:30","modified_gmt":"2015-02-19T11:40:30","slug":"haussperling","status":"publish","type":"page","link":"https:\/\/woerrlein-naturfoto.de\/wordpress\/stare-sperlinge-a-z\/haussperling\/","title":{"rendered":"Haussperling"},"content":{"rendered":"<p><a href=\"http:\/\/woerrlein-naturfoto.de\/wordpress\/voegel\/\"><span style=\"color: #ffff66;\">V\u00f6gel<\/span> <\/a>-&gt;<a href=\"http:\/\/woerrlein-naturfoto.de\/wordpress\/voegel\/sperlingsvoegel\/\"> <span style=\"color: #ffff66;\">Sperlingsv\u00f6gel<\/span> <\/a>-&gt;<a href=\"http:\/\/woerrlein-naturfoto.de\/wordpress\/hauptseite-voegel\/voegel\/sperlingsvoegel-2\/stare-sperlinge\/\"> <span style=\"color: #ffff66;\">Stare, Sperlinge<\/span><\/a><br \/>\n<a title=\"V\u00f6gel von A-Z\" href=\"http:\/\/woerrlein-naturfoto.de\/wordpress\/voegel\/voegel_von_a-z\/\">V\u00f6gel von A-Z<\/a><br \/>\nzur Galerie <a title=\"Stare, Sperlinge\" href=\"http:\/\/woerrlein-naturfoto.de\/wordpress\/hauptseite-voegel\/voegel\/sperlingsvoegel-2\/stare-sperlinge\/\">Stare, Sperlinge<\/a><\/p>\n<p><img loading=\"lazy\" decoding=\"async\" class=\"alignleft wp-image-2936\" src=\"http:\/\/woerrlein-naturfoto.de\/wordpress\/wp-content\/uploads\/Haussperling_60816_v-400x600.jpg\" alt=\"Haussperling_60816_v.jpg\" width=\"267\" height=\"400\" srcset=\"https:\/\/woerrlein-naturfoto.de\/wordpress\/wp-content\/uploads\/Haussperling_60816_v-400x600.jpg 400w, https:\/\/woerrlein-naturfoto.de\/wordpress\/wp-content\/uploads\/Haussperling_60816_v.jpg 567w\" sizes=\"auto, (max-width: 267px) 100vw, 267px\" \/>Der <b>Haussperling<\/b> (<i>Passer domesticus<\/i>) \u2013 auch <b>Spatz<\/b> genannt \u2013 ist eine Vogelart aus der Familie der Sperlinge und einer der bekanntesten und am weitesten verbreiteten Singv\u00f6gel. Der Spatz ist ein Kulturfolger und hat sich vor \u00fcber 10.000 Jahren dem Menschen angeschlossen. Nach zahlreichen, teils beabsichtigten, teils unbeabsichtigten Einb\u00fcrgerungen ist er mit Ausnahme der Tropen fast \u00fcberall anzutreffen, wo Menschen sich das ganze Jahr aufhalten. Der weltweite Bestand wird auf etwa 500 Millionen Individuen gesch\u00e4tzt. Nach deutlichen Bestandsr\u00fcckg\u00e4ngen in der zweiten H\u00e4lfte des 20. Jahrhunderts vor allem im Westen Mitteleuropas wurde die Art in die Vorwarnliste bedrohter Arten aufgenommen. Der Haussperling zeigt das ganze Jahr \u00fcber ein geselliges und soziales Verhalten. Viele Verhaltensweisen des Haussperlings sind auf das Leben in der Gruppe ausgerichtet, und der Tagesablauf ist stark synchronisiert.<\/p>\n<p>L\u00e4nge: 14-15 cm\u00a0\u00a0 Spannweite: 21-22 cm\u00a0\u00a0 Gewicht: 28-32 g\u00a0\u00a0 Gelege: 3-5 Eier<\/p>\n<p>Zur Galerie <a title=\"Stare, Sperlinge\" href=\"http:\/\/woerrlein-naturfoto.de\/wordpress\/hauptseite-voegel\/voegel\/sperlingsvoegel-2\/stare-sperlinge\/\">Stare, Sperlinge<\/a><\/p>\n<p>&nbsp;<\/p>\n<p><em>Quelle des Textauszuges und weitere Infos bei <\/em><a href=\"http:\/\/de.wikipedia.org\/wiki\/Haussperling\" target=\"_blank\">Wikipedia<\/a> <em>(<\/em><a href=\"http:\/\/www.gnu.org\/licenses\/fdl-1.3.txt\" target=\"_blank\">GNU-Lizenz<\/a><em>)<\/em> \u2013 <em>mein Dank gilt den<\/em> <a href=\"http:\/\/de.wikipedia.org\/w\/index.php?title=Haussperling&amp;action=history\" target=\"_blank\">Autoren<\/a>.<\/p>\n","protected":false},"excerpt":{"rendered":"<p>V\u00f6gel -&gt; Sperlingsv\u00f6gel -&gt; Stare, Sperlinge V\u00f6gel von A-Z zur Galerie Stare, Sperlinge Der Haussperling (Passer domesticus) \u2013 auch Spatz genannt \u2013 ist eine Vogelart aus der Familie der Sperlinge und einer der bekanntesten und am weitesten verbreiteten Singv\u00f6gel. Der Spatz ist ein Kulturfolger und hat sich vor \u00fcber 10.000 Jahren dem Menschen angeschlossen. Nach &hellip; <a href=\"https:\/\/woerrlein-naturfoto.de\/wordpress\/stare-sperlinge-a-z\/haussperling\/\" class=\"more-link\"><span class=\"screen-reader-text\">Haussperling<\/span> weiterlesen <span class=\"meta-nav\">&rarr;<\/span><\/a><\/p>\n","protected":false},"author":1,"featured_media":0,"parent":2945,"menu_order":0,"comment_status":"closed","ping_status":"closed","template":"page-templates\/full-width.php","meta":{"footnotes":""},"class_list":["post-2953","page","type-page","status-publish","hentry"],"_links":{"self":[{"href":"https:\/\/woerrlein-naturfoto.de\/wordpress\/wp-json\/wp\/v2\/pages\/2953","targetHints":{"allow":["GET"]}}],"collection":[{"href":"https:\/\/woerrlein-naturfoto.de\/wordpress\/wp-json\/wp\/v2\/pages"}],"about":[{"href":"https:\/\/woerrlein-naturfoto.de\/wordpress\/wp-json\/wp\/v2\/types\/page"}],"author":[{"embeddable":true,"href":"https:\/\/woerrlein-naturfoto.de\/wordpress\/wp-json\/wp\/v2\/users\/1"}],"replies":[{"embeddable":true,"href":"https:\/\/woerrlein-naturfoto.de\/wordpress\/wp-json\/wp\/v2\/comments?post=2953"}],"version-history":[{"count":3,"href":"https:\/\/woerrlein-naturfoto.de\/wordpress\/wp-json\/wp\/v2\/pages\/2953\/revisions"}],"predecessor-version":[{"id":6350,"href":"https:\/\/woerrlein-naturfoto.de\/wordpress\/wp-json\/wp\/v2\/pages\/2953\/revisions\/6350"}],"up":[{"embeddable":true,"href":"https:\/\/woerrlein-naturfoto.de\/wordpress\/wp-json\/wp\/v2\/pages\/2945"}],"wp:attachment":[{"href":"https:\/\/woerrlein-naturfoto.de\/wordpress\/wp-json\/wp\/v2\/media?parent=2953"}],"curies":[{"name":"wp","href":"https:\/\/api.w.org\/{rel}","templated":true}]}}