{"id":2947,"date":"2014-12-30T18:02:35","date_gmt":"2014-12-30T16:02:35","guid":{"rendered":"http:\/\/woerrlein-naturfoto.de\/wordpress\/?page_id=2947"},"modified":"2015-02-19T12:40:12","modified_gmt":"2015-02-19T11:40:12","slug":"feldsperling","status":"publish","type":"page","link":"https:\/\/woerrlein-naturfoto.de\/wordpress\/stare-sperlinge-a-z\/feldsperling\/","title":{"rendered":"Feldsperling"},"content":{"rendered":"<p><a href=\"http:\/\/woerrlein-naturfoto.de\/wordpress\/voegel\/\"><span style=\"color: #ffff66;\">V\u00f6gel<\/span> <\/a>-&gt;<a href=\"http:\/\/woerrlein-naturfoto.de\/wordpress\/voegel\/sperlingsvoegel\/\"> <span style=\"color: #ffff66;\">Sperlingsv\u00f6gel<\/span> <\/a>-&gt;<a href=\"http:\/\/woerrlein-naturfoto.de\/wordpress\/hauptseite-voegel\/voegel\/sperlingsvoegel-2\/stare-sperlinge\/\"> <span style=\"color: #ffff66;\">Stare, Sperlinge<\/span><\/a><br \/>\n<a title=\"V\u00f6gel von A-Z\" href=\"http:\/\/woerrlein-naturfoto.de\/wordpress\/voegel\/voegel_von_a-z\/\">V\u00f6gel von A-Z<\/a><br \/>\nzur Galerie <a title=\"Stare, Sperlinge\" href=\"http:\/\/woerrlein-naturfoto.de\/wordpress\/hauptseite-voegel\/voegel\/sperlingsvoegel-2\/stare-sperlinge\/\">Stare, Sperlinge<\/a><\/p>\n<p><img loading=\"lazy\" decoding=\"async\" class=\"alignleft wp-image-2942\" src=\"http:\/\/woerrlein-naturfoto.de\/wordpress\/wp-content\/uploads\/Feldsperling_10410L-600x400.jpg\" alt=\"Feldsperling_10410L.jpg\" width=\"600\" height=\"400\" srcset=\"https:\/\/woerrlein-naturfoto.de\/wordpress\/wp-content\/uploads\/Feldsperling_10410L-600x400.jpg 600w, https:\/\/woerrlein-naturfoto.de\/wordpress\/wp-content\/uploads\/Feldsperling_10410L-120x80.jpg 120w, https:\/\/woerrlein-naturfoto.de\/wordpress\/wp-content\/uploads\/Feldsperling_10410L.jpg 1000w\" sizes=\"auto, (max-width: 600px) 100vw, 600px\" \/><\/p>\n<p>Der <b>Feldsperling<\/b> (<i>Passer montanus<\/i>) ist eine in Eurasien weit verbreitete Vogelart in der Familie der Sperlinge. Er ist etwas kleiner als der Haussperling und im Westen der Pal\u00e4arktis weniger an den Menschen angepasst und deutlich scheuer. In Mitteleuropa fehlt er in der Regel im Innenbereich von D\u00f6rfern und St\u00e4dten als Brutvogel, dagegen ist er in einigen Regionen des Mittelmeerraums und Asiens ein ausgesprochener Stadtvogel und besetzt dort die \u00f6kologische Nische, die in anderen Regionen der Haussperling einnimmt. Der Feldsperling br\u00fctet in Geh\u00f6lzen, Obstg\u00e4rten, Alleen und G\u00e4rten in der N\u00e4he von landwirtschaftlichen Nutzfl\u00e4chen oder Siedlungen. Das Nest befindet sich in Baumh\u00f6hlen, Mauernischen, Felsspalten oder zwischen Kletterpflanzen an Mauern. Die Nahrung besteht haupts\u00e4chlich aus Samen von Gr\u00e4sern, Kr\u00e4utern und Getreide. Die Nahrung wird \u00fcberwiegend vom Boden aufgenommen. Gras- und Getreidesamen werden jedoch auch aus den \u00c4hren gepickt, w\u00e4hrend die Feldsperlinge auf den Halmen sitzen. Alternativ biegen sie die \u00c4hren auf den Boden und picken dann die Samen heraus. Sie fressen au\u00dferdem gelegentlich auch Knospen und Beeren und suchen im menschlichen Abfall nach Nahrung. Die Jungen werden mit Insekten gef\u00fcttert.<\/p>\n<p>L\u00e4nge: 12,5-14 cm\u00a0\u00a0 Spannweite: 20-22 cm\u00a0\u00a0 Gewicht: 20-24 g\u00a0\u00a0 Gelege: 4-6 Eier<\/p>\n<p>Zur Galerie <a title=\"Stare, Sperlinge\" href=\"http:\/\/woerrlein-naturfoto.de\/wordpress\/hauptseite-voegel\/voegel\/sperlingsvoegel-2\/stare-sperlinge\/\">Stare, Sperlinge<\/a><\/p>\n<p>&nbsp;<\/p>\n<p><em>Quelle des Textauszuges und weitere Infos bei <\/em><a href=\"http:\/\/de.wikipedia.org\/wiki\/Feldsperling\" target=\"_blank\">Wikipedia<\/a> <em>(<\/em><a href=\"http:\/\/www.gnu.org\/licenses\/fdl-1.3.txt\" target=\"_blank\">GNU-Lizenz<\/a><em>)<\/em> \u2013 <em>mein Dank gilt den<\/em> <a href=\"http:\/\/de.wikipedia.org\/w\/index.php?title=Feldsperling&amp;action=history\" target=\"_blank\">Autoren<\/a>.<\/p>\n","protected":false},"excerpt":{"rendered":"<p>V\u00f6gel -&gt; Sperlingsv\u00f6gel -&gt; Stare, Sperlinge V\u00f6gel von A-Z zur Galerie Stare, Sperlinge Der Feldsperling (Passer montanus) ist eine in Eurasien weit verbreitete Vogelart in der Familie der Sperlinge. Er ist etwas kleiner als der Haussperling und im Westen der Pal\u00e4arktis weniger an den Menschen angepasst und deutlich scheuer. In Mitteleuropa fehlt er in der &hellip; <a href=\"https:\/\/woerrlein-naturfoto.de\/wordpress\/stare-sperlinge-a-z\/feldsperling\/\" class=\"more-link\"><span class=\"screen-reader-text\">Feldsperling<\/span> weiterlesen <span class=\"meta-nav\">&rarr;<\/span><\/a><\/p>\n","protected":false},"author":1,"featured_media":0,"parent":2945,"menu_order":0,"comment_status":"closed","ping_status":"closed","template":"page-templates\/full-width.php","meta":{"footnotes":""},"class_list":["post-2947","page","type-page","status-publish","hentry"],"_links":{"self":[{"href":"https:\/\/woerrlein-naturfoto.de\/wordpress\/wp-json\/wp\/v2\/pages\/2947","targetHints":{"allow":["GET"]}}],"collection":[{"href":"https:\/\/woerrlein-naturfoto.de\/wordpress\/wp-json\/wp\/v2\/pages"}],"about":[{"href":"https:\/\/woerrlein-naturfoto.de\/wordpress\/wp-json\/wp\/v2\/types\/page"}],"author":[{"embeddable":true,"href":"https:\/\/woerrlein-naturfoto.de\/wordpress\/wp-json\/wp\/v2\/users\/1"}],"replies":[{"embeddable":true,"href":"https:\/\/woerrlein-naturfoto.de\/wordpress\/wp-json\/wp\/v2\/comments?post=2947"}],"version-history":[{"count":3,"href":"https:\/\/woerrlein-naturfoto.de\/wordpress\/wp-json\/wp\/v2\/pages\/2947\/revisions"}],"predecessor-version":[{"id":6349,"href":"https:\/\/woerrlein-naturfoto.de\/wordpress\/wp-json\/wp\/v2\/pages\/2947\/revisions\/6349"}],"up":[{"embeddable":true,"href":"https:\/\/woerrlein-naturfoto.de\/wordpress\/wp-json\/wp\/v2\/pages\/2945"}],"wp:attachment":[{"href":"https:\/\/woerrlein-naturfoto.de\/wordpress\/wp-json\/wp\/v2\/media?parent=2947"}],"curies":[{"name":"wp","href":"https:\/\/api.w.org\/{rel}","templated":true}]}}