{"id":2918,"date":"2014-12-30T16:10:55","date_gmt":"2014-12-30T14:10:55","guid":{"rendered":"http:\/\/woerrlein-naturfoto.de\/wordpress\/?page_id=2918"},"modified":"2015-02-18T12:56:48","modified_gmt":"2015-02-18T11:56:48","slug":"sumpfmeise","status":"publish","type":"page","link":"https:\/\/woerrlein-naturfoto.de\/wordpress\/meisen-2\/sumpfmeise\/","title":{"rendered":"Sumpfmeise"},"content":{"rendered":"<p><a href=\"http:\/\/woerrlein-naturfoto.de\/wordpress\/voegel\/\"><span style=\"color: #ffff66;\">V\u00f6gel<\/span> <\/a>-&gt;<a href=\"http:\/\/woerrlein-naturfoto.de\/wordpress\/voegel\/sperlingsvoegel\/\"> <span style=\"color: #ffff66;\">Sperlingsv\u00f6gel<\/span> <\/a>-&gt;<a href=\"http:\/\/woerrlein-naturfoto.de\/wordpress\/voegel\/sperlingsvoegel\/meisen\/\"> <span style=\"color: #ffff66;\">Meisen<\/span><\/a><br \/>\n<a href=\"http:\/\/woerrlein-naturfoto.de\/wordpress\/voegel_von_a-z\/\">V\u00f6gel von A-Z<\/a><br \/>\nZur Galerie <a title=\"Meisen\" href=\"http:\/\/woerrlein-naturfoto.de\/wordpress\/voegel\/sperlingsvoegel\/meisen\/\">Meisen<\/a><\/p>\n<p><img loading=\"lazy\" decoding=\"async\" class=\"alignleft wp-image-2890\" src=\"http:\/\/woerrlein-naturfoto.de\/wordpress\/wp-content\/uploads\/Sumpfmeise_38234_v-600x400.jpg\" alt=\"Sumpfmeise_38234_v.jpg\" width=\"600\" height=\"400\" srcset=\"https:\/\/woerrlein-naturfoto.de\/wordpress\/wp-content\/uploads\/Sumpfmeise_38234_v-600x400.jpg 600w, https:\/\/woerrlein-naturfoto.de\/wordpress\/wp-content\/uploads\/Sumpfmeise_38234_v-120x80.jpg 120w, https:\/\/woerrlein-naturfoto.de\/wordpress\/wp-content\/uploads\/Sumpfmeise_38234_v.jpg 1000w\" sizes=\"auto, (max-width: 600px) 100vw, 600px\" \/>Die <b>Sumpfmeise<\/b> oder <b>Nonnenmeise<\/b> (<i>Poecile palustris<\/i>, Syn. <i>Parus palustris<\/i>) ist eine Vogelart in der Familie der Meisen. Die Art ist in Mitteleuropa ein verbreiteter und h\u00e4ufiger Brut- und Jahresvogel. Die Sumpfmeise ist ein Brutvogel der borealen und gem\u00e4\u00dfigten Zone sowie der Gebirgsregionen der Pal\u00e4arktis mit einer gro\u00dfen Verbreitungsl\u00fccke in Sibirien. Das Verbreitungsgebiet reicht von den Gebirgen Nordspaniens und den Pyren\u00e4en sowie dem Westen Frankreichs und Gro\u00dfbritanniens bis zum S\u00fcden des Urals. Isolierte Vorkommen finden sich auch im Norden Anatoliens und dem Kaukasus.<br \/>\nIm Sommer besteht die Nahrung in der Hauptsache aus kleinen Insekten und Spinnentieren. Im Winter kommen fettreiche S\u00e4mereien dazu. Zur Nahrungssuche h\u00e4lt sie die Sumpfmeise im Bereich von der Kronenschicht bis zum unteren Stammabschnitt und nach au\u00dfen bis zu den \u00e4u\u00dfersten Zweigen auf. Sie sucht ferner im Geb\u00fcsch nach Nahrung und ist im Sp\u00e4tsommer und Herbst von allen mitteleurop\u00e4ischen Meisen diejenige, die am h\u00e4ufigsten an Stauden und Kr\u00e4utern nach Nahrung sucht. Sie legt bei entsprechendem Samenangebot ganzj\u00e4hrig Nahrungsdepots an. Dabei werden diese in Rindenspalten sowie im Moos- und Flechtenbesatz grobborkiger St\u00e4mme und \u00c4ste mittlerer H\u00f6he angelegt. Diese Nahrungsdepots bestehen maximal f\u00fcr eine Zeitdauer von acht Tagen, bevor sie von den Meisen wieder aufgesucht und gefressen werden. Etwa zwanzig Prozent der Vorr\u00e4te werden durch Kleins\u00e4uger gefressen.<\/p>\n<p>L\u00e4nge: 12-13 cm\u00a0\u00a0 Spannweite: 118-19,5 cm\u00a0\u00a0 Gewicht: 9-12 g\u00a0\u00a0 Gelege: 7-10 Eier<\/p>\n<p>Zur Galerie <a title=\"Meisen\" href=\"http:\/\/woerrlein-naturfoto.de\/wordpress\/voegel\/sperlingsvoegel\/meisen\/\">Meisen<\/a><\/p>\n<p>&nbsp;<\/p>\n<p><em>Quelle des Textauszuges und weitere Infos bei <\/em><a href=\"http:\/\/de.wikipedia.org\/wiki\/Sumpfmeise\" target=\"_blank\">Wikipedia<\/a> <em>(<\/em><a href=\"http:\/\/www.gnu.org\/licenses\/fdl-1.3.txt\" target=\"_blank\">GNU-Lizenz<\/a><em>)<\/em> \u2013 <em>mein Dank gilt den<\/em> <a href=\"http:\/\/de.wikipedia.org\/w\/index.php?title=Sumpfmeise&amp;action=history\" target=\"_blank\">Autoren<\/a>.<\/p>\n","protected":false},"excerpt":{"rendered":"<p>V\u00f6gel -&gt; Sperlingsv\u00f6gel -&gt; Meisen V\u00f6gel von A-Z Zur Galerie Meisen Die Sumpfmeise oder Nonnenmeise (Poecile palustris, Syn. Parus palustris) ist eine Vogelart in der Familie der Meisen. Die Art ist in Mitteleuropa ein verbreiteter und h\u00e4ufiger Brut- und Jahresvogel. Die Sumpfmeise ist ein Brutvogel der borealen und gem\u00e4\u00dfigten Zone sowie der Gebirgsregionen der Pal\u00e4arktis &hellip; <a href=\"https:\/\/woerrlein-naturfoto.de\/wordpress\/meisen-2\/sumpfmeise\/\" class=\"more-link\"><span class=\"screen-reader-text\">Sumpfmeise<\/span> weiterlesen <span class=\"meta-nav\">&rarr;<\/span><\/a><\/p>\n","protected":false},"author":1,"featured_media":0,"parent":322,"menu_order":0,"comment_status":"closed","ping_status":"closed","template":"page-templates\/full-width.php","meta":{"footnotes":""},"class_list":["post-2918","page","type-page","status-publish","hentry"],"_links":{"self":[{"href":"https:\/\/woerrlein-naturfoto.de\/wordpress\/wp-json\/wp\/v2\/pages\/2918","targetHints":{"allow":["GET"]}}],"collection":[{"href":"https:\/\/woerrlein-naturfoto.de\/wordpress\/wp-json\/wp\/v2\/pages"}],"about":[{"href":"https:\/\/woerrlein-naturfoto.de\/wordpress\/wp-json\/wp\/v2\/types\/page"}],"author":[{"embeddable":true,"href":"https:\/\/woerrlein-naturfoto.de\/wordpress\/wp-json\/wp\/v2\/users\/1"}],"replies":[{"embeddable":true,"href":"https:\/\/woerrlein-naturfoto.de\/wordpress\/wp-json\/wp\/v2\/comments?post=2918"}],"version-history":[{"count":3,"href":"https:\/\/woerrlein-naturfoto.de\/wordpress\/wp-json\/wp\/v2\/pages\/2918\/revisions"}],"predecessor-version":[{"id":6343,"href":"https:\/\/woerrlein-naturfoto.de\/wordpress\/wp-json\/wp\/v2\/pages\/2918\/revisions\/6343"}],"up":[{"embeddable":true,"href":"https:\/\/woerrlein-naturfoto.de\/wordpress\/wp-json\/wp\/v2\/pages\/322"}],"wp:attachment":[{"href":"https:\/\/woerrlein-naturfoto.de\/wordpress\/wp-json\/wp\/v2\/media?parent=2918"}],"curies":[{"name":"wp","href":"https:\/\/api.w.org\/{rel}","templated":true}]}}