{"id":2825,"date":"2014-12-29T23:50:36","date_gmt":"2014-12-29T21:50:36","guid":{"rendered":"http:\/\/woerrlein-naturfoto.de\/wordpress\/?page_id=2825"},"modified":"2015-02-18T12:54:09","modified_gmt":"2015-02-18T11:54:09","slug":"nebelkraehe","status":"publish","type":"page","link":"https:\/\/woerrlein-naturfoto.de\/wordpress\/kraehen-a-z\/nebelkraehe\/","title":{"rendered":"Nebelkr\u00e4he"},"content":{"rendered":"<p><a href=\"http:\/\/woerrlein-naturfoto.de\/wordpress\/voegel\/\"><span style=\"color: #ffff66;\">V\u00f6gel<\/span> <\/a>-&gt;<a href=\"http:\/\/woerrlein-naturfoto.de\/wordpress\/voegel\/sperlingsvoegel\/\"> <span style=\"color: #ffff66;\">Sperlingsv\u00f6gel<\/span> <\/a>-&gt;<a href=\"http:\/\/woerrlein-naturfoto.de\/wordpress\/hauptseite-voegel\/voegel\/sperlingsvoegel-2\/kraehen\/\"> <span style=\"color: #ffff66;\">Kr\u00e4hen<\/span><\/a><br \/>\n<a href=\"http:\/\/woerrlein-naturfoto.de\/wordpress\/voegel_von_a-z\/\">V\u00f6gel von A-Z<\/a><br \/>\nZur Galerie <a title=\"Kr\u00e4hen\" href=\"http:\/\/woerrlein-naturfoto.de\/wordpress\/hauptseite-voegel\/voegel\/sperlingsvoegel-2\/kraehen\/\">Kr\u00e4hen<\/a><\/p>\n<p><img loading=\"lazy\" decoding=\"async\" class=\"alignleft wp-image-2803\" src=\"http:\/\/woerrlein-naturfoto.de\/wordpress\/wp-content\/uploads\/Nebelkraehe_27254L_v-600x400.jpg\" alt=\"Nebelkraehe_27254L_v.jpg\" width=\"600\" height=\"400\" srcset=\"https:\/\/woerrlein-naturfoto.de\/wordpress\/wp-content\/uploads\/Nebelkraehe_27254L_v-600x400.jpg 600w, https:\/\/woerrlein-naturfoto.de\/wordpress\/wp-content\/uploads\/Nebelkraehe_27254L_v-120x80.jpg 120w, https:\/\/woerrlein-naturfoto.de\/wordpress\/wp-content\/uploads\/Nebelkraehe_27254L_v.jpg 1000w\" sizes=\"auto, (max-width: 600px) 100vw, 600px\" \/>Die <b>Aaskr\u00e4he<\/b> (<i>Corvus corone<\/i>) ist eine Singvogelart aus der Familie der Rabenv\u00f6gel. Sie tritt in einer grau-schwarzen (\u201e<strong>Nebelkr\u00e4he<\/strong>\u201c) und einer vollst\u00e4ndig schwarzen Morphe (\u201e<a title=\"Rabenkr\u00e4he\" href=\"http:\/\/woerrlein-naturfoto.de\/wordpress\/kraehen-a-z\/rabenkraehe\/\" target=\"_blank\">Rabenkr\u00e4he<\/a>\u201c) auf. Sie bewohnt das warm- bis kaltgem\u00e4\u00dfigte Eurasien vom Nordrand des Mittelmeeres bis zum Pazifik und kommt in allen offenen bis halboffenen Lebensr\u00e4umen mit Baumbestand vor. Die n\u00f6rdlichen Populationen wandern im Winter s\u00fcdw\u00e4rts. Aaskr\u00e4hen sind Allesfresser und ern\u00e4hren sich von Samen, Insekten, Eiern, Fleisch und menschlichen Abf\u00e4llen. W\u00e4hrend Aaskr\u00e4hen als junge und unverpaarte Tiere vor allem in Schw\u00e4rmen leben, errichten Brutpaare Territorien, die sie aktiv gegen Artgenossen verteidigen. Ihre Nester errichtet die Art f\u00fcr gew\u00f6hnlich in der Krone hoher B\u00e4ume. Die Brutzeit beginnt im S\u00fcden des Verbreitungsgebiet bereits im Februar, im Norden oft erst im April, die Jungen fliegen rund 50 Tage nach der Eiablage aus. Die geographische Verteilung von Raben- und Nebelkr\u00e4henmorphen ist sehr homogen und stabil. Schwarze Tiere kommen von der Iberischen Halbinsel bis nach England und Westdeutschland vor. Auf der Apenninhalbinsel, im \u00f6stlichen Mittelmeerraum, Osteuropa &#8211; etwa \u00f6stlich der Elbe, dem Zweistromland und Russland bis zum Jenissej sind die V\u00f6gel durchgehend grau-schwarz gef\u00e4rbt. \u00d6stlich davon schlie\u00dft sich wiederum eine schwarz gef\u00e4rbte Population an. Zwischen den drei Arealen gibt es jeweils \u00dcbergangszonen, die zwischen 70 und 130\u00a0km breit sind und sich in den vergangenen Jahrzehnten kaum verschoben haben.<\/p>\n<p>L\u00e4nge: 44-51 cm\u00a0\u00a0 Spannweite: 90-100 cm\u00a0\u00a0 Gewicht: 450-600 g\u00a0\u00a0 Gelege: 3-6 Eier<\/p>\n<p>Zur Galerie <a title=\"Kr\u00e4hen\" href=\"http:\/\/woerrlein-naturfoto.de\/wordpress\/hauptseite-voegel\/voegel\/sperlingsvoegel-2\/kraehen\/\">Kr\u00e4hen<\/a><\/p>\n<p>&nbsp;<\/p>\n<p><em>Quelle des Textauszuges und weitere Infos bei <\/em><a href=\"http:\/\/de.wikipedia.org\/wiki\/Aaskr%C3%A4he\" target=\"_blank\">Wikipedia<\/a> <em>(<\/em><a href=\"http:\/\/www.gnu.org\/licenses\/fdl-1.3.txt\" target=\"_blank\">GNU-Lizenz<\/a><em>)<\/em> \u2013 <em>mein Dank gilt den<\/em> <a href=\"http:\/\/de.wikipedia.org\/w\/index.php?title=Aaskr%C3%A4he&amp;action=history\" target=\"_blank\">Autoren<\/a>.<\/p>\n","protected":false},"excerpt":{"rendered":"<p>V\u00f6gel -&gt; Sperlingsv\u00f6gel -&gt; Kr\u00e4hen V\u00f6gel von A-Z Zur Galerie Kr\u00e4hen Die Aaskr\u00e4he (Corvus corone) ist eine Singvogelart aus der Familie der Rabenv\u00f6gel. Sie tritt in einer grau-schwarzen (\u201eNebelkr\u00e4he\u201c) und einer vollst\u00e4ndig schwarzen Morphe (\u201eRabenkr\u00e4he\u201c) auf. Sie bewohnt das warm- bis kaltgem\u00e4\u00dfigte Eurasien vom Nordrand des Mittelmeeres bis zum Pazifik und kommt in allen offenen &hellip; <a href=\"https:\/\/woerrlein-naturfoto.de\/wordpress\/kraehen-a-z\/nebelkraehe\/\" class=\"more-link\"><span class=\"screen-reader-text\">Nebelkr\u00e4he<\/span> weiterlesen <span class=\"meta-nav\">&rarr;<\/span><\/a><\/p>\n","protected":false},"author":1,"featured_media":0,"parent":2813,"menu_order":0,"comment_status":"closed","ping_status":"closed","template":"page-templates\/full-width.php","meta":{"footnotes":""},"class_list":["post-2825","page","type-page","status-publish","hentry"],"_links":{"self":[{"href":"https:\/\/woerrlein-naturfoto.de\/wordpress\/wp-json\/wp\/v2\/pages\/2825","targetHints":{"allow":["GET"]}}],"collection":[{"href":"https:\/\/woerrlein-naturfoto.de\/wordpress\/wp-json\/wp\/v2\/pages"}],"about":[{"href":"https:\/\/woerrlein-naturfoto.de\/wordpress\/wp-json\/wp\/v2\/types\/page"}],"author":[{"embeddable":true,"href":"https:\/\/woerrlein-naturfoto.de\/wordpress\/wp-json\/wp\/v2\/users\/1"}],"replies":[{"embeddable":true,"href":"https:\/\/woerrlein-naturfoto.de\/wordpress\/wp-json\/wp\/v2\/comments?post=2825"}],"version-history":[{"count":9,"href":"https:\/\/woerrlein-naturfoto.de\/wordpress\/wp-json\/wp\/v2\/pages\/2825\/revisions"}],"predecessor-version":[{"id":6336,"href":"https:\/\/woerrlein-naturfoto.de\/wordpress\/wp-json\/wp\/v2\/pages\/2825\/revisions\/6336"}],"up":[{"embeddable":true,"href":"https:\/\/woerrlein-naturfoto.de\/wordpress\/wp-json\/wp\/v2\/pages\/2813"}],"wp:attachment":[{"href":"https:\/\/woerrlein-naturfoto.de\/wordpress\/wp-json\/wp\/v2\/media?parent=2825"}],"curies":[{"name":"wp","href":"https:\/\/api.w.org\/{rel}","templated":true}]}}