{"id":2823,"date":"2014-12-29T23:33:52","date_gmt":"2014-12-29T21:33:52","guid":{"rendered":"http:\/\/woerrlein-naturfoto.de\/wordpress\/?page_id=2823"},"modified":"2015-02-18T12:53:47","modified_gmt":"2015-02-18T11:53:47","slug":"kolkrabe","status":"publish","type":"page","link":"https:\/\/woerrlein-naturfoto.de\/wordpress\/kraehen-a-z\/kolkrabe\/","title":{"rendered":"Kolkrabe"},"content":{"rendered":"<p><a href=\"http:\/\/woerrlein-naturfoto.de\/wordpress\/voegel\/\"><span style=\"color: #ffff66;\">V\u00f6gel<\/span> <\/a>-&gt;<a href=\"http:\/\/woerrlein-naturfoto.de\/wordpress\/voegel\/sperlingsvoegel\/\"> <span style=\"color: #ffff66;\">Sperlingsv\u00f6gel<\/span> <\/a>-&gt;<a href=\"http:\/\/woerrlein-naturfoto.de\/wordpress\/hauptseite-voegel\/voegel\/sperlingsvoegel-2\/kraehen\/\"> <span style=\"color: #ffff66;\">Kr\u00e4hen<\/span><\/a><br \/>\n<a href=\"http:\/\/woerrlein-naturfoto.de\/wordpress\/voegel_von_a-z\/\">V\u00f6gel von A-Z<\/a><br \/>\nZur Galerie <a title=\"Kr\u00e4hen\" href=\"http:\/\/woerrlein-naturfoto.de\/wordpress\/hauptseite-voegel\/voegel\/sperlingsvoegel-2\/kraehen\/\">Kr\u00e4hen<\/a><\/p>\n<p><img loading=\"lazy\" decoding=\"async\" class=\"alignleft wp-image-2810\" src=\"http:\/\/woerrlein-naturfoto.de\/wordpress\/wp-content\/uploads\/Kolkrabe_9199L-600x400.jpg\" alt=\"Kolkrabe_9199L.jpg\" width=\"600\" height=\"400\" \/>Der <b>Kolkrabe<\/b> (<i>Corvus corax<\/i>) ist ein Singvogel aus der Familie der Rabenv\u00f6gel. Durch menschliche Verfolgung waren Kolkraben bis 1940 in weiten Teilen Mitteleuropas ausgestorben, haben sich danach durch nachlassende Verfolgung aber wieder ausgebreitet. Der wissenschaftliche Name <i>Corvus corax<\/i> setzt sich aus dem lateinischen <i>Corvus<\/i> und dem griechischen <i>Corax<\/i> zusammen, beides bedeutet \u201eRabe\u201c. <i>Kolk<\/i>, die erste Silbe seines seit dem 16. Jahrhundert bezeugten deutschen Namens, ist vermutlich lautmalerischen Ursprungs, ahmt also den Ruf des Vogels nach. Das riesige Verbreitungsgebiet der Art umfasst weite Teile der <a title=\"Holarktis\" href=\"http:\/\/de.wikipedia.org\/wiki\/Holarktis\" target=\"_blank\">Holarktis<\/a>. In der <a title=\"Pal\u00e4arktis\" href=\"http:\/\/de.wikipedia.org\/wiki\/Pal%C3%A4arktis\" target=\"_blank\">Pal\u00e4arktis<\/a> reicht es von Irland, Island und Portugal nach Osten bis Kamtschatka an der Pazifikk\u00fcste. Wie viele Rabenv\u00f6gel ist auch der Kolkrabe Allesfresser, wobei tierische Anteile meist \u00fcberwiegen. Das Nahrungsspektrum umfasst kleine Wirbeltiere aller Art sowie deren Entwicklungsstadien (z.\u00a0B. Vogeleier), gr\u00f6\u00dfere Insekten, Regenw\u00fcrmer und weitere Wirbellose, Aas jeder Gr\u00f6\u00dfe, Fr\u00fcchte, landwirtschaftliche Produkte wie Mais sowie menschliche Nahrungsabf\u00e4lle jeder Art.<\/p>\n<p>L\u00e4nge: 54-67 cm\u00a0\u00a0 Spannweite: 130-150 cm\u00a0\u00a0 Gewicht: 900-1400 g\u00a0\u00a0 Gelege: 4-6 Eier<\/p>\n<p>Zur Galerie <a title=\"Kr\u00e4hen\" href=\"http:\/\/woerrlein-naturfoto.de\/wordpress\/hauptseite-voegel\/voegel\/sperlingsvoegel-2\/kraehen\/\">Kr\u00e4hen<\/a><\/p>\n<p>&nbsp;<\/p>\n<p><em>Quelle des Textauszuges und weitere Infos bei <\/em><a href=\"http:\/\/de.wikipedia.org\/wiki\/Kolkrabe\" target=\"_blank\">Wikipedia<\/a> <em>(<\/em><a href=\"http:\/\/www.gnu.org\/licenses\/fdl-1.3.txt\" target=\"_blank\">GNU-Lizenz<\/a><em>)<\/em> \u2013 <em>mein Dank gilt den<\/em> <a href=\"http:\/\/de.wikipedia.org\/w\/index.php?title=Kolkrabe&amp;action=history\" target=\"_blank\">Autoren<\/a>.<\/p>\n","protected":false},"excerpt":{"rendered":"<p>V\u00f6gel -&gt; Sperlingsv\u00f6gel -&gt; Kr\u00e4hen V\u00f6gel von A-Z Zur Galerie Kr\u00e4hen Der Kolkrabe (Corvus corax) ist ein Singvogel aus der Familie der Rabenv\u00f6gel. Durch menschliche Verfolgung waren Kolkraben bis 1940 in weiten Teilen Mitteleuropas ausgestorben, haben sich danach durch nachlassende Verfolgung aber wieder ausgebreitet. Der wissenschaftliche Name Corvus corax setzt sich aus dem lateinischen Corvus &hellip; <a href=\"https:\/\/woerrlein-naturfoto.de\/wordpress\/kraehen-a-z\/kolkrabe\/\" class=\"more-link\"><span class=\"screen-reader-text\">Kolkrabe<\/span> weiterlesen <span class=\"meta-nav\">&rarr;<\/span><\/a><\/p>\n","protected":false},"author":1,"featured_media":0,"parent":2813,"menu_order":0,"comment_status":"closed","ping_status":"closed","template":"page-templates\/full-width.php","meta":{"footnotes":""},"class_list":["post-2823","page","type-page","status-publish","hentry"],"_links":{"self":[{"href":"https:\/\/woerrlein-naturfoto.de\/wordpress\/wp-json\/wp\/v2\/pages\/2823","targetHints":{"allow":["GET"]}}],"collection":[{"href":"https:\/\/woerrlein-naturfoto.de\/wordpress\/wp-json\/wp\/v2\/pages"}],"about":[{"href":"https:\/\/woerrlein-naturfoto.de\/wordpress\/wp-json\/wp\/v2\/types\/page"}],"author":[{"embeddable":true,"href":"https:\/\/woerrlein-naturfoto.de\/wordpress\/wp-json\/wp\/v2\/users\/1"}],"replies":[{"embeddable":true,"href":"https:\/\/woerrlein-naturfoto.de\/wordpress\/wp-json\/wp\/v2\/comments?post=2823"}],"version-history":[{"count":4,"href":"https:\/\/woerrlein-naturfoto.de\/wordpress\/wp-json\/wp\/v2\/pages\/2823\/revisions"}],"predecessor-version":[{"id":6335,"href":"https:\/\/woerrlein-naturfoto.de\/wordpress\/wp-json\/wp\/v2\/pages\/2823\/revisions\/6335"}],"up":[{"embeddable":true,"href":"https:\/\/woerrlein-naturfoto.de\/wordpress\/wp-json\/wp\/v2\/pages\/2813"}],"wp:attachment":[{"href":"https:\/\/woerrlein-naturfoto.de\/wordpress\/wp-json\/wp\/v2\/media?parent=2823"}],"curies":[{"name":"wp","href":"https:\/\/api.w.org\/{rel}","templated":true}]}}