{"id":2770,"date":"2014-12-29T15:33:21","date_gmt":"2014-12-29T13:33:21","guid":{"rendered":"http:\/\/woerrlein-naturfoto.de\/wordpress\/?page_id=2770"},"modified":"2015-02-18T12:51:15","modified_gmt":"2015-02-18T11:51:15","slug":"stieglitz","status":"publish","type":"page","link":"https:\/\/woerrlein-naturfoto.de\/wordpress\/finken-a-z\/stieglitz\/","title":{"rendered":"Stieglitz"},"content":{"rendered":"<p><a href=\"http:\/\/woerrlein-naturfoto.de\/wordpress\/voegel\/\"><span style=\"color: #ffff66;\">V\u00f6gel<\/span> <\/a>-&gt;<a href=\"http:\/\/woerrlein-naturfoto.de\/wordpress\/voegel\/sperlingsvoegel\/\"> <span style=\"color: #ffff66;\">Sperlingsv\u00f6gel<\/span> <\/a>-&gt;<a href=\"http:\/\/woerrlein-naturfoto.de\/wordpress\/hauptseite-voegel\/voegel\/sperlingsvoegel-2\/finken\/\"> <span style=\"color: #ffff66;\">Finken<\/span><\/a><br \/>\n<a title=\"V\u00f6gel von A-Z\" href=\"http:\/\/woerrlein-naturfoto.de\/wordpress\/voegel\/voegel_von_a-z\/\">V\u00f6gel von A-Z<\/a><br \/>\nzur Galerie <a title=\"Finken\" href=\"http:\/\/woerrlein-naturfoto.de\/wordpress\/hauptseite-voegel\/voegel\/sperlingsvoegel-2\/finken\/\">Finken<\/a><\/p>\n<p><img loading=\"lazy\" decoding=\"async\" class=\"alignleft wp-image-2734\" src=\"http:\/\/woerrlein-naturfoto.de\/wordpress\/wp-content\/uploads\/Stieglitz_39890_v-600x400.jpg\" alt=\"Stieglitz_39890_v.jpg\" width=\"600\" height=\"400\" \/>Der <b>Stieglitz<\/b> (<i>Carduelis carduelis<\/i>), auch <b>Distelfink<\/b> genannt, ist eine Vogelart aus der Familie der Finken. Er besiedelt Westeuropa bis Mittelsibirien, Nordafrika sowie West- und Zentralasien. In S\u00fcdamerika und Australien sowie auf Neuseeland und einigen Inseln Ozeaniens wurde er eingef\u00fchrt. Die Art gilt derzeit als nicht gef\u00e4hrdet. Der Stieglitz ern\u00e4hrt sich von halbreifen und reifen S\u00e4mereien von Stauden, Wiesenpflanzen und B\u00e4umen. Unter den ihm nachgewiesenen 152 Wildkr\u00e4utern bevorzugt er Ackerdistel, G\u00e4nsedistel, Kratzdistel und Karden, aber auch Hirtent\u00e4schelkraut, Ampfer, Wegerich, M\u00e4des\u00fc\u00df, Vogelmiere, Sonnenblume, Beifu\u00df, Kn\u00f6terich sowie Kieferzapfen und Birkensamen. W\u00e4hrend der Brutzeit frisst er auch kleine Insekten, insbesondere Blattl\u00e4use. Der Stieglitz ist durch sieben verschiedene Bewegungsweisen besonders an das Samenfressen angepasst: Er pickt Nahrung vom Boden auf oder beugt sich daf\u00fcr auf einem Ast sitzend weit vor. Zudem kann er kopfunter h\u00e4ngend picken oder seitlich h\u00e4ngend mit dem Kopf nach unten. D\u00fcnne Pflanzenst\u00e4ngel werden hingegen von unten angeflogen, damit der Stieglitz unter seitlicher K\u00f6rperhaltung langsam Schritt f\u00fcr Schritt nach oben klettern kann. Dabei biegt sich der St\u00e4ngel unter dem Gewicht des K\u00f6rpers so weit herab, dass er waagrecht steht oder sich zum Boden neigt. So kann der Vogel leicht zu den Samen gelangen. Sehr d\u00fcnne St\u00e4ngel werden zu mehreren umklammert, um den K\u00f6rper tragen zu k\u00f6nnen. Der Stieglitz klettert an kr\u00e4ftigen St\u00e4ngeln hoch und sitzt darauf. Zudem kann er auch mit den R\u00fccken nach unten an einer Nahrungsquelle h\u00e4ngen. Bei allen komplizierten Bewegungen und beim Vorbereiten der Samen f\u00fcr den Verzehr ist die Zusammenarbeit von Schnabel und Fu\u00df unabdingbar.<\/p>\n<p>L\u00e4nge: 12-13 cm\u00a0\u00a0 Spannweite: 21-25 cm\u00a0\u00a0 Gewicht: 25-22 g\u00a0\u00a0 Gelege: 4-6 Eier<\/p>\n<p>Zur Galerie <a title=\"Finken\" href=\"http:\/\/woerrlein-naturfoto.de\/wordpress\/hauptseite-voegel\/voegel\/sperlingsvoegel-2\/finken\/\">Finken<\/a><\/p>\n<p>&nbsp;<\/p>\n<p><em>Quelle des Textauszuges und weitere Infos bei <\/em><a href=\"http:\/\/de.wikipedia.org\/wiki\/Stieglitz\" target=\"_blank\">Wikipedia<\/a> <em>(<\/em><a href=\"http:\/\/www.gnu.org\/licenses\/fdl-1.3.txt\" target=\"_blank\">GNU-Lizenz<\/a><em>)<\/em> \u2013 <em>mein Dank gilt den<\/em> <a href=\"http:\/\/de.wikipedia.org\/w\/index.php?title=Stieglitz&amp;action=history\" target=\"_blank\">Autoren<\/a>.<\/p>\n","protected":false},"excerpt":{"rendered":"<p>V\u00f6gel -&gt; Sperlingsv\u00f6gel -&gt; Finken V\u00f6gel von A-Z zur Galerie Finken Der Stieglitz (Carduelis carduelis), auch Distelfink genannt, ist eine Vogelart aus der Familie der Finken. Er besiedelt Westeuropa bis Mittelsibirien, Nordafrika sowie West- und Zentralasien. In S\u00fcdamerika und Australien sowie auf Neuseeland und einigen Inseln Ozeaniens wurde er eingef\u00fchrt. Die Art gilt derzeit als &hellip; <a href=\"https:\/\/woerrlein-naturfoto.de\/wordpress\/finken-a-z\/stieglitz\/\" class=\"more-link\"><span class=\"screen-reader-text\">Stieglitz<\/span> weiterlesen <span class=\"meta-nav\">&rarr;<\/span><\/a><\/p>\n","protected":false},"author":1,"featured_media":0,"parent":2744,"menu_order":0,"comment_status":"closed","ping_status":"closed","template":"page-templates\/full-width.php","meta":{"footnotes":""},"class_list":["post-2770","page","type-page","status-publish","hentry"],"_links":{"self":[{"href":"https:\/\/woerrlein-naturfoto.de\/wordpress\/wp-json\/wp\/v2\/pages\/2770","targetHints":{"allow":["GET"]}}],"collection":[{"href":"https:\/\/woerrlein-naturfoto.de\/wordpress\/wp-json\/wp\/v2\/pages"}],"about":[{"href":"https:\/\/woerrlein-naturfoto.de\/wordpress\/wp-json\/wp\/v2\/types\/page"}],"author":[{"embeddable":true,"href":"https:\/\/woerrlein-naturfoto.de\/wordpress\/wp-json\/wp\/v2\/users\/1"}],"replies":[{"embeddable":true,"href":"https:\/\/woerrlein-naturfoto.de\/wordpress\/wp-json\/wp\/v2\/comments?post=2770"}],"version-history":[{"count":4,"href":"https:\/\/woerrlein-naturfoto.de\/wordpress\/wp-json\/wp\/v2\/pages\/2770\/revisions"}],"predecessor-version":[{"id":6332,"href":"https:\/\/woerrlein-naturfoto.de\/wordpress\/wp-json\/wp\/v2\/pages\/2770\/revisions\/6332"}],"up":[{"embeddable":true,"href":"https:\/\/woerrlein-naturfoto.de\/wordpress\/wp-json\/wp\/v2\/pages\/2744"}],"wp:attachment":[{"href":"https:\/\/woerrlein-naturfoto.de\/wordpress\/wp-json\/wp\/v2\/media?parent=2770"}],"curies":[{"name":"wp","href":"https:\/\/api.w.org\/{rel}","templated":true}]}}