{"id":2765,"date":"2014-12-29T15:21:11","date_gmt":"2014-12-29T13:21:11","guid":{"rendered":"http:\/\/woerrlein-naturfoto.de\/wordpress\/?page_id=2765"},"modified":"2015-02-18T12:50:48","modified_gmt":"2015-02-18T11:50:48","slug":"gruenfink","status":"publish","type":"page","link":"https:\/\/woerrlein-naturfoto.de\/wordpress\/finken-a-z\/gruenfink\/","title":{"rendered":"Gr\u00fcnfink"},"content":{"rendered":"<p><a href=\"http:\/\/woerrlein-naturfoto.de\/wordpress\/voegel\/\"><span style=\"color: #ffff66;\">V\u00f6gel<\/span> <\/a>-&gt;<a href=\"http:\/\/woerrlein-naturfoto.de\/wordpress\/voegel\/sperlingsvoegel\/\"> <span style=\"color: #ffff66;\">Sperlingsv\u00f6gel<\/span> <\/a>-&gt;<a href=\"http:\/\/woerrlein-naturfoto.de\/wordpress\/hauptseite-voegel\/voegel\/sperlingsvoegel-2\/finken\/\"> <span style=\"color: #ffff66;\">Finken<\/span><\/a><br \/>\n<a title=\"V\u00f6gel von A-Z\" href=\"http:\/\/woerrlein-naturfoto.de\/wordpress\/voegel\/voegel_von_a-z\/\">V\u00f6gel von A-Z<\/a><br \/>\nzur Galerie <a title=\"Finken\" href=\"http:\/\/woerrlein-naturfoto.de\/wordpress\/hauptseite-voegel\/voegel\/sperlingsvoegel-2\/finken\/\">Finken<\/a><\/p>\n<p><img loading=\"lazy\" decoding=\"async\" class=\"alignleft wp-image-2766\" src=\"http:\/\/woerrlein-naturfoto.de\/wordpress\/wp-content\/uploads\/Gruenfink_23202-600x400.jpg\" alt=\"Gruenfink_23202.jpg\" width=\"600\" height=\"400\" srcset=\"https:\/\/woerrlein-naturfoto.de\/wordpress\/wp-content\/uploads\/Gruenfink_23202-600x400.jpg 600w, https:\/\/woerrlein-naturfoto.de\/wordpress\/wp-content\/uploads\/Gruenfink_23202-120x80.jpg 120w, https:\/\/woerrlein-naturfoto.de\/wordpress\/wp-content\/uploads\/Gruenfink_23202.jpg 1000w\" sizes=\"auto, (max-width: 600px) 100vw, 600px\" \/>Der <b>Gr\u00fcnfink<\/b> (<i>Carduelis chloris<\/i>), auch <b>Gr\u00fcnling<\/b> genannt, ist ein Vogel aus der Familie der Finken, der in ganz Europa, dem n\u00f6rdlichen Afrika und dem s\u00fcdwestlichen Asien zu finden ist. Der \u00fcberwiegende Teil der Gr\u00fcnfinken sind Standv\u00f6gel, einige der n\u00f6rdlicheren Populationen ziehen jedoch im Winter nach West- und S\u00fcdeuropa. Der Gr\u00fcnfink ist ein h\u00e4ufiger Brutvogel in Feldgeh\u00f6lzen, an Waldr\u00e4ndern, auf Weidefl\u00e4chen mit B\u00fcschen, in Dorfg\u00e4rten und Parkanlagen. Er kommt h\u00e4ufig in St\u00e4dten vor. Das M\u00e4nnchen ist auf der K\u00f6rperunterseite gelbgr\u00fcn und auf der Oberseite graugr\u00fcn. Der B\u00fcrzel ist heller gr\u00fcn. Die Wangen, Hals, Nacken und gro\u00dfe Fl\u00fcgeldecken sind grau, die Flanken sind hellgrau. Auf den Fl\u00fcgeln ist ein graues Fl\u00fcgelfeld im Bereich der Armschwingen. Die Spitzen des Gro\u00dfgefieders sind dunkel. Die Kehle ist schmutzig-gelb. Die Beine sind fleischfarben. Das Weibchen ist insgesamt deutlich matter und weniger gelb gef\u00e4rbt als das M\u00e4nnchen. Die gesamte K\u00f6rperbefiederung ist schwach l\u00e4ngs gestrichelt. Ihre Oberseite und der Kopf sind br\u00e4unlich, die Unterseite des Rumpfes ist schwach gr\u00fcnlich-grau gef\u00e4rbt. Die Kehle ist hell, die Wangen braun.<\/p>\n<p>L\u00e4nge: 14-16 cm\u00a0\u00a0 Spannweite: 25-27 cm\u00a0\u00a0 Gewicht: 25-30 g\u00a0\u00a0 Gelege: 4-6 Eier<\/p>\n<p>Zur Galerie <a title=\"Finken\" href=\"http:\/\/woerrlein-naturfoto.de\/wordpress\/hauptseite-voegel\/voegel\/sperlingsvoegel-2\/finken\/\">Finken<\/a><\/p>\n<p>&nbsp;<\/p>\n<p><em>Quelle des Textauszuges und weitere Infos bei <\/em><a href=\"http:\/\/de.wikipedia.org\/wiki\/Gr%C3%BCnfink\" target=\"_blank\">Wikipedia<\/a> <em>(<\/em><a href=\"http:\/\/www.gnu.org\/licenses\/fdl-1.3.txt\" target=\"_blank\">GNU-Lizenz<\/a><em>)<\/em> \u2013 <em>mein Dank gilt den<\/em> <a href=\"http:\/\/de.wikipedia.org\/w\/index.php?title=Gr%C3%BCnfink&amp;action=history\" target=\"_blank\">Autoren<\/a>.<\/p>\n","protected":false},"excerpt":{"rendered":"<p>V\u00f6gel -&gt; Sperlingsv\u00f6gel -&gt; Finken V\u00f6gel von A-Z zur Galerie Finken Der Gr\u00fcnfink (Carduelis chloris), auch Gr\u00fcnling genannt, ist ein Vogel aus der Familie der Finken, der in ganz Europa, dem n\u00f6rdlichen Afrika und dem s\u00fcdwestlichen Asien zu finden ist. Der \u00fcberwiegende Teil der Gr\u00fcnfinken sind Standv\u00f6gel, einige der n\u00f6rdlicheren Populationen ziehen jedoch im Winter &hellip; <a href=\"https:\/\/woerrlein-naturfoto.de\/wordpress\/finken-a-z\/gruenfink\/\" class=\"more-link\"><span class=\"screen-reader-text\">Gr\u00fcnfink<\/span> weiterlesen <span class=\"meta-nav\">&rarr;<\/span><\/a><\/p>\n","protected":false},"author":1,"featured_media":0,"parent":2744,"menu_order":0,"comment_status":"closed","ping_status":"closed","template":"page-templates\/full-width.php","meta":{"footnotes":""},"class_list":["post-2765","page","type-page","status-publish","hentry"],"_links":{"self":[{"href":"https:\/\/woerrlein-naturfoto.de\/wordpress\/wp-json\/wp\/v2\/pages\/2765","targetHints":{"allow":["GET"]}}],"collection":[{"href":"https:\/\/woerrlein-naturfoto.de\/wordpress\/wp-json\/wp\/v2\/pages"}],"about":[{"href":"https:\/\/woerrlein-naturfoto.de\/wordpress\/wp-json\/wp\/v2\/types\/page"}],"author":[{"embeddable":true,"href":"https:\/\/woerrlein-naturfoto.de\/wordpress\/wp-json\/wp\/v2\/users\/1"}],"replies":[{"embeddable":true,"href":"https:\/\/woerrlein-naturfoto.de\/wordpress\/wp-json\/wp\/v2\/comments?post=2765"}],"version-history":[{"count":5,"href":"https:\/\/woerrlein-naturfoto.de\/wordpress\/wp-json\/wp\/v2\/pages\/2765\/revisions"}],"predecessor-version":[{"id":6331,"href":"https:\/\/woerrlein-naturfoto.de\/wordpress\/wp-json\/wp\/v2\/pages\/2765\/revisions\/6331"}],"up":[{"embeddable":true,"href":"https:\/\/woerrlein-naturfoto.de\/wordpress\/wp-json\/wp\/v2\/pages\/2744"}],"wp:attachment":[{"href":"https:\/\/woerrlein-naturfoto.de\/wordpress\/wp-json\/wp\/v2\/media?parent=2765"}],"curies":[{"name":"wp","href":"https:\/\/api.w.org\/{rel}","templated":true}]}}