{"id":2763,"date":"2014-12-29T14:49:05","date_gmt":"2014-12-29T12:49:05","guid":{"rendered":"http:\/\/woerrlein-naturfoto.de\/wordpress\/?page_id=2763"},"modified":"2015-02-18T12:49:57","modified_gmt":"2015-02-18T11:49:57","slug":"erlenzeisig","status":"publish","type":"page","link":"https:\/\/woerrlein-naturfoto.de\/wordpress\/finken-a-z\/erlenzeisig\/","title":{"rendered":"Erlenzeisig"},"content":{"rendered":"<p><a href=\"http:\/\/woerrlein-naturfoto.de\/wordpress\/voegel\/\"><span style=\"color: #ffff66;\">V\u00f6gel<\/span> <\/a>-&gt;<a href=\"http:\/\/woerrlein-naturfoto.de\/wordpress\/voegel\/sperlingsvoegel\/\"> <span style=\"color: #ffff66;\">Sperlingsv\u00f6gel<\/span> <\/a>-&gt;<a href=\"http:\/\/woerrlein-naturfoto.de\/wordpress\/hauptseite-voegel\/voegel\/sperlingsvoegel-2\/finken\/\"> <span style=\"color: #ffff66;\">Finken<\/span><\/a><br \/>\n<a title=\"V\u00f6gel von A-Z\" href=\"http:\/\/woerrlein-naturfoto.de\/wordpress\/voegel\/voegel_von_a-z\/\">V\u00f6gel von A-Z<\/a><br \/>\nzur Galerie <a title=\"Finken\" href=\"http:\/\/woerrlein-naturfoto.de\/wordpress\/hauptseite-voegel\/voegel\/sperlingsvoegel-2\/finken\/\">Finken<\/a><\/p>\n<p><img loading=\"lazy\" decoding=\"async\" class=\"alignleft wp-image-2733\" src=\"http:\/\/woerrlein-naturfoto.de\/wordpress\/wp-content\/uploads\/Erlenzeisig_69824_v-600x400.jpg\" alt=\"Erlenzeisig_69824_v.jpg\" width=\"600\" height=\"400\" srcset=\"https:\/\/woerrlein-naturfoto.de\/wordpress\/wp-content\/uploads\/Erlenzeisig_69824_v-600x400.jpg 600w, https:\/\/woerrlein-naturfoto.de\/wordpress\/wp-content\/uploads\/Erlenzeisig_69824_v-120x80.jpg 120w, https:\/\/woerrlein-naturfoto.de\/wordpress\/wp-content\/uploads\/Erlenzeisig_69824_v.jpg 1000w\" sizes=\"auto, (max-width: 600px) 100vw, 600px\" \/>Der <b>Erlenzeisig<\/b> (<i>Carduelis spinus<\/i>) oder <b>Zeisig<\/b> ist eine Vogelart aus der Familie der Finken. Erlenzeisige kommen mit Ausnahme von Island und Nordskandinavien in ganz Europa vor. Au\u00dferdem leben sie in Nord- und Ostasien sowie im Nahen und Mittleren Osten. Der Erlenzeisig ist in seinem Bestand ungef\u00e4hrdet. In Mittel-, S\u00fcd- und Westeuropa sind sie Jahresv\u00f6gel. Sie br\u00fcten am liebsten in Fichten, deshalb sind sie w\u00e4hrend der Brutzeit vor allem in Nadel- und Mischw\u00e4ldern anzutreffen. Im Winter ziehen sie in gro\u00dfen Schw\u00e4rmen \u00fcber gro\u00dfe Strecken durch offene Landschaft und ern\u00e4hren sich von Samen und Knospen. Dabei ziehen die meisten Tiere eher nach S\u00fcdeuropa. Erlenzeisige hei\u00dfen so, weil sie sich am liebsten von Erlen- und Birkensamen ern\u00e4hren. Aber auch andere Samen, am h\u00e4ufigsten von B\u00e4umen, sowie N\u00fcsse und manchmal Insekten werden gefressen.<\/p>\n<p>L\u00e4nge: 11-12 cm\u00a0\u00a0 Spannweite: 20-238 cm\u00a0\u00a0 Gewicht: 12-15 g\u00a0\u00a0 Gelege: 3-5 Eier<\/p>\n<p>Zur Galerie <a title=\"Finken\" href=\"http:\/\/woerrlein-naturfoto.de\/wordpress\/hauptseite-voegel\/voegel\/sperlingsvoegel-2\/finken\/\">Finken<\/a><\/p>\n<p>&nbsp;<\/p>\n<p><em>Quelle des Textauszuges und weitere Infos bei <\/em><a href=\"http:\/\/de.wikipedia.org\/wiki\/Erlenzeisig\" target=\"_blank\">Wikipedia<\/a> <em>(<\/em><a href=\"http:\/\/www.gnu.org\/licenses\/fdl-1.3.txt\" target=\"_blank\">GNU-Lizenz<\/a><em>)<\/em> \u2013 <em>mein Dank gilt den<\/em> <a href=\"http:\/\/de.wikipedia.org\/w\/index.php?title=Erlenzeisig&amp;action=history\" target=\"_blank\">Autoren<\/a>.<\/p>\n","protected":false},"excerpt":{"rendered":"<p>V\u00f6gel -&gt; Sperlingsv\u00f6gel -&gt; Finken V\u00f6gel von A-Z zur Galerie Finken Der Erlenzeisig (Carduelis spinus) oder Zeisig ist eine Vogelart aus der Familie der Finken. Erlenzeisige kommen mit Ausnahme von Island und Nordskandinavien in ganz Europa vor. Au\u00dferdem leben sie in Nord- und Ostasien sowie im Nahen und Mittleren Osten. Der Erlenzeisig ist in seinem &hellip; <a href=\"https:\/\/woerrlein-naturfoto.de\/wordpress\/finken-a-z\/erlenzeisig\/\" class=\"more-link\"><span class=\"screen-reader-text\">Erlenzeisig<\/span> weiterlesen <span class=\"meta-nav\">&rarr;<\/span><\/a><\/p>\n","protected":false},"author":1,"featured_media":0,"parent":2744,"menu_order":0,"comment_status":"closed","ping_status":"closed","template":"page-templates\/full-width.php","meta":{"footnotes":""},"class_list":["post-2763","page","type-page","status-publish","hentry"],"_links":{"self":[{"href":"https:\/\/woerrlein-naturfoto.de\/wordpress\/wp-json\/wp\/v2\/pages\/2763","targetHints":{"allow":["GET"]}}],"collection":[{"href":"https:\/\/woerrlein-naturfoto.de\/wordpress\/wp-json\/wp\/v2\/pages"}],"about":[{"href":"https:\/\/woerrlein-naturfoto.de\/wordpress\/wp-json\/wp\/v2\/types\/page"}],"author":[{"embeddable":true,"href":"https:\/\/woerrlein-naturfoto.de\/wordpress\/wp-json\/wp\/v2\/users\/1"}],"replies":[{"embeddable":true,"href":"https:\/\/woerrlein-naturfoto.de\/wordpress\/wp-json\/wp\/v2\/comments?post=2763"}],"version-history":[{"count":3,"href":"https:\/\/woerrlein-naturfoto.de\/wordpress\/wp-json\/wp\/v2\/pages\/2763\/revisions"}],"predecessor-version":[{"id":6329,"href":"https:\/\/woerrlein-naturfoto.de\/wordpress\/wp-json\/wp\/v2\/pages\/2763\/revisions\/6329"}],"up":[{"embeddable":true,"href":"https:\/\/woerrlein-naturfoto.de\/wordpress\/wp-json\/wp\/v2\/pages\/2744"}],"wp:attachment":[{"href":"https:\/\/woerrlein-naturfoto.de\/wordpress\/wp-json\/wp\/v2\/media?parent=2763"}],"curies":[{"name":"wp","href":"https:\/\/api.w.org\/{rel}","templated":true}]}}