{"id":276,"date":"2014-04-06T23:24:39","date_gmt":"2014-04-06T21:24:39","guid":{"rendered":"http:\/\/woerrlein-naturfoto.de\/wordpress\/?page_id=276"},"modified":"2020-04-28T10:54:51","modified_gmt":"2020-04-28T08:54:51","slug":"rotkehlchen","status":"publish","type":"page","link":"https:\/\/woerrlein-naturfoto.de\/wordpress\/drosseln_a-z\/rotkehlchen\/","title":{"rendered":"Rotkehlchen"},"content":{"rendered":"<p><a href=\"http:\/\/woerrlein-naturfoto.de\/wordpress\/voegel\/\"><span style=\"color: #ffff66;\">V\u00f6gel<\/span> <\/a>-&gt;<a href=\"http:\/\/woerrlein-naturfoto.de\/wordpress\/voegel\/sperlingsvoegel\/\"> <span style=\"color: #ffff66;\">Sperlingsv\u00f6gel<\/span><\/a> -&gt;<a href=\"http:\/\/woerrlein-naturfoto.de\/wordpress\/hauptseite-voegel\/voegel\/sperlingsvoegel\/drosseln\"> <span style=\"color: #ffff66;\">Drosseln<\/span><\/a><br \/>\n<a href=\"http:\/\/woerrlein-naturfoto.de\/wordpress\/voegel\/voegel_von_a-z\/\">V\u00f6gel von A-Z<\/a><a href=\"http:\/\/woerrlein-naturfoto.de\/wordpress\/voegel-von-a-z\/\"><br \/>\n<\/a>Zur Galerie <a href=\"http:\/\/woerrlein-naturfoto.de\/wordpress\/hauptseite-voegel\/voegel\/sperlingsvoegel\/drosseln\">Drosseln<\/a><\/p>\n<p><img loading=\"lazy\" decoding=\"async\" class=\"alignleft wp-image-12236\" src=\"http:\/\/woerrlein-naturfoto.de\/wordpress\/wp-content\/uploads\/2014\/03\/Rotkehlchen_AW_63143_5363x3575-600x400.jpg\" alt=\"\" width=\"600\" height=\"400\" \/><\/p>\n<p>Das <b>Rotkehlchen<\/b> (<i>Erithacus rubecula<\/i>)wird in vielen B\u00fcchern den\u00a0 Drosseln zugerechnet. Es besiedelt Nordafrika, Europa und Kleinasien sowie die Mittelmeerinseln. Seine Nahrung besteht vor allem aus Insekten, kleinen Spinnen, W\u00fcrmern und Schnecken. Sein Gesang beginnt etwa eine Stunde vor Sonnenaufgang und ist bis in die D\u00e4mmerung fast das ganze Jahr \u00fcber zu h\u00f6ren.<\/p>\n<p>L\u00e4nge: 14 cm\u00a0\u00a0 Spannweite: 20-22 cm\u00a0\u00a0 Gewicht: 13-23 g\u00a0\u00a0 Gelege: 4-6 Eier<\/p>\n<p>Zur Galerie <a href=\"http:\/\/woerrlein-naturfoto.de\/wordpress\/hauptseite-voegel\/voegel\/sperlingsvoegel\/drosseln\">Drosseln<\/a><\/p>\n<p>&nbsp;<\/p>\n<p><em>Quelle des Textauszuges und weitere Infos bei <\/em><a href=\"http:\/\/de.wikipedia.org\/wiki\/Rotkehlchen\" target=\"_blank\" rel=\"noopener noreferrer\">Wikipedia<\/a> <em>(<\/em><a href=\"http:\/\/www.gnu.org\/licenses\/fdl-1.3.txt\" target=\"_blank\" rel=\"noopener noreferrer\">GNU-Lizenz<\/a><em>)<\/em> \u2013 <em>mein Dank gilt den<\/em> <a href=\"http:\/\/de.wikipedia.org\/w\/index.php?title=Rotkehlchen&amp;action=history\" target=\"_blank\" rel=\"noopener noreferrer\">Autoren<\/a>.<\/p>\n","protected":false},"excerpt":{"rendered":"<p>V\u00f6gel -&gt; Sperlingsv\u00f6gel -&gt; Drosseln V\u00f6gel von A-Z Zur Galerie Drosseln Das Rotkehlchen (Erithacus rubecula)wird in vielen B\u00fcchern den\u00a0 Drosseln zugerechnet. Es besiedelt Nordafrika, Europa und Kleinasien sowie die Mittelmeerinseln. Seine Nahrung besteht vor allem aus Insekten, kleinen Spinnen, W\u00fcrmern und Schnecken. Sein Gesang beginnt etwa eine Stunde vor Sonnenaufgang und ist bis in die &hellip; <a href=\"https:\/\/woerrlein-naturfoto.de\/wordpress\/drosseln_a-z\/rotkehlchen\/\" class=\"more-link\"><span class=\"screen-reader-text\">Rotkehlchen<\/span> weiterlesen <span class=\"meta-nav\">&rarr;<\/span><\/a><\/p>\n","protected":false},"author":1,"featured_media":0,"parent":211,"menu_order":0,"comment_status":"closed","ping_status":"closed","template":"page-templates\/full-width.php","meta":{"footnotes":""},"class_list":["post-276","page","type-page","status-publish","hentry"],"_links":{"self":[{"href":"https:\/\/woerrlein-naturfoto.de\/wordpress\/wp-json\/wp\/v2\/pages\/276","targetHints":{"allow":["GET"]}}],"collection":[{"href":"https:\/\/woerrlein-naturfoto.de\/wordpress\/wp-json\/wp\/v2\/pages"}],"about":[{"href":"https:\/\/woerrlein-naturfoto.de\/wordpress\/wp-json\/wp\/v2\/types\/page"}],"author":[{"embeddable":true,"href":"https:\/\/woerrlein-naturfoto.de\/wordpress\/wp-json\/wp\/v2\/users\/1"}],"replies":[{"embeddable":true,"href":"https:\/\/woerrlein-naturfoto.de\/wordpress\/wp-json\/wp\/v2\/comments?post=276"}],"version-history":[{"count":20,"href":"https:\/\/woerrlein-naturfoto.de\/wordpress\/wp-json\/wp\/v2\/pages\/276\/revisions"}],"predecessor-version":[{"id":12242,"href":"https:\/\/woerrlein-naturfoto.de\/wordpress\/wp-json\/wp\/v2\/pages\/276\/revisions\/12242"}],"up":[{"embeddable":true,"href":"https:\/\/woerrlein-naturfoto.de\/wordpress\/wp-json\/wp\/v2\/pages\/211"}],"wp:attachment":[{"href":"https:\/\/woerrlein-naturfoto.de\/wordpress\/wp-json\/wp\/v2\/media?parent=276"}],"curies":[{"name":"wp","href":"https:\/\/api.w.org\/{rel}","templated":true}]}}