{"id":2750,"date":"2014-12-29T13:40:37","date_gmt":"2014-12-29T11:40:37","guid":{"rendered":"http:\/\/woerrlein-naturfoto.de\/wordpress\/?page_id=2750"},"modified":"2015-02-18T12:49:38","modified_gmt":"2015-02-18T11:49:38","slug":"buchfink","status":"publish","type":"page","link":"https:\/\/woerrlein-naturfoto.de\/wordpress\/finken-a-z\/buchfink\/","title":{"rendered":"Buchfink"},"content":{"rendered":"<p><a href=\"http:\/\/woerrlein-naturfoto.de\/wordpress\/voegel\/\"><span style=\"color: #ffff66;\">V\u00f6gel<\/span> <\/a>-&gt;<a href=\"http:\/\/woerrlein-naturfoto.de\/wordpress\/voegel\/sperlingsvoegel\/\"> <span style=\"color: #ffff66;\">Sperlingsv\u00f6gel<\/span> <\/a>-&gt;<a href=\"http:\/\/woerrlein-naturfoto.de\/wordpress\/hauptseite-voegel\/voegel\/sperlingsvoegel-2\/finken\/\"> <span style=\"color: #ffff66;\">Finken<\/span><\/a><br \/>\n<a title=\"V\u00f6gel von A-Z\" href=\"http:\/\/woerrlein-naturfoto.de\/wordpress\/voegel\/voegel_von_a-z\/\">V\u00f6gel von A-Z<\/a><br \/>\nzur Galerie <a title=\"Finken\" href=\"http:\/\/woerrlein-naturfoto.de\/wordpress\/hauptseite-voegel\/voegel\/sperlingsvoegel-2\/finken\/\">Finken<\/a><\/p>\n<p><img loading=\"lazy\" decoding=\"async\" class=\"alignleft wp-image-2739\" src=\"http:\/\/woerrlein-naturfoto.de\/wordpress\/wp-content\/uploads\/Buchfink_15561-600x400.jpg\" alt=\"Buchfink_15561.jpg\" width=\"600\" height=\"400\" srcset=\"https:\/\/woerrlein-naturfoto.de\/wordpress\/wp-content\/uploads\/Buchfink_15561-600x400.jpg 600w, https:\/\/woerrlein-naturfoto.de\/wordpress\/wp-content\/uploads\/Buchfink_15561-120x80.jpg 120w, https:\/\/woerrlein-naturfoto.de\/wordpress\/wp-content\/uploads\/Buchfink_15561.jpg 1000w\" sizes=\"auto, (max-width: 600px) 100vw, 600px\" \/><\/p>\n<p>Der <b>Buchfink<\/b> (<i>Fringilla coelebs<\/i>) ist ein zur Familie der Finken geh\u00f6riger Singvogel. Er kommt in ganz Europa mit Ausnahme Islands und des n\u00f6rdlichsten Skandinaviens vor, sein Verbreitungsgebiet erstreckt sich in \u00f6stlicher Richtung bis nach Mittelsibirien. Er ist au\u00dferdem ein Brutvogel in Nordafrika und Vorderasien bis einschlie\u00dflich des Irans. In Neuseeland und in der S\u00fcdafrikanischen Republik ist der Buchfink vom Menschen eingef\u00fchrt worden. In Mitteleuropa ist der Buchfink einer der am weitesten verbreiteten Brutv\u00f6gel. Sein Verbreitungsgebiet reicht von der K\u00fcste bis zur Baumgrenze im Gebirge. Die Buchfinken Nord- und Osteuropas sind Zugv\u00f6gel, dagegen ist er in Mitteleuropa ein Teilzieher. Es werden mehrere Unterarten unterschieden. Davon kommen drei auf den Kanarischen Inseln und je eine auf den Azoren, Madeira, Sardinien und Kreta vor. Die Nahrung der Buchfinken besteht aus Beeren, Samen aller Art, Insekten und Spinnen. Die Nestlinge werden mit Insekten und deren Larven gef\u00fcttert. Seine Nahrung sucht der Buchfink \u00fcberwiegend auf dem Erdboden und nutzt vor allem die Stellen, die nur sp\u00e4rlich mit Vegetation bewachsen sind. Die Nahrung wird mit schnellen, pickenden Bewegungen vom Erdboden aufgenommen.<\/p>\n<p>L\u00e4nge: 14-16 cm\u00a0\u00a0 Spannweite: 25-28 cm\u00a0\u00a0 Gewicht: 20-28 g\u00a0\u00a0 Gelege: 4-5 Eier<\/p>\n<p>Zur Galerie <a title=\"Finken\" href=\"http:\/\/woerrlein-naturfoto.de\/wordpress\/hauptseite-voegel\/voegel\/sperlingsvoegel-2\/finken\/\">Finken<\/a><\/p>\n<p>&nbsp;<\/p>\n<p><em>Quelle des Textauszuges und weitere Infos bei <\/em><a href=\"http:\/\/de.wikipedia.org\/wiki\/Buchfink\" target=\"_blank\">Wikipedia<\/a> <em>(<\/em><a href=\"http:\/\/www.gnu.org\/licenses\/fdl-1.3.txt\" target=\"_blank\">GNU-Lizenz<\/a><em>)<\/em> \u2013 <em>mein Dank gilt den<\/em> <a href=\"http:\/\/de.wikipedia.org\/w\/index.php?title=Buchfink&amp;action=history\" target=\"_blank\">Autoren<\/a>.<\/p>\n","protected":false},"excerpt":{"rendered":"<p>V\u00f6gel -&gt; Sperlingsv\u00f6gel -&gt; Finken V\u00f6gel von A-Z zur Galerie Finken Der Buchfink (Fringilla coelebs) ist ein zur Familie der Finken geh\u00f6riger Singvogel. Er kommt in ganz Europa mit Ausnahme Islands und des n\u00f6rdlichsten Skandinaviens vor, sein Verbreitungsgebiet erstreckt sich in \u00f6stlicher Richtung bis nach Mittelsibirien. Er ist au\u00dferdem ein Brutvogel in Nordafrika und Vorderasien &hellip; <a href=\"https:\/\/woerrlein-naturfoto.de\/wordpress\/finken-a-z\/buchfink\/\" class=\"more-link\"><span class=\"screen-reader-text\">Buchfink<\/span> weiterlesen <span class=\"meta-nav\">&rarr;<\/span><\/a><\/p>\n","protected":false},"author":1,"featured_media":0,"parent":2744,"menu_order":0,"comment_status":"closed","ping_status":"closed","template":"page-templates\/full-width.php","meta":{"footnotes":""},"class_list":["post-2750","page","type-page","status-publish","hentry"],"_links":{"self":[{"href":"https:\/\/woerrlein-naturfoto.de\/wordpress\/wp-json\/wp\/v2\/pages\/2750","targetHints":{"allow":["GET"]}}],"collection":[{"href":"https:\/\/woerrlein-naturfoto.de\/wordpress\/wp-json\/wp\/v2\/pages"}],"about":[{"href":"https:\/\/woerrlein-naturfoto.de\/wordpress\/wp-json\/wp\/v2\/types\/page"}],"author":[{"embeddable":true,"href":"https:\/\/woerrlein-naturfoto.de\/wordpress\/wp-json\/wp\/v2\/users\/1"}],"replies":[{"embeddable":true,"href":"https:\/\/woerrlein-naturfoto.de\/wordpress\/wp-json\/wp\/v2\/comments?post=2750"}],"version-history":[{"count":3,"href":"https:\/\/woerrlein-naturfoto.de\/wordpress\/wp-json\/wp\/v2\/pages\/2750\/revisions"}],"predecessor-version":[{"id":6328,"href":"https:\/\/woerrlein-naturfoto.de\/wordpress\/wp-json\/wp\/v2\/pages\/2750\/revisions\/6328"}],"up":[{"embeddable":true,"href":"https:\/\/woerrlein-naturfoto.de\/wordpress\/wp-json\/wp\/v2\/pages\/2744"}],"wp:attachment":[{"href":"https:\/\/woerrlein-naturfoto.de\/wordpress\/wp-json\/wp\/v2\/media?parent=2750"}],"curies":[{"name":"wp","href":"https:\/\/api.w.org\/{rel}","templated":true}]}}