{"id":2746,"date":"2014-12-29T13:30:04","date_gmt":"2014-12-29T11:30:04","guid":{"rendered":"http:\/\/woerrlein-naturfoto.de\/wordpress\/?page_id=2746"},"modified":"2016-01-23T17:54:25","modified_gmt":"2016-01-23T16:54:25","slug":"bergfink","status":"publish","type":"page","link":"https:\/\/woerrlein-naturfoto.de\/wordpress\/finken-a-z\/bergfink\/","title":{"rendered":"Bergfink"},"content":{"rendered":"<p><a href=\"http:\/\/woerrlein-naturfoto.de\/wordpress\/voegel\/\"><span style=\"color: #ffff66;\">V\u00f6gel<\/span> <\/a>-&gt;<a href=\"http:\/\/woerrlein-naturfoto.de\/wordpress\/voegel\/sperlingsvoegel\/\"> <span style=\"color: #ffff66;\">Sperlingsv\u00f6gel<\/span> <\/a>-&gt;<a href=\"http:\/\/woerrlein-naturfoto.de\/wordpress\/hauptseite-voegel\/voegel\/sperlingsvoegel-2\/finken\/\"> <span style=\"color: #ffff66;\">Finken<\/span><\/a><br \/>\n<a title=\"V\u00f6gel von A-Z\" href=\"http:\/\/woerrlein-naturfoto.de\/wordpress\/voegel\/voegel_von_a-z\/\">V\u00f6gel von A-Z<\/a><br \/>\nzur Galerie <a title=\"Finken\" href=\"http:\/\/woerrlein-naturfoto.de\/wordpress\/hauptseite-voegel\/voegel\/sperlingsvoegel-2\/finken\/\">Finken<\/a><\/p>\n<p><img loading=\"lazy\" decoding=\"async\" class=\"alignleft wp-image-7939\" src=\"http:\/\/woerrlein-naturfoto.de\/wordpress\/wp-content\/uploads\/2014\/12\/Bergfink_25816-600x400.jpg\" alt=\"\" width=\"600\" height=\"400\" srcset=\"https:\/\/woerrlein-naturfoto.de\/wordpress\/wp-content\/uploads\/2014\/12\/Bergfink_25816-600x400.jpg 600w, https:\/\/woerrlein-naturfoto.de\/wordpress\/wp-content\/uploads\/2014\/12\/Bergfink_25816-768x512.jpg 768w, https:\/\/woerrlein-naturfoto.de\/wordpress\/wp-content\/uploads\/2014\/12\/Bergfink_25816-120x80.jpg 120w, https:\/\/woerrlein-naturfoto.de\/wordpress\/wp-content\/uploads\/2014\/12\/Bergfink_25816.jpg 1000w\" sizes=\"auto, (max-width: 600px) 100vw, 600px\" \/>Der <b>Bergfink<\/b> oder <b>Nordfink<\/b> (<i>Fringilla montifringilla<\/i>) ist eine Singvogelart aus der Unterfamilie der Edelfinken\u00a0 innerhalb der Familie der Finken. Unter den Finken zeigt er das ausgepr\u00e4gteste Zugverhalten. Der Bergfink grenzt an das Verbreitungsgebiet des Buchfinks an und ist vor allem in den skandinavischen Birkenw\u00e4ldern beheimatet. Er ist von Norwegen bis nach Kamtschatka verbreitet. In Europa findet man diesen Vogel bis an die s\u00fcdliche Grenze von Norwegen, Mittelschweden, S\u00fcdfinnland sowie im n\u00f6rdlichen und mittleren Russland. Nur in Ausnahmef\u00e4llen br\u00fcten Bergfinken auch in Mitteleuropa. In seinem Verbreitungsgebiet ist der Bergfink neben dem Fitis der h\u00e4ufigste Brutvogel. W\u00e4hrend der Zugzeit verl\u00e4sst er sein Brutgebiet vollst\u00e4ndig. Er ist dann in Mitteleuropa in den verschiedensten Lebensr\u00e4umen anzutreffen. Man findet ihn vor allem in W\u00e4ldern mit Buchenbest\u00e4nden. Er ist in dieser Zeit gelegentlich auch an Futterpl\u00e4tzen zu beobachten, wo er mit Vorliebe Sonnenblumenkerne verzehrt. \u00c4hnlich wie der Buchfink lebt der Bergfink w\u00e4hrend der Sommerzeit von Insekten und Wirbellosen. Im Winterhalbjahr frisst er vor allem S\u00e4mereien, wobei Bucheckern darunter einen gro\u00dfen Anteil ausmachen.<\/p>\n<p>L\u00e4nge: 13-15 cm\u00a0\u00a0 Spannweite: 25-26 cm\u00a0\u00a0 Gewicht: 20-28 g\u00a0\u00a0 Gelege: 5-7 Eier<\/p>\n<p>Zur Galerie <a title=\"Finken\" href=\"http:\/\/woerrlein-naturfoto.de\/wordpress\/hauptseite-voegel\/voegel\/sperlingsvoegel-2\/finken\/\">Finken<\/a><\/p>\n<p>&nbsp;<\/p>\n<p><em>Quelle des Textauszuges und weitere Infos bei <\/em><a href=\"http:\/\/de.wikipedia.org\/wiki\/Bergfink\" target=\"_blank\">Wikipedia<\/a> <em>(<\/em><a href=\"http:\/\/www.gnu.org\/licenses\/fdl-1.3.txt\" target=\"_blank\">GNU-Lizenz<\/a><em>)<\/em> \u2013 <em>mein Dank gilt den<\/em> <a href=\"http:\/\/de.wikipedia.org\/w\/index.php?title=Bergfink&amp;action=history\" target=\"_blank\">Autoren<\/a>.<\/p>\n","protected":false},"excerpt":{"rendered":"<p>V\u00f6gel -&gt; Sperlingsv\u00f6gel -&gt; Finken V\u00f6gel von A-Z zur Galerie Finken Der Bergfink oder Nordfink (Fringilla montifringilla) ist eine Singvogelart aus der Unterfamilie der Edelfinken\u00a0 innerhalb der Familie der Finken. Unter den Finken zeigt er das ausgepr\u00e4gteste Zugverhalten. Der Bergfink grenzt an das Verbreitungsgebiet des Buchfinks an und ist vor allem in den skandinavischen Birkenw\u00e4ldern &hellip; <a href=\"https:\/\/woerrlein-naturfoto.de\/wordpress\/finken-a-z\/bergfink\/\" class=\"more-link\"><span class=\"screen-reader-text\">Bergfink<\/span> weiterlesen <span class=\"meta-nav\">&rarr;<\/span><\/a><\/p>\n","protected":false},"author":1,"featured_media":0,"parent":2744,"menu_order":0,"comment_status":"closed","ping_status":"closed","template":"page-templates\/full-width.php","meta":{"footnotes":""},"class_list":["post-2746","page","type-page","status-publish","hentry"],"_links":{"self":[{"href":"https:\/\/woerrlein-naturfoto.de\/wordpress\/wp-json\/wp\/v2\/pages\/2746","targetHints":{"allow":["GET"]}}],"collection":[{"href":"https:\/\/woerrlein-naturfoto.de\/wordpress\/wp-json\/wp\/v2\/pages"}],"about":[{"href":"https:\/\/woerrlein-naturfoto.de\/wordpress\/wp-json\/wp\/v2\/types\/page"}],"author":[{"embeddable":true,"href":"https:\/\/woerrlein-naturfoto.de\/wordpress\/wp-json\/wp\/v2\/users\/1"}],"replies":[{"embeddable":true,"href":"https:\/\/woerrlein-naturfoto.de\/wordpress\/wp-json\/wp\/v2\/comments?post=2746"}],"version-history":[{"count":5,"href":"https:\/\/woerrlein-naturfoto.de\/wordpress\/wp-json\/wp\/v2\/pages\/2746\/revisions"}],"predecessor-version":[{"id":7941,"href":"https:\/\/woerrlein-naturfoto.de\/wordpress\/wp-json\/wp\/v2\/pages\/2746\/revisions\/7941"}],"up":[{"embeddable":true,"href":"https:\/\/woerrlein-naturfoto.de\/wordpress\/wp-json\/wp\/v2\/pages\/2744"}],"wp:attachment":[{"href":"https:\/\/woerrlein-naturfoto.de\/wordpress\/wp-json\/wp\/v2\/media?parent=2746"}],"curies":[{"name":"wp","href":"https:\/\/api.w.org\/{rel}","templated":true}]}}