{"id":2703,"date":"2014-12-29T00:02:27","date_gmt":"2014-12-28T22:02:27","guid":{"rendered":"http:\/\/woerrlein-naturfoto.de\/wordpress\/?page_id=2703"},"modified":"2015-02-18T12:45:18","modified_gmt":"2015-02-18T11:45:18","slug":"beutelmeise","status":"publish","type":"page","link":"https:\/\/woerrlein-naturfoto.de\/wordpress\/beutelmeisen-a-z\/beutelmeise\/","title":{"rendered":"Beutelmeise"},"content":{"rendered":"<p><a href=\"http:\/\/woerrlein-naturfoto.de\/wordpress\/voegel\/\"><span style=\"color: #ffff66;\">V\u00f6gel<\/span> <\/a>-&gt;<a href=\"http:\/\/woerrlein-naturfoto.de\/wordpress\/voegel\/sperlingsvoegel\/\"> <span style=\"color: #ffff66;\">Sperlingsv\u00f6gel<\/span><\/a> -&gt;<a href=\"http:\/\/woerrlein-naturfoto.de\/wordpress\/hauptseite-voegel\/voegel\/sperlingsvoegel-2\/beutelmeisen\/\"> <span style=\"color: #ffff66;\">Beutelmeisen<\/span><\/a><br \/>\n<a href=\"http:\/\/woerrlein-naturfoto.de\/wordpress\/voegel_von_a-z\/\">V\u00f6gel von A-Z<\/a><br \/>\nZur Galerie <a title=\"Beutelmeisen\" href=\"http:\/\/woerrlein-naturfoto.de\/wordpress\/hauptseite-voegel\/voegel\/sperlingsvoegel-2\/beutelmeisen\/\">Beutelmeisen<\/a><\/p>\n<p><img loading=\"lazy\" decoding=\"async\" class=\"alignleft wp-image-2695\" src=\"http:\/\/woerrlein-naturfoto.de\/wordpress\/wp-content\/uploads\/Beutelmeise_60648_v-600x400.jpg\" alt=\"Beutelmeise_60648_v.jpg\" width=\"600\" height=\"400\" srcset=\"https:\/\/woerrlein-naturfoto.de\/wordpress\/wp-content\/uploads\/Beutelmeise_60648_v-600x400.jpg 600w, https:\/\/woerrlein-naturfoto.de\/wordpress\/wp-content\/uploads\/Beutelmeise_60648_v-120x80.jpg 120w, https:\/\/woerrlein-naturfoto.de\/wordpress\/wp-content\/uploads\/Beutelmeise_60648_v.jpg 1000w\" sizes=\"auto, (max-width: 600px) 100vw, 600px\" \/>Die <b>Beutelmeise<\/b> (<i>Remiz pendulinus<\/i>) ist ein Singvogel aus der Familie der Beutelmeisen. Die Beutelmeise ist ein Brutvogel der <a title=\"Boreale Zone\" href=\"http:\/\/de.wikipedia.org\/wiki\/Boreale_Zone\" target=\"_blank\">borealen<\/a>, gem\u00e4\u00dfigten, mediterranen, Steppen- und W\u00fcstenzone der <a title=\"Pal\u00e4arktis\" href=\"http:\/\/de.wikipedia.org\/wiki\/Pal%C3%A4arktis\" target=\"_blank\">Pal\u00e4arktis<\/a>. Das Areal reicht vom S\u00fcdwesten und Westen Europas bis China. Das Areal ist allerdings teilweise sehr stark zersplittert. Die Art war in Mitteleuropa bis etwa 1930 nur im Osten Mitteleuropas verbreitet. Seitdem hat sie sich das Brutareal in mehreren, zum Teil sprunghaften Ausbreitungswellen nach Westen und S\u00fcdwesten Europas erweitert. F\u00fcr die Ausbreitungswellen ist vermutlich ein hoher Bruterfolg der Population durch warme und trockene Sommermonate verantwortlich. Zum anderen unterst\u00fctzt die Ausbreitung dieser Art die zunehmende Eutrophierung der Landschaft mit einem damit einhergehenden Nahrungsangebot wie beispielsweise einer Zunahme der Mehligen Pflaumenblattlaus. Weitere Ausbreitungsfaktoren sind die hohe Nachwuchsrate auf Grund sukzessiver <a title=\"Polygenie\" href=\"http:\/\/de.wikipedia.org\/wiki\/Polygenie\" target=\"_blank\">Polygenie<\/a> und <a title=\"Polyandrie\" href=\"http:\/\/de.wikipedia.org\/wiki\/Polyandrie\" target=\"_blank\">Polyandrie<\/a> sowie erneuter Brutversuche nach zum Teil sehr ausgedehnten Brutzeitwanderungen. Beutelmeisen erreichen die Geschlechtsreife bereits im ersten Lebensjahr. Die Paarbindung besteht immer nur auf kurze Zeit und dauert vom Nestbau bis zur Eiablage. Sowohl das M\u00e4nnchen als auch das Weibchen sind sukzessive polygam.<br \/>\nAuch die Entstehung <a href=\"http:\/\/de.wikipedia.org\/wiki\/Anthropogen\" target=\"_blank\">anthropogen<\/a> beeinflusster Biotope wie Teichgebiete und Pappelanpflanzungen oder \u00dcbergangsbiotope wie Kiesgruben tragen dazu bei, dass die Beutelmeise ihr Brutareal weiter ausdehnt. Die Beutelmeise sucht ihre Nahrung haupts\u00e4chlich an B\u00e4umen, B\u00fcschen, Str\u00e4uchern und im Schilf. Sie ern\u00e4hrt sich von Insekten, Spinnen und Samen.<\/p>\n<p>L\u00e4nge: 10-12 cm\u00a0\u00a0 Spannweite: 16-17,5 cm\u00a0\u00a0 Gewicht: 8,5-10 g\u00a0\u00a0 Gelege: 6-8 Eier<\/p>\n<p>Zur Galerie <a title=\"Beutelmeisen\" href=\"http:\/\/woerrlein-naturfoto.de\/wordpress\/hauptseite-voegel\/voegel\/sperlingsvoegel-2\/beutelmeisen\/\">Beutelmeisen<\/a><\/p>\n<p>&nbsp;<\/p>\n<p><em>Quelle des Textauszuges und weitere Infos bei <\/em><a href=\"http:\/\/de.wikipedia.org\/wiki\/Beutelmeise\" target=\"_blank\">Wikipedia<\/a> <em>(<\/em><a href=\"http:\/\/www.gnu.org\/licenses\/fdl-1.3.txt\" target=\"_blank\">GNU-Lizenz<\/a><em>)<\/em> \u2013 <em>mein Dank gilt den<\/em> <a href=\"http:\/\/de.wikipedia.org\/w\/index.php?title=Beutelmeise&amp;action=history\" target=\"_blank\">Autoren<\/a>.<\/p>\n","protected":false},"excerpt":{"rendered":"<p>V\u00f6gel -&gt; Sperlingsv\u00f6gel -&gt; Beutelmeisen V\u00f6gel von A-Z Zur Galerie Beutelmeisen Die Beutelmeise (Remiz pendulinus) ist ein Singvogel aus der Familie der Beutelmeisen. Die Beutelmeise ist ein Brutvogel der borealen, gem\u00e4\u00dfigten, mediterranen, Steppen- und W\u00fcstenzone der Pal\u00e4arktis. Das Areal reicht vom S\u00fcdwesten und Westen Europas bis China. Das Areal ist allerdings teilweise sehr stark zersplittert. &hellip; <a href=\"https:\/\/woerrlein-naturfoto.de\/wordpress\/beutelmeisen-a-z\/beutelmeise\/\" class=\"more-link\"><span class=\"screen-reader-text\">Beutelmeise<\/span> weiterlesen <span class=\"meta-nav\">&rarr;<\/span><\/a><\/p>\n","protected":false},"author":1,"featured_media":0,"parent":2701,"menu_order":0,"comment_status":"closed","ping_status":"closed","template":"page-templates\/full-width.php","meta":{"footnotes":""},"class_list":["post-2703","page","type-page","status-publish","hentry"],"_links":{"self":[{"href":"https:\/\/woerrlein-naturfoto.de\/wordpress\/wp-json\/wp\/v2\/pages\/2703","targetHints":{"allow":["GET"]}}],"collection":[{"href":"https:\/\/woerrlein-naturfoto.de\/wordpress\/wp-json\/wp\/v2\/pages"}],"about":[{"href":"https:\/\/woerrlein-naturfoto.de\/wordpress\/wp-json\/wp\/v2\/types\/page"}],"author":[{"embeddable":true,"href":"https:\/\/woerrlein-naturfoto.de\/wordpress\/wp-json\/wp\/v2\/users\/1"}],"replies":[{"embeddable":true,"href":"https:\/\/woerrlein-naturfoto.de\/wordpress\/wp-json\/wp\/v2\/comments?post=2703"}],"version-history":[{"count":10,"href":"https:\/\/woerrlein-naturfoto.de\/wordpress\/wp-json\/wp\/v2\/pages\/2703\/revisions"}],"predecessor-version":[{"id":6317,"href":"https:\/\/woerrlein-naturfoto.de\/wordpress\/wp-json\/wp\/v2\/pages\/2703\/revisions\/6317"}],"up":[{"embeddable":true,"href":"https:\/\/woerrlein-naturfoto.de\/wordpress\/wp-json\/wp\/v2\/pages\/2701"}],"wp:attachment":[{"href":"https:\/\/woerrlein-naturfoto.de\/wordpress\/wp-json\/wp\/v2\/media?parent=2703"}],"curies":[{"name":"wp","href":"https:\/\/api.w.org\/{rel}","templated":true}]}}