{"id":2669,"date":"2014-12-28T18:31:07","date_gmt":"2014-12-28T16:31:07","guid":{"rendered":"http:\/\/woerrlein-naturfoto.de\/wordpress\/?page_id=2669"},"modified":"2015-02-18T12:44:25","modified_gmt":"2015-02-18T11:44:25","slug":"schneeammer","status":"publish","type":"page","link":"https:\/\/woerrlein-naturfoto.de\/wordpress\/ammern-a-z\/schneeammer\/","title":{"rendered":"Schneeammer"},"content":{"rendered":"<p><a href=\"http:\/\/woerrlein-naturfoto.de\/wordpress\/voegel\/\"><span style=\"color: #ffff66;\">V\u00f6gel<\/span> <\/a>-&gt;<a href=\"http:\/\/woerrlein-naturfoto.de\/wordpress\/voegel\/sperlingsvoegel\/\"> <span style=\"color: #ffff66;\">Sperlingsv\u00f6gel<\/span><\/a> -&gt;<a href=\"http:\/\/woerrlein-naturfoto.de\/wordpress\/hauptseite-voegel\/voegel\/sperlingsvoegel-2\/ammern\/\"> <span style=\"color: #ffff66;\">Ammern<\/span><\/a><br \/>\n<a href=\"http:\/\/woerrlein-naturfoto.de\/wordpress\/voegel_von_a-z\/\">V\u00f6gel von A-Z<\/a><br \/>\nZur Galerie <a title=\"Ammern\" href=\"http:\/\/woerrlein-naturfoto.de\/wordpress\/hauptseite-voegel\/voegel\/sperlingsvoegel-2\/ammern\/\">Ammern<\/a><\/p>\n<p><img loading=\"lazy\" decoding=\"async\" class=\"alignleft wp-image-2650\" src=\"http:\/\/woerrlein-naturfoto.de\/wordpress\/wp-content\/uploads\/Schneeammer_27059L_v-600x400.jpg\" alt=\"Schneeammer_27059L_v.jpg\" width=\"600\" height=\"400\" \/>Die <b>Schneeammer<\/b> (<i>Plectrophenax nivalis<\/i>) ist eine Vogelart aus der Familie der Ammern. Sie ist ein Vogel der n\u00f6rdlichen Breiten, und bevorzugt Tundrafl\u00e4chen als Brutst\u00e4tte. In Europa sind Schneeammern auf den Norden beschr\u00e4nkt. Im n\u00f6rdlichen Deutschland bis Frankreich und Polen sowie im s\u00fcdlichen Schweden sind sie Winterg\u00e4ste. Hier sind sie oft in kleinen Gruppen auf offenen \u00d6dland und Rasen anzutreffen, manchmal besuchen sie auch das Binnenland. Im Sommer br\u00fcten sie im Fjell und in der Tundra Skandinaviens und Schottlands, meistens oberhalb der Baumgrenze. In Island sowie im mittleren Norwegen gibt es sie das ganze Jahr \u00fcber. Die Nahrung der Schneeammer besteht aus feineren Samen und Insekten. Im M\u00e4rz beginnt die Brutzeit. Jedoch sind zuerst nur die M\u00e4nnchen am Brutplatz, die ihre Reviere mit ihren Gesang abzugrenzen versuchen. F\u00e4ngt es jedoch wieder an zu schneien, sammeln sich die Tiere wieder in kleinen Trupps. Die Weibchen treffen mehrere Wochen sp\u00e4ter ein. Das Nest liegt zwischen Steinen oder in Felsspalten und besteht aus Halmen und Flechten. Die Innenauskleidung besteht aus Haaren und Federn. Im Jahr gibt es ein bis zwei Bruten.<\/p>\n<p>L\u00e4nge: 16-17 cm\u00a0\u00a0 Spannweite: 32-38 cm\u00a0\u00a0 Gewicht: 30-40 g\u00a0\u00a0 Gelege: 4-6 Eier<\/p>\n<p>Zur Galerie <a title=\"Ammern\" href=\"http:\/\/woerrlein-naturfoto.de\/wordpress\/hauptseite-voegel\/voegel\/sperlingsvoegel-2\/ammern\/\">Ammern<\/a><\/p>\n<p>&nbsp;<\/p>\n<p><em>Quelle des Textauszuges und weitere Infos bei <\/em><a href=\"http:\/\/de.wikipedia.org\/wiki\/Schneeammer\" target=\"_blank\">Wikipedia<\/a> <em>(<\/em><a href=\"http:\/\/www.gnu.org\/licenses\/fdl-1.3.txt\" target=\"_blank\">GNU-Lizenz<\/a><em>)<\/em> \u2013 <em>mein Dank gilt den<\/em> <a href=\"http:\/\/de.wikipedia.org\/w\/index.php?title=Schneeammer&amp;action=history\" target=\"_blank\">Autoren<\/a>.<\/p>\n","protected":false},"excerpt":{"rendered":"<p>V\u00f6gel -&gt; Sperlingsv\u00f6gel -&gt; Ammern V\u00f6gel von A-Z Zur Galerie Ammern Die Schneeammer (Plectrophenax nivalis) ist eine Vogelart aus der Familie der Ammern. Sie ist ein Vogel der n\u00f6rdlichen Breiten, und bevorzugt Tundrafl\u00e4chen als Brutst\u00e4tte. In Europa sind Schneeammern auf den Norden beschr\u00e4nkt. Im n\u00f6rdlichen Deutschland bis Frankreich und Polen sowie im s\u00fcdlichen Schweden sind &hellip; <a href=\"https:\/\/woerrlein-naturfoto.de\/wordpress\/ammern-a-z\/schneeammer\/\" class=\"more-link\"><span class=\"screen-reader-text\">Schneeammer<\/span> weiterlesen <span class=\"meta-nav\">&rarr;<\/span><\/a><\/p>\n","protected":false},"author":1,"featured_media":0,"parent":2657,"menu_order":0,"comment_status":"closed","ping_status":"closed","template":"page-templates\/full-width.php","meta":{"footnotes":""},"class_list":["post-2669","page","type-page","status-publish","hentry"],"_links":{"self":[{"href":"https:\/\/woerrlein-naturfoto.de\/wordpress\/wp-json\/wp\/v2\/pages\/2669","targetHints":{"allow":["GET"]}}],"collection":[{"href":"https:\/\/woerrlein-naturfoto.de\/wordpress\/wp-json\/wp\/v2\/pages"}],"about":[{"href":"https:\/\/woerrlein-naturfoto.de\/wordpress\/wp-json\/wp\/v2\/types\/page"}],"author":[{"embeddable":true,"href":"https:\/\/woerrlein-naturfoto.de\/wordpress\/wp-json\/wp\/v2\/users\/1"}],"replies":[{"embeddable":true,"href":"https:\/\/woerrlein-naturfoto.de\/wordpress\/wp-json\/wp\/v2\/comments?post=2669"}],"version-history":[{"count":3,"href":"https:\/\/woerrlein-naturfoto.de\/wordpress\/wp-json\/wp\/v2\/pages\/2669\/revisions"}],"predecessor-version":[{"id":6315,"href":"https:\/\/woerrlein-naturfoto.de\/wordpress\/wp-json\/wp\/v2\/pages\/2669\/revisions\/6315"}],"up":[{"embeddable":true,"href":"https:\/\/woerrlein-naturfoto.de\/wordpress\/wp-json\/wp\/v2\/pages\/2657"}],"wp:attachment":[{"href":"https:\/\/woerrlein-naturfoto.de\/wordpress\/wp-json\/wp\/v2\/media?parent=2669"}],"curies":[{"name":"wp","href":"https:\/\/api.w.org\/{rel}","templated":true}]}}