{"id":2665,"date":"2014-12-28T18:20:47","date_gmt":"2014-12-28T16:20:47","guid":{"rendered":"http:\/\/woerrlein-naturfoto.de\/wordpress\/?page_id=2665"},"modified":"2015-02-18T12:44:06","modified_gmt":"2015-02-18T11:44:06","slug":"rohrammer","status":"publish","type":"page","link":"https:\/\/woerrlein-naturfoto.de\/wordpress\/ammern-a-z\/rohrammer\/","title":{"rendered":"Rohrammer"},"content":{"rendered":"<p><a href=\"http:\/\/woerrlein-naturfoto.de\/wordpress\/voegel\/\"><span style=\"color: #ffff66;\">V\u00f6gel<\/span> <\/a>-&gt;<a href=\"http:\/\/woerrlein-naturfoto.de\/wordpress\/voegel\/sperlingsvoegel\/\"> <span style=\"color: #ffff66;\">Sperlingsv\u00f6gel<\/span><\/a> -&gt;<a href=\"http:\/\/woerrlein-naturfoto.de\/wordpress\/hauptseite-voegel\/voegel\/sperlingsvoegel-2\/ammern\/\"> <span style=\"color: #ffff66;\">Ammern<\/span><\/a><br \/>\n<a href=\"http:\/\/woerrlein-naturfoto.de\/wordpress\/voegel_von_a-z\/\">V\u00f6gel von A-Z<\/a><br \/>\nZur Galerie <a title=\"Ammern\" href=\"http:\/\/woerrlein-naturfoto.de\/wordpress\/hauptseite-voegel\/voegel\/sperlingsvoegel-2\/ammern\/\">Ammern<\/a><\/p>\n<p><img loading=\"lazy\" decoding=\"async\" class=\"alignleft wp-image-2649\" src=\"http:\/\/woerrlein-naturfoto.de\/wordpress\/wp-content\/uploads\/Rohrammer_20437L_v-600x400.jpg\" alt=\"Rohrammer_20437L_v.jpg\" width=\"600\" height=\"400\" srcset=\"https:\/\/woerrlein-naturfoto.de\/wordpress\/wp-content\/uploads\/Rohrammer_20437L_v-600x400.jpg 600w, https:\/\/woerrlein-naturfoto.de\/wordpress\/wp-content\/uploads\/Rohrammer_20437L_v-120x80.jpg 120w, https:\/\/woerrlein-naturfoto.de\/wordpress\/wp-content\/uploads\/Rohrammer_20437L_v.jpg 1000w\" sizes=\"auto, (max-width: 600px) 100vw, 600px\" \/>Die <b>Rohrammer<\/b> auch <b>Rohrspatz<\/b> (<i>Emberiza schoeniclus<\/i>), ist eine Vogelart aus der Familie der Ammern. Sie ist ein Brutvogel von Europa und Nordafrika bis Ostasien und fehlt nur auf einigen Mittelmeerinseln. Sie ist besonders h\u00e4ufig in Schilf- und Seggengebieten anzutreffen. Sie ist in Mitteleuropa ein Teilzieher. Die meisten V\u00f6gel verlassen im Oktober\/November Mitteleuropa und kehren Februar und M\u00e4rz wieder zur\u00fcck. Ihr Winterquartier reicht bis nach Nordafrika. Rohrammern sieht man oft in ruckartigem Flug umherstreifen oder an erh\u00f6hter Stelle \u2013 h\u00e4ufig schr\u00e4g an einem Halm \u2013 mit gespreiztem Schwanz sitzen, wenn sie ihren Gesang vortragen, der Anlass zu der Redensart <i>schimpfen wie ein Rohrspatz<\/i> gegeben hat. Der Ruf ist langgezogen und nachdr\u00fccklich hoch und rauer.<br \/>\nDie Rohrammer ern\u00e4hrt sich vorzugsweise von Grassamen und zus\u00e4tzlich im Sommer von kleinen Insekten, Schnecken und W\u00fcrmern. Sie sucht \u00fcberwiegend am Boden nach Nahrung und ist dann h\u00e4ufig in R\u00f6hrichtbest\u00e4nden sowie auf feuchtem Grasland und Weiden zu beobachten. Gelegentlich sucht sie auch im unteren Bereich von B\u00fcschen und B\u00e4umen, die am Gew\u00e4sserufer stehen, nach Nahrung. W\u00e4hrend der Nahrungssuche ist die Rohrammer sehr bewegungsfreudig. Gelegentlich f\u00e4ngt sie sogar im Flug Insekten. W\u00e4hrend der Fortpflanzungszeit ern\u00e4hrt sich die Rohrammer \u00fcberwiegend von Wirbellosen. Eine besondere Rolle spielen dabei Zweifl\u00fcgler, Raupen, K\u00e4fer, Spinnen, Libellen und Springschrecken.<\/p>\n<p>L\u00e4nge: 15-16 cm\u00a0\u00a0 Spannweite: 21-27 cm\u00a0\u00a0 Gewicht: 18-21 g\u00a0\u00a0 Gelege: 4-5 Eier<\/p>\n<p>Zur Galerie <a title=\"Ammern\" href=\"http:\/\/woerrlein-naturfoto.de\/wordpress\/hauptseite-voegel\/voegel\/sperlingsvoegel-2\/ammern\/\">Ammern<\/a><\/p>\n<p>&nbsp;<\/p>\n<p><em>Quelle des Textauszuges und weitere Infos bei <\/em><a href=\"http:\/\/de.wikipedia.org\/wiki\/Rohrammer\" target=\"_blank\">Wikipedia<\/a> <em>(<\/em><a href=\"http:\/\/www.gnu.org\/licenses\/fdl-1.3.txt\" target=\"_blank\">GNU-Lizenz<\/a><em>)<\/em> \u2013 <em>mein Dank gilt den<\/em> <a href=\"http:\/\/de.wikipedia.org\/w\/index.php?title=Rohrammer&amp;action=history\" target=\"_blank\">Autoren<\/a>.<\/p>\n","protected":false},"excerpt":{"rendered":"<p>V\u00f6gel -&gt; Sperlingsv\u00f6gel -&gt; Ammern V\u00f6gel von A-Z Zur Galerie Ammern Die Rohrammer auch Rohrspatz (Emberiza schoeniclus), ist eine Vogelart aus der Familie der Ammern. Sie ist ein Brutvogel von Europa und Nordafrika bis Ostasien und fehlt nur auf einigen Mittelmeerinseln. Sie ist besonders h\u00e4ufig in Schilf- und Seggengebieten anzutreffen. Sie ist in Mitteleuropa ein &hellip; <a href=\"https:\/\/woerrlein-naturfoto.de\/wordpress\/ammern-a-z\/rohrammer\/\" class=\"more-link\"><span class=\"screen-reader-text\">Rohrammer<\/span> weiterlesen <span class=\"meta-nav\">&rarr;<\/span><\/a><\/p>\n","protected":false},"author":1,"featured_media":0,"parent":2657,"menu_order":0,"comment_status":"closed","ping_status":"closed","template":"page-templates\/full-width.php","meta":{"footnotes":""},"class_list":["post-2665","page","type-page","status-publish","hentry"],"_links":{"self":[{"href":"https:\/\/woerrlein-naturfoto.de\/wordpress\/wp-json\/wp\/v2\/pages\/2665","targetHints":{"allow":["GET"]}}],"collection":[{"href":"https:\/\/woerrlein-naturfoto.de\/wordpress\/wp-json\/wp\/v2\/pages"}],"about":[{"href":"https:\/\/woerrlein-naturfoto.de\/wordpress\/wp-json\/wp\/v2\/types\/page"}],"author":[{"embeddable":true,"href":"https:\/\/woerrlein-naturfoto.de\/wordpress\/wp-json\/wp\/v2\/users\/1"}],"replies":[{"embeddable":true,"href":"https:\/\/woerrlein-naturfoto.de\/wordpress\/wp-json\/wp\/v2\/comments?post=2665"}],"version-history":[{"count":5,"href":"https:\/\/woerrlein-naturfoto.de\/wordpress\/wp-json\/wp\/v2\/pages\/2665\/revisions"}],"predecessor-version":[{"id":6314,"href":"https:\/\/woerrlein-naturfoto.de\/wordpress\/wp-json\/wp\/v2\/pages\/2665\/revisions\/6314"}],"up":[{"embeddable":true,"href":"https:\/\/woerrlein-naturfoto.de\/wordpress\/wp-json\/wp\/v2\/pages\/2657"}],"wp:attachment":[{"href":"https:\/\/woerrlein-naturfoto.de\/wordpress\/wp-json\/wp\/v2\/media?parent=2665"}],"curies":[{"name":"wp","href":"https:\/\/api.w.org\/{rel}","templated":true}]}}