{"id":2659,"date":"2014-12-28T18:07:30","date_gmt":"2014-12-28T16:07:30","guid":{"rendered":"http:\/\/woerrlein-naturfoto.de\/wordpress\/?page_id=2659"},"modified":"2019-01-20T15:27:00","modified_gmt":"2019-01-20T14:27:00","slug":"goldammer","status":"publish","type":"page","link":"https:\/\/woerrlein-naturfoto.de\/wordpress\/ammern-a-z\/goldammer\/","title":{"rendered":"Goldammer"},"content":{"rendered":"<p><a href=\"http:\/\/woerrlein-naturfoto.de\/wordpress\/voegel\/\"><span style=\"color: #ffff66;\">V\u00f6gel<\/span> <\/a>-&gt;<a href=\"http:\/\/woerrlein-naturfoto.de\/wordpress\/voegel\/sperlingsvoegel\/\"> <span style=\"color: #ffff66;\">Sperlingsv\u00f6gel<\/span><\/a> -&gt;<a href=\"http:\/\/woerrlein-naturfoto.de\/wordpress\/hauptseite-voegel\/voegel\/sperlingsvoegel-2\/ammern\/\"> <span style=\"color: #ffff66;\">Ammern<\/span><\/a><br \/>\n<a href=\"http:\/\/woerrlein-naturfoto.de\/wordpress\/voegel_von_a-z\/\">V\u00f6gel von A-Z<\/a><br \/>\nZur Galerie <a title=\"Ammern\" href=\"http:\/\/woerrlein-naturfoto.de\/wordpress\/hauptseite-voegel\/voegel\/sperlingsvoegel-2\/ammern\/\">Ammern<\/a><\/p>\n<p><img loading=\"lazy\" decoding=\"async\" class=\"alignleft wp-image-10536\" src=\"http:\/\/woerrlein-naturfoto.de\/wordpress\/wp-content\/uploads\/2014\/12\/Goldammer_D180311_6734-600x400.jpg\" alt=\"\" width=\"600\" height=\"400\" \/>Die <b>Goldammer<\/b> (<i>Emberiza citrinella<\/i>) ist eine Vogelart aus der Familie der Ammern. Sie ist die h\u00e4ufigste Ammer in Europa und einer der charakteristischen Brutv\u00f6gel der Feldmark. Au\u00dferhalb der Brutzeit bilden sich mitunter gr\u00f6\u00dfere Trupps, die sich an g\u00fcnstigen Nahrungspl\u00e4tzen am Rand von D\u00f6rfern oder an Fasanen- und Rebhuhnsch\u00fctten einfinden. W\u00e4hrend der Brutzeit dagegen ist die Goldammer streng territorial. Das Verbreitungsgebiet der Goldammer reicht von Mittelskandinavien bis Nordspanien, S\u00fcditalien, Griechenland und zur Ukraine. In \u00f6stlicher Richtung reicht ihr Verbreitungsgebiet von Irland bis weit nach Asien hinein. Sie ist bis auf die \u00e4u\u00dferen Bereiche ihres Verbreitungsgebietes ein Standvogel. \u00dcberwinternde V\u00f6gel finden sich unter anderem in Spanien, Italien, in den Balkanl\u00e4ndern, in der T\u00fcrkei und im Norden Israels ein. Sehr selten \u00fcberwintern sie in Gibraltar, auf Malta und Sizilien. Als Irrg\u00e4ste erreichen sie im Winterhalbjahr gelegentlich auch den Norden Marokkos. Erwachsene Goldammern fressen gr\u00f6\u00dftenteils Samen, aber die Ern\u00e4hrung der Nestlinge wird dominiert durch Wirbellose, besonders Spinnen, K\u00e4fer, Springschw\u00e4nze, Hautfl\u00fcgler, Schmetterlingslarven und Heuschrecken, beinhaltet aber auch halbreife Getreidek\u00f6rner. Auf Nahrungssuche gehen Goldammern vorzugsweise in den fr\u00fchen Morgen- und Abendstunden, meist in kleineren Trupps.<\/p>\n<p>L\u00e4nge: 16-17 cm\u00a0\u00a0 Spannweite: 22-29 cm\u00a0\u00a0 Gewicht: 25-30 g\u00a0\u00a0 Gelege: 3-5 Eier<\/p>\n<p>Zur Galerie <a title=\"Ammern\" href=\"http:\/\/woerrlein-naturfoto.de\/wordpress\/hauptseite-voegel\/voegel\/sperlingsvoegel-2\/ammern\/\">Ammern<\/a><\/p>\n<p>&nbsp;<\/p>\n<p><em>Quelle des Textauszuges und weitere Infos bei <\/em><a href=\"http:\/\/de.wikipedia.org\/wiki\/Goldammer\" target=\"_blank\" rel=\"noopener noreferrer\">Wikipedia<\/a> <em>(<\/em><a href=\"http:\/\/www.gnu.org\/licenses\/fdl-1.3.txt\" target=\"_blank\" rel=\"noopener noreferrer\">GNU-Lizenz<\/a><em>)<\/em> \u2013 <em>mein Dank gilt den<\/em> <a href=\"http:\/\/de.wikipedia.org\/w\/index.php?title=Goldammer&amp;action=history\" target=\"_blank\" rel=\"noopener noreferrer\">Autoren<\/a>.<\/p>\n","protected":false},"excerpt":{"rendered":"<p>V\u00f6gel -&gt; Sperlingsv\u00f6gel -&gt; Ammern V\u00f6gel von A-Z Zur Galerie Ammern Die Goldammer (Emberiza citrinella) ist eine Vogelart aus der Familie der Ammern. Sie ist die h\u00e4ufigste Ammer in Europa und einer der charakteristischen Brutv\u00f6gel der Feldmark. Au\u00dferhalb der Brutzeit bilden sich mitunter gr\u00f6\u00dfere Trupps, die sich an g\u00fcnstigen Nahrungspl\u00e4tzen am Rand von D\u00f6rfern oder &hellip; <a href=\"https:\/\/woerrlein-naturfoto.de\/wordpress\/ammern-a-z\/goldammer\/\" class=\"more-link\"><span class=\"screen-reader-text\">Goldammer<\/span> weiterlesen <span class=\"meta-nav\">&rarr;<\/span><\/a><\/p>\n","protected":false},"author":1,"featured_media":0,"parent":2657,"menu_order":0,"comment_status":"closed","ping_status":"closed","template":"page-templates\/full-width.php","meta":{"footnotes":""},"class_list":["post-2659","page","type-page","status-publish","hentry"],"_links":{"self":[{"href":"https:\/\/woerrlein-naturfoto.de\/wordpress\/wp-json\/wp\/v2\/pages\/2659","targetHints":{"allow":["GET"]}}],"collection":[{"href":"https:\/\/woerrlein-naturfoto.de\/wordpress\/wp-json\/wp\/v2\/pages"}],"about":[{"href":"https:\/\/woerrlein-naturfoto.de\/wordpress\/wp-json\/wp\/v2\/types\/page"}],"author":[{"embeddable":true,"href":"https:\/\/woerrlein-naturfoto.de\/wordpress\/wp-json\/wp\/v2\/users\/1"}],"replies":[{"embeddable":true,"href":"https:\/\/woerrlein-naturfoto.de\/wordpress\/wp-json\/wp\/v2\/comments?post=2659"}],"version-history":[{"count":6,"href":"https:\/\/woerrlein-naturfoto.de\/wordpress\/wp-json\/wp\/v2\/pages\/2659\/revisions"}],"predecessor-version":[{"id":10538,"href":"https:\/\/woerrlein-naturfoto.de\/wordpress\/wp-json\/wp\/v2\/pages\/2659\/revisions\/10538"}],"up":[{"embeddable":true,"href":"https:\/\/woerrlein-naturfoto.de\/wordpress\/wp-json\/wp\/v2\/pages\/2657"}],"wp:attachment":[{"href":"https:\/\/woerrlein-naturfoto.de\/wordpress\/wp-json\/wp\/v2\/media?parent=2659"}],"curies":[{"name":"wp","href":"https:\/\/api.w.org\/{rel}","templated":true}]}}