{"id":2638,"date":"2014-12-28T12:39:35","date_gmt":"2014-12-28T10:39:35","guid":{"rendered":"http:\/\/woerrlein-naturfoto.de\/wordpress\/?page_id=2638"},"modified":"2024-08-02T11:47:08","modified_gmt":"2024-08-02T09:47:08","slug":"gruenspecht","status":"publish","type":"page","link":"https:\/\/woerrlein-naturfoto.de\/wordpress\/spechte-a-z\/gruenspecht\/","title":{"rendered":"Gr\u00fcnspecht"},"content":{"rendered":"<p><a href=\"http:\/\/woerrlein-naturfoto.de\/wordpress\/voegel\/\"><span style=\"color: #ffff66;\">V\u00f6gel<\/span> <\/a>-&gt;<a href=\"http:\/\/woerrlein-naturfoto.de\/wordpress\/hauptseite-voegel\/voegel\/spechte\/\"> <span style=\"color: #ffff66;\">Spechte<\/span><\/a><br \/>\n<a title=\"V\u00f6gel von A-Z\" href=\"http:\/\/woerrlein-naturfoto.de\/wordpress\/voegel\/voegel_von_a-z\/\">V\u00f6gel von A-Z<br \/>\n<\/a>zur Galerie <a title=\"Spechte\" href=\"http:\/\/woerrlein-naturfoto.de\/wordpress\/hauptseite-voegel\/voegel\/spechte\/\">Spechte<\/a><\/p>\n<p><img loading=\"lazy\" decoding=\"async\" class=\"alignleft wp-image-18610\" src=\"https:\/\/woerrlein-naturfoto.de\/wordpress\/wp-content\/uploads\/2014\/12\/Gruenspecht_221103_3572-600x400.jpg\" alt=\"\" width=\"600\" height=\"400\" srcset=\"https:\/\/woerrlein-naturfoto.de\/wordpress\/wp-content\/uploads\/2014\/12\/Gruenspecht_221103_3572-600x400.jpg 600w, https:\/\/woerrlein-naturfoto.de\/wordpress\/wp-content\/uploads\/2014\/12\/Gruenspecht_221103_3572-768x512.jpg 768w, https:\/\/woerrlein-naturfoto.de\/wordpress\/wp-content\/uploads\/2014\/12\/Gruenspecht_221103_3572-120x80.jpg 120w, https:\/\/woerrlein-naturfoto.de\/wordpress\/wp-content\/uploads\/2014\/12\/Gruenspecht_221103_3572.jpg 1000w\" sizes=\"auto, (max-width: 600px) 100vw, 600px\" \/>Der <b>Gr\u00fcnspecht<\/b> (<i><span lang=\"la\" xml:lang=\"la\">Picus viridis<\/span><\/i>), manchmal auch <b>Grasspecht<\/b> oder <b>Erdspecht<\/b> genannt, ist eine Vogelart aus der Familie der Spechte. Der Gr\u00fcnspecht bewohnt gro\u00dfe Teile Europas und Vorderasiens, sein Vorkommen liegt also in der westlichen <a title=\"Pal\u00e4arktis\" href=\"http:\/\/de.wikipedia.org\/wiki\/Pal%C3%A4arktis\" target=\"_blank\" rel=\"noopener\">Pal\u00e4arktis<\/a>. Er kommt dabei vom s\u00fcdlichen Skandinavien und Gro\u00dfbritannien \u00fcber den gr\u00f6\u00dften Teil des europ\u00e4ischen Festlandes bis in das Mittelmeergebiet und im S\u00fcdosten bis zum Kaukasus, Turkmenistan und zum n\u00f6rdlichen Iran vor. Die <a href=\"http:\/\/de.wikipedia.org\/wiki\/Boreale_Zone\" target=\"_blank\" rel=\"noopener\">boreale<\/a> Nadelwaldzone im Norden und die Steppen und Halbw\u00fcsten im S\u00fcden des Verbreitungsgebietes werden nur randlich besiedelt. Er bevorzugt halboffene Landschaften mit ausgedehnten Alth\u00f6lzern, vor allem Waldr\u00e4nder, Feldgeh\u00f6lze, Streuobstwiesen, Parks, Haine und gro\u00dfe G\u00e4rten mit Baumbestand. Innerhalb ausgedehnter Waldgebiete kommt er nur in stark aufgelichteten Bereichen, an Waldwiesen und gr\u00f6\u00dferen Lichtungen vor. Die Art zeigt dabei eine starke Pr\u00e4ferenz f\u00fcr Laubw\u00e4lder, in ausgedehnten Nadelholzforsten kann sie gro\u00dffl\u00e4chig sehr selten sein oder fehlen.<br \/>\nAls Nisth\u00f6hlen dienen im Regelfall verlassene Brut- und \u00dcberwinterungsh\u00f6hlen anderer Spechte oder die eigenen \u00dcberwinterungsh\u00f6hlen. Wie der Grauspecht sind die Gr\u00fcnspechte bei der Auswahl der Baumarten wenig w\u00e4hlerisch und k\u00f6nnen entsprechend in den verschiedensten Baumarten H\u00f6hlen nutzen. So findet man sie in Laubw\u00e4ldern h\u00e4ufig in Buchen, Eichen, Bergahorn und Linden, in Auw\u00e4ldern dagegen in Birken, Pappeln, Weiden oder Erlen.<\/p>\n<p>L\u00e4nge: 30-31 cm\u00a0\u00a0 Spannweite: 40-42 cm\u00a0\u00a0 Gewicht: 180-220 g\u00a0\u00a0 Gelege: 5-7 Eier<\/p>\n<p>Zur Galerie <a title=\"Spechte\" href=\"http:\/\/woerrlein-naturfoto.de\/wordpress\/hauptseite-voegel\/voegel\/spechte\/\">Spechte<\/a><\/p>\n<p>&nbsp;<\/p>\n<p><em>Quelle des Textauszuges und weitere Infos bei <\/em><a href=\"http:\/\/de.wikipedia.org\/wiki\/Gr%C3%BCnspecht\" target=\"_blank\" rel=\"noopener\">Wikipedia<\/a> <em>(<\/em><a href=\"http:\/\/www.gnu.org\/licenses\/fdl-1.3.txt\" target=\"_blank\" rel=\"noopener\">GNU-Lizenz<\/a><em>)<\/em> \u2013 <em>mein Dank gilt den<\/em> <a href=\"http:\/\/de.wikipedia.org\/w\/index.php?title=Gr%C3%BCnspecht&amp;action=history\" target=\"_blank\" rel=\"noopener\">Autoren<\/a>.<\/p>\n","protected":false},"excerpt":{"rendered":"<p>V\u00f6gel -&gt; Spechte V\u00f6gel von A-Z zur Galerie Spechte Der Gr\u00fcnspecht (Picus viridis), manchmal auch Grasspecht oder Erdspecht genannt, ist eine Vogelart aus der Familie der Spechte. Der Gr\u00fcnspecht bewohnt gro\u00dfe Teile Europas und Vorderasiens, sein Vorkommen liegt also in der westlichen Pal\u00e4arktis. Er kommt dabei vom s\u00fcdlichen Skandinavien und Gro\u00dfbritannien \u00fcber den gr\u00f6\u00dften Teil &hellip; <a href=\"https:\/\/woerrlein-naturfoto.de\/wordpress\/spechte-a-z\/gruenspecht\/\" class=\"more-link\"><span class=\"screen-reader-text\">Gr\u00fcnspecht<\/span> weiterlesen <span class=\"meta-nav\">&rarr;<\/span><\/a><\/p>\n","protected":false},"author":1,"featured_media":0,"parent":2630,"menu_order":0,"comment_status":"closed","ping_status":"closed","template":"page-templates\/full-width.php","meta":{"footnotes":""},"class_list":["post-2638","page","type-page","status-publish","hentry"],"_links":{"self":[{"href":"https:\/\/woerrlein-naturfoto.de\/wordpress\/wp-json\/wp\/v2\/pages\/2638","targetHints":{"allow":["GET"]}}],"collection":[{"href":"https:\/\/woerrlein-naturfoto.de\/wordpress\/wp-json\/wp\/v2\/pages"}],"about":[{"href":"https:\/\/woerrlein-naturfoto.de\/wordpress\/wp-json\/wp\/v2\/types\/page"}],"author":[{"embeddable":true,"href":"https:\/\/woerrlein-naturfoto.de\/wordpress\/wp-json\/wp\/v2\/users\/1"}],"replies":[{"embeddable":true,"href":"https:\/\/woerrlein-naturfoto.de\/wordpress\/wp-json\/wp\/v2\/comments?post=2638"}],"version-history":[{"count":8,"href":"https:\/\/woerrlein-naturfoto.de\/wordpress\/wp-json\/wp\/v2\/pages\/2638\/revisions"}],"predecessor-version":[{"id":18721,"href":"https:\/\/woerrlein-naturfoto.de\/wordpress\/wp-json\/wp\/v2\/pages\/2638\/revisions\/18721"}],"up":[{"embeddable":true,"href":"https:\/\/woerrlein-naturfoto.de\/wordpress\/wp-json\/wp\/v2\/pages\/2630"}],"wp:attachment":[{"href":"https:\/\/woerrlein-naturfoto.de\/wordpress\/wp-json\/wp\/v2\/media?parent=2638"}],"curies":[{"name":"wp","href":"https:\/\/api.w.org\/{rel}","templated":true}]}}