{"id":2632,"date":"2014-12-28T12:21:15","date_gmt":"2014-12-28T10:21:15","guid":{"rendered":"http:\/\/woerrlein-naturfoto.de\/wordpress\/?page_id=2632"},"modified":"2015-02-19T12:52:55","modified_gmt":"2015-02-19T11:52:55","slug":"buntspecht","status":"publish","type":"page","link":"https:\/\/woerrlein-naturfoto.de\/wordpress\/spechte-a-z\/buntspecht\/","title":{"rendered":"Buntspecht"},"content":{"rendered":"<p><a href=\"http:\/\/woerrlein-naturfoto.de\/wordpress\/voegel\/\"><span style=\"color: #ffff66;\">V\u00f6gel<\/span> <\/a>-&gt;<a href=\"http:\/\/woerrlein-naturfoto.de\/wordpress\/hauptseite-voegel\/voegel\/spechte\/\"> <span style=\"color: #ffff66;\">Spechte<\/span><\/a><br \/>\n<a title=\"V\u00f6gel von A-Z\" href=\"http:\/\/woerrlein-naturfoto.de\/wordpress\/voegel\/voegel_von_a-z\/\">V\u00f6gel von A-Z<br \/>\n<\/a>zur Galerie <a title=\"Spechte\" href=\"http:\/\/woerrlein-naturfoto.de\/wordpress\/hauptseite-voegel\/voegel\/spechte\/\">Spechte<\/a><\/p>\n<p><img loading=\"lazy\" decoding=\"async\" class=\"alignleft wp-image-2620\" src=\"http:\/\/woerrlein-naturfoto.de\/wordpress\/wp-content\/uploads\/Buntspecht_58168_v-400x600.jpg\" alt=\"Buntspecht_58168_v.jpg\" width=\"267\" height=\"400\" \/>Der <b>Buntspecht<\/b> (<i>Dendrocopos major<\/i> Syn <i>Picoides major<\/i>) ist eine Vogelart aus der Familie der Spechte. Der kleine Specht besiedelt gro\u00dfe Teile des n\u00f6rdlichen Eurasiens sowie Nordafrika und bewohnt W\u00e4lder fast jeder Art sowie Parks und baumreiche G\u00e4rten. Die Nahrung wird in allen (au\u00dfer im Boden des Waldes) Strata des Waldes gesucht, jedoch vor allem in den Baumkronen. Sie besteht sowohl aus tierischen Anteilen als auch, vor allem im Winter, aus pflanzlichem Material. Das Nahrungsspektrum ist sehr breit und umfasst verschiedenste Insekten und andere Wirbellose ebenso wie kleine Wirbeltiere und Vogeleier, Samen, Beeren und andere Fr\u00fcchte sowie Baums\u00e4fte. Der Buntspecht ist wie alle Spechte ein H\u00f6hlenbr\u00fcter. Die Bruth\u00f6hlen zimmert er selbst und bevorzugt dazu weiche Holzarten und morsche alte B\u00e4ume. Er beginnt viele H\u00f6hlungen auszuarbeiten, bevor er eine einzige vollendet.<\/p>\n<p>L\u00e4nge: 22-23 cm\u00a0\u00a0 Spannweite: 34-39 cm\u00a0\u00a0 Gewicht: 70-100 g\u00a0\u00a0 Gelege: 4-7 Eier<\/p>\n<p>Zur Galerie <a title=\"Spechte\" href=\"http:\/\/woerrlein-naturfoto.de\/wordpress\/hauptseite-voegel\/voegel\/spechte\/\">Spechte<\/a><\/p>\n<p>&nbsp;<\/p>\n<p><em>Quelle des Textauszuges und weitere Infos bei <\/em><a href=\"http:\/\/de.wikipedia.org\/wiki\/Buntspecht\" target=\"_blank\">Wikipedia<\/a> <em>(<\/em><a href=\"http:\/\/www.gnu.org\/licenses\/fdl-1.3.txt\" target=\"_blank\">GNU-Lizenz<\/a><em>)<\/em> \u2013 <em>mein Dank gilt den<\/em> <a href=\"http:\/\/de.wikipedia.org\/w\/index.php?title=Buntspecht&amp;action=history\" target=\"_blank\">Autoren<\/a>.<\/p>\n","protected":false},"excerpt":{"rendered":"<p>V\u00f6gel -&gt; Spechte V\u00f6gel von A-Z zur Galerie Spechte Der Buntspecht (Dendrocopos major Syn Picoides major) ist eine Vogelart aus der Familie der Spechte. Der kleine Specht besiedelt gro\u00dfe Teile des n\u00f6rdlichen Eurasiens sowie Nordafrika und bewohnt W\u00e4lder fast jeder Art sowie Parks und baumreiche G\u00e4rten. Die Nahrung wird in allen (au\u00dfer im Boden des &hellip; <a href=\"https:\/\/woerrlein-naturfoto.de\/wordpress\/spechte-a-z\/buntspecht\/\" class=\"more-link\"><span class=\"screen-reader-text\">Buntspecht<\/span> weiterlesen <span class=\"meta-nav\">&rarr;<\/span><\/a><\/p>\n","protected":false},"author":1,"featured_media":0,"parent":2630,"menu_order":0,"comment_status":"closed","ping_status":"closed","template":"page-templates\/full-width.php","meta":{"footnotes":""},"class_list":["post-2632","page","type-page","status-publish","hentry"],"_links":{"self":[{"href":"https:\/\/woerrlein-naturfoto.de\/wordpress\/wp-json\/wp\/v2\/pages\/2632","targetHints":{"allow":["GET"]}}],"collection":[{"href":"https:\/\/woerrlein-naturfoto.de\/wordpress\/wp-json\/wp\/v2\/pages"}],"about":[{"href":"https:\/\/woerrlein-naturfoto.de\/wordpress\/wp-json\/wp\/v2\/types\/page"}],"author":[{"embeddable":true,"href":"https:\/\/woerrlein-naturfoto.de\/wordpress\/wp-json\/wp\/v2\/users\/1"}],"replies":[{"embeddable":true,"href":"https:\/\/woerrlein-naturfoto.de\/wordpress\/wp-json\/wp\/v2\/comments?post=2632"}],"version-history":[{"count":5,"href":"https:\/\/woerrlein-naturfoto.de\/wordpress\/wp-json\/wp\/v2\/pages\/2632\/revisions"}],"predecessor-version":[{"id":6365,"href":"https:\/\/woerrlein-naturfoto.de\/wordpress\/wp-json\/wp\/v2\/pages\/2632\/revisions\/6365"}],"up":[{"embeddable":true,"href":"https:\/\/woerrlein-naturfoto.de\/wordpress\/wp-json\/wp\/v2\/pages\/2630"}],"wp:attachment":[{"href":"https:\/\/woerrlein-naturfoto.de\/wordpress\/wp-json\/wp\/v2\/media?parent=2632"}],"curies":[{"name":"wp","href":"https:\/\/api.w.org\/{rel}","templated":true}]}}