{"id":261,"date":"2014-04-06T22:45:27","date_gmt":"2014-04-06T20:45:27","guid":{"rendered":"http:\/\/woerrlein-naturfoto.de\/wordpress\/?page_id=261"},"modified":"2015-02-18T12:46:43","modified_gmt":"2015-02-18T11:46:43","slug":"rotdrossel","status":"publish","type":"page","link":"https:\/\/woerrlein-naturfoto.de\/wordpress\/drosseln_a-z\/rotdrossel\/","title":{"rendered":"Rotdrossel"},"content":{"rendered":"<p><a href=\"http:\/\/woerrlein-naturfoto.de\/wordpress\/voegel\/\"><span style=\"color: #ffff66;\">V\u00f6gel<\/span> <\/a>-&gt;<a href=\"http:\/\/woerrlein-naturfoto.de\/wordpress\/voegel\/sperlingsvoegel\/\"> <span style=\"color: #ffff66;\">Sperlingsv\u00f6gel<\/span><\/a> -&gt;<a href=\"http:\/\/woerrlein-naturfoto.de\/wordpress\/hauptseite-voegel\/voegel\/sperlingsvoegel\/drosseln\"> <span style=\"color: #ffff66;\">Drosseln<\/span><\/a><br \/>\n<a title=\"V\u00f6gel von A-Z\" href=\"http:\/\/woerrlein-naturfoto.de\/wordpress\/voegel\/voegel_von_a-z\/\">V\u00f6gel von A-Z<\/a><br \/>\nZur Galerie <a href=\"http:\/\/woerrlein-naturfoto.de\/wordpress\/hauptseite-voegel\/voegel\/sperlingsvoegel\/drosseln\">Drosseln<\/a><\/p>\n<p><img loading=\"lazy\" decoding=\"async\" class=\" wp-image-159 alignleft\" src=\"http:\/\/woerrlein-naturfoto.de\/wordpress\/wp-content\/uploads\/Rotdrossel_26333L_v1-600x400.jpg\" alt=\"Rotdrossel_26333L_v\" width=\"600\" height=\"400\" \/><\/p>\n<p>Die <b>Rotdrossel<\/b> <em>(Turdus iliacus)<\/em> ist eine Vogelart aus der Familie der Drosseln. Sie \u00e4hneln den Singdrosseln, sind \u00fcberwiegend braun gef\u00e4rbt und haben eine helle, gesprenkelte Unterseite. Der Bauch ist fast durchg\u00e4ngig wei\u00df, Sie haben jedoch einen k\u00fcrzeren Schwanz und einen gr\u00f6\u00dferen Kopf. Die Fl\u00fcgelunterseiten sind rostrot gef\u00e4rbt, was im Flug gut zu erkennen ist, und auch im Sitzen kann man noch das Rot an den Flanken erkennen. Das beste Unterscheidungsmerkmal zu den Singdrosseln ist jedoch der helle \u00dcberaugenstreif.<\/p>\n<p>L\u00e4nge: 21 cm\u00a0\u00a0 Spannweite: 33-34,5 cm\u00a0\u00a0 Gewicht: 60-65 g\u00a0\u00a0 Gelege: 4-5 Eier<\/p>\n<p>Zur Galerie <a href=\"http:\/\/woerrlein-naturfoto.de\/wordpress\/hauptseite-voegel\/voegel\/sperlingsvoegel\/drosseln\">Drosseln<\/a><\/p>\n<p>&nbsp;<\/p>\n<p><em>Quelle des Textauszuges und weitere Infos bei <\/em><a href=\"http:\/\/de.wikipedia.org\/wiki\/Rotdrossel\" target=\"_blank\">Wikipedia<\/a> <em>(<\/em><a href=\"http:\/\/www.gnu.org\/licenses\/fdl-1.3.txt\" target=\"_blank\">GNU-Lizenz<\/a><em>)<\/em> \u2013 <em>mein Dank gilt den<\/em> <a href=\"http:\/\/de.wikipedia.org\/w\/index.php?title=Rotdrossel&amp;action=history\" target=\"_blank\">Autoren<\/a>.<\/p>\n","protected":false},"excerpt":{"rendered":"<p>V\u00f6gel -&gt; Sperlingsv\u00f6gel -&gt; Drosseln V\u00f6gel von A-Z Zur Galerie Drosseln Die Rotdrossel (Turdus iliacus) ist eine Vogelart aus der Familie der Drosseln. Sie \u00e4hneln den Singdrosseln, sind \u00fcberwiegend braun gef\u00e4rbt und haben eine helle, gesprenkelte Unterseite. Der Bauch ist fast durchg\u00e4ngig wei\u00df, Sie haben jedoch einen k\u00fcrzeren Schwanz und einen gr\u00f6\u00dferen Kopf. Die Fl\u00fcgelunterseiten &hellip; <a href=\"https:\/\/woerrlein-naturfoto.de\/wordpress\/drosseln_a-z\/rotdrossel\/\" class=\"more-link\"><span class=\"screen-reader-text\">Rotdrossel<\/span> weiterlesen <span class=\"meta-nav\">&rarr;<\/span><\/a><\/p>\n","protected":false},"author":1,"featured_media":0,"parent":211,"menu_order":0,"comment_status":"closed","ping_status":"closed","template":"page-templates\/full-width.php","meta":{"footnotes":""},"class_list":["post-261","page","type-page","status-publish","hentry"],"_links":{"self":[{"href":"https:\/\/woerrlein-naturfoto.de\/wordpress\/wp-json\/wp\/v2\/pages\/261","targetHints":{"allow":["GET"]}}],"collection":[{"href":"https:\/\/woerrlein-naturfoto.de\/wordpress\/wp-json\/wp\/v2\/pages"}],"about":[{"href":"https:\/\/woerrlein-naturfoto.de\/wordpress\/wp-json\/wp\/v2\/types\/page"}],"author":[{"embeddable":true,"href":"https:\/\/woerrlein-naturfoto.de\/wordpress\/wp-json\/wp\/v2\/users\/1"}],"replies":[{"embeddable":true,"href":"https:\/\/woerrlein-naturfoto.de\/wordpress\/wp-json\/wp\/v2\/comments?post=261"}],"version-history":[{"count":19,"href":"https:\/\/woerrlein-naturfoto.de\/wordpress\/wp-json\/wp\/v2\/pages\/261\/revisions"}],"predecessor-version":[{"id":6321,"href":"https:\/\/woerrlein-naturfoto.de\/wordpress\/wp-json\/wp\/v2\/pages\/261\/revisions\/6321"}],"up":[{"embeddable":true,"href":"https:\/\/woerrlein-naturfoto.de\/wordpress\/wp-json\/wp\/v2\/pages\/211"}],"wp:attachment":[{"href":"https:\/\/woerrlein-naturfoto.de\/wordpress\/wp-json\/wp\/v2\/media?parent=261"}],"curies":[{"name":"wp","href":"https:\/\/api.w.org\/{rel}","templated":true}]}}