{"id":2602,"date":"2014-12-27T21:13:48","date_gmt":"2014-12-27T19:13:48","guid":{"rendered":"http:\/\/woerrlein-naturfoto.de\/wordpress\/?page_id=2602"},"modified":"2015-02-19T12:58:32","modified_gmt":"2015-02-19T11:58:32","slug":"silberreiher","status":"publish","type":"page","link":"https:\/\/woerrlein-naturfoto.de\/wordpress\/schreitvoegel-a-z\/silberreiher\/","title":{"rendered":"Silberreiher"},"content":{"rendered":"<p><a href=\"http:\/\/woerrlein-naturfoto.de\/wordpress\/voegel\/\"><span style=\"color: #ffff66;\">V\u00f6gel<\/span> <\/a>-&gt;<a href=\"http:\/\/woerrlein-naturfoto.de\/wordpress\/hauptseite-voegel\/voegel\/schreitvoegel\/\"> <span style=\"color: #ffff66;\">Schreitv\u00f6gel<\/span><\/a><br \/>\n<a title=\"V\u00f6gel von A-Z\" href=\"http:\/\/woerrlein-naturfoto.de\/wordpress\/voegel\/voegel_von_a-z\/\">V\u00f6gel von A-Z<\/a><br \/>\nzur Galerie <a title=\"Schreitv\u00f6gel\" href=\"http:\/\/woerrlein-naturfoto.de\/wordpress\/hauptseite-voegel\/voegel\/schreitvoegel\/\">Schreitv\u00f6gel<\/a><\/p>\n<p><img loading=\"lazy\" decoding=\"async\" class=\"alignleft wp-image-1765\" src=\"http:\/\/woerrlein-naturfoto.de\/wordpress\/wp-content\/uploads\/Silberreiher_10615L-600x400.jpg\" alt=\"Silberreiher_10615L.jpg\" width=\"600\" height=\"400\" \/>Der <b>Silberreiher<\/b> (<i>Casmerodius albus<\/i>) geh\u00f6rt zur Familie der Reiher aus der Ordnung der Schreitv\u00f6gel.Die Art hat ein sehr gro\u00dfes Verbreitungsgebiet, das weite Teile Ost- und S\u00fcdeuropas, Nord-, Mittel- und S\u00fcdamerika, Asien und Afrikas umfasst. In Mitteleuropa ist der Silberreiher ein lokal verbreiteter und h\u00e4ufiger Brut- und Jahresvogel. Der Silberreiher ist die Reiherart mit der gr\u00f6\u00dften geographischen Verbreitung. Au\u00dfer auf dem amerikanischen Doppelkontinent, den er im Norden bis S\u00fcdkanada besiedelt, kommt er in S\u00fcd- und Mitteleuropa, in Afrika, im Nahen Osten sowie in Australien und auf Neuseeland vor. In Mitteleuropa br\u00fctet er regelm\u00e4\u00dfig am Neusiedler See und seit 1992 auch in den Niederlanden. Nach Angaben des DDA gelang der erste sichere Brutnachweis f\u00fcr den Silberreiher in Deutschland im Jahr 2012 im \u00e4u\u00dfersten Nordosten, wo sich zwei Paare in einer Graureiherkolonie angesiedelt hatten. Der Silberreiher lebt in Schilfg\u00fcrteln an Seen, Fl\u00fcssen und Altarmen sowie in S\u00fcmpfen, die mit B\u00e4umen und B\u00fcschen bestanden sind. Au\u00dferhalb der Brutzeit h\u00e4lt er sich auch gerne in gro\u00dffl\u00e4chigen Gr\u00fcnlandgebieten auf. In Australien nutzt er in dieser Zeit auch weitr\u00e4umige Flussm\u00fcndungen. Insekten, Amphibien, Fische und M\u00e4use bilden im Wesentlichen die Nahrung des Silberreihers. Am Niederrhein sucht er vor allem auf den gro\u00dffl\u00e4chigen Gr\u00fcnlandfl\u00e4chen nach Nahrung. Dabei sucht er regelm\u00e4\u00dfig die N\u00e4he zu den dort \u00fcberwinternden arktischen Wildg\u00e4nsen. Diese fressen das Gras kurz, so dass Silber- und Graureiher dann dort besonders gut nach M\u00e4usen jagen k\u00f6nnen.<\/p>\n<p>L\u00e4nge: 85-102 cm\u00a0\u00a0 Spannweite: 140-170 cm\u00a0\u00a0 Gewicht: 1-1,5 kg\u00a0\u00a0 Gelege: 3-5 Eier<\/p>\n<p>zur Galerie <a title=\"Schreitv\u00f6gel\" href=\"http:\/\/woerrlein-naturfoto.de\/wordpress\/hauptseite-voegel\/voegel\/schreitvoegel\/\">Schreitv\u00f6gel<\/a><code><br \/>\n<\/code><\/p>\n<p>&nbsp;<\/p>\n<p><em>Quelle des Textauszuges und weitere Infos bei <\/em><a href=\"http:\/\/de.wikipedia.org\/wiki\/Silberreiher\" target=\"_blank\">Wikipedia<\/a> <em>(<\/em><a href=\"http:\/\/www.gnu.org\/licenses\/fdl-1.3.txt\" target=\"_blank\">GNU-Lizenz<\/a><em>)<\/em> \u2013 <em>mein Dank gilt den<\/em> <a href=\"http:\/\/de.wikipedia.org\/w\/index.php?title=Silberreiher&amp;action=history\" target=\"_blank\">Autoren<\/a>.<\/p>\n","protected":false},"excerpt":{"rendered":"<p>V\u00f6gel -&gt; Schreitv\u00f6gel V\u00f6gel von A-Z zur Galerie Schreitv\u00f6gel Der Silberreiher (Casmerodius albus) geh\u00f6rt zur Familie der Reiher aus der Ordnung der Schreitv\u00f6gel.Die Art hat ein sehr gro\u00dfes Verbreitungsgebiet, das weite Teile Ost- und S\u00fcdeuropas, Nord-, Mittel- und S\u00fcdamerika, Asien und Afrikas umfasst. In Mitteleuropa ist der Silberreiher ein lokal verbreiteter und h\u00e4ufiger Brut- und &hellip; <a href=\"https:\/\/woerrlein-naturfoto.de\/wordpress\/schreitvoegel-a-z\/silberreiher\/\" class=\"more-link\"><span class=\"screen-reader-text\">Silberreiher<\/span> weiterlesen <span class=\"meta-nav\">&rarr;<\/span><\/a><\/p>\n","protected":false},"author":1,"featured_media":0,"parent":2551,"menu_order":0,"comment_status":"closed","ping_status":"closed","template":"page-templates\/full-width.php","meta":{"footnotes":""},"class_list":["post-2602","page","type-page","status-publish","hentry"],"_links":{"self":[{"href":"https:\/\/woerrlein-naturfoto.de\/wordpress\/wp-json\/wp\/v2\/pages\/2602","targetHints":{"allow":["GET"]}}],"collection":[{"href":"https:\/\/woerrlein-naturfoto.de\/wordpress\/wp-json\/wp\/v2\/pages"}],"about":[{"href":"https:\/\/woerrlein-naturfoto.de\/wordpress\/wp-json\/wp\/v2\/types\/page"}],"author":[{"embeddable":true,"href":"https:\/\/woerrlein-naturfoto.de\/wordpress\/wp-json\/wp\/v2\/users\/1"}],"replies":[{"embeddable":true,"href":"https:\/\/woerrlein-naturfoto.de\/wordpress\/wp-json\/wp\/v2\/comments?post=2602"}],"version-history":[{"count":6,"href":"https:\/\/woerrlein-naturfoto.de\/wordpress\/wp-json\/wp\/v2\/pages\/2602\/revisions"}],"predecessor-version":[{"id":6378,"href":"https:\/\/woerrlein-naturfoto.de\/wordpress\/wp-json\/wp\/v2\/pages\/2602\/revisions\/6378"}],"up":[{"embeddable":true,"href":"https:\/\/woerrlein-naturfoto.de\/wordpress\/wp-json\/wp\/v2\/pages\/2551"}],"wp:attachment":[{"href":"https:\/\/woerrlein-naturfoto.de\/wordpress\/wp-json\/wp\/v2\/media?parent=2602"}],"curies":[{"name":"wp","href":"https:\/\/api.w.org\/{rel}","templated":true}]}}