{"id":2597,"date":"2014-12-27T20:57:08","date_gmt":"2014-12-27T18:57:08","guid":{"rendered":"http:\/\/woerrlein-naturfoto.de\/wordpress\/?page_id=2597"},"modified":"2015-02-19T12:57:47","modified_gmt":"2015-02-19T11:57:47","slug":"seidenreiher","status":"publish","type":"page","link":"https:\/\/woerrlein-naturfoto.de\/wordpress\/schreitvoegel-a-z\/seidenreiher\/","title":{"rendered":"Seidenreiher"},"content":{"rendered":"<p><a href=\"http:\/\/woerrlein-naturfoto.de\/wordpress\/voegel\/\"><span style=\"color: #ffff66;\">V\u00f6gel<\/span> <\/a>-&gt;<a href=\"http:\/\/woerrlein-naturfoto.de\/wordpress\/hauptseite-voegel\/voegel\/schreitvoegel\/\"> <span style=\"color: #ffff66;\">Schreitv\u00f6gel<\/span><\/a><br \/>\n<a title=\"V\u00f6gel von A-Z\" href=\"http:\/\/woerrlein-naturfoto.de\/wordpress\/voegel\/voegel_von_a-z\/\">V\u00f6gel von A-Z<\/a><br \/>\nzur Galerie <a title=\"Schreitv\u00f6gel\" href=\"http:\/\/woerrlein-naturfoto.de\/wordpress\/hauptseite-voegel\/voegel\/schreitvoegel\/\">Schreitv\u00f6gel<\/a><\/p>\n<p><img loading=\"lazy\" decoding=\"async\" class=\"alignleft wp-image-1738\" src=\"http:\/\/woerrlein-naturfoto.de\/wordpress\/wp-content\/uploads\/Seidenreiher_23135L_v-400x600.jpg\" alt=\"Seidenreiher_23135L_v.jpg\" width=\"267\" height=\"400\" srcset=\"https:\/\/woerrlein-naturfoto.de\/wordpress\/wp-content\/uploads\/Seidenreiher_23135L_v-400x600.jpg 400w, https:\/\/woerrlein-naturfoto.de\/wordpress\/wp-content\/uploads\/Seidenreiher_23135L_v.jpg 567w\" sizes=\"auto, (max-width: 267px) 100vw, 267px\" \/>Der <b>Seidenreiher<\/b> (<i>Egretta garzetta<\/i>) geh\u00f6rt zur Familie der Reiher aus der Ordnung der Schreitv\u00f6gel. Die Art hat ein sehr gro\u00dfes Verbreitungsgebiet. In Mitteleuropa ist der Verbreitungsschwerpunkt in Ungarn, kleine lokale Ansiedelungen gibt es aber auch in allen anderen mitteleurop\u00e4ischen L\u00e4ndern. Das Verbreitungsgebiet des Seidenreihers reicht von S\u00fcdeuropa und Nord-, West- und S\u00fcdafrika sowie Madagaskar \u00fcber Kleinasien bis nach Japan. Die Art kommt au\u00dferdem in S\u00fcdosten Asiens, auf Neuguinea und Australien sowie in kleiner Zahl auch auf Neuseeland vor. In Europa ist der Seidenreiher vor allem in S\u00fcdeuropa verbreitet, dringt aber in den letzten Jahren immer weiter nach Norden vor. In Deutschland ist er seltener als <a title=\"Silberreiher\" href=\"http:\/\/woerrlein-naturfoto.de\/wordpress\/schreitvoegel-a-z\/silberreiher\/\" target=\"_blank\">Silberreiher<\/a> oder<a title=\"Purpurreiher\" href=\"http:\/\/woerrlein-naturfoto.de\/wordpress\/schreitvoegel-a-z\/purpurreiher\/\" target=\"_blank\"> Purpurreiher<\/a> anzutreffen, jedoch regelm\u00e4\u00dfig in geringer Zahl zu beobachten. Der Seidenreiher ist je nach geografischer Lage des Vorkommens Kurz- bis Mittelstreckenzieher oder Standvogel. Die meisten europ\u00e4ischen Brutv\u00f6gel sind Zugv\u00f6gel, jedoch variiert der Standvogelanteil der Population, wo es das Klima erlaubt. Er \u00fcberwintert an der Atlantik-K\u00fcste Englands, Frankreichs und der Iberischen Halbinsel sowie in Nordafrika und der T\u00fcrkei. Hier kommt es jedoch in ungew\u00f6hnlich kalten Wintern zu Bestandseinbr\u00fcchen. Die V\u00f6gel ziehen ansonsten bis in die n\u00f6rdlichen Tropen Afrikas. Zu den weitesten nachgewiesenen Zugstrecken geh\u00f6rt der Zug von Brutv\u00f6geln der Camargue nach Mali, Gambia und Ghana, von Spanien bis nach Guinea, von Ungarn bis nach Sierra Leone. Der Seidenreiher h\u00e4lt sich besonders gerne an seichten, durchwachsenen kleinen T\u00fcmpeln und Teichen auf, die m\u00f6glichst umbuscht und umwaldet sind. Er ben\u00f6tigt ausgedehnte offene Flachwasserbereiche und naturnahe \u00dcberschwemmungsgebiete. Da er seine Nahrung bevorzugt im Seichtwasser sucht, findet man ihn heute h\u00e4ufig in Reisfeldern oder an flachen Fischteichen. \u00c4hnlich wie der <a title=\"Kuhreiher\" href=\"http:\/\/woerrlein-naturfoto.de\/wordpress\/schreitvoegel-a-z\/kuhreiher\/\" target=\"_blank\">Kuhreiher<\/a> schlie\u00dft er sich gelegentlich weidenden Gro\u00dfs\u00e4ugern an.<\/p>\n<p>L\u00e4nge: 55-65 cm\u00a0\u00a0 Spannweite: 88-95 cm\u00a0\u00a0 Gewicht: 400-550 g\u00a0\u00a0 Gelege: 3-5 Eier<\/p>\n<p>zur Galerie <a title=\"Schreitv\u00f6gel\" href=\"http:\/\/woerrlein-naturfoto.de\/wordpress\/hauptseite-voegel\/voegel\/schreitvoegel\/\">Schreitv\u00f6gel<\/a><code><br \/>\n<\/code><\/p>\n<p>&nbsp;<\/p>\n<p><em>Quelle des Textauszuges und weitere Infos bei <\/em><a href=\"http:\/\/de.wikipedia.org\/wiki\/Seidenreiher\" target=\"_blank\">Wikipedia<\/a> <em>(<\/em><a href=\"http:\/\/www.gnu.org\/licenses\/fdl-1.3.txt\" target=\"_blank\">GNU-Lizenz<\/a><em>)<\/em> \u2013 <em>mein Dank gilt den<\/em> <a href=\"http:\/\/de.wikipedia.org\/w\/index.php?title=Seidenreiher&amp;action=history\" target=\"_blank\">Autoren<\/a>.<\/p>\n","protected":false},"excerpt":{"rendered":"<p>V\u00f6gel -&gt; Schreitv\u00f6gel V\u00f6gel von A-Z zur Galerie Schreitv\u00f6gel Der Seidenreiher (Egretta garzetta) geh\u00f6rt zur Familie der Reiher aus der Ordnung der Schreitv\u00f6gel. Die Art hat ein sehr gro\u00dfes Verbreitungsgebiet. In Mitteleuropa ist der Verbreitungsschwerpunkt in Ungarn, kleine lokale Ansiedelungen gibt es aber auch in allen anderen mitteleurop\u00e4ischen L\u00e4ndern. Das Verbreitungsgebiet des Seidenreihers reicht von &hellip; <a href=\"https:\/\/woerrlein-naturfoto.de\/wordpress\/schreitvoegel-a-z\/seidenreiher\/\" class=\"more-link\"><span class=\"screen-reader-text\">Seidenreiher<\/span> weiterlesen <span class=\"meta-nav\">&rarr;<\/span><\/a><\/p>\n","protected":false},"author":1,"featured_media":0,"parent":2551,"menu_order":0,"comment_status":"closed","ping_status":"closed","template":"page-templates\/full-width.php","meta":{"footnotes":""},"class_list":["post-2597","page","type-page","status-publish","hentry"],"_links":{"self":[{"href":"https:\/\/woerrlein-naturfoto.de\/wordpress\/wp-json\/wp\/v2\/pages\/2597","targetHints":{"allow":["GET"]}}],"collection":[{"href":"https:\/\/woerrlein-naturfoto.de\/wordpress\/wp-json\/wp\/v2\/pages"}],"about":[{"href":"https:\/\/woerrlein-naturfoto.de\/wordpress\/wp-json\/wp\/v2\/types\/page"}],"author":[{"embeddable":true,"href":"https:\/\/woerrlein-naturfoto.de\/wordpress\/wp-json\/wp\/v2\/users\/1"}],"replies":[{"embeddable":true,"href":"https:\/\/woerrlein-naturfoto.de\/wordpress\/wp-json\/wp\/v2\/comments?post=2597"}],"version-history":[{"count":7,"href":"https:\/\/woerrlein-naturfoto.de\/wordpress\/wp-json\/wp\/v2\/pages\/2597\/revisions"}],"predecessor-version":[{"id":6376,"href":"https:\/\/woerrlein-naturfoto.de\/wordpress\/wp-json\/wp\/v2\/pages\/2597\/revisions\/6376"}],"up":[{"embeddable":true,"href":"https:\/\/woerrlein-naturfoto.de\/wordpress\/wp-json\/wp\/v2\/pages\/2551"}],"wp:attachment":[{"href":"https:\/\/woerrlein-naturfoto.de\/wordpress\/wp-json\/wp\/v2\/media?parent=2597"}],"curies":[{"name":"wp","href":"https:\/\/api.w.org\/{rel}","templated":true}]}}