{"id":2593,"date":"2014-12-27T20:44:13","date_gmt":"2014-12-27T18:44:13","guid":{"rendered":"http:\/\/woerrlein-naturfoto.de\/wordpress\/?page_id=2593"},"modified":"2015-02-19T12:58:55","modified_gmt":"2015-02-19T11:58:55","slug":"weissstorch","status":"publish","type":"page","link":"https:\/\/woerrlein-naturfoto.de\/wordpress\/schreitvoegel-a-z\/weissstorch\/","title":{"rendered":"Wei\u00dfstorch"},"content":{"rendered":"<p><a href=\"http:\/\/woerrlein-naturfoto.de\/wordpress\/voegel\/\"><span style=\"color: #ffff66;\">V\u00f6gel<\/span> <\/a>-&gt;<a href=\"http:\/\/woerrlein-naturfoto.de\/wordpress\/hauptseite-voegel\/voegel\/schreitvoegel\/\"> <span style=\"color: #ffff66;\">Schreitv\u00f6gel<\/span><\/a><br \/>\n<a title=\"V\u00f6gel von A-Z\" href=\"http:\/\/woerrlein-naturfoto.de\/wordpress\/voegel\/voegel_von_a-z\/\">V\u00f6gel von A-Z<\/a><br \/>\nzur Galerie <a title=\"Schreitv\u00f6gel\" href=\"http:\/\/woerrlein-naturfoto.de\/wordpress\/hauptseite-voegel\/voegel\/schreitvoegel\/\">Schreitv\u00f6gel<\/a><\/p>\n<p><img loading=\"lazy\" decoding=\"async\" class=\"alignleft wp-image-1742\" src=\"http:\/\/woerrlein-naturfoto.de\/wordpress\/wp-content\/uploads\/Weissstoerche_63925_v-600x400.jpg\" alt=\"Weissstoerche_63925_v.jpg\" width=\"600\" height=\"400\" srcset=\"https:\/\/woerrlein-naturfoto.de\/wordpress\/wp-content\/uploads\/Weissstoerche_63925_v-600x400.jpg 600w, https:\/\/woerrlein-naturfoto.de\/wordpress\/wp-content\/uploads\/Weissstoerche_63925_v-120x80.jpg 120w, https:\/\/woerrlein-naturfoto.de\/wordpress\/wp-content\/uploads\/Weissstoerche_63925_v.jpg 1000w\" sizes=\"auto, (max-width: 600px) 100vw, 600px\" \/>Der <b>Wei\u00dfstorch<\/b> (<i>Ciconia ciconia<\/i>) ist eine Vogelart aus der Familie der St\u00f6rche. Er war 1984 und 1994 in Deutschland <a title=\"Vogel des Jahres (Deutschland)\" href=\"http:\/\/de.wikipedia.org\/wiki\/Vogel_des_Jahres_%28Deutschland%29\" target=\"_blank\">Vogel des Jahres<\/a>. Der Wei\u00dfstorch ist ein Zugvogel, der jedes Jahr lange Strecken zwischen seinen Brutquartieren und seinen Winterquartieren in Afrika s\u00fcdlich der Sahara zur\u00fccklegt. Der Wei\u00dfstorch ist ein Segelflieger, der zum Zug warme Aufwinde (Thermik) nutzt. Da \u00fcber dem Wasser keine Thermik entsteht, muss der Wei\u00dfstorch das Mittelmeer umfliegen, um nach Afrika zu gelangen. So ziehen die so genannten \u201eWestst\u00f6rche\u201c bei Gibraltar \u00fcber das Mittelmeer, um in Westafrika vom Senegal bis zum Tschadsee den Winter zu verbringen. Die \u201eOstst\u00f6rche\u201c ziehen \u00fcber den Bosporus, das Jordantal und die Sinaihalbinsel nach Afrika. Sie fliegen das Niltal hinunter bis in den Sudan. Von dort aus geht der Zug weiter in Richtung Ostafrika. Die Winterquartiere der \u201eOstst\u00f6rche\u201c befinden sich in Ostafrika bis S\u00fcdafrika. Das ist eine Entfernung von etwa 10.000\u00a0km. Die Zugscheide verl\u00e4uft etwa vom Alpennordrand \u00fcber Lech, Regnitz, Kyffh\u00e4user, den S\u00fcdwesten des Harzes, Osnabr\u00fcck bis zum IJsselmeer. Nur wenige V\u00f6gel nehmen die mittlere Zugroute \u00fcber Italien nach Tunesien. In den letzten Jahren ziehen viele St\u00f6rche auf der westlichen Route nicht mehr bis nach Afrika, sondern bleiben in Spanien und Portugal. Das g\u00fcnstige Nahrungsangebot auf Reisfeldern und M\u00fclldeponien macht es ihnen m\u00f6glich, auf den Zug nach Afrika zu verzichten. Diese so genannten Westzieher sind im Fr\u00fchjahr dann auch eher in den Brutgebieten zur\u00fcck als die Ostzieher (die Mehrzahl der in Brandenburg nistenden Wei\u00dfst\u00f6rche), die \u00fcber die T\u00fcrkei nach Afrika ziehen. Immer wieder verbleiben St\u00f6rche auch \u00fcber die Winterzeit in ihren Sommerstandorten.<\/p>\n<p>L\u00e4nge: 100-115 cm\u00a0\u00a0 Spannweite: 155-165 cm\u00a0\u00a0 Gewicht: 3-4 kg\u00a0\u00a0 Gelege: 3-5 Eier<\/p>\n<p>zur Galerie <a title=\"Schreitv\u00f6gel\" href=\"http:\/\/woerrlein-naturfoto.de\/wordpress\/hauptseite-voegel\/voegel\/schreitvoegel\/\">Schreitv\u00f6gel<\/a><code><br \/>\n<\/code><\/p>\n<p>&nbsp;<\/p>\n<p><em>Quelle des Textauszuges und weitere Infos bei <\/em><a href=\"http:\/\/de.wikipedia.org\/wiki\/Wei%C3%9Fstorch\" target=\"_blank\">Wikipedia<\/a> <em>(<\/em><a href=\"http:\/\/www.gnu.org\/licenses\/fdl-1.3.txt\" target=\"_blank\">GNU-Lizenz<\/a><em>)<\/em> \u2013 <em>mein Dank gilt den<\/em> <a href=\"http:\/\/de.wikipedia.org\/w\/index.php?title=Wei%C3%9Fstorch&amp;action=history\" target=\"_blank\">Autoren<\/a>.<\/p>\n","protected":false},"excerpt":{"rendered":"<p>V\u00f6gel -&gt; Schreitv\u00f6gel V\u00f6gel von A-Z zur Galerie Schreitv\u00f6gel Der Wei\u00dfstorch (Ciconia ciconia) ist eine Vogelart aus der Familie der St\u00f6rche. Er war 1984 und 1994 in Deutschland Vogel des Jahres. Der Wei\u00dfstorch ist ein Zugvogel, der jedes Jahr lange Strecken zwischen seinen Brutquartieren und seinen Winterquartieren in Afrika s\u00fcdlich der Sahara zur\u00fccklegt. Der Wei\u00dfstorch &hellip; <a href=\"https:\/\/woerrlein-naturfoto.de\/wordpress\/schreitvoegel-a-z\/weissstorch\/\" class=\"more-link\"><span class=\"screen-reader-text\">Wei\u00dfstorch<\/span> weiterlesen <span class=\"meta-nav\">&rarr;<\/span><\/a><\/p>\n","protected":false},"author":1,"featured_media":0,"parent":2551,"menu_order":0,"comment_status":"closed","ping_status":"closed","template":"page-templates\/full-width.php","meta":{"footnotes":""},"class_list":["post-2593","page","type-page","status-publish","hentry"],"_links":{"self":[{"href":"https:\/\/woerrlein-naturfoto.de\/wordpress\/wp-json\/wp\/v2\/pages\/2593","targetHints":{"allow":["GET"]}}],"collection":[{"href":"https:\/\/woerrlein-naturfoto.de\/wordpress\/wp-json\/wp\/v2\/pages"}],"about":[{"href":"https:\/\/woerrlein-naturfoto.de\/wordpress\/wp-json\/wp\/v2\/types\/page"}],"author":[{"embeddable":true,"href":"https:\/\/woerrlein-naturfoto.de\/wordpress\/wp-json\/wp\/v2\/users\/1"}],"replies":[{"embeddable":true,"href":"https:\/\/woerrlein-naturfoto.de\/wordpress\/wp-json\/wp\/v2\/comments?post=2593"}],"version-history":[{"count":5,"href":"https:\/\/woerrlein-naturfoto.de\/wordpress\/wp-json\/wp\/v2\/pages\/2593\/revisions"}],"predecessor-version":[{"id":6379,"href":"https:\/\/woerrlein-naturfoto.de\/wordpress\/wp-json\/wp\/v2\/pages\/2593\/revisions\/6379"}],"up":[{"embeddable":true,"href":"https:\/\/woerrlein-naturfoto.de\/wordpress\/wp-json\/wp\/v2\/pages\/2551"}],"wp:attachment":[{"href":"https:\/\/woerrlein-naturfoto.de\/wordpress\/wp-json\/wp\/v2\/media?parent=2593"}],"curies":[{"name":"wp","href":"https:\/\/api.w.org\/{rel}","templated":true}]}}