{"id":2591,"date":"2014-12-27T20:32:48","date_gmt":"2014-12-27T18:32:48","guid":{"rendered":"http:\/\/woerrlein-naturfoto.de\/wordpress\/?page_id=2591"},"modified":"2015-02-19T12:57:09","modified_gmt":"2015-02-19T11:57:09","slug":"schwarzstorch","status":"publish","type":"page","link":"https:\/\/woerrlein-naturfoto.de\/wordpress\/schreitvoegel-a-z\/schwarzstorch\/","title":{"rendered":"Schwarzstorch"},"content":{"rendered":"<p><a href=\"http:\/\/woerrlein-naturfoto.de\/wordpress\/voegel\/\"><span style=\"color: #ffff66;\">V\u00f6gel<\/span> <\/a>-&gt;<a href=\"http:\/\/woerrlein-naturfoto.de\/wordpress\/hauptseite-voegel\/voegel\/schreitvoegel\/\"> <span style=\"color: #ffff66;\">Schreitv\u00f6gel<\/span><\/a><br \/>\n<a title=\"V\u00f6gel von A-Z\" href=\"http:\/\/woerrlein-naturfoto.de\/wordpress\/voegel\/voegel_von_a-z\/\">V\u00f6gel von A-Z<\/a><br \/>\nzur Galerie <a title=\"Schreitv\u00f6gel\" href=\"http:\/\/woerrlein-naturfoto.de\/wordpress\/hauptseite-voegel\/voegel\/schreitvoegel\/\">Schreitv\u00f6gel<\/a><\/p>\n<p><img loading=\"lazy\" decoding=\"async\" class=\"alignleft wp-image-1735\" src=\"http:\/\/woerrlein-naturfoto.de\/wordpress\/wp-content\/uploads\/Schwarzstorch_63783_v-600x400.jpg\" alt=\"Schwarzstorch_63783_v.jpg\" width=\"600\" height=\"400\" srcset=\"https:\/\/woerrlein-naturfoto.de\/wordpress\/wp-content\/uploads\/Schwarzstorch_63783_v-600x400.jpg 600w, https:\/\/woerrlein-naturfoto.de\/wordpress\/wp-content\/uploads\/Schwarzstorch_63783_v-120x80.jpg 120w, https:\/\/woerrlein-naturfoto.de\/wordpress\/wp-content\/uploads\/Schwarzstorch_63783_v.jpg 1000w\" sizes=\"auto, (max-width: 600px) 100vw, 600px\" \/><\/p>\n<p>Der <b>Schwarzstorch<\/b> (<i>Ciconia nigra<\/i>) ist neben dem Wei\u00dfstorch (<i>Ciconia ciconia<\/i>) die einzige in Europa br\u00fctende Art aus der Vogelfamilie der St\u00f6rche. Im Gegensatz zum Wei\u00dfstorch ist der Schwarzstorch ein scheuer Bewohner alter, geschlossener W\u00e4lder, die Still- und Flie\u00dfgew\u00e4sser aufweisen. Trotz des sehr gro\u00dfen Verbreitungsgebietes werden keine Unterarten unterschieden. Anders als sein bekannterer Verwandter, der Wei\u00dfstorch, lebt der Schwarzstorch meistens verborgen in alten, aber nicht zu dichten, reich strukturierten W\u00e4ldern; Laubw\u00e4lder und Laubmischw\u00e4lder mit Lichtungen, Flie\u00dfgew\u00e4ssern, T\u00fcmpeln und Teichen sind sein idealer Lebensraum. Ebenso geh\u00f6ren waldnah gelegene, feuchte, extensiv genutzte Wiesen zu einem optimalen Schwarzstorchhabitat. Alte Schwarzstorchreviere liegen fast immer in geschlossenen, meistens \u00fcber 100 Hektar gro\u00dfen Waldgebieten. Mit der dichteren Besiedelung und dem daraus resultierenden Mangel an optimalen Brutpl\u00e4tzen wurden in den letzten Jahren auch Brutansiedelungen in kleinen Waldgebieten, in Einzelf\u00e4llen sogar in kleinen Feldgeh\u00f6lzen festgestellt. Schwarzst\u00f6rche sind sehr empfindlich gegen\u00fcber St\u00f6rungen und meiden daher weitgehend die N\u00e4he von menschlichen Siedlungen. Im oberfr\u00e4nkischen Steppach kam es 2013 jedoch zu einem Nestbau und einer Brut (zwei Jungv\u00f6gel) auf einem Hausdach in der Ortsmitte. Die Nahrung des Schwarzstorches setzt sich in viel h\u00f6herem Ma\u00dfe als beim Wei\u00dfstorch aus Tieren zusammen, die im oder am Wasser leben. Dabei spielen Fische und Rundm\u00e4uler die gr\u00f6\u00dfte Rolle. Daneben werden auch abh\u00e4ngig vom verf\u00fcgbaren Angebot Amphibien und Wirbellose erbeutet; der Anteil der S\u00e4ugetiere ist im Vergleich zum Wei\u00dfstorch gering.<\/p>\n<p>L\u00e4nge: 95-100 cm\u00a0\u00a0 Spannweite: 145-150 cm\u00a0\u00a0 Gewicht: 3 kg\u00a0\u00a0 Gelege: 3-5 Eier<\/p>\n<p>zur Galerie <a title=\"Schreitv\u00f6gel\" href=\"http:\/\/woerrlein-naturfoto.de\/wordpress\/hauptseite-voegel\/voegel\/schreitvoegel\/\">Schreitv\u00f6gel<\/a><code><br \/>\n<\/code><\/p>\n<p>&nbsp;<\/p>\n<p><em>Quelle des Textauszuges und weitere Infos bei <\/em><a href=\"http:\/\/de.wikipedia.org\/wiki\/Schwarzstorch\" target=\"_blank\">Wikipedia<\/a> <em>(<\/em><a href=\"http:\/\/www.gnu.org\/licenses\/fdl-1.3.txt\" target=\"_blank\">GNU-Lizenz<\/a><em>)<\/em> \u2013 <em>mein Dank gilt den<\/em> <a href=\"http:\/\/de.wikipedia.org\/w\/index.php?title=Schwarzstorch&amp;action=history\" target=\"_blank\">Autoren<\/a>.<\/p>\n","protected":false},"excerpt":{"rendered":"<p>V\u00f6gel -&gt; Schreitv\u00f6gel V\u00f6gel von A-Z zur Galerie Schreitv\u00f6gel Der Schwarzstorch (Ciconia nigra) ist neben dem Wei\u00dfstorch (Ciconia ciconia) die einzige in Europa br\u00fctende Art aus der Vogelfamilie der St\u00f6rche. Im Gegensatz zum Wei\u00dfstorch ist der Schwarzstorch ein scheuer Bewohner alter, geschlossener W\u00e4lder, die Still- und Flie\u00dfgew\u00e4sser aufweisen. Trotz des sehr gro\u00dfen Verbreitungsgebietes werden keine &hellip; <a href=\"https:\/\/woerrlein-naturfoto.de\/wordpress\/schreitvoegel-a-z\/schwarzstorch\/\" class=\"more-link\"><span class=\"screen-reader-text\">Schwarzstorch<\/span> weiterlesen <span class=\"meta-nav\">&rarr;<\/span><\/a><\/p>\n","protected":false},"author":1,"featured_media":0,"parent":2551,"menu_order":0,"comment_status":"closed","ping_status":"closed","template":"page-templates\/full-width.php","meta":{"footnotes":""},"class_list":["post-2591","page","type-page","status-publish","hentry"],"_links":{"self":[{"href":"https:\/\/woerrlein-naturfoto.de\/wordpress\/wp-json\/wp\/v2\/pages\/2591","targetHints":{"allow":["GET"]}}],"collection":[{"href":"https:\/\/woerrlein-naturfoto.de\/wordpress\/wp-json\/wp\/v2\/pages"}],"about":[{"href":"https:\/\/woerrlein-naturfoto.de\/wordpress\/wp-json\/wp\/v2\/types\/page"}],"author":[{"embeddable":true,"href":"https:\/\/woerrlein-naturfoto.de\/wordpress\/wp-json\/wp\/v2\/users\/1"}],"replies":[{"embeddable":true,"href":"https:\/\/woerrlein-naturfoto.de\/wordpress\/wp-json\/wp\/v2\/comments?post=2591"}],"version-history":[{"count":3,"href":"https:\/\/woerrlein-naturfoto.de\/wordpress\/wp-json\/wp\/v2\/pages\/2591\/revisions"}],"predecessor-version":[{"id":6375,"href":"https:\/\/woerrlein-naturfoto.de\/wordpress\/wp-json\/wp\/v2\/pages\/2591\/revisions\/6375"}],"up":[{"embeddable":true,"href":"https:\/\/woerrlein-naturfoto.de\/wordpress\/wp-json\/wp\/v2\/pages\/2551"}],"wp:attachment":[{"href":"https:\/\/woerrlein-naturfoto.de\/wordpress\/wp-json\/wp\/v2\/media?parent=2591"}],"curies":[{"name":"wp","href":"https:\/\/api.w.org\/{rel}","templated":true}]}}