{"id":2585,"date":"2014-12-27T20:13:23","date_gmt":"2014-12-27T18:13:23","guid":{"rendered":"http:\/\/woerrlein-naturfoto.de\/wordpress\/?page_id=2585"},"modified":"2023-11-16T20:28:02","modified_gmt":"2023-11-16T19:28:02","slug":"rohrdommel","status":"publish","type":"page","link":"https:\/\/woerrlein-naturfoto.de\/wordpress\/schreitvoegel-a-z\/rohrdommel\/","title":{"rendered":"Rohrdommel"},"content":{"rendered":"<p><a href=\"http:\/\/woerrlein-naturfoto.de\/wordpress\/voegel\/\"><span style=\"color: #ffff66;\">V\u00f6gel<\/span> <\/a>-&gt;<a href=\"http:\/\/woerrlein-naturfoto.de\/wordpress\/hauptseite-voegel\/voegel\/schreitvoegel\/\"> <span style=\"color: #ffff66;\">Schreitv\u00f6gel<\/span><\/a><br \/>\n<a title=\"V\u00f6gel von A-Z\" href=\"http:\/\/woerrlein-naturfoto.de\/wordpress\/voegel\/voegel_von_a-z\/\">V\u00f6gel von A-Z<\/a><br \/>\nzur Galerie <a title=\"Schreitv\u00f6gel\" href=\"http:\/\/woerrlein-naturfoto.de\/wordpress\/hauptseite-voegel\/voegel\/schreitvoegel\/\">Schreitv\u00f6gel<\/a><\/p>\n<p><img loading=\"lazy\" decoding=\"async\" class=\"alignleft wp-image-17430\" src=\"https:\/\/woerrlein-naturfoto.de\/wordpress\/wp-content\/uploads\/2014\/12\/Rohrdommel_231025_8134-600x400.jpg\" alt=\"\" width=\"600\" height=\"400\" srcset=\"https:\/\/woerrlein-naturfoto.de\/wordpress\/wp-content\/uploads\/2014\/12\/Rohrdommel_231025_8134-600x400.jpg 600w, https:\/\/woerrlein-naturfoto.de\/wordpress\/wp-content\/uploads\/2014\/12\/Rohrdommel_231025_8134-768x512.jpg 768w, https:\/\/woerrlein-naturfoto.de\/wordpress\/wp-content\/uploads\/2014\/12\/Rohrdommel_231025_8134-120x80.jpg 120w, https:\/\/woerrlein-naturfoto.de\/wordpress\/wp-content\/uploads\/2014\/12\/Rohrdommel_231025_8134.jpg 1000w\" sizes=\"auto, (max-width: 600px) 100vw, 600px\" \/>Die <b>Rohrdommel<\/b> (<i>Botaurus stellaris<\/i>) ist ein Vogel aus der Familie der Reiher. Im Fr\u00fchjahr geben die M\u00e4nnchen dumpfe Balzrufe von sich, die kilometerweit zu h\u00f6ren sind. Die Rohrdommel lebt verborgen in ausgedehnten R\u00f6hrichten. Eine Reihe von Rohrdommeln verbleiben in ihrem Brutareal, wenn das Wasser nicht gefriert oder wandern nur in etwas beg\u00fcnstigtere Klimaregionen ab. Die Rohrdommel lebt bevorzugt in ausgedehnten Verlandungszonen von Seen, Altw\u00e4ssern und Teichen. Besonders wichtig sind gut erhaltene, ausgedehnte Schilf- und R\u00f6hrichtbest\u00e4nde, in denen die V\u00f6gel geschickt umherklettern, in denen sie ihre Nester bauen k\u00f6nnen und Schutz finden. Das Nahrungsspektrum der Rohrdommel ist sehr gro\u00df. Sie ern\u00e4hren sich \u00fcberwiegend von Kleinfischen, Fr\u00f6schen sowie Amphibien und Wasserinsekten. Sie fressen au\u00dferdem kleinere S\u00e4uger wie etwa M\u00e4useartige sowie Kleinv\u00f6gel und r\u00e4ubern auch die Nester von Entenv\u00f6geln.<\/p>\n<p>L\u00e4nge: 70-80 cm\u00a0\u00a0 Spannweite: 125-135 cm\u00a0\u00a0 Gewicht: 900-1500 g\u00a0\u00a0 Gelege: 5-6 Eier<\/p>\n<p>zur Galerie <a title=\"Schreitv\u00f6gel\" href=\"http:\/\/woerrlein-naturfoto.de\/wordpress\/hauptseite-voegel\/voegel\/schreitvoegel\/\">Schreitv\u00f6gel<\/a><code><br \/>\n<\/code><\/p>\n<p>&nbsp;<\/p>\n<p><em>Quelle des Textauszuges und weitere Infos bei <\/em><a href=\"http:\/\/de.wikipedia.org\/wiki\/Rohrdommel\" target=\"_blank\" rel=\"noopener\">Wikipedia<\/a> <em>(<\/em><a href=\"http:\/\/www.gnu.org\/licenses\/fdl-1.3.txt\" target=\"_blank\" rel=\"noopener\">GNU-Lizenz<\/a><em>)<\/em> \u2013 <em>mein Dank gilt den<\/em> <a href=\"http:\/\/de.wikipedia.org\/w\/index.php?title=Rohrdommel&amp;action=history\" target=\"_blank\" rel=\"noopener\">Autoren<\/a>.<\/p>\n","protected":false},"excerpt":{"rendered":"<p>V\u00f6gel -&gt; Schreitv\u00f6gel V\u00f6gel von A-Z zur Galerie Schreitv\u00f6gel Die Rohrdommel (Botaurus stellaris) ist ein Vogel aus der Familie der Reiher. Im Fr\u00fchjahr geben die M\u00e4nnchen dumpfe Balzrufe von sich, die kilometerweit zu h\u00f6ren sind. Die Rohrdommel lebt verborgen in ausgedehnten R\u00f6hrichten. Eine Reihe von Rohrdommeln verbleiben in ihrem Brutareal, wenn das Wasser nicht gefriert &hellip; <a href=\"https:\/\/woerrlein-naturfoto.de\/wordpress\/schreitvoegel-a-z\/rohrdommel\/\" class=\"more-link\"><span class=\"screen-reader-text\">Rohrdommel<\/span> weiterlesen <span class=\"meta-nav\">&rarr;<\/span><\/a><\/p>\n","protected":false},"author":1,"featured_media":0,"parent":2551,"menu_order":0,"comment_status":"closed","ping_status":"closed","template":"page-templates\/full-width.php","meta":{"footnotes":""},"class_list":["post-2585","page","type-page","status-publish","hentry"],"_links":{"self":[{"href":"https:\/\/woerrlein-naturfoto.de\/wordpress\/wp-json\/wp\/v2\/pages\/2585","targetHints":{"allow":["GET"]}}],"collection":[{"href":"https:\/\/woerrlein-naturfoto.de\/wordpress\/wp-json\/wp\/v2\/pages"}],"about":[{"href":"https:\/\/woerrlein-naturfoto.de\/wordpress\/wp-json\/wp\/v2\/types\/page"}],"author":[{"embeddable":true,"href":"https:\/\/woerrlein-naturfoto.de\/wordpress\/wp-json\/wp\/v2\/users\/1"}],"replies":[{"embeddable":true,"href":"https:\/\/woerrlein-naturfoto.de\/wordpress\/wp-json\/wp\/v2\/comments?post=2585"}],"version-history":[{"count":8,"href":"https:\/\/woerrlein-naturfoto.de\/wordpress\/wp-json\/wp\/v2\/pages\/2585\/revisions"}],"predecessor-version":[{"id":17482,"href":"https:\/\/woerrlein-naturfoto.de\/wordpress\/wp-json\/wp\/v2\/pages\/2585\/revisions\/17482"}],"up":[{"embeddable":true,"href":"https:\/\/woerrlein-naturfoto.de\/wordpress\/wp-json\/wp\/v2\/pages\/2551"}],"wp:attachment":[{"href":"https:\/\/woerrlein-naturfoto.de\/wordpress\/wp-json\/wp\/v2\/media?parent=2585"}],"curies":[{"name":"wp","href":"https:\/\/api.w.org\/{rel}","templated":true}]}}