{"id":2580,"date":"2014-12-27T19:29:25","date_gmt":"2014-12-27T17:29:25","guid":{"rendered":"http:\/\/woerrlein-naturfoto.de\/wordpress\/?page_id=2580"},"modified":"2015-02-19T12:54:58","modified_gmt":"2015-02-19T11:54:58","slug":"loeffler","status":"publish","type":"page","link":"https:\/\/woerrlein-naturfoto.de\/wordpress\/schreitvoegel-a-z\/loeffler\/","title":{"rendered":"L\u00f6ffler"},"content":{"rendered":"<p><a href=\"http:\/\/woerrlein-naturfoto.de\/wordpress\/voegel\/\"><span style=\"color: #ffff66;\">V\u00f6gel<\/span> <\/a>-&gt;<a href=\"http:\/\/woerrlein-naturfoto.de\/wordpress\/hauptseite-voegel\/voegel\/schreitvoegel\/\"> <span style=\"color: #ffff66;\">Schreitv\u00f6gel<\/span><\/a><br \/>\n<a title=\"V\u00f6gel von A-Z\" href=\"http:\/\/woerrlein-naturfoto.de\/wordpress\/voegel\/voegel_von_a-z\/\">V\u00f6gel von A-Z<\/a><br \/>\nzur Galerie <a title=\"Schreitv\u00f6gel\" href=\"http:\/\/woerrlein-naturfoto.de\/wordpress\/hauptseite-voegel\/voegel\/schreitvoegel\/\">Schreitv\u00f6gel<\/a><\/p>\n<p><img loading=\"lazy\" decoding=\"async\" class=\"alignleft wp-image-1731\" src=\"http:\/\/woerrlein-naturfoto.de\/wordpress\/wp-content\/uploads\/Loeffler_34317L_v-600x400.jpg\" alt=\"Loeffler_34317L_v.jpg\" width=\"600\" height=\"400\" srcset=\"https:\/\/woerrlein-naturfoto.de\/wordpress\/wp-content\/uploads\/Loeffler_34317L_v-600x400.jpg 600w, https:\/\/woerrlein-naturfoto.de\/wordpress\/wp-content\/uploads\/Loeffler_34317L_v-120x80.jpg 120w, https:\/\/woerrlein-naturfoto.de\/wordpress\/wp-content\/uploads\/Loeffler_34317L_v.jpg 1000w\" sizes=\"auto, (max-width: 600px) 100vw, 600px\" \/><\/p>\n<p>Der <b>L\u00f6ffler<\/b> (<i>Platalea leucorodia<\/i>), auch <b>L\u00f6ffelreiher<\/b> genannt, ist eine Vogelart aus der Familie der Ibisse und L\u00f6ffler. In Mitteleuropa ist der L\u00f6ffler ein lokaler Brut- und Sommervogel, dessen Bestand in den letzten Jahren deutlich zugenommen hat. Abseits der Brutgebiete ist er ein seltener Durchz\u00fcgler. Das Verbreitungsgebiet des L\u00f6fflers reicht von S\u00fcd-, West- und Mitteleuropa, Vorderasien, dem Nordosten Afrikas und dem Kaspigebiet \u00fcber Vorderindien bis nach Ostasien. Zwei Drittel des Weltbestandes kommt in der West-Pal\u00e4arktis vor. In Mitteleuropa begrenzte sich das Verbreitungsgebiet lange Zeit auf einige Kolonien in den Niederlanden, Ungarn und der Slowakei. Seit den 1990er Jahren siedelt sich die Art unter anderem im Osten \u00d6sterreichs und Tschechien an, wo sie fr\u00fcher zum Brutvogelbestand geh\u00f6rte. In Deutschland sowie in einigen Gebieten Westeuropas hat sich der L\u00f6ffler neu angesiedelt. In den Niederlanden und Deutschland br\u00fcten L\u00f6ffler gew\u00f6hnlich auf Inseln, was darauf zur\u00fcckzuf\u00fchren ist, dass dort der Verlust durch Pr\u00e4dation geringer ist. Wesentliche Beutegreifer sind Fuchs und Hermelin. L\u00f6ffler sind obligate Zugv\u00f6gel, deren Winterquartiere vom Mittelmeerraum bis zur Sahelzone sowie Sudan und \u00c4thiopien reicht. Die L\u00f6ffler, die in Niedersachsen br\u00fcten, ziehen ab August und September \u00fcber Westfrankreich zur Atlantikk\u00fcste und ziehen dann \u00fcber Gibraltar nach Westafrika. Bevor sie das Mittelmeer \u00fcberqueren pausieren rund 94 Prozent aller westeurop\u00e4ischen L\u00f6ffler an der Costa de la Luz.<\/p>\n<p>L\u00e4nge: 80-90 cm\u00a0\u00a0 Spannweite: 115-130 cm\u00a0\u00a0 Gewicht: 1,4-1,9 kg\u00a0\u00a0 Gelege: 3-4 Eier<\/p>\n<p>zur Galerie <a title=\"Schreitv\u00f6gel\" href=\"http:\/\/woerrlein-naturfoto.de\/wordpress\/hauptseite-voegel\/voegel\/schreitvoegel\/\">Schreitv\u00f6gel<\/a><code><br \/>\n<\/code><\/p>\n<p>&nbsp;<\/p>\n<p><em>Quelle des Textauszuges und weitere Infos bei <\/em><a href=\"http:\/\/de.wikipedia.org\/wiki\/L%C3%B6ffler\" target=\"_blank\">Wikipedia<\/a> <em>(<\/em><a href=\"http:\/\/www.gnu.org\/licenses\/fdl-1.3.txt\" target=\"_blank\">GNU-Lizenz<\/a><em>)<\/em> \u2013 <em>mein Dank gilt den<\/em> <a href=\"http:\/\/de.wikipedia.org\/w\/index.php?title=L%C3%B6ffler&amp;action=history\" target=\"_blank\">Autoren<\/a>.<\/p>\n","protected":false},"excerpt":{"rendered":"<p>V\u00f6gel -&gt; Schreitv\u00f6gel V\u00f6gel von A-Z zur Galerie Schreitv\u00f6gel Der L\u00f6ffler (Platalea leucorodia), auch L\u00f6ffelreiher genannt, ist eine Vogelart aus der Familie der Ibisse und L\u00f6ffler. In Mitteleuropa ist der L\u00f6ffler ein lokaler Brut- und Sommervogel, dessen Bestand in den letzten Jahren deutlich zugenommen hat. Abseits der Brutgebiete ist er ein seltener Durchz\u00fcgler. Das Verbreitungsgebiet &hellip; <a href=\"https:\/\/woerrlein-naturfoto.de\/wordpress\/schreitvoegel-a-z\/loeffler\/\" class=\"more-link\"><span class=\"screen-reader-text\">L\u00f6ffler<\/span> weiterlesen <span class=\"meta-nav\">&rarr;<\/span><\/a><\/p>\n","protected":false},"author":1,"featured_media":0,"parent":2551,"menu_order":0,"comment_status":"closed","ping_status":"closed","template":"page-templates\/full-width.php","meta":{"footnotes":""},"class_list":["post-2580","page","type-page","status-publish","hentry"],"_links":{"self":[{"href":"https:\/\/woerrlein-naturfoto.de\/wordpress\/wp-json\/wp\/v2\/pages\/2580","targetHints":{"allow":["GET"]}}],"collection":[{"href":"https:\/\/woerrlein-naturfoto.de\/wordpress\/wp-json\/wp\/v2\/pages"}],"about":[{"href":"https:\/\/woerrlein-naturfoto.de\/wordpress\/wp-json\/wp\/v2\/types\/page"}],"author":[{"embeddable":true,"href":"https:\/\/woerrlein-naturfoto.de\/wordpress\/wp-json\/wp\/v2\/users\/1"}],"replies":[{"embeddable":true,"href":"https:\/\/woerrlein-naturfoto.de\/wordpress\/wp-json\/wp\/v2\/comments?post=2580"}],"version-history":[{"count":6,"href":"https:\/\/woerrlein-naturfoto.de\/wordpress\/wp-json\/wp\/v2\/pages\/2580\/revisions"}],"predecessor-version":[{"id":6370,"href":"https:\/\/woerrlein-naturfoto.de\/wordpress\/wp-json\/wp\/v2\/pages\/2580\/revisions\/6370"}],"up":[{"embeddable":true,"href":"https:\/\/woerrlein-naturfoto.de\/wordpress\/wp-json\/wp\/v2\/pages\/2551"}],"wp:attachment":[{"href":"https:\/\/woerrlein-naturfoto.de\/wordpress\/wp-json\/wp\/v2\/media?parent=2580"}],"curies":[{"name":"wp","href":"https:\/\/api.w.org\/{rel}","templated":true}]}}