{"id":2569,"date":"2014-12-27T19:02:57","date_gmt":"2014-12-27T17:02:57","guid":{"rendered":"http:\/\/woerrlein-naturfoto.de\/wordpress\/?page_id=2569"},"modified":"2015-02-19T12:55:50","modified_gmt":"2015-02-19T11:55:50","slug":"purpurreiher","status":"publish","type":"page","link":"https:\/\/woerrlein-naturfoto.de\/wordpress\/schreitvoegel-a-z\/purpurreiher\/","title":{"rendered":"Purpurreiher"},"content":{"rendered":"<p><a href=\"http:\/\/woerrlein-naturfoto.de\/wordpress\/voegel\/\"><span style=\"color: #ffff66;\">V\u00f6gel<\/span> <\/a>-&gt;<a href=\"http:\/\/woerrlein-naturfoto.de\/wordpress\/hauptseite-voegel\/voegel\/schreitvoegel\/\"> <span style=\"color: #ffff66;\">Schreitv\u00f6gel<\/span><\/a><br \/>\n<a title=\"V\u00f6gel von A-Z\" href=\"http:\/\/woerrlein-naturfoto.de\/wordpress\/voegel\/voegel_von_a-z\/\">V\u00f6gel von A-Z<\/a><br \/>\nzur Galerie <a title=\"Schreitv\u00f6gel\" href=\"http:\/\/woerrlein-naturfoto.de\/wordpress\/hauptseite-voegel\/voegel\/schreitvoegel\/\">Schreitv\u00f6gel<\/a><\/p>\n<p><img loading=\"lazy\" decoding=\"async\" class=\"alignleft wp-image-1764\" src=\"http:\/\/woerrlein-naturfoto.de\/wordpress\/wp-content\/uploads\/Purpurreiher_5798L-600x399.jpg\" alt=\"Purpurreiher_5798L.jpg\" width=\"600\" height=\"399\" srcset=\"https:\/\/woerrlein-naturfoto.de\/wordpress\/wp-content\/uploads\/Purpurreiher_5798L-600x399.jpg 600w, https:\/\/woerrlein-naturfoto.de\/wordpress\/wp-content\/uploads\/Purpurreiher_5798L-120x80.jpg 120w, https:\/\/woerrlein-naturfoto.de\/wordpress\/wp-content\/uploads\/Purpurreiher_5798L.jpg 1000w\" sizes=\"auto, (max-width: 600px) 100vw, 600px\" \/>Der <b>Purpurreiher<\/b> (<i>Ardea purpurea<\/i>) ist eine Vogelart aus der Familie der Reiher. Er ist ein seltener Brutvogel und wird in der <a title=\"Rote Liste gef\u00e4hrdeter Arten\" href=\"http:\/\/de.wikipedia.org\/wiki\/Rote_Liste_gef%C3%A4hrdeter_Arten\" target=\"_blank\">Roten Liste<\/a> in Kategorie 2 (<i>stark gef\u00e4hrdet<\/i>) gef\u00fchrt. Das gro\u00dfe Verbreitungsgebiet der Art umfasst Nordwest-, Zentral- und S\u00fcdafrika, Madagaskar, den S\u00fcden Europas und daran anschlie\u00dfend das westliche Asien bis in den Westen Pakistans; au\u00dferdem S\u00fcdost- und Ostasien von Indien und Ceylon nach Osten bis zu den Philippinen und nach Norden bis ins s\u00fcd\u00f6stlichste Russland. In Europa gibt es regionale Brutpopulationen in Spanien, Frankreich, S\u00fcddeutschland, Italien, auf der Balkanhalbinsel, in Griechenland, Ungarn, Rum\u00e4nien und Bulgarien und eine fl\u00e4chendeckende Verbreitung von S\u00fcdpolen bis zum Schwarzen Meer. Der Purpurreiher br\u00fctet in Kolonien in sehr gro\u00dfen Schilfbest\u00e4nden, teilweise auch in B\u00fcschen. Seine Nahrung sucht er ebenfalls haupts\u00e4chlich im Schilf. Mit Hilfe seiner langen Zehen kann er Schilfhalme sehr gut umgreifen. Die Hauptnahrung des Purpurreiher sind Fische mit einer L\u00e4nge von zehn bis zwanzig Zentimetern. Daneben spielen Insekten und deren Larven eine Rolle. Amphibien, Reptilien, Kleins\u00e4uger, V\u00f6gel, Crustaceen und Mollusken spielen in der Ern\u00e4hrung eine etwas untergeordnete Rolle. Der t\u00e4gliche Nahrungsbedarf betr\u00e4gt etwa 200 Gramm.<sup id=\"cite_ref-2\" class=\"reference\"><\/sup> Auf Nahrungssuche ist der Purpurreiher vor allem abends und morgens zu beobachten. Er lebt grunds\u00e4tzlich versteckter als der Graureiher, selbst seine Brutpl\u00e4tze sind h\u00e4ufig nur sehr schwer auszumachen.<\/p>\n<p>L\u00e4nge: 78-90 cm\u00a0\u00a0 Spannweite: 120-150 cm\u00a0\u00a0 Gewicht: 600-1200 g\u00a0\u00a0 Gelege: 4-5 Eier<\/p>\n<p>zur Galerie <a title=\"Schreitv\u00f6gel\" href=\"http:\/\/woerrlein-naturfoto.de\/wordpress\/hauptseite-voegel\/voegel\/schreitvoegel\/\">Schreitv\u00f6gel<\/a><code><br \/>\n<\/code><\/p>\n<p>&nbsp;<\/p>\n<p><em>Quelle des Textauszuges und weitere Infos bei <\/em><a href=\"http:\/\/de.wikipedia.org\/wiki\/Purpurreiher\" target=\"_blank\">Wikipedia<\/a> <em>(<\/em><a href=\"http:\/\/www.gnu.org\/licenses\/fdl-1.3.txt\" target=\"_blank\">GNU-Lizenz<\/a><em>)<\/em> \u2013 <em>mein Dank gilt den<\/em> <a href=\"http:\/\/de.wikipedia.org\/w\/index.php?title=Purpurreiher&amp;action=history\" target=\"_blank\">Autoren<\/a>.<\/p>\n","protected":false},"excerpt":{"rendered":"<p>V\u00f6gel -&gt; Schreitv\u00f6gel V\u00f6gel von A-Z zur Galerie Schreitv\u00f6gel Der Purpurreiher (Ardea purpurea) ist eine Vogelart aus der Familie der Reiher. Er ist ein seltener Brutvogel und wird in der Roten Liste in Kategorie 2 (stark gef\u00e4hrdet) gef\u00fchrt. Das gro\u00dfe Verbreitungsgebiet der Art umfasst Nordwest-, Zentral- und S\u00fcdafrika, Madagaskar, den S\u00fcden Europas und daran anschlie\u00dfend &hellip; <a href=\"https:\/\/woerrlein-naturfoto.de\/wordpress\/schreitvoegel-a-z\/purpurreiher\/\" class=\"more-link\"><span class=\"screen-reader-text\">Purpurreiher<\/span> weiterlesen <span class=\"meta-nav\">&rarr;<\/span><\/a><\/p>\n","protected":false},"author":1,"featured_media":0,"parent":2551,"menu_order":0,"comment_status":"closed","ping_status":"closed","template":"page-templates\/full-width.php","meta":{"footnotes":""},"class_list":["post-2569","page","type-page","status-publish","hentry"],"_links":{"self":[{"href":"https:\/\/woerrlein-naturfoto.de\/wordpress\/wp-json\/wp\/v2\/pages\/2569","targetHints":{"allow":["GET"]}}],"collection":[{"href":"https:\/\/woerrlein-naturfoto.de\/wordpress\/wp-json\/wp\/v2\/pages"}],"about":[{"href":"https:\/\/woerrlein-naturfoto.de\/wordpress\/wp-json\/wp\/v2\/types\/page"}],"author":[{"embeddable":true,"href":"https:\/\/woerrlein-naturfoto.de\/wordpress\/wp-json\/wp\/v2\/users\/1"}],"replies":[{"embeddable":true,"href":"https:\/\/woerrlein-naturfoto.de\/wordpress\/wp-json\/wp\/v2\/comments?post=2569"}],"version-history":[{"count":3,"href":"https:\/\/woerrlein-naturfoto.de\/wordpress\/wp-json\/wp\/v2\/pages\/2569\/revisions"}],"predecessor-version":[{"id":6372,"href":"https:\/\/woerrlein-naturfoto.de\/wordpress\/wp-json\/wp\/v2\/pages\/2569\/revisions\/6372"}],"up":[{"embeddable":true,"href":"https:\/\/woerrlein-naturfoto.de\/wordpress\/wp-json\/wp\/v2\/pages\/2551"}],"wp:attachment":[{"href":"https:\/\/woerrlein-naturfoto.de\/wordpress\/wp-json\/wp\/v2\/media?parent=2569"}],"curies":[{"name":"wp","href":"https:\/\/api.w.org\/{rel}","templated":true}]}}