{"id":2565,"date":"2014-12-27T18:50:02","date_gmt":"2014-12-27T16:50:02","guid":{"rendered":"http:\/\/woerrlein-naturfoto.de\/wordpress\/?page_id=2565"},"modified":"2015-02-19T12:54:39","modified_gmt":"2015-02-19T11:54:39","slug":"kuhreiher","status":"publish","type":"page","link":"https:\/\/woerrlein-naturfoto.de\/wordpress\/schreitvoegel-a-z\/kuhreiher\/","title":{"rendered":"Kuhreiher"},"content":{"rendered":"<p><a href=\"http:\/\/woerrlein-naturfoto.de\/wordpress\/voegel\/\"><span style=\"color: #ffff66;\">V\u00f6gel<\/span> <\/a>-&gt;<a href=\"http:\/\/woerrlein-naturfoto.de\/wordpress\/hauptseite-voegel\/voegel\/schreitvoegel\/\"> <span style=\"color: #ffff66;\">Schreitv\u00f6gel<\/span><\/a><br \/>\n<a title=\"V\u00f6gel von A-Z\" href=\"http:\/\/woerrlein-naturfoto.de\/wordpress\/voegel\/voegel_von_a-z\/\">V\u00f6gel von A-Z<\/a><br \/>\nzur Galerie <a title=\"Schreitv\u00f6gel\" href=\"http:\/\/woerrlein-naturfoto.de\/wordpress\/hauptseite-voegel\/voegel\/schreitvoegel\/\">Schreitv\u00f6gel<\/a><\/p>\n<p><img loading=\"lazy\" decoding=\"async\" class=\"alignleft wp-image-1756\" src=\"http:\/\/woerrlein-naturfoto.de\/wordpress\/wp-content\/uploads\/Kuhreiher_5692L-600x399.jpg\" alt=\"Kuhreiher_5692L.jpg\" width=\"600\" height=\"399\" srcset=\"https:\/\/woerrlein-naturfoto.de\/wordpress\/wp-content\/uploads\/Kuhreiher_5692L-600x399.jpg 600w, https:\/\/woerrlein-naturfoto.de\/wordpress\/wp-content\/uploads\/Kuhreiher_5692L-120x80.jpg 120w, https:\/\/woerrlein-naturfoto.de\/wordpress\/wp-content\/uploads\/Kuhreiher_5692L.jpg 1000w\" sizes=\"auto, (max-width: 600px) 100vw, 600px\" \/>Der <b>Kuhreiher<\/b> (<i>Bubulcus ibis<\/i>) geh\u00f6rt zur Familie der Reiher aus der Ordnung der Schreitv\u00f6gel. Er ist weltweit verbreitet und fehlt nur auf der Antarktika, sein Verbreitungsgebiet hat sich insbesondere im Verlauf des 20. Jahrhunderts stark ausgedehnt. Der europ\u00e4ische Verbreitungsschwerpunkt ist die Iberische Halbinsel. In Mitteleuropa kommt er in geringer Zahl als Brut- und Jahresvogel in Belgien und den Niederlanden vor. In Belgien br\u00fctet er seit 1998, im Jahr 2000 gab es schon 9 Nester dieser Art. In den Niederlanden br\u00fctet er gleichfalls seit 1998. In den \u00fcbrigen mitteleurop\u00e4ischen L\u00e4ndern ist er regelm\u00e4\u00dfig zu beobachten. Dies ist zum Teil auch darauf zur\u00fcckzuf\u00fchren, dass der Bestand in S\u00fcdwest-Europa zugenommen hat und es dadurch in Mitteleuropa verst\u00e4rkt einen Einflug gibt. Daneben gibt es eine Reihe von Gefangenschaftsfl\u00fcchtlingen. In einigen mitteleurop\u00e4ischen Zoos, wie etwa dem Zoo Hannover und dem N\u00fcrnberger Zoo werden Kuhreiher in Freiflughaltung gehalten. Kuhreiher sind tagaktive V\u00f6gel und sind au\u00dferdem sehr sozial. Sie sind regelm\u00e4\u00dfig in kleinen Trupps auf Nahrungssuche, wobei die Gruppenjagd die Effizienz der Nahrungssuche erh\u00f6ht. Lediglich individuelle Kleinstterritorien werden verteidigt. Kuhreiher nisten in Kolonien und sind dabei h\u00e4ufig mit anderen Reiherarten vergesellschaftet. Zum Nahrungsspektrum des Kuhreihers geh\u00f6ren Heuschrecken, Spinnen, Zecken, Fr\u00f6sche, Reptilien und kleinere S\u00e4ugetiere. In Australien frisst der Kuhreiher auch Aga-Kr\u00f6ten. Im Winterhalbjahr spielen Regenw\u00fcrmer eine gr\u00f6\u00dfere Rolle im Nahrungsspektrum. W\u00e4hrend der Nahrungssuche folgen Kuhreiher weidendem Vieh wie Schafen, Ziegen, Pferden und K\u00fchen. Regelm\u00e4\u00dfig lesen sie auch <a class=\"mw-redirect\" title=\"Ektoparasiten\" href=\"http:\/\/de.wikipedia.org\/wiki\/Ektoparasiten\" target=\"_blank\">Ektoparasiten<\/a> von weidendem Vieh ab.<\/p>\n<p>L\u00e4nge: 48-92 cm\u00a0\u00a0 Spannweite: 90-95 cm\u00a0\u00a0 Gewicht: 300-350 g\u00a0\u00a0 Gelege: 4-5 Eier<\/p>\n<p>zur Galerie <a title=\"Schreitv\u00f6gel\" href=\"http:\/\/woerrlein-naturfoto.de\/wordpress\/hauptseite-voegel\/voegel\/schreitvoegel\/\">Schreitv\u00f6gel<\/a><code><br \/>\n<\/code><\/p>\n<p>&nbsp;<\/p>\n<p><em>Quelle des Textauszuges und weitere Infos bei <\/em><a href=\"http:\/\/de.wikipedia.org\/wiki\/Kuhreiher\" target=\"_blank\">Wikipedia<\/a> <em>(<\/em><a href=\"http:\/\/www.gnu.org\/licenses\/fdl-1.3.txt\" target=\"_blank\">GNU-Lizenz<\/a><em>)<\/em> \u2013 <em>mein Dank gilt den<\/em> <a href=\"http:\/\/de.wikipedia.org\/w\/index.php?title=Kuhreiher&amp;action=history\" target=\"_blank\">Autoren<\/a>.<\/p>\n","protected":false},"excerpt":{"rendered":"<p>V\u00f6gel -&gt; Schreitv\u00f6gel V\u00f6gel von A-Z zur Galerie Schreitv\u00f6gel Der Kuhreiher (Bubulcus ibis) geh\u00f6rt zur Familie der Reiher aus der Ordnung der Schreitv\u00f6gel. Er ist weltweit verbreitet und fehlt nur auf der Antarktika, sein Verbreitungsgebiet hat sich insbesondere im Verlauf des 20. Jahrhunderts stark ausgedehnt. Der europ\u00e4ische Verbreitungsschwerpunkt ist die Iberische Halbinsel. In Mitteleuropa kommt &hellip; <a href=\"https:\/\/woerrlein-naturfoto.de\/wordpress\/schreitvoegel-a-z\/kuhreiher\/\" class=\"more-link\"><span class=\"screen-reader-text\">Kuhreiher<\/span> weiterlesen <span class=\"meta-nav\">&rarr;<\/span><\/a><\/p>\n","protected":false},"author":1,"featured_media":0,"parent":2551,"menu_order":0,"comment_status":"closed","ping_status":"closed","template":"page-templates\/full-width.php","meta":{"footnotes":""},"class_list":["post-2565","page","type-page","status-publish","hentry"],"_links":{"self":[{"href":"https:\/\/woerrlein-naturfoto.de\/wordpress\/wp-json\/wp\/v2\/pages\/2565","targetHints":{"allow":["GET"]}}],"collection":[{"href":"https:\/\/woerrlein-naturfoto.de\/wordpress\/wp-json\/wp\/v2\/pages"}],"about":[{"href":"https:\/\/woerrlein-naturfoto.de\/wordpress\/wp-json\/wp\/v2\/types\/page"}],"author":[{"embeddable":true,"href":"https:\/\/woerrlein-naturfoto.de\/wordpress\/wp-json\/wp\/v2\/users\/1"}],"replies":[{"embeddable":true,"href":"https:\/\/woerrlein-naturfoto.de\/wordpress\/wp-json\/wp\/v2\/comments?post=2565"}],"version-history":[{"count":5,"href":"https:\/\/woerrlein-naturfoto.de\/wordpress\/wp-json\/wp\/v2\/pages\/2565\/revisions"}],"predecessor-version":[{"id":6369,"href":"https:\/\/woerrlein-naturfoto.de\/wordpress\/wp-json\/wp\/v2\/pages\/2565\/revisions\/6369"}],"up":[{"embeddable":true,"href":"https:\/\/woerrlein-naturfoto.de\/wordpress\/wp-json\/wp\/v2\/pages\/2551"}],"wp:attachment":[{"href":"https:\/\/woerrlein-naturfoto.de\/wordpress\/wp-json\/wp\/v2\/media?parent=2565"}],"curies":[{"name":"wp","href":"https:\/\/api.w.org\/{rel}","templated":true}]}}