{"id":2543,"date":"2014-12-27T17:06:05","date_gmt":"2014-12-27T15:06:05","guid":{"rendered":"http:\/\/woerrlein-naturfoto.de\/wordpress\/?page_id=2543"},"modified":"2015-02-23T12:45:05","modified_gmt":"2015-02-23T11:45:05","slug":"wasserralle","status":"publish","type":"page","link":"https:\/\/woerrlein-naturfoto.de\/wordpress\/rallenvoegel-a-z\/wasserralle\/","title":{"rendered":"Wasserralle"},"content":{"rendered":"<p><a href=\"http:\/\/woerrlein-naturfoto.de\/wordpress\/voegel\/\"><span style=\"color: #ffff66;\">V\u00f6gel<\/span> <\/a>-&gt;<a href=\"http:\/\/woerrlein-naturfoto.de\/wordpress\/hauptseite-voegel\/voegel\/rallenvoegel\/\"> <span style=\"color: #ffff66;\">Rallenv\u00f6gel<\/span><\/a><br \/>\n<a title=\"V\u00f6gel von A-Z\" href=\"http:\/\/woerrlein-naturfoto.de\/wordpress\/voegel\/voegel_von_a-z\/\">V\u00f6gel von A-Z<\/a><br \/>\nzur Galerie <a title=\"Rallenv\u00f6gel\" href=\"http:\/\/woerrlein-naturfoto.de\/wordpress\/hauptseite-voegel\/voegel\/rallenvoegel\/\">Rallenv\u00f6gel<\/a><\/p>\n<p><img loading=\"lazy\" decoding=\"async\" class=\"alignleft wp-image-1715\" src=\"http:\/\/woerrlein-naturfoto.de\/wordpress\/wp-content\/uploads\/Wasserralle_45694_v549076f899800-600x400.jpg\" alt=\"Wasserralle_45694_v549076f899800.jpg\" width=\"600\" height=\"400\" srcset=\"https:\/\/woerrlein-naturfoto.de\/wordpress\/wp-content\/uploads\/Wasserralle_45694_v549076f899800-600x400.jpg 600w, https:\/\/woerrlein-naturfoto.de\/wordpress\/wp-content\/uploads\/Wasserralle_45694_v549076f899800-120x80.jpg 120w, https:\/\/woerrlein-naturfoto.de\/wordpress\/wp-content\/uploads\/Wasserralle_45694_v549076f899800.jpg 1000w\" sizes=\"auto, (max-width: 600px) 100vw, 600px\" \/>Die <b>Wasserralle<\/b> (<i>Rallus aquaticus<\/i>) ist eine Vogelart aus der Familie der Rallenv\u00f6gel. Sie ist in ganz Mitteleuropa ein Brut- und Sommervogel und teilweise sogar ein Jahresvogel. Die Wasserralle ist in Mitteleuropa ist sie ein verbreiteter Brutvogel der Feuchtgebiete vom Tiefland bis in Mittelgebirgslagen. In den Nordalpen kommt sie noch in H\u00f6henlagen bis 1.400 Meter vor. Die scheue Wasserralle f\u00fchlt sich in Sumpfgebieten besonders wohl. Sie bevorzugt sehr feuchte Gebiete mit viel Schilf und einer sehr dicht bewachsenen Umgebung. Daneben sind auch Seggenmoore, Erlenbruchw\u00e4lder und Weidendickichte sowie \u00fcberschwemmte S\u00fc\u00dfgraswiesen, Sumpfschachtelhalm- und Wasserschwadenbest\u00e4nde wesentliche Lebensr\u00e4ume f\u00fcr diese Art. Wesentlich ist, dass die V\u00f6gel zwischen der Vegetation laufen k\u00f6nnen und dass kleine offene Wasserfl\u00e4chen vorhanden sind. Sie lebt entsprechend auch an Kleingew\u00e4ssern oder in schmalen Schilfstreifen, sofern ausreichend Deckung vorhanden ist. Da sie ausgesprochen versteckt lebt, sind es vor allem die Rufe, die ihre Anwesenheit verraten. Die Wasserralle z\u00e4hlt zu den gef\u00e4hrdeten Vogelarten. Sie leidet ebenso wie das ihr \u00e4hnelnde <a title=\"T\u00fcpfelsumpfhuhn\" href=\"http:\/\/woerrlein-naturfoto.de\/wordpress\/rallenvoegel-a-z\/tuepfelsumpfhuhn\/\" target=\"_blank\">T\u00fcpfelsumpfhuhn<\/a> insbesondere unter den gravierenden Zerst\u00f6rungen ihres Lebensraumes durch Entw\u00e4sserungen, Deichbau und die Verbauung nat\u00fcrlicher Ufer.<\/p>\n<p>L\u00e4nge: 22-28 cm\u00a0\u00a0 Spannweite: 38-45 cm\u00a0\u00a0 Gewicht: 100-140 g\u00a0\u00a0 Gelege: 6-11 Eier<\/p>\n<p>zur Galerie <a title=\"Rallenv\u00f6gel\" href=\"http:\/\/woerrlein-naturfoto.de\/wordpress\/hauptseite-voegel\/voegel\/rallenvoegel\/\">Rallenv\u00f6gel<\/a><code><br \/>\n<\/code><\/p>\n<p>&nbsp;<\/p>\n<p><em>Quelle des Textauszuges und weitere Infos bei <\/em><a href=\"http:\/\/de.wikipedia.org\/wiki\/Wasserralle\" target=\"_blank\">Wikipedia<\/a> <em>(<\/em><a href=\"http:\/\/www.gnu.org\/licenses\/fdl-1.3.txt\" target=\"_blank\">GNU-Lizenz<\/a><em>)<\/em> \u2013 <em>mein Dank gilt den<\/em> <a href=\"http:\/\/de.wikipedia.org\/w\/index.php?title=Wasserralle&amp;action=history\" target=\"_blank\">Autoren<\/a>.<\/p>\n","protected":false},"excerpt":{"rendered":"<p>V\u00f6gel -&gt; Rallenv\u00f6gel V\u00f6gel von A-Z zur Galerie Rallenv\u00f6gel Die Wasserralle (Rallus aquaticus) ist eine Vogelart aus der Familie der Rallenv\u00f6gel. Sie ist in ganz Mitteleuropa ein Brut- und Sommervogel und teilweise sogar ein Jahresvogel. Die Wasserralle ist in Mitteleuropa ist sie ein verbreiteter Brutvogel der Feuchtgebiete vom Tiefland bis in Mittelgebirgslagen. In den Nordalpen &hellip; <a href=\"https:\/\/woerrlein-naturfoto.de\/wordpress\/rallenvoegel-a-z\/wasserralle\/\" class=\"more-link\"><span class=\"screen-reader-text\">Wasserralle<\/span> weiterlesen <span class=\"meta-nav\">&rarr;<\/span><\/a><\/p>\n","protected":false},"author":1,"featured_media":0,"parent":2501,"menu_order":0,"comment_status":"closed","ping_status":"closed","template":"page-templates\/full-width.php","meta":{"footnotes":""},"class_list":["post-2543","page","type-page","status-publish","hentry"],"_links":{"self":[{"href":"https:\/\/woerrlein-naturfoto.de\/wordpress\/wp-json\/wp\/v2\/pages\/2543","targetHints":{"allow":["GET"]}}],"collection":[{"href":"https:\/\/woerrlein-naturfoto.de\/wordpress\/wp-json\/wp\/v2\/pages"}],"about":[{"href":"https:\/\/woerrlein-naturfoto.de\/wordpress\/wp-json\/wp\/v2\/types\/page"}],"author":[{"embeddable":true,"href":"https:\/\/woerrlein-naturfoto.de\/wordpress\/wp-json\/wp\/v2\/users\/1"}],"replies":[{"embeddable":true,"href":"https:\/\/woerrlein-naturfoto.de\/wordpress\/wp-json\/wp\/v2\/comments?post=2543"}],"version-history":[{"count":6,"href":"https:\/\/woerrlein-naturfoto.de\/wordpress\/wp-json\/wp\/v2\/pages\/2543\/revisions"}],"predecessor-version":[{"id":6499,"href":"https:\/\/woerrlein-naturfoto.de\/wordpress\/wp-json\/wp\/v2\/pages\/2543\/revisions\/6499"}],"up":[{"embeddable":true,"href":"https:\/\/woerrlein-naturfoto.de\/wordpress\/wp-json\/wp\/v2\/pages\/2501"}],"wp:attachment":[{"href":"https:\/\/woerrlein-naturfoto.de\/wordpress\/wp-json\/wp\/v2\/media?parent=2543"}],"curies":[{"name":"wp","href":"https:\/\/api.w.org\/{rel}","templated":true}]}}