{"id":2535,"date":"2014-12-27T16:46:39","date_gmt":"2014-12-27T14:46:39","guid":{"rendered":"http:\/\/woerrlein-naturfoto.de\/wordpress\/?page_id=2535"},"modified":"2015-02-23T12:44:36","modified_gmt":"2015-02-23T11:44:36","slug":"tuepfelsumpfhuhn","status":"publish","type":"page","link":"https:\/\/woerrlein-naturfoto.de\/wordpress\/rallenvoegel-a-z\/tuepfelsumpfhuhn\/","title":{"rendered":"T\u00fcpfelsumpfhuhn"},"content":{"rendered":"<p><a href=\"http:\/\/woerrlein-naturfoto.de\/wordpress\/voegel\/\"><span style=\"color: #ffff66;\">V\u00f6gel<\/span> <\/a>-&gt;<a href=\"http:\/\/woerrlein-naturfoto.de\/wordpress\/hauptseite-voegel\/voegel\/rallenvoegel\/\"> <span style=\"color: #ffff66;\">Rallenv\u00f6gel<\/span><\/a><br \/>\n<a title=\"V\u00f6gel von A-Z\" href=\"http:\/\/woerrlein-naturfoto.de\/wordpress\/voegel\/voegel_von_a-z\/\">V\u00f6gel von A-Z<\/a><br \/>\nzur Galerie <a title=\"Rallenv\u00f6gel\" href=\"http:\/\/woerrlein-naturfoto.de\/wordpress\/hauptseite-voegel\/voegel\/rallenvoegel\/\">Rallenv\u00f6gel<\/a><\/p>\n<p><img loading=\"lazy\" decoding=\"async\" class=\"alignleft wp-image-1716\" src=\"http:\/\/woerrlein-naturfoto.de\/wordpress\/wp-content\/uploads\/Tuepfelsumpfhuhn_MW22753gro549076f9cbf2a-600x400.jpg\" alt=\"Tuepfelsumpfhuhn_MW22753gro549076f9cbf2a.jpg\" width=\"600\" height=\"400\" srcset=\"https:\/\/woerrlein-naturfoto.de\/wordpress\/wp-content\/uploads\/Tuepfelsumpfhuhn_MW22753gro549076f9cbf2a-600x400.jpg 600w, https:\/\/woerrlein-naturfoto.de\/wordpress\/wp-content\/uploads\/Tuepfelsumpfhuhn_MW22753gro549076f9cbf2a-120x80.jpg 120w, https:\/\/woerrlein-naturfoto.de\/wordpress\/wp-content\/uploads\/Tuepfelsumpfhuhn_MW22753gro549076f9cbf2a.jpg 1000w\" sizes=\"auto, (max-width: 600px) 100vw, 600px\" \/>Das <b>T\u00fcpfelsumpfhuhn<\/b> (<i>Porzana porzana<\/i>) ist ein Vogel aus der Familie der Rallenv\u00f6gel. Es ist kleiner als eine <a title=\"Wasserralle\" href=\"http:\/\/woerrlein-naturfoto.de\/wordpress\/rallenvoegel-a-z\/wasserralle\/\" target=\"_blank\">Wasserralle<\/a> und hat etwa die Gr\u00f6\u00dfe einer Drossel. Das Verbreitungsgebiet des T\u00fcpfelsumpfhuhns erstreckt sich von Westen und S\u00fcdwesten Europas bis in den S\u00fcden Zentralsibiriens. Einzelne Vorkommen gibt es in Spanien, Italien und Griechenland. Ferner reicht ein geschlossenes Verbreitungsgebiet von der Krim bis zum Kaukasus. Einzelne Verbreitungsgebiete gibt es au\u00dferdem in Mittelasien. Das T\u00fcpfelsumpfhuhn br\u00fctet in Sumpfgebieten, Niedermooren und Seggenbest\u00e4nden von Europa bis Mittelsibirien. Die Nester werden an trockenen Standorten innerhalb dieses Lebensraum angelegt und sind gut versteckt. Meist befinden sie sich dicht \u00fcber dem Boden oder in einer Seggenb\u00fctte. Nester haben gelegentlich ein Dach aus Bl\u00e4ttern. Die Weibchen legen in der Zeit von April bis Juni etwa acht bis 12 Eier von einer gelblichen Grundfarbe, die au\u00dferdem kleine r\u00f6tlichbraune Flecken aufweisen. Die K\u00fcken haben anfangs ein schwarzes Daunenkleid und sind nach etwa 35 bis 42 Tagen flugf\u00e4hig. Die \u00dcberwinterungsgebiete liegen in Afrika und Indien. Die T\u00fcpfelsumpfh\u00fchner suchen mit ihren Schn\u00e4beln im Schlamm oder in flachen Gew\u00e4ssern nach Nahrung. Diese besteht \u00fcberwiegend aus Kleintieren wie Insekten, W\u00fcrmern und Schnecken. Sie nehmen auch zarte Pflanzenteile zu sich.<\/p>\n<p>L\u00e4nge: 22-24 cm\u00a0\u00a0 Spannweite: 37-42 cm\u00a0\u00a0 Gewicht: 70-100 g\u00a0\u00a0 Gelege: 8-12 Eier<\/p>\n<p>zur Galerie <a title=\"Rallenv\u00f6gel\" href=\"http:\/\/woerrlein-naturfoto.de\/wordpress\/hauptseite-voegel\/voegel\/rallenvoegel\/\">Rallenv\u00f6gel<\/a><code><br \/>\n<\/code><\/p>\n<p>&nbsp;<\/p>\n<p><em>Quelle des Textauszuges und weitere Infos bei <\/em><a href=\"http:\/\/de.wikipedia.org\/wiki\/T%C3%BCpfelsumpfhuhn\" target=\"_blank\">Wikipedia<\/a> <em>(<\/em><a href=\"http:\/\/www.gnu.org\/licenses\/fdl-1.3.txt\" target=\"_blank\">GNU-Lizenz<\/a><em>)<\/em> \u2013 <em>mein Dank gilt den<\/em> <a href=\"http:\/\/de.wikipedia.org\/w\/index.php?title=T%C3%BCpfelsumpfhuhn&amp;action=history\" target=\"_blank\">Autoren<\/a>.<\/p>\n","protected":false},"excerpt":{"rendered":"<p>V\u00f6gel -&gt; Rallenv\u00f6gel V\u00f6gel von A-Z zur Galerie Rallenv\u00f6gel Das T\u00fcpfelsumpfhuhn (Porzana porzana) ist ein Vogel aus der Familie der Rallenv\u00f6gel. Es ist kleiner als eine Wasserralle und hat etwa die Gr\u00f6\u00dfe einer Drossel. Das Verbreitungsgebiet des T\u00fcpfelsumpfhuhns erstreckt sich von Westen und S\u00fcdwesten Europas bis in den S\u00fcden Zentralsibiriens. Einzelne Vorkommen gibt es in &hellip; <a href=\"https:\/\/woerrlein-naturfoto.de\/wordpress\/rallenvoegel-a-z\/tuepfelsumpfhuhn\/\" class=\"more-link\"><span class=\"screen-reader-text\">T\u00fcpfelsumpfhuhn<\/span> weiterlesen <span class=\"meta-nav\">&rarr;<\/span><\/a><\/p>\n","protected":false},"author":1,"featured_media":0,"parent":2501,"menu_order":0,"comment_status":"closed","ping_status":"closed","template":"page-templates\/full-width.php","meta":{"footnotes":""},"class_list":["post-2535","page","type-page","status-publish","hentry"],"_links":{"self":[{"href":"https:\/\/woerrlein-naturfoto.de\/wordpress\/wp-json\/wp\/v2\/pages\/2535","targetHints":{"allow":["GET"]}}],"collection":[{"href":"https:\/\/woerrlein-naturfoto.de\/wordpress\/wp-json\/wp\/v2\/pages"}],"about":[{"href":"https:\/\/woerrlein-naturfoto.de\/wordpress\/wp-json\/wp\/v2\/types\/page"}],"author":[{"embeddable":true,"href":"https:\/\/woerrlein-naturfoto.de\/wordpress\/wp-json\/wp\/v2\/users\/1"}],"replies":[{"embeddable":true,"href":"https:\/\/woerrlein-naturfoto.de\/wordpress\/wp-json\/wp\/v2\/comments?post=2535"}],"version-history":[{"count":10,"href":"https:\/\/woerrlein-naturfoto.de\/wordpress\/wp-json\/wp\/v2\/pages\/2535\/revisions"}],"predecessor-version":[{"id":6498,"href":"https:\/\/woerrlein-naturfoto.de\/wordpress\/wp-json\/wp\/v2\/pages\/2535\/revisions\/6498"}],"up":[{"embeddable":true,"href":"https:\/\/woerrlein-naturfoto.de\/wordpress\/wp-json\/wp\/v2\/pages\/2501"}],"wp:attachment":[{"href":"https:\/\/woerrlein-naturfoto.de\/wordpress\/wp-json\/wp\/v2\/media?parent=2535"}],"curies":[{"name":"wp","href":"https:\/\/api.w.org\/{rel}","templated":true}]}}