{"id":2513,"date":"2014-12-27T15:43:26","date_gmt":"2014-12-27T13:43:26","guid":{"rendered":"http:\/\/woerrlein-naturfoto.de\/wordpress\/?page_id=2513"},"modified":"2015-02-23T12:44:15","modified_gmt":"2015-02-23T11:44:15","slug":"teichralle","status":"publish","type":"page","link":"https:\/\/woerrlein-naturfoto.de\/wordpress\/rallenvoegel-a-z\/teichralle\/","title":{"rendered":"Teichralle"},"content":{"rendered":"<p><a href=\"http:\/\/woerrlein-naturfoto.de\/wordpress\/voegel\/\"><span style=\"color: #ffff66;\">V\u00f6gel<\/span> <\/a>-&gt;<a href=\"http:\/\/woerrlein-naturfoto.de\/wordpress\/hauptseite-voegel\/voegel\/rallenvoegel\/\"> <span style=\"color: #ffff66;\">Rallenv\u00f6gel<\/span><\/a><br \/>\n<a title=\"V\u00f6gel von A-Z\" href=\"http:\/\/woerrlein-naturfoto.de\/wordpress\/voegel\/voegel_von_a-z\/\">V\u00f6gel von A-Z<\/a><br \/>\nzur Galerie <a title=\"Rallenv\u00f6gel\" href=\"http:\/\/woerrlein-naturfoto.de\/wordpress\/hauptseite-voegel\/voegel\/rallenvoegel\/\">Rallenv\u00f6gel<\/a><\/p>\n<p><img loading=\"lazy\" decoding=\"async\" class=\"alignleft wp-image-1710\" src=\"http:\/\/woerrlein-naturfoto.de\/wordpress\/wp-content\/uploads\/GruenfuessigesTeichhuhn_52943_v549076f51c320-600x400.jpg\" alt=\"GruenfuessigesTeichhuhn_52943_v549076f51c320.jpg\" width=\"600\" height=\"400\" srcset=\"https:\/\/woerrlein-naturfoto.de\/wordpress\/wp-content\/uploads\/GruenfuessigesTeichhuhn_52943_v549076f51c320-600x400.jpg 600w, https:\/\/woerrlein-naturfoto.de\/wordpress\/wp-content\/uploads\/GruenfuessigesTeichhuhn_52943_v549076f51c320-120x80.jpg 120w, https:\/\/woerrlein-naturfoto.de\/wordpress\/wp-content\/uploads\/GruenfuessigesTeichhuhn_52943_v549076f51c320.jpg 1000w\" sizes=\"auto, (max-width: 600px) 100vw, 600px\" \/><\/p>\n<p>Die <b>Teichralle<\/b> (<i>Gallinula chloropus<\/i>), h\u00e4ufig auch <b>Teichhuhn<\/b> genannt, ist eine Art aus der Familie der Rallen. Sie kommt in mindestens 16 Unterarten in den gem\u00e4\u00dfigten, subtropischen und tropischen Klimazonen Eurasiens, Nord- und S\u00fcdamerikas sowie Afrikas vor. Die europ\u00e4ische Brutpopulation wird auf mindestens 900.000 Paare gesch\u00e4tzt. In den meisten Staaten Europas sind die Best\u00e4nde stabil. In Deutschland wurden jedoch in den letzten Jahren erhebliche Bestandsr\u00fcckg\u00e4nge und Arealeinbu\u00dfen festgestellt, so dass die Teichralle hier zur Zeit (2006) in der Vorwarnstufe der Roten Liste gef\u00e4hrdeter Arten gef\u00fchrt wird.<br \/>\nTeichh\u00fchner sind Allesfresser, deren Nahrungsspektrum vor allem von ihrem jeweiligen Lebensraum bestimmt ist. Sie fressen unter anderem die Samen und Fr\u00fcchte von Sumpf- und Wasserpflanzen, die Knospen von Weiden und Pappeln, Grasspitzen sowie Insekten, Mollusken und andere Kleintiere. Die pflanzliche Nahrung \u00fcberwiegt dabei. F\u00fcr ihre Suche nach Nahrung nutzen Teichh\u00fchner auch Wiesen und Weiden in unmittelbarer N\u00e4he zu Gew\u00e4ssern. Au\u00dferhalb der Brutzeit erweitert sich der Raum, in dem Teichh\u00fchner nach Nahrung suchen. Sie sind dann gelegentlich auch in G\u00e4rten, auf \u00c4ckern oder Saat- und Stoppelfeldern zu beobachten, die sich nicht in Gew\u00e4ssern\u00e4he befinden.<\/p>\n<p>L\u00e4nge: 32-35 cm\u00a0\u00a0 Spannweite: 50-55 cm\u00a0\u00a0 Gewicht: 250-330 g\u00a0\u00a0 Gelege: 5-9 Eier<\/p>\n<p>zur Galerie <a title=\"Rallenv\u00f6gel\" href=\"http:\/\/woerrlein-naturfoto.de\/wordpress\/hauptseite-voegel\/voegel\/rallenvoegel\/\">Rallenv\u00f6gel<\/a><code><br \/>\n<\/code><\/p>\n<p>&nbsp;<\/p>\n<p><em>Quelle des Textauszuges und weitere Infos bei <\/em><a href=\"http:\/\/de.wikipedia.org\/wiki\/Teichralle\" target=\"_blank\">Wikipedia<\/a> <em>(<\/em><a href=\"http:\/\/www.gnu.org\/licenses\/fdl-1.3.txt\" target=\"_blank\">GNU-Lizenz<\/a><em>)<\/em> \u2013 <em>mein Dank gilt den<\/em> <a href=\"http:\/\/de.wikipedia.org\/w\/index.php?title=Teichralle&amp;action=history\" target=\"_blank\">Autoren<\/a>.<\/p>\n","protected":false},"excerpt":{"rendered":"<p>V\u00f6gel -&gt; Rallenv\u00f6gel V\u00f6gel von A-Z zur Galerie Rallenv\u00f6gel Die Teichralle (Gallinula chloropus), h\u00e4ufig auch Teichhuhn genannt, ist eine Art aus der Familie der Rallen. Sie kommt in mindestens 16 Unterarten in den gem\u00e4\u00dfigten, subtropischen und tropischen Klimazonen Eurasiens, Nord- und S\u00fcdamerikas sowie Afrikas vor. Die europ\u00e4ische Brutpopulation wird auf mindestens 900.000 Paare gesch\u00e4tzt. In &hellip; <a href=\"https:\/\/woerrlein-naturfoto.de\/wordpress\/rallenvoegel-a-z\/teichralle\/\" class=\"more-link\"><span class=\"screen-reader-text\">Teichralle<\/span> weiterlesen <span class=\"meta-nav\">&rarr;<\/span><\/a><\/p>\n","protected":false},"author":1,"featured_media":0,"parent":2501,"menu_order":0,"comment_status":"closed","ping_status":"closed","template":"page-templates\/full-width.php","meta":{"footnotes":""},"class_list":["post-2513","page","type-page","status-publish","hentry"],"_links":{"self":[{"href":"https:\/\/woerrlein-naturfoto.de\/wordpress\/wp-json\/wp\/v2\/pages\/2513","targetHints":{"allow":["GET"]}}],"collection":[{"href":"https:\/\/woerrlein-naturfoto.de\/wordpress\/wp-json\/wp\/v2\/pages"}],"about":[{"href":"https:\/\/woerrlein-naturfoto.de\/wordpress\/wp-json\/wp\/v2\/types\/page"}],"author":[{"embeddable":true,"href":"https:\/\/woerrlein-naturfoto.de\/wordpress\/wp-json\/wp\/v2\/users\/1"}],"replies":[{"embeddable":true,"href":"https:\/\/woerrlein-naturfoto.de\/wordpress\/wp-json\/wp\/v2\/comments?post=2513"}],"version-history":[{"count":8,"href":"https:\/\/woerrlein-naturfoto.de\/wordpress\/wp-json\/wp\/v2\/pages\/2513\/revisions"}],"predecessor-version":[{"id":6497,"href":"https:\/\/woerrlein-naturfoto.de\/wordpress\/wp-json\/wp\/v2\/pages\/2513\/revisions\/6497"}],"up":[{"embeddable":true,"href":"https:\/\/woerrlein-naturfoto.de\/wordpress\/wp-json\/wp\/v2\/pages\/2501"}],"wp:attachment":[{"href":"https:\/\/woerrlein-naturfoto.de\/wordpress\/wp-json\/wp\/v2\/media?parent=2513"}],"curies":[{"name":"wp","href":"https:\/\/api.w.org\/{rel}","templated":true}]}}