{"id":2505,"date":"2014-12-27T15:25:24","date_gmt":"2014-12-27T13:25:24","guid":{"rendered":"http:\/\/woerrlein-naturfoto.de\/wordpress\/?page_id=2505"},"modified":"2015-02-23T12:43:36","modified_gmt":"2015-02-23T11:43:36","slug":"blaesshuhn","status":"publish","type":"page","link":"https:\/\/woerrlein-naturfoto.de\/wordpress\/rallenvoegel-a-z\/blaesshuhn\/","title":{"rendered":"Bl\u00e4sshuhn"},"content":{"rendered":"<p><a href=\"http:\/\/woerrlein-naturfoto.de\/wordpress\/voegel\/\"><span style=\"color: #ffff66;\">V\u00f6gel<\/span> <\/a>-&gt;<a href=\"http:\/\/woerrlein-naturfoto.de\/wordpress\/hauptseite-voegel\/voegel\/rallenvoegel\/\"> <span style=\"color: #ffff66;\">Rallenv\u00f6gel<\/span><\/a><br \/>\n<a title=\"V\u00f6gel von A-Z\" href=\"http:\/\/woerrlein-naturfoto.de\/wordpress\/voegel\/voegel_von_a-z\/\">V\u00f6gel von A-Z<\/a><br \/>\nzur Galerie <a title=\"Rallenv\u00f6gel\" href=\"http:\/\/woerrlein-naturfoto.de\/wordpress\/hauptseite-voegel\/voegel\/rallenvoegel\/\">Rallenv\u00f6gel<\/a><\/p>\n<p><img loading=\"lazy\" decoding=\"async\" class=\"alignleft wp-image-1722\" src=\"http:\/\/woerrlein-naturfoto.de\/wordpress\/wp-content\/uploads\/Blaesshuhn_16910-600x400.jpg\" alt=\"Blaesshuhn_16910.jpg\" width=\"600\" height=\"400\" \/><\/p>\n<p>Das <b>Bl\u00e4sshuhn<\/b> (<i>Fulica atra<\/i>) ist eine mittelgro\u00dfe Art aus der Familie der Rallen, die als einer der h\u00e4ufigsten Wasserv\u00f6gel bevorzugt auf n\u00e4hrstoffreichen Gew\u00e4ssern anzutreffen ist. Die Art ist \u00fcber gro\u00dfe Teile Eurasiens verbreitet und kommt dar\u00fcber hinaus in Australasien vor. Die Art wird bisweilen auch <b>Bl\u00e4ssralle<\/b> genannt, um auf die korrekte taxonomische Einordnung hinzuweisen. Au\u00dferhalb der Ornithologie wird die Schreibweise mit <i>e<\/i> (<b>Blesshuhn<\/b>, <b>Blessralle<\/b>) bevorzugt, die auf die namensgebende Blesse hinweist. Das Bl\u00e4sshuhn kommt als Brutvogel an stehenden oder langsam flie\u00dfenden Gew\u00e4ssern vor, an denen flache Ufer und eine als Nistplatz geeignete Ufervegetation wie beispielsweise eine gut ausgepr\u00e4gte R\u00f6hrichtzone oder ins Wasser ragende Geb\u00fcsche vorhanden sind. Optimalerweise sollte es neben flachen, krautigen Stellen auch offene Wasserfl\u00e4chen geben. Das Wasser muss einen hohen oder mittlereren N\u00e4hrstoffgehalt aufweisen. Besonders n\u00e4hrstoffarme Gew\u00e4sser werden weitgehend gemieden \u2013 die Art fehlt daher oft an Bergseen. W\u00e4hrend Brackwasserlagunen durchaus angenommen werden, br\u00fctet das Bl\u00e4sshuhn an der Meeresk\u00fcste nicht.<br \/>\nBl\u00e4ssh\u00fchner sind Allesfresser, deren Nahrungszusammensetzung stark saisonal und regional variiert. Frische und faulende Pflanzenteile spielen eine erhebliche Rolle. Sie fressen au\u00dferdem Abf\u00e4lle und Entenfutter, kleine Mollusken wie beispielsweise Wandermuscheln und Schnecken sowie Insekten und deren Larven. Auch kleine Fischchen werden gefressen. W\u00e4hrend des Sommers fressen Bl\u00e4ssh\u00fchner auch Schilf, das einen hohen Gehalt an Rohproteinen und Kohlenhydraten aufweist. Bei reiner Ern\u00e4hrung von Bl\u00e4ttern und Trieben von Schilf ben\u00f6tigen Bl\u00e4ssh\u00fchner t\u00e4glich knapp ihr K\u00f6rpergewicht.<sup id=\"cite_ref-Bauer_411_11-0\" class=\"reference\"><\/sup><\/p>\n<p>L\u00e4nge: 36-38 cm\u00a0\u00a0 Spannweite: 70-80 cm\u00a0\u00a0 Gewicht: 600-900 g\u00a0\u00a0 Gelege: 6-10 Eier<\/p>\n<p>zur Galerie <a title=\"Rallenv\u00f6gel\" href=\"http:\/\/woerrlein-naturfoto.de\/wordpress\/hauptseite-voegel\/voegel\/rallenvoegel\/\">Rallenv\u00f6gel<\/a><code><br \/>\n<\/code><\/p>\n<p>&nbsp;<\/p>\n<p><em>Quelle des Textauszuges und weitere Infos bei <\/em><a href=\"http:\/\/de.wikipedia.org\/wiki\/Bl%C3%A4sshuhn\" target=\"_blank\">Wikipedia<\/a> <em>(<\/em><a href=\"http:\/\/www.gnu.org\/licenses\/fdl-1.3.txt\" target=\"_blank\">GNU-Lizenz<\/a><em>)<\/em> \u2013 <em>mein Dank gilt den<\/em> <a href=\"http:\/\/de.wikipedia.org\/w\/index.php?title=Bl%C3%A4sshuhn&amp;action=history\" target=\"_blank\">Autoren<\/a>.<\/p>\n","protected":false},"excerpt":{"rendered":"<p>V\u00f6gel -&gt; Rallenv\u00f6gel V\u00f6gel von A-Z zur Galerie Rallenv\u00f6gel Das Bl\u00e4sshuhn (Fulica atra) ist eine mittelgro\u00dfe Art aus der Familie der Rallen, die als einer der h\u00e4ufigsten Wasserv\u00f6gel bevorzugt auf n\u00e4hrstoffreichen Gew\u00e4ssern anzutreffen ist. Die Art ist \u00fcber gro\u00dfe Teile Eurasiens verbreitet und kommt dar\u00fcber hinaus in Australasien vor. Die Art wird bisweilen auch Bl\u00e4ssralle &hellip; <a href=\"https:\/\/woerrlein-naturfoto.de\/wordpress\/rallenvoegel-a-z\/blaesshuhn\/\" class=\"more-link\"><span class=\"screen-reader-text\">Bl\u00e4sshuhn<\/span> weiterlesen <span class=\"meta-nav\">&rarr;<\/span><\/a><\/p>\n","protected":false},"author":1,"featured_media":0,"parent":2501,"menu_order":0,"comment_status":"closed","ping_status":"closed","template":"page-templates\/full-width.php","meta":{"footnotes":""},"class_list":["post-2505","page","type-page","status-publish","hentry"],"_links":{"self":[{"href":"https:\/\/woerrlein-naturfoto.de\/wordpress\/wp-json\/wp\/v2\/pages\/2505","targetHints":{"allow":["GET"]}}],"collection":[{"href":"https:\/\/woerrlein-naturfoto.de\/wordpress\/wp-json\/wp\/v2\/pages"}],"about":[{"href":"https:\/\/woerrlein-naturfoto.de\/wordpress\/wp-json\/wp\/v2\/types\/page"}],"author":[{"embeddable":true,"href":"https:\/\/woerrlein-naturfoto.de\/wordpress\/wp-json\/wp\/v2\/users\/1"}],"replies":[{"embeddable":true,"href":"https:\/\/woerrlein-naturfoto.de\/wordpress\/wp-json\/wp\/v2\/comments?post=2505"}],"version-history":[{"count":8,"href":"https:\/\/woerrlein-naturfoto.de\/wordpress\/wp-json\/wp\/v2\/pages\/2505\/revisions"}],"predecessor-version":[{"id":6495,"href":"https:\/\/woerrlein-naturfoto.de\/wordpress\/wp-json\/wp\/v2\/pages\/2505\/revisions\/6495"}],"up":[{"embeddable":true,"href":"https:\/\/woerrlein-naturfoto.de\/wordpress\/wp-json\/wp\/v2\/pages\/2501"}],"wp:attachment":[{"href":"https:\/\/woerrlein-naturfoto.de\/wordpress\/wp-json\/wp\/v2\/media?parent=2505"}],"curies":[{"name":"wp","href":"https:\/\/api.w.org\/{rel}","templated":true}]}}