{"id":2491,"date":"2014-12-27T14:51:15","date_gmt":"2014-12-27T12:51:15","guid":{"rendered":"http:\/\/woerrlein-naturfoto.de\/wordpress\/?page_id=2491"},"modified":"2017-02-18T14:53:52","modified_gmt":"2017-02-18T13:53:52","slug":"zwergtaucher","status":"publish","type":"page","link":"https:\/\/woerrlein-naturfoto.de\/wordpress\/lappentaucher-a-z\/zwergtaucher\/","title":{"rendered":"Zwergtaucher"},"content":{"rendered":"<p><a href=\"http:\/\/woerrlein-naturfoto.de\/wordpress\/voegel\/\"><span style=\"color: #ffff66;\">V\u00f6gel<\/span> <\/a>-&gt;<a href=\"http:\/\/woerrlein-naturfoto.de\/wordpress\/hauptseite-voegel\/voegel\/lappentaucher-2\/\"> <span style=\"color: #ffff66;\">Lappentaucher<\/span><\/a><br \/>\n<a title=\"V\u00f6gel von A-Z\" href=\"http:\/\/woerrlein-naturfoto.de\/wordpress\/voegel\/voegel_von_a-z\/\">V\u00f6gel von A-Z<\/a><br \/>\nzur Galerie <a title=\"Zwergtaucher\" href=\"http:\/\/woerrlein-naturfoto.de\/wordpress\/hauptseite-voegel\/voegel\/lappentaucher-2\/zwergtaucher\/\">Zwergtaucher<\/a><\/p>\n<p><img loading=\"lazy\" decoding=\"async\" class=\"alignleft wp-image-1684\" src=\"http:\/\/woerrlein-naturfoto.de\/wordpress\/wp-content\/uploads\/Zwergtaucher_33140-600x399.jpg\" alt=\"Zwergtaucher_33140.jpg\" width=\"600\" height=\"399\" srcset=\"https:\/\/woerrlein-naturfoto.de\/wordpress\/wp-content\/uploads\/Zwergtaucher_33140-600x399.jpg 600w, https:\/\/woerrlein-naturfoto.de\/wordpress\/wp-content\/uploads\/Zwergtaucher_33140-120x80.jpg 120w, https:\/\/woerrlein-naturfoto.de\/wordpress\/wp-content\/uploads\/Zwergtaucher_33140.jpg 1000w\" sizes=\"auto, (max-width: 600px) 100vw, 600px\" \/>Der <b>Zwergtaucher<\/b> (<i>Tachybaptus ruficollis<\/i>) ist eine Art aus der Familie der Lappentaucher. In Europa ist diese in Eurasien und Afrika verbreitete Art der kleinste Vertreter dieser Familie. Zwergtaucher sind in Europa durchaus h\u00e4ufig. Sie werden jedoch wegen ihres unauff\u00e4lligen Gefieders und ihrer insbesondere w\u00e4hrend der Brutzeit sehr versteckten Lebensweise meist \u00fcbersehen.<br \/>\nDer Zwergtaucher siedelt zur Brutzeit bevorzugt an kleineren Stillgew\u00e4ssern oder langsam flie\u00dfenden B\u00e4chen oder Fl\u00fcssen. In Armenien und in Kasachstan br\u00fcten sie auch auf salzigen Seen. Besonders wichtig ist wegen der St\u00f6rungssensibilit\u00e4t eine ausgepr\u00e4gte Verlandungszone sowie eine gut ausgebildete Unterwasser- und Schwimmblattvegetation und eine gro\u00dfe Dichte an Wasserwirbellosen. Sie meiden in der Regel Gew\u00e4sser, in denen gro\u00dfe Raubfische vorkommen. Au\u00dferhalb der Brutzeit nutzen sie sehr unterschiedliche Biotope. Sie sind dann auch an den K\u00fcsten, auf gro\u00dfen Seen und Teichen, auf schnell flie\u00dfenden und daher nicht zufrierenden Fl\u00fcssen und B\u00e4chen anzutreffen.Zwergtaucher sind exzellente Schwimmer und Taucher und verfolgen besonders im Winter auch Fische. Ansonsten leben sie \u00fcberwiegend von Insekten. Diese picken sie von der Wasseroberfl\u00e4che oder finden sie in den oberen Wasserschichten. Sie picken sie aber auch von Pflanzen oder schnappen fliegende Insekten. Mehr als andere Lappentaucher fressen sie auch <a class=\"mw-redirect\" title=\"Mollusken\" href=\"http:\/\/de.wikipedia.org\/wiki\/Mollusken\" target=\"_blank\">Mollusken<\/a>. Daneben fressen sie Amphibienlarven und Fischbrut.<\/p>\n<p>L\u00e4nge: 25-29 cm\u00a0\u00a0 Spannweite: 40-44 cm\u00a0\u00a0 Gewicht: 140-230 g\u00a0\u00a0 Gelege: 4-6 Eier<\/p>\n<p>zur Galerie <a title=\"Zwergtaucher\" href=\"http:\/\/woerrlein-naturfoto.de\/wordpress\/hauptseite-voegel\/voegel\/lappentaucher-2\/zwergtaucher\/\">Zwergtaucher<\/a><code><br \/>\n<\/code><\/p>\n<p>&nbsp;<\/p>\n<p><em>Quelle des Textauszuges und weitere Infos bei <\/em><a href=\"http:\/\/de.wikipedia.org\/wiki\/Zwergtaucher\" target=\"_blank\">Wikipedia<\/a> <em>(<\/em><a href=\"http:\/\/www.gnu.org\/licenses\/fdl-1.3.txt\" target=\"_blank\">GNU-Lizenz<\/a><em>)<\/em> \u2013 <em>mein Dank gilt den<\/em> <a href=\"http:\/\/de.wikipedia.org\/w\/index.php?title=Zwergtaucher&amp;action=history\" target=\"_blank\">Autoren<\/a>.<\/p>\n","protected":false},"excerpt":{"rendered":"<p>V\u00f6gel -&gt; Lappentaucher V\u00f6gel von A-Z zur Galerie Zwergtaucher Der Zwergtaucher (Tachybaptus ruficollis) ist eine Art aus der Familie der Lappentaucher. In Europa ist diese in Eurasien und Afrika verbreitete Art der kleinste Vertreter dieser Familie. Zwergtaucher sind in Europa durchaus h\u00e4ufig. Sie werden jedoch wegen ihres unauff\u00e4lligen Gefieders und ihrer insbesondere w\u00e4hrend der Brutzeit &hellip; <a href=\"https:\/\/woerrlein-naturfoto.de\/wordpress\/lappentaucher-a-z\/zwergtaucher\/\" class=\"more-link\"><span class=\"screen-reader-text\">Zwergtaucher<\/span> weiterlesen <span class=\"meta-nav\">&rarr;<\/span><\/a><\/p>\n","protected":false},"author":1,"featured_media":0,"parent":2461,"menu_order":0,"comment_status":"closed","ping_status":"closed","template":"page-templates\/full-width.php","meta":{"footnotes":""},"class_list":["post-2491","page","type-page","status-publish","hentry"],"_links":{"self":[{"href":"https:\/\/woerrlein-naturfoto.de\/wordpress\/wp-json\/wp\/v2\/pages\/2491","targetHints":{"allow":["GET"]}}],"collection":[{"href":"https:\/\/woerrlein-naturfoto.de\/wordpress\/wp-json\/wp\/v2\/pages"}],"about":[{"href":"https:\/\/woerrlein-naturfoto.de\/wordpress\/wp-json\/wp\/v2\/types\/page"}],"author":[{"embeddable":true,"href":"https:\/\/woerrlein-naturfoto.de\/wordpress\/wp-json\/wp\/v2\/users\/1"}],"replies":[{"embeddable":true,"href":"https:\/\/woerrlein-naturfoto.de\/wordpress\/wp-json\/wp\/v2\/comments?post=2491"}],"version-history":[{"count":7,"href":"https:\/\/woerrlein-naturfoto.de\/wordpress\/wp-json\/wp\/v2\/pages\/2491\/revisions"}],"predecessor-version":[{"id":8809,"href":"https:\/\/woerrlein-naturfoto.de\/wordpress\/wp-json\/wp\/v2\/pages\/2491\/revisions\/8809"}],"up":[{"embeddable":true,"href":"https:\/\/woerrlein-naturfoto.de\/wordpress\/wp-json\/wp\/v2\/pages\/2461"}],"wp:attachment":[{"href":"https:\/\/woerrlein-naturfoto.de\/wordpress\/wp-json\/wp\/v2\/media?parent=2491"}],"curies":[{"name":"wp","href":"https:\/\/api.w.org\/{rel}","templated":true}]}}