{"id":2479,"date":"2014-12-27T13:36:36","date_gmt":"2014-12-27T11:36:36","guid":{"rendered":"http:\/\/woerrlein-naturfoto.de\/wordpress\/?page_id=2479"},"modified":"2017-02-18T14:53:24","modified_gmt":"2017-02-18T13:53:24","slug":"schwarzhalstaucher","status":"publish","type":"page","link":"https:\/\/woerrlein-naturfoto.de\/wordpress\/lappentaucher-a-z\/schwarzhalstaucher\/","title":{"rendered":"Schwarzhalstaucher"},"content":{"rendered":"<p><a href=\"http:\/\/woerrlein-naturfoto.de\/wordpress\/voegel\/\"><span style=\"color: #ffff66;\">V\u00f6gel<\/span> <\/a>-&gt;<a href=\"http:\/\/woerrlein-naturfoto.de\/wordpress\/hauptseite-voegel\/voegel\/lappentaucher-2\/\"> <span style=\"color: #ffff66;\">Lappentaucher<\/span><\/a><br \/>\n<a title=\"V\u00f6gel von A-Z\" href=\"http:\/\/woerrlein-naturfoto.de\/wordpress\/voegel\/voegel_von_a-z\/\">V\u00f6gel von A-Z<\/a><br \/>\nzur Galerie <a title=\"Schwarzhalstaucher\" href=\"http:\/\/woerrlein-naturfoto.de\/wordpress\/hauptseite-voegel\/voegel\/lappentaucher-2\/schwarzhalstaucher\/\">Schwarzhalstaucher<\/a><\/p>\n<p><img loading=\"lazy\" decoding=\"async\" class=\"alignleft wp-image-1673\" src=\"http:\/\/woerrlein-naturfoto.de\/wordpress\/wp-content\/uploads\/Schwarzhalstaucher_31524a-600x399.jpg\" alt=\"Schwarzhalstaucher_31524a.jpg\" width=\"600\" height=\"399\" srcset=\"https:\/\/woerrlein-naturfoto.de\/wordpress\/wp-content\/uploads\/Schwarzhalstaucher_31524a-600x399.jpg 600w, https:\/\/woerrlein-naturfoto.de\/wordpress\/wp-content\/uploads\/Schwarzhalstaucher_31524a-120x80.jpg 120w, https:\/\/woerrlein-naturfoto.de\/wordpress\/wp-content\/uploads\/Schwarzhalstaucher_31524a.jpg 1000w\" sizes=\"auto, (max-width: 600px) 100vw, 600px\" \/><\/p>\n<p>Der <b>Schwarzhalstaucher<\/b> (<i>Podiceps nigricollis<\/i>) ist eine Vogelart aus der Familie der Lappentaucher, der in Eurasien, Nordamerika und Afrika verbreitet ist. Als Brutvogel und Teilzieher kommt er im gesamten mitteleurop\u00e4ischen Gebiet vor. Abweichend von den meisten Vertretern der Familie der Lappentaucher lebt er gesellig. Er br\u00fctet in Gruppen oder in Kolonien, die aus einigen hundert Paaren bestehen k\u00f6nnen. Charakteristisch f\u00fcr die Art sind starke Bestandsschwankungen sowohl von Jahr zu Jahr als auch in mehrj\u00e4hrigen Intervallen.<br \/>\nPaare bleiben w\u00e4hrend einer Brutsaison zusammen, gelegentlich auch noch die anschlie\u00dfende Wintersaison. Kurz nach der Ankunft in den Brutgebieten wird das vollst\u00e4ndige Balzverhalten gezeigt. Es setzt sich aus einem aggressiven Verhalten, einer Balz auf dem Wasser sowie eine Werbung um den Partnervogel auf der Nestplattform zusammen. In den meisten F\u00e4llen balzen Schwarzhalstaucher in Gruppen von zwei bis vier Paaren. Eingeleitet wird die Balz meist durch einen Vogel, der sich aktiver als die anderen V\u00f6gel verh\u00e4lt und pausenlos Pfiffe von sich gibt, die in schneller werdende Triller \u00fcbergehen. Dieses erregte Verhalten \u00fcbertr\u00e4gt sich dann auf andere V\u00f6gel. Sie zeigen dann prim\u00e4r ein aggressives Verhalten, bei dem sie nach anderen V\u00f6geln hacken oder sich mit vorgestrecktem Kopf verfolgen. Bei der Balz auf dem Wasser zeigen Schwarzhalstaucher \u00e4hnlich wie\u00a0<a title=\"Haubentaucher\" href=\"http:\/\/woerrlein-naturfoto.de\/wordpress\/lappentaucher-a-z\/haubentaucher\/\" target=\"_blank\">Haubentaucher<\/a> die sogenannte Geisterpose, bei der ein Brutvogel vor dem anderen langsam auftaucht. Zur Balz geh\u00f6rt auch ein Pr\u00e4sentieren von Nistmaterial, der sogenannte Pinguintanz, die sogenannte Katzenpose,\u00a0 Parallelschwimmen und ein Fluglauf. Diese Balzposen gleichen in vielem dem des <a title=\"Haubentaucher\" href=\"http:\/\/woerrlein-naturfoto.de\/wordpress\/lappentaucher-a-z\/haubentaucher\/\" target=\"_blank\">Haubentauchers<\/a>.<\/p>\n<p>L\u00e4nge: 28-34 cm\u00a0\u00a0 Spannweite: 55-60 cm\u00a0\u00a0 Gewicht: 250-400 g\u00a0\u00a0 Gelege: 4-5 Eier<\/p>\n<p>zur Galerie <a title=\"Schwarzhalstaucher\" href=\"http:\/\/woerrlein-naturfoto.de\/wordpress\/hauptseite-voegel\/voegel\/lappentaucher-2\/schwarzhalstaucher\/\">Schwarzhalstaucher<\/a><code><br \/>\n<\/code><\/p>\n<p>&nbsp;<\/p>\n<p><em>Quelle des Textauszuges und weitere Infos bei <\/em><a href=\"http:\/\/de.wikipedia.org\/wiki\/Schwarzhalstaucher\" target=\"_blank\">Wikipedia<\/a> <em>(<\/em><a href=\"http:\/\/www.gnu.org\/licenses\/fdl-1.3.txt\" target=\"_blank\">GNU-Lizenz<\/a><em>)<\/em> \u2013 <em>mein Dank gilt den<\/em> <a href=\"http:\/\/de.wikipedia.org\/w\/index.php?title=Schwarzhalstaucher&amp;action=history\" target=\"_blank\">Autoren<\/a>.<\/p>\n","protected":false},"excerpt":{"rendered":"<p>V\u00f6gel -&gt; Lappentaucher V\u00f6gel von A-Z zur Galerie Schwarzhalstaucher Der Schwarzhalstaucher (Podiceps nigricollis) ist eine Vogelart aus der Familie der Lappentaucher, der in Eurasien, Nordamerika und Afrika verbreitet ist. Als Brutvogel und Teilzieher kommt er im gesamten mitteleurop\u00e4ischen Gebiet vor. Abweichend von den meisten Vertretern der Familie der Lappentaucher lebt er gesellig. Er br\u00fctet in &hellip; <a href=\"https:\/\/woerrlein-naturfoto.de\/wordpress\/lappentaucher-a-z\/schwarzhalstaucher\/\" class=\"more-link\"><span class=\"screen-reader-text\">Schwarzhalstaucher<\/span> weiterlesen <span class=\"meta-nav\">&rarr;<\/span><\/a><\/p>\n","protected":false},"author":1,"featured_media":0,"parent":2461,"menu_order":0,"comment_status":"closed","ping_status":"closed","template":"page-templates\/full-width.php","meta":{"footnotes":""},"class_list":["post-2479","page","type-page","status-publish","hentry"],"_links":{"self":[{"href":"https:\/\/woerrlein-naturfoto.de\/wordpress\/wp-json\/wp\/v2\/pages\/2479","targetHints":{"allow":["GET"]}}],"collection":[{"href":"https:\/\/woerrlein-naturfoto.de\/wordpress\/wp-json\/wp\/v2\/pages"}],"about":[{"href":"https:\/\/woerrlein-naturfoto.de\/wordpress\/wp-json\/wp\/v2\/types\/page"}],"author":[{"embeddable":true,"href":"https:\/\/woerrlein-naturfoto.de\/wordpress\/wp-json\/wp\/v2\/users\/1"}],"replies":[{"embeddable":true,"href":"https:\/\/woerrlein-naturfoto.de\/wordpress\/wp-json\/wp\/v2\/comments?post=2479"}],"version-history":[{"count":15,"href":"https:\/\/woerrlein-naturfoto.de\/wordpress\/wp-json\/wp\/v2\/pages\/2479\/revisions"}],"predecessor-version":[{"id":8808,"href":"https:\/\/woerrlein-naturfoto.de\/wordpress\/wp-json\/wp\/v2\/pages\/2479\/revisions\/8808"}],"up":[{"embeddable":true,"href":"https:\/\/woerrlein-naturfoto.de\/wordpress\/wp-json\/wp\/v2\/pages\/2461"}],"wp:attachment":[{"href":"https:\/\/woerrlein-naturfoto.de\/wordpress\/wp-json\/wp\/v2\/media?parent=2479"}],"curies":[{"name":"wp","href":"https:\/\/api.w.org\/{rel}","templated":true}]}}