{"id":2463,"date":"2014-12-27T12:46:49","date_gmt":"2014-12-27T10:46:49","guid":{"rendered":"http:\/\/woerrlein-naturfoto.de\/wordpress\/?page_id=2463"},"modified":"2017-02-18T14:52:05","modified_gmt":"2017-02-18T13:52:05","slug":"haubentaucher","status":"publish","type":"page","link":"https:\/\/woerrlein-naturfoto.de\/wordpress\/lappentaucher-a-z\/haubentaucher\/","title":{"rendered":"Haubentaucher"},"content":{"rendered":"<p><a href=\"http:\/\/woerrlein-naturfoto.de\/wordpress\/voegel\/\"><span style=\"color: #ffff66;\">V\u00f6gel<\/span> <\/a>-&gt;<a href=\"http:\/\/woerrlein-naturfoto.de\/wordpress\/hauptseite-voegel\/voegel\/lappentaucher-2\/\"> <span style=\"color: #ffff66;\">Lappentaucher<\/span><\/a><br \/>\n<a title=\"V\u00f6gel von A-Z\" href=\"http:\/\/woerrlein-naturfoto.de\/wordpress\/voegel\/voegel_von_a-z\/\">V\u00f6gel von A-Z<\/a><br \/>\nzur Galerie <a title=\"Haubentaucher\" href=\"http:\/\/woerrlein-naturfoto.de\/wordpress\/hauptseite-voegel\/voegel\/lappentaucher-2\/haubentaucher\/\">Haubentaucher<\/a><\/p>\n<p><img loading=\"lazy\" decoding=\"async\" class=\"alignleft wp-image-1592\" src=\"http:\/\/woerrlein-naturfoto.de\/wordpress\/wp-content\/uploads\/Haubentaucher_08020L54900cdc5e795-600x399.jpg\" alt=\"Haubentaucher_08020L54900cdc5e795.jpg\" width=\"600\" height=\"399\" \/><\/p>\n<p>Der <b>Haubentaucher<\/b> (<i>Podiceps cristatus<\/i>) ist eine Vogelart aus der Familie der Lappentaucher. Der etwa stockentengro\u00dfe Vogel ist der gr\u00f6\u00dfte, h\u00e4ufigste und bekannteste Vertreter dieser Familie. Er br\u00fctet auf S\u00fc\u00dfwasserseen und gr\u00f6\u00dferen Teichen mit r\u00f6hrichtbewachsenen Ufern. Besonders auff\u00e4llig ist sein Balzverhalten, das auf freier Wasserfl\u00e4che stattfindet und gut zu beobachten ist. Zu den Balzelementen geh\u00f6ren ein heftiges Kopfsch\u00fctteln mit gespreizter Federhaube sowie die sogenannte Pinguin-Pose, bei denen sich die V\u00f6gel durch rasches Paddeln der F\u00fc\u00dfe fast senkrecht voreinander aus dem Wasser heben. Der Haubentaucher war in Deutschland und \u00d6sterreich <a title=\"Vogel des Jahres (Deutschland)\" href=\"http:\/\/de.wikipedia.org\/wiki\/Vogel_des_Jahres_%28Deutschland%29\" target=\"_blank\">Vogel des Jahres<\/a> 2001.<br \/>\nDer Haubentaucher ist ein weit verbreiteter Vogel in den mittleren Breiten und Subtropen von S\u00fcdwest-Europa und Nordafrika bis nach China. Die Art kommt auch s\u00fcdlich der Sahara sowie im S\u00fcden und Osten Australiens und der S\u00fcdinsel Neuseelands vor. Abh\u00e4ngig von der geographischen Lage sind sie Zug- oder Standv\u00f6gel. Haubentaucher, die w\u00e4hrend des Winterhalbjahrs ihr Brutareal verlassen, \u00fcberwintern entweder auf gro\u00dfen Binnenseen oder in K\u00fcstengew\u00e4ssern. Zu den europ\u00e4ischen Seen, wo sich im Winterhalbjahr zahlreiche Haubentaucher einfinden, geh\u00f6ren Genfer See, Bodensee und Neuenburger See. Sie \u00fcberwintern au\u00dferdem an der westeurop\u00e4ischen Atlantikk\u00fcste, wo sie sich in gro\u00dfer Zahl im Oktober und November einfinden und bis gegen Ende Februar oder Anfang M\u00e4rz bleiben.<\/p>\n<p>L\u00e4nge: 46-51 cm\u00a0\u00a0 Spannweite: 85-89 cm\u00a0\u00a0 Gewicht: 800-1400 g\u00a0\u00a0 Gelege: 3-4 Eier<\/p>\n<p>zur Galerie <a title=\"Haubentaucher\" href=\"http:\/\/woerrlein-naturfoto.de\/wordpress\/hauptseite-voegel\/voegel\/lappentaucher-2\/haubentaucher\/\">Haubentaucher<\/a><code><br \/>\n<\/code><\/p>\n<p>&nbsp;<\/p>\n<p><em>Quelle des Textauszuges und weitere Infos bei <\/em><a href=\"http:\/\/de.wikipedia.org\/wiki\/Haubentaucher\" target=\"_blank\">Wikipedia<\/a> <em>(<\/em><a href=\"http:\/\/www.gnu.org\/licenses\/fdl-1.3.txt\" target=\"_blank\">GNU-Lizenz<\/a><em>)<\/em> \u2013 <em>mein Dank gilt den<\/em> <a href=\"http:\/\/de.wikipedia.org\/w\/index.php?title=Haubentaucher&amp;action=history\" target=\"_blank\">Autoren<\/a>.<\/p>\n","protected":false},"excerpt":{"rendered":"<p>V\u00f6gel -&gt; Lappentaucher V\u00f6gel von A-Z zur Galerie Haubentaucher Der Haubentaucher (Podiceps cristatus) ist eine Vogelart aus der Familie der Lappentaucher. Der etwa stockentengro\u00dfe Vogel ist der gr\u00f6\u00dfte, h\u00e4ufigste und bekannteste Vertreter dieser Familie. Er br\u00fctet auf S\u00fc\u00dfwasserseen und gr\u00f6\u00dferen Teichen mit r\u00f6hrichtbewachsenen Ufern. Besonders auff\u00e4llig ist sein Balzverhalten, das auf freier Wasserfl\u00e4che stattfindet und &hellip; <a href=\"https:\/\/woerrlein-naturfoto.de\/wordpress\/lappentaucher-a-z\/haubentaucher\/\" class=\"more-link\"><span class=\"screen-reader-text\">Haubentaucher<\/span> weiterlesen <span class=\"meta-nav\">&rarr;<\/span><\/a><\/p>\n","protected":false},"author":1,"featured_media":0,"parent":2461,"menu_order":0,"comment_status":"closed","ping_status":"closed","template":"page-templates\/full-width.php","meta":{"footnotes":""},"class_list":["post-2463","page","type-page","status-publish","hentry"],"_links":{"self":[{"href":"https:\/\/woerrlein-naturfoto.de\/wordpress\/wp-json\/wp\/v2\/pages\/2463","targetHints":{"allow":["GET"]}}],"collection":[{"href":"https:\/\/woerrlein-naturfoto.de\/wordpress\/wp-json\/wp\/v2\/pages"}],"about":[{"href":"https:\/\/woerrlein-naturfoto.de\/wordpress\/wp-json\/wp\/v2\/types\/page"}],"author":[{"embeddable":true,"href":"https:\/\/woerrlein-naturfoto.de\/wordpress\/wp-json\/wp\/v2\/users\/1"}],"replies":[{"embeddable":true,"href":"https:\/\/woerrlein-naturfoto.de\/wordpress\/wp-json\/wp\/v2\/comments?post=2463"}],"version-history":[{"count":9,"href":"https:\/\/woerrlein-naturfoto.de\/wordpress\/wp-json\/wp\/v2\/pages\/2463\/revisions"}],"predecessor-version":[{"id":8805,"href":"https:\/\/woerrlein-naturfoto.de\/wordpress\/wp-json\/wp\/v2\/pages\/2463\/revisions\/8805"}],"up":[{"embeddable":true,"href":"https:\/\/woerrlein-naturfoto.de\/wordpress\/wp-json\/wp\/v2\/pages\/2461"}],"wp:attachment":[{"href":"https:\/\/woerrlein-naturfoto.de\/wordpress\/wp-json\/wp\/v2\/media?parent=2463"}],"curies":[{"name":"wp","href":"https:\/\/api.w.org\/{rel}","templated":true}]}}